{"id":38,"date":"2022-09-06T16:01:08","date_gmt":"2022-09-06T19:01:08","guid":{"rendered":"https:\/\/jandaiadosul.ufpr.br\/unidadedeapoioacademico\/?page_id=38"},"modified":"2026-04-02T07:43:19","modified_gmt":"2026-04-02T10:43:19","slug":"uac","status":"publish","type":"page","link":"https:\/\/jandaiadosul.ufpr.br\/unidadedeapoioacademico\/","title":{"rendered":"UAC"},"content":{"rendered":"<p style=\"text-align: justify\">A Unidade de Apoio Acad\u00eamico, obedecendo ao calend\u00e1rio acad\u00eamico e \u00e0s diretrizes estabelecidas pela Coordenadoria de Procedimentos Acad\u00eamicos e de Perman\u00eancia (COPAP), \u00e9 a unidade respons\u00e1vel pela execu\u00e7\u00e3o de atividades associadas ao registro e controle acad\u00eamico, bem como por prestar assessoria \u00e0s Coordena\u00e7\u00f5es dos Cursos.<\/p>\n<h3><span style=\"font-size: 14pt\"><strong>Compete \u00e0 Unidade de Apoio Acad\u00eamico:<\/strong><\/span><\/h3>\n<div>\n<ol start=\"1\">\n<li>\n<p class=\"Texto_Justificado_12\">Divulgar a abertura de matr\u00edculas das disciplinas oferecidas e registrar os alunos matriculados;<\/p>\n<\/li>\n<li>\n<p class=\"Texto_Justificado_12\">Proceder \u00e0s confirma\u00e7\u00f5es e corre\u00e7\u00f5es de matr\u00edculas;<\/p>\n<\/li>\n<li>\n<p class=\"Texto_Justificado_12\">Emitir documentos acad\u00eamicos;<\/p>\n<\/li>\n<li>\n<p class=\"Texto_Justificado_12\">Providenciar documenta\u00e7\u00e3o relativa \u00e0s avalia\u00e7\u00f5es do Minist\u00e9rio da Educa\u00e7\u00e3o (MEC);<\/p>\n<\/li>\n<li>\n<p class=\"Texto_Justificado_12\">Encaminhar a tramita\u00e7\u00e3o e acompanhar a emiss\u00e3o de diplomas e certificados;<\/p>\n<\/li>\n<li>\n<p class=\"Texto_Justificado_12\">Abrir e tramitar processos acad\u00eamicos;<\/p>\n<\/li>\n<li>\n<p class=\"Texto_Justificado_12\">Receber, encaminhar e gerenciar documenta\u00e7\u00e3o acad\u00eamica em \u00e2mbito interno (no pr\u00f3prio campus Avan\u00e7ado) e externo (na UFPR), em meios f\u00edsicos e eletr\u00f4nicos;<\/p>\n<\/li>\n<li>\n<p class=\"Texto_Justificado_12\">Protocolar documentos relacionados \u00e0s atividades acad\u00eamicas, de acordo com os calend\u00e1rios;<\/p>\n<\/li>\n<li>\n<p class=\"Texto_Justificado_12\">Secretariar reuni\u00f5es dos colegiados de cursos;<\/p>\n<\/li>\n<li>\n<p class=\"Texto_Justificado_12\">Receber e dar andamento em pedidos acad\u00eamicos tais como: equival\u00eancias, pedido de disciplinas eletivas e isoladas;<\/p>\n<\/li>\n<li>\n<p class=\"Texto_Justificado_12\">Divulgar o ensalamento;<\/p>\n<\/li>\n<li>\n<p class=\"Texto_Justificado_12\">Lan\u00e7ar no sistema de controle acad\u00eamico as ofertas de disciplinas;<\/p>\n<\/li>\n<li>\n<p class=\"Texto_Justificado_12\">Registrar os planos de estudos, projetos de disserta\u00e7\u00f5es e teses de cada aluno dos programas de p\u00f3s-gradua\u00e7\u00e3o e encaminhar documentos para defesa de disserta\u00e7\u00f5es;<\/p>\n<\/li>\n<li>\n<p class=\"Texto_Justificado_12\">Auxiliar os servidores docentes quanto \u00e0 documenta\u00e7\u00e3o e acesso ao sistema de controle acad\u00eamico: concess\u00f5es, di\u00e1rios de classe, lan\u00e7amento de notas;<\/p>\n<\/li>\n<li>\n<p class=\"Texto_Justificado_12\">Arquivar as ementas (Fichas 2) e fornecer aos requerentes;<\/p>\n<\/li>\n<li>\n<p class=\"Texto_Justificado_12\">Receber via e-mail e arquivar os Di\u00e1rios de Classe; e<\/p>\n<\/li>\n<li>\n<p class=\"Texto_Justificado_12\">Desempenhar outras compet\u00eancias t\u00edpicas da unidade estabelecidas atrav\u00e9s de normas.<\/p>\n<\/li>\n<\/ol>\n<p>&nbsp;<\/p>\n<p class=\"Texto_Justificado_12\"><strong>Hor\u00e1rio de atendimento no balc\u00e3o<\/strong><\/p>\n<\/div>\n<p>Segunda a sexta: 07:30 \u00e0s 12h \/ 13h \u00e0s 16h<\/p>\n<p>&nbsp;<\/p>\n<h3><strong>Outros canais de atendimento<\/strong><\/h3>\n<p>WhatsApp: <span class=\"x193iq5w xeuugli x13faqbe x1vvkbs x1xmvt09 x1lliihq x1s928wv xhkezso x1gmr53x x1cpjm7i x1fgarty x1943h6x xudqn12 x3x7a5m x6prxxf xvq8zen xo1l8bm xzsf02u x1yc453h\" dir=\"auto\">(41) 9 8863-2300<\/span><\/p>\n<p>E-mail geral: <img decoding=\"async\" class=\"alignnone wp-image-101\" style=\"border: 0px\" src=\"https:\/\/jandaiadosul.ufpr.br\/novosite\/wp-content\/uploads\/2014\/04\/mail.png\" alt=\"mail\" width=\"15\" height=\"11\" \/> <span style=\"text-decoration: underline;color: #0000ff\"><a class=\"moz-txt-link-abbreviated\" style=\"color: #0000ff;text-decoration: underline\" href=\"mailto:academica.ja@ufpr.br\">academica.ja@ufpr.br<\/a><\/span><\/p>\n<p>Instagram: <span style=\"text-decoration: underline;color: #0000ff\"><a style=\"color: #0000ff;text-decoration: underline\" href=\"https:\/\/www.instagram.com\/uac.ufpr.ja\/\">instagram.com\/uac.ufpr.ja<\/a><\/span><\/p>\n<p>Facebook: <span style=\"text-decoration: underline\"><span style=\"color: #0000ff\"><a style=\"color: #0000ff;text-decoration: underline\" href=\"https:\/\/www.facebook.com\/apoioacademico.ufprjandaia\">facebook.com\/apoioacademico.ufprjandaia<\/a><\/span><\/span><\/p>\n<p>&nbsp;<\/p>\n","protected":false},"excerpt":{"rendered":"<p>A Unidade de Apoio Acad\u00eamico, obedecendo ao calend\u00e1rio acad\u00eamico e \u00e0s diretrizes estabelecidas pela Coordenadoria de Procedimentos Acad\u00eamicos e de Perman\u00eancia (COPAP), \u00e9 a unidade [&hellip;]<\/p>\n","protected":false},"author":3637,"featured_media":0,"parent":0,"menu_order":0,"comment_status":"closed","ping_status":"closed","template":"","meta":{"_acf_changed":false,"footnotes":""},"class_list":["post-38","page","type-page","status-publish","hentry"],"acf":[],"_links":{"self":[{"href":"https:\/\/jandaiadosul.ufpr.br\/unidadedeapoioacademico\/wp-json\/wp\/v2\/pages\/38","targetHints":{"allow":["GET"]}}],"collection":[{"href":"https:\/\/jandaiadosul.ufpr.br\/unidadedeapoioacademico\/wp-json\/wp\/v2\/pages"}],"about":[{"href":"https:\/\/jandaiadosul.ufpr.br\/unidadedeapoioacademico\/wp-json\/wp\/v2\/types\/page"}],"author":[{"embeddable":true,"href":"https:\/\/jandaiadosul.ufpr.br\/unidadedeapoioacademico\/wp-json\/wp\/v2\/users\/3637"}],"replies":[{"embeddable":true,"href":"https:\/\/jandaiadosul.ufpr.br\/unidadedeapoioacademico\/wp-json\/wp\/v2\/comments?post=38"}],"version-history":[{"count":9,"href":"https:\/\/jandaiadosul.ufpr.br\/unidadedeapoioacademico\/wp-json\/wp\/v2\/pages\/38\/revisions"}],"predecessor-version":[{"id":333,"href":"https:\/\/jandaiadosul.ufpr.br\/unidadedeapoioacademico\/wp-json\/wp\/v2\/pages\/38\/revisions\/333"}],"wp:attachment":[{"href":"https:\/\/jandaiadosul.ufpr.br\/unidadedeapoioacademico\/wp-json\/wp\/v2\/media?parent=38"}],"curies":[{"name":"wp","href":"https:\/\/api.w.org\/{rel}","templated":true}]}}