{"id":31,"date":"2022-09-06T15:57:59","date_gmt":"2022-09-06T18:57:59","guid":{"rendered":"https:\/\/jandaiadosul.ufpr.br\/unidadedeapoioacademico\/?page_id=31"},"modified":"2026-04-06T07:32:37","modified_gmt":"2026-04-06T10:32:37","slug":"equipe","status":"publish","type":"page","link":"https:\/\/jandaiadosul.ufpr.br\/unidadedeapoioacademico\/equipe\/","title":{"rendered":"Equipe"},"content":{"rendered":"<p>&nbsp;<\/p>\n<table style=\"width: 100.566%;border-collapse: collapse;border-style: solid;border-color: #000000;height: 119px\">\n<tbody>\n<tr style=\"height: 24px\">\n<td style=\"width: 25.3001%;border-style: solid;border-color: #000000;height: 24px\"><span style=\"font-size: 12pt\"><strong>Servidores<\/strong><\/span><\/td>\n<td style=\"width: 21.957%;border-style: solid;border-color: #000000;height: 24px\"><span style=\"font-size: 12pt\"><strong>Cargos<\/strong><\/span><\/td>\n<td style=\"width: 15.4504%;border-style: solid;border-color: #000000;height: 24px\"><span style=\"font-size: 12pt\"><strong>Contato<\/strong><\/span><\/td>\n<\/tr>\n<tr style=\"height: 24px\">\n<td style=\"width: 25.3001%;border-style: solid;border-color: #000000;height: 24px\"><strong>Andriara Lyziane Tossani *<\/strong><\/td>\n<td style=\"width: 21.957%;border-style: solid;border-color: #000000;height: 24px\">Assistente em Administra\u00e7\u00e3o<\/td>\n<td style=\"width: 15.4504%;border-style: solid;border-color: #000000;height: 24px\"><a href=\"mailto:andriaratossani@ufpr.br\">andriaratossani@ufpr.br<\/a><\/td>\n<\/tr>\n<tr style=\"height: 24px\">\n<td style=\"width: 25.3001%;border-style: solid;border-color: #000000;height: 24px\"><strong>Daiane Tieme Kawahara Paiva<\/strong><\/td>\n<td style=\"width: 21.957%;border-style: solid;border-color: #000000;height: 24px\">Secret\u00e1ria Executiva<\/td>\n<td style=\"width: 15.4504%;border-style: solid;border-color: #000000;height: 24px\"><a href=\"mailto:daiane.kawahara@ufpr.br\">daiane.kawahara@ufpr.br<\/a><\/td>\n<\/tr>\n<tr style=\"height: 23px\">\n<td style=\"width: 25.3001%;border-style: solid;border-color: #000000;height: 23px\"><strong>Diogo Campiolo Sanches<\/strong><\/td>\n<td style=\"width: 21.957%;border-style: solid;border-color: #000000;height: 23px\">T\u00e9cnico em Assuntos Educacionais<\/td>\n<td style=\"width: 15.4504%;border-style: solid;border-color: #000000;height: 23px\"><a href=\"mailto:diogocampiolo@ufpr.br\">diogocampiolo@ufpr.br\u00a0<\/a><\/td>\n<\/tr>\n<\/tbody>\n<\/table>\n<p>* Servidora em licen\u00e7a capacita\u00e7\u00e3o de 25\/11 a 24\/12\/2024, conforme <a href=\"http:\/\/jandaiadosul.ufpr.br\/unidadedeapoioacademico\/wp-content\/uploads\/sites\/18\/2024\/11\/portaria-licenca-capacitacao.pdf\">Portaria 2.717\/24 &#8211; PROGEPE<\/a>.<\/p>\n","protected":false},"excerpt":{"rendered":"<p>&nbsp; Servidores Cargos Contato Andriara Lyziane Tossani * Assistente em Administra\u00e7\u00e3o andriaratossani@ufpr.br Daiane Tieme Kawahara Paiva Secret\u00e1ria Executiva daiane.kawahara@ufpr.br Diogo Campiolo Sanches T\u00e9cnico em Assuntos [&hellip;]<\/p>\n","protected":false},"author":3637,"featured_media":0,"parent":0,"menu_order":0,"comment_status":"closed","ping_status":"closed","template":"","meta":{"_acf_changed":false,"footnotes":""},"class_list":["post-31","page","type-page","status-publish","hentry"],"acf":[],"_links":{"self":[{"href":"https:\/\/jandaiadosul.ufpr.br\/unidadedeapoioacademico\/wp-json\/wp\/v2\/pages\/31","targetHints":{"allow":["GET"]}}],"collection":[{"href":"https:\/\/jandaiadosul.ufpr.br\/unidadedeapoioacademico\/wp-json\/wp\/v2\/pages"}],"about":[{"href":"https:\/\/jandaiadosul.ufpr.br\/unidadedeapoioacademico\/wp-json\/wp\/v2\/types\/page"}],"author":[{"embeddable":true,"href":"https:\/\/jandaiadosul.ufpr.br\/unidadedeapoioacademico\/wp-json\/wp\/v2\/users\/3637"}],"replies":[{"embeddable":true,"href":"https:\/\/jandaiadosul.ufpr.br\/unidadedeapoioacademico\/wp-json\/wp\/v2\/comments?post=31"}],"version-history":[{"count":29,"href":"https:\/\/jandaiadosul.ufpr.br\/unidadedeapoioacademico\/wp-json\/wp\/v2\/pages\/31\/revisions"}],"predecessor-version":[{"id":340,"href":"https:\/\/jandaiadosul.ufpr.br\/unidadedeapoioacademico\/wp-json\/wp\/v2\/pages\/31\/revisions\/340"}],"wp:attachment":[{"href":"https:\/\/jandaiadosul.ufpr.br\/unidadedeapoioacademico\/wp-json\/wp\/v2\/media?parent=31"}],"curies":[{"name":"wp","href":"https:\/\/api.w.org\/{rel}","templated":true}]}}