{"id":49,"date":"2022-08-31T18:07:26","date_gmt":"2022-08-31T21:07:26","guid":{"rendered":"https:\/\/jandaiadosul.ufpr.br\/uipa\/?page_id=49"},"modified":"2025-01-27T14:17:38","modified_gmt":"2025-01-27T17:17:38","slug":"servicos","status":"publish","type":"page","link":"https:\/\/jandaiadosul.ufpr.br\/uipa\/servicos\/","title":{"rendered":"Servi\u00e7os"},"content":{"rendered":"\t\t<div data-elementor-type=\"wp-page\" data-elementor-id=\"49\" class=\"elementor elementor-49\">\n\t\t\t\t\t\t<section class=\"elementor-section elementor-top-section elementor-element elementor-element-d85af47 elementor-section-boxed elementor-section-height-default elementor-section-height-default\" data-id=\"d85af47\" data-element_type=\"section\">\n\t\t\t\t\t\t<div class=\"elementor-container elementor-column-gap-default\">\n\t\t\t\t\t<div class=\"elementor-column elementor-col-100 elementor-top-column elementor-element elementor-element-a20694c\" data-id=\"a20694c\" data-element_type=\"column\">\n\t\t\t<div class=\"elementor-widget-wrap elementor-element-populated\">\n\t\t\t\t\t\t<div class=\"elementor-element elementor-element-4bcc072 elementor-widget elementor-widget-text-editor\" data-id=\"4bcc072\" data-element_type=\"widget\" data-widget_type=\"text-editor.default\">\n\t\t\t\t<div class=\"elementor-widget-container\">\n\t\t\t\t\t\t\t\t\t<p><span style=\"color: #000000;font-family: OpenSans, sans-serif;text-align: justify\">Espa\u00e7o para solicita\u00e7\u00f5es de manuten\u00e7\u00f5es prediais diversas (el\u00e9tricas, hidr\u00e1ulicas, estruturais). Preencha o formul\u00e1rio adequadamente, informe um e-mail que facilite a comunica\u00e7\u00e3o com a Unidade e exponha a situa\u00e7\u00e3o com clareza e detalhamento.<\/span><\/p>\t\t\t\t\t\t\t\t<\/div>\n\t\t\t\t<\/div>\n\t\t\t\t\t<\/div>\n\t\t<\/div>\n\t\t\t\t\t<\/div>\n\t\t<\/section>\n\t\t\t\t<section class=\"elementor-section elementor-top-section elementor-element elementor-element-b7af90b elementor-section-boxed elementor-section-height-default elementor-section-height-default\" data-id=\"b7af90b\" data-element_type=\"section\">\n\t\t\t\t\t\t<div class=\"elementor-container elementor-column-gap-default\">\n\t\t\t\t\t<div class=\"elementor-column elementor-col-100 elementor-top-column elementor-element elementor-element-e7ca5dc\" data-id=\"e7ca5dc\" data-element_type=\"column\">\n\t\t\t<div class=\"elementor-widget-wrap elementor-element-populated\">\n\t\t\t\t\t\t<div class=\"elementor-element elementor-element-7d81356 elementor-align-center elementor-widget elementor-widget-button\" data-id=\"7d81356\" data-element_type=\"widget\" data-widget_type=\"button.default\">\n\t\t\t\t<div class=\"elementor-widget-container\">\n\t\t\t\t\t\t\t\t\t<div class=\"elementor-button-wrapper\">\n\t\t\t\t\t<a class=\"elementor-button elementor-button-link elementor-size-xl\" href=\"https:\/\/200.238.174.7\/os_web\/\" target=\"_blank\">\n\t\t\t\t\t\t<span class=\"elementor-button-content-wrapper\">\n\t\t\t\t\t\t\t\t\t<span class=\"elementor-button-text\">ORDEM DE SERVI\u00c7O<\/span>\n\t\t\t\t\t<\/span>\n\t\t\t\t\t<\/a>\n\t\t\t\t<\/div>\n\t\t\t\t\t\t\t\t<\/div>\n\t\t\t\t<\/div>\n\t\t\t\t<div class=\"elementor-element elementor-element-677fff7 elementor-align-center elementor-widget elementor-widget-button\" data-id=\"677fff7\" data-element_type=\"widget\" data-widget_type=\"button.default\">\n\t\t\t\t<div class=\"elementor-widget-container\">\n\t\t\t\t\t\t\t\t\t<div class=\"elementor-button-wrapper\">\n\t\t\t\t\t<a class=\"elementor-button elementor-button-link elementor-size-sm\" href=\"https:\/\/200.238.174.2:28080\/formularios\/solicitacao_de_agendamento_de_limpeza\/\" target=\"_blank\">\n\t\t\t\t\t\t<span class=\"elementor-button-content-wrapper\">\n\t\t\t\t\t\t\t\t\t<span class=\"elementor-button-text\">SOLICITA\u00c7\u00c3O SERVI\u00c7OS DE LIMPEZA<\/span>\n\t\t\t\t\t<\/span>\n\t\t\t\t\t<\/a>\n\t\t\t\t<\/div>\n\t\t\t\t\t\t\t\t<\/div>\n\t\t\t\t<\/div>\n\t\t\t\t\t<\/div>\n\t\t<\/div>\n\t\t\t\t\t<\/div>\n\t\t<\/section>\n\t\t\t\t<\/div>\n\t\t","protected":false},"excerpt":{"rendered":"<p>Espa\u00e7o para solicita\u00e7\u00f5es de manuten\u00e7\u00f5es prediais diversas (el\u00e9tricas, hidr\u00e1ulicas, estruturais). Preencha o formul\u00e1rio adequadamente, informe um e-mail que facilite a comunica\u00e7\u00e3o com a Unidade e [&hellip;]<\/p>\n","protected":false},"author":3627,"featured_media":0,"parent":0,"menu_order":0,"comment_status":"closed","ping_status":"closed","template":"","meta":{"_acf_changed":false,"footnotes":""},"class_list":["post-49","page","type-page","status-publish","hentry"],"acf":[],"_links":{"self":[{"href":"https:\/\/jandaiadosul.ufpr.br\/uipa\/wp-json\/wp\/v2\/pages\/49","targetHints":{"allow":["GET"]}}],"collection":[{"href":"https:\/\/jandaiadosul.ufpr.br\/uipa\/wp-json\/wp\/v2\/pages"}],"about":[{"href":"https:\/\/jandaiadosul.ufpr.br\/uipa\/wp-json\/wp\/v2\/types\/page"}],"author":[{"embeddable":true,"href":"https:\/\/jandaiadosul.ufpr.br\/uipa\/wp-json\/wp\/v2\/users\/3627"}],"replies":[{"embeddable":true,"href":"https:\/\/jandaiadosul.ufpr.br\/uipa\/wp-json\/wp\/v2\/comments?post=49"}],"version-history":[{"count":37,"href":"https:\/\/jandaiadosul.ufpr.br\/uipa\/wp-json\/wp\/v2\/pages\/49\/revisions"}],"predecessor-version":[{"id":575,"href":"https:\/\/jandaiadosul.ufpr.br\/uipa\/wp-json\/wp\/v2\/pages\/49\/revisions\/575"}],"wp:attachment":[{"href":"https:\/\/jandaiadosul.ufpr.br\/uipa\/wp-json\/wp\/v2\/media?parent=49"}],"curies":[{"name":"wp","href":"https:\/\/api.w.org\/{rel}","templated":true}]}}