{"id":440,"date":"2023-12-06T14:47:13","date_gmt":"2023-12-06T17:47:13","guid":{"rendered":"https:\/\/jandaiadosul.ufpr.br\/uipa\/?page_id=440"},"modified":"2023-12-06T14:59:35","modified_gmt":"2023-12-06T17:59:35","slug":"fispqs","status":"publish","type":"page","link":"https:\/\/jandaiadosul.ufpr.br\/uipa\/fispqs\/","title":{"rendered":"FISPQs"},"content":{"rendered":"\t\t<div data-elementor-type=\"wp-page\" data-elementor-id=\"440\" class=\"elementor elementor-440\">\n\t\t\t\t\t\t<section class=\"elementor-section elementor-top-section elementor-element elementor-element-13b6ba0 elementor-section-boxed elementor-section-height-default elementor-section-height-default\" data-id=\"13b6ba0\" data-element_type=\"section\">\n\t\t\t\t\t\t<div class=\"elementor-container elementor-column-gap-default\">\n\t\t\t\t\t<div class=\"elementor-column elementor-col-100 elementor-top-column elementor-element elementor-element-6c420ef\" data-id=\"6c420ef\" data-element_type=\"column\">\n\t\t\t<div class=\"elementor-widget-wrap elementor-element-populated\">\n\t\t\t\t\t\t<div class=\"elementor-element elementor-element-27ee9594 elementor-widget elementor-widget-text-editor\" data-id=\"27ee9594\" data-element_type=\"widget\" data-widget_type=\"text-editor.default\">\n\t\t\t\t<div class=\"elementor-widget-container\">\n\t\t\t\t\t\t\t\t\t<p style=\"text-align: center\">Consulte as <strong>Fichas de Seguran\u00e7a de Produtos Qu\u00edmicos<\/strong> utilizados nos laborat\u00f3rios:<\/p>\t\t\t\t\t\t\t\t<\/div>\n\t\t\t\t<\/div>\n\t\t\t\t<div class=\"elementor-element elementor-element-3f095dd elementor-align-center elementor-widget elementor-widget-button\" data-id=\"3f095dd\" data-element_type=\"widget\" data-widget_type=\"button.default\">\n\t\t\t\t<div class=\"elementor-widget-container\">\n\t\t\t\t\t\t\t\t\t<div class=\"elementor-button-wrapper\">\n\t\t\t\t\t<a class=\"elementor-button elementor-button-link elementor-size-lg\" href=\"https:\/\/jandaiadosul.ufpr.br\/slac\/fichas-elementos-quimicos\/\">\n\t\t\t\t\t\t<span class=\"elementor-button-content-wrapper\">\n\t\t\t\t\t\t<span class=\"elementor-button-icon\">\n\t\t\t\t<i aria-hidden=\"true\" class=\"fas fa-university\"><\/i>\t\t\t<\/span>\n\t\t\t\t\t\t\t\t\t<span class=\"elementor-button-text\">Consulta FISPQs<\/span>\n\t\t\t\t\t<\/span>\n\t\t\t\t\t<\/a>\n\t\t\t\t<\/div>\n\t\t\t\t\t\t\t\t<\/div>\n\t\t\t\t<\/div>\n\t\t\t\t<div class=\"elementor-element elementor-element-e43f2da elementor-widget elementor-widget-text-editor\" data-id=\"e43f2da\" data-element_type=\"widget\" data-widget_type=\"text-editor.default\">\n\t\t\t\t<div class=\"elementor-widget-container\">\n\t\t\t\t\t\t\t\t\t<p><span style=\"font-size: 10pt\"><em>*Caso utilize algum produto que n\u00e3o conste na lista, informar o SLAC ou UIPA para que possamos acrescentar.<\/em><\/span><\/p>\t\t\t\t\t\t\t\t<\/div>\n\t\t\t\t<\/div>\n\t\t\t\t\t<\/div>\n\t\t<\/div>\n\t\t\t\t\t<\/div>\n\t\t<\/section>\n\t\t\t\t<\/div>\n\t\t","protected":false},"excerpt":{"rendered":"<p>Consulte as Fichas de Seguran\u00e7a de Produtos Qu\u00edmicos utilizados nos laborat\u00f3rios: Consulta FISPQs *Caso utilize algum produto que n\u00e3o conste na lista, informar o SLAC [&hellip;]<\/p>\n","protected":false},"author":3627,"featured_media":0,"parent":0,"menu_order":0,"comment_status":"closed","ping_status":"closed","template":"","meta":{"_acf_changed":false,"footnotes":""},"class_list":["post-440","page","type-page","status-publish","hentry"],"acf":[],"_links":{"self":[{"href":"https:\/\/jandaiadosul.ufpr.br\/uipa\/wp-json\/wp\/v2\/pages\/440","targetHints":{"allow":["GET"]}}],"collection":[{"href":"https:\/\/jandaiadosul.ufpr.br\/uipa\/wp-json\/wp\/v2\/pages"}],"about":[{"href":"https:\/\/jandaiadosul.ufpr.br\/uipa\/wp-json\/wp\/v2\/types\/page"}],"author":[{"embeddable":true,"href":"https:\/\/jandaiadosul.ufpr.br\/uipa\/wp-json\/wp\/v2\/users\/3627"}],"replies":[{"embeddable":true,"href":"https:\/\/jandaiadosul.ufpr.br\/uipa\/wp-json\/wp\/v2\/comments?post=440"}],"version-history":[{"count":6,"href":"https:\/\/jandaiadosul.ufpr.br\/uipa\/wp-json\/wp\/v2\/pages\/440\/revisions"}],"predecessor-version":[{"id":448,"href":"https:\/\/jandaiadosul.ufpr.br\/uipa\/wp-json\/wp\/v2\/pages\/440\/revisions\/448"}],"wp:attachment":[{"href":"https:\/\/jandaiadosul.ufpr.br\/uipa\/wp-json\/wp\/v2\/media?parent=440"}],"curies":[{"name":"wp","href":"https:\/\/api.w.org\/{rel}","templated":true}]}}