{"id":26,"date":"2022-08-31T16:02:55","date_gmt":"2022-08-31T19:02:55","guid":{"rendered":"https:\/\/jandaiadosul.ufpr.br\/uipa\/?page_id=26"},"modified":"2024-01-26T10:45:00","modified_gmt":"2024-01-26T13:45:00","slug":"patrimonio","status":"publish","type":"page","link":"https:\/\/jandaiadosul.ufpr.br\/uipa\/patrimonio\/","title":{"rendered":"Patrim\u00f4nio"},"content":{"rendered":"\t\t<div data-elementor-type=\"wp-page\" data-elementor-id=\"26\" class=\"elementor elementor-26\">\n\t\t\t\t\t\t<section class=\"elementor-section elementor-top-section elementor-element elementor-element-0314180 elementor-section-boxed elementor-section-height-default elementor-section-height-default\" data-id=\"0314180\" data-element_type=\"section\">\n\t\t\t\t\t\t<div class=\"elementor-container elementor-column-gap-default\">\n\t\t\t\t\t<div class=\"elementor-column elementor-col-100 elementor-top-column elementor-element elementor-element-e355d64\" data-id=\"e355d64\" data-element_type=\"column\">\n\t\t\t<div class=\"elementor-widget-wrap elementor-element-populated\">\n\t\t\t\t\t\t<div class=\"elementor-element elementor-element-afc2ec1 elementor-widget elementor-widget-heading\" data-id=\"afc2ec1\" data-element_type=\"widget\" data-widget_type=\"heading.default\">\n\t\t\t\t<div class=\"elementor-widget-container\">\n\t\t\t\t\t<h2 class=\"elementor-heading-title elementor-size-medium\">Servi\u00e7os<\/h2>\t\t\t\t<\/div>\n\t\t\t\t<\/div>\n\t\t\t\t<div class=\"elementor-element elementor-element-9e0697b elementor-widget elementor-widget-text-editor\" data-id=\"9e0697b\" data-element_type=\"widget\" data-widget_type=\"text-editor.default\">\n\t\t\t\t<div class=\"elementor-widget-container\">\n\t\t\t\t\t\t\t\t\t<p>\u2666 Recep\u00e7\u00e3o de bens permanentes e encaminhamento dos processos financeiros para registro patrimonial, liquida\u00e7\u00e3o e pagamento.<\/p><p>\u2666 Elabora\u00e7\u00e3o do Invent\u00e1rio Anual do Patrim\u00f4nio do\u00a0<em>Campus<\/em>, ou seja, realizar o levantamento f\u00edsico dos bens permanentes, identificar a situa\u00e7\u00e3o patrimonial e o estado de conserva\u00e7\u00e3o dos bens inventariados.<\/p><p>\u2666 Coletar assinaturas dos respons\u00e1veis nos Termos Patrimoniais emitidos pelo SAP e envi\u00e1-los \u00e0 Divis\u00e3o de Patrim\u00f4nio, para valida\u00e7\u00e3o.<\/p><p>\u2666 Presta\u00e7\u00e3o de apoio e orienta\u00e7\u00e3o constantes aos respons\u00e1veis por bens patrimoniais.<\/p><p>\u2666 Atividades de organiza\u00e7\u00e3o e controle do Patrim\u00f4nio e distribui\u00e7\u00e3o dos m\u00f3veis e equipamentos do\u00a0<em>Campus<\/em>.<\/p>\t\t\t\t\t\t\t\t<\/div>\n\t\t\t\t<\/div>\n\t\t\t\t<div class=\"elementor-element elementor-element-48847f4 elementor-align-center elementor-widget elementor-widget-button\" data-id=\"48847f4\" data-element_type=\"widget\" data-widget_type=\"button.default\">\n\t\t\t\t<div class=\"elementor-widget-container\">\n\t\t\t\t\t\t\t\t\t<div class=\"elementor-button-wrapper\">\n\t\t\t\t\t<a class=\"elementor-button elementor-button-link elementor-size-sm\" href=\"https:\/\/200.238.174.7\/formularios\/procedimentos_de_patrimonio\/\" target=\"_blank\">\n\t\t\t\t\t\t<span class=\"elementor-button-content-wrapper\">\n\t\t\t\t\t\t\t\t\t<span class=\"elementor-button-text\">FORMUL\u00c1RIO PROCEDIMENTOS PATRIMONIAIS<\/span>\n\t\t\t\t\t<\/span>\n\t\t\t\t\t<\/a>\n\t\t\t\t<\/div>\n\t\t\t\t\t\t\t\t<\/div>\n\t\t\t\t<\/div>\n\t\t\t\t\t<\/div>\n\t\t<\/div>\n\t\t\t\t\t<\/div>\n\t\t<\/section>\n\t\t\t\t<section class=\"elementor-section elementor-top-section elementor-element elementor-element-f8f74ed elementor-section-boxed elementor-section-height-default elementor-section-height-default\" data-id=\"f8f74ed\" data-element_type=\"section\">\n\t\t\t\t\t\t<div class=\"elementor-container elementor-column-gap-default\">\n\t\t\t\t\t<div class=\"elementor-column elementor-col-100 elementor-top-column elementor-element elementor-element-72db5d3\" data-id=\"72db5d3\" data-element_type=\"column\">\n\t\t\t<div class=\"elementor-widget-wrap elementor-element-populated\">\n\t\t\t\t\t\t<div class=\"elementor-element elementor-element-7f05657 elementor-align-center elementor-widget elementor-widget-button\" data-id=\"7f05657\" data-element_type=\"widget\" data-widget_type=\"button.default\">\n\t\t\t\t<div class=\"elementor-widget-container\">\n\t\t\t\t\t\t\t\t\t<div class=\"elementor-button-wrapper\">\n\t\t\t\t\t<a class=\"elementor-button elementor-button-link elementor-size-sm\" href=\"https:\/\/200.238.174.7\/formularios\/reg_consumo_bens\/\" target=\"_blank\">\n\t\t\t\t\t\t<span class=\"elementor-button-content-wrapper\">\n\t\t\t\t\t\t\t\t\t<span class=\"elementor-button-text\">FORMUL\u00c1RIO REGULARIZA\u00c7\u00c3O DE BENS E MATERIAIS DOADOS<\/span>\n\t\t\t\t\t<\/span>\n\t\t\t\t\t<\/a>\n\t\t\t\t<\/div>\n\t\t\t\t\t\t\t\t<\/div>\n\t\t\t\t<\/div>\n\t\t\t\t\t<\/div>\n\t\t<\/div>\n\t\t\t\t\t<\/div>\n\t\t<\/section>\n\t\t\t\t<\/div>\n\t\t","protected":false},"excerpt":{"rendered":"<p>Servi\u00e7os \u2666 Recep\u00e7\u00e3o de bens permanentes e encaminhamento dos processos financeiros para registro patrimonial, liquida\u00e7\u00e3o e pagamento. \u2666 Elabora\u00e7\u00e3o do Invent\u00e1rio Anual do Patrim\u00f4nio do\u00a0Campus, [&hellip;]<\/p>\n","protected":false},"author":3627,"featured_media":0,"parent":0,"menu_order":0,"comment_status":"closed","ping_status":"closed","template":"","meta":{"_acf_changed":false,"footnotes":""},"class_list":["post-26","page","type-page","status-publish","hentry"],"acf":[],"_links":{"self":[{"href":"https:\/\/jandaiadosul.ufpr.br\/uipa\/wp-json\/wp\/v2\/pages\/26","targetHints":{"allow":["GET"]}}],"collection":[{"href":"https:\/\/jandaiadosul.ufpr.br\/uipa\/wp-json\/wp\/v2\/pages"}],"about":[{"href":"https:\/\/jandaiadosul.ufpr.br\/uipa\/wp-json\/wp\/v2\/types\/page"}],"author":[{"embeddable":true,"href":"https:\/\/jandaiadosul.ufpr.br\/uipa\/wp-json\/wp\/v2\/users\/3627"}],"replies":[{"embeddable":true,"href":"https:\/\/jandaiadosul.ufpr.br\/uipa\/wp-json\/wp\/v2\/comments?post=26"}],"version-history":[{"count":37,"href":"https:\/\/jandaiadosul.ufpr.br\/uipa\/wp-json\/wp\/v2\/pages\/26\/revisions"}],"predecessor-version":[{"id":461,"href":"https:\/\/jandaiadosul.ufpr.br\/uipa\/wp-json\/wp\/v2\/pages\/26\/revisions\/461"}],"wp:attachment":[{"href":"https:\/\/jandaiadosul.ufpr.br\/uipa\/wp-json\/wp\/v2\/media?parent=26"}],"curies":[{"name":"wp","href":"https:\/\/api.w.org\/{rel}","templated":true}]}}