{"id":449,"date":"2026-02-24T16:26:11","date_gmt":"2026-02-24T19:26:11","guid":{"rendered":"https:\/\/jandaiadosul.ufpr.br\/uceo\/?page_id=449"},"modified":"2026-02-26T10:12:12","modified_gmt":"2026-02-26T13:12:12","slug":"pesquisa-de-precos","status":"publish","type":"page","link":"https:\/\/jandaiadosul.ufpr.br\/uceo\/pesquisa-de-precos\/","title":{"rendered":"Pesquisa de Pre\u00e7os"},"content":{"rendered":"<p>Link das instru\u00e7\u00f5es para realizar a pesquisa de pre\u00e7os que ser\u00e1 utilizada no processo de compra direta:<\/p>\n<h4><span style=\"color: #0000ff\"><a style=\"color: #0000ff\" href=\"http:\/\/jandaiadosul.ufpr.br\/uceo\/wp-content\/uploads\/sites\/15\/2026\/02\/2026-passo-a-passo-pesquisa-de-precos-2026-editado.pdf\" target=\"_blank\" rel=\"noopener\"><span class=\"title\">PASSO A PASSO \u2013 PESQUISA DE PRE\u00c7OS<\/span><\/a><\/span><\/h4>\n<p>&nbsp;<\/p>\n","protected":false},"excerpt":{"rendered":"<p>Link das instru\u00e7\u00f5es para realizar a pesquisa de pre\u00e7os que ser\u00e1 utilizada no processo de compra direta: PASSO A PASSO \u2013 PESQUISA DE PRE\u00c7OS &nbsp;<\/p>\n","protected":false},"author":3663,"featured_media":0,"parent":0,"menu_order":0,"comment_status":"closed","ping_status":"closed","template":"","meta":{"_acf_changed":false,"footnotes":""},"class_list":["post-449","page","type-page","status-publish","hentry"],"acf":[],"_links":{"self":[{"href":"https:\/\/jandaiadosul.ufpr.br\/uceo\/wp-json\/wp\/v2\/pages\/449","targetHints":{"allow":["GET"]}}],"collection":[{"href":"https:\/\/jandaiadosul.ufpr.br\/uceo\/wp-json\/wp\/v2\/pages"}],"about":[{"href":"https:\/\/jandaiadosul.ufpr.br\/uceo\/wp-json\/wp\/v2\/types\/page"}],"author":[{"embeddable":true,"href":"https:\/\/jandaiadosul.ufpr.br\/uceo\/wp-json\/wp\/v2\/users\/3663"}],"replies":[{"embeddable":true,"href":"https:\/\/jandaiadosul.ufpr.br\/uceo\/wp-json\/wp\/v2\/comments?post=449"}],"version-history":[{"count":4,"href":"https:\/\/jandaiadosul.ufpr.br\/uceo\/wp-json\/wp\/v2\/pages\/449\/revisions"}],"predecessor-version":[{"id":491,"href":"https:\/\/jandaiadosul.ufpr.br\/uceo\/wp-json\/wp\/v2\/pages\/449\/revisions\/491"}],"wp:attachment":[{"href":"https:\/\/jandaiadosul.ufpr.br\/uceo\/wp-json\/wp\/v2\/media?parent=449"}],"curies":[{"name":"wp","href":"https:\/\/api.w.org\/{rel}","templated":true}]}}