{"id":439,"date":"2026-02-24T16:20:06","date_gmt":"2026-02-24T19:20:06","guid":{"rendered":"https:\/\/jandaiadosul.ufpr.br\/uceo\/?page_id=439"},"modified":"2026-02-26T10:08:05","modified_gmt":"2026-02-26T13:08:05","slug":"busca-por-ata-carona","status":"publish","type":"page","link":"https:\/\/jandaiadosul.ufpr.br\/uceo\/busca-por-ata-carona\/","title":{"rendered":"Busca por Ata (carona)"},"content":{"rendered":"<p>Link das instru\u00e7\u00f5es para buscar Atas, aptas para ades\u00e3o a carona:<\/p>\n<h4><span style=\"color: #0000ff\"><a style=\"color: #0000ff\" href=\"http:\/\/jandaiadosul.ufpr.br\/uceo\/wp-content\/uploads\/sites\/15\/2026\/02\/2026-passo-a-passo-busca-por-atas-carona-2026-editado.pdf\" target=\"_blank\" rel=\"noopener\"><span class=\"title\">PASSO A PASSO \u2013 PESQUISA DE ATAS (PARA CARONA)<\/span><\/a><\/span><\/h4>\n<p>&nbsp;<\/p>\n","protected":false},"excerpt":{"rendered":"<p>Link das instru\u00e7\u00f5es para buscar Atas, aptas para ades\u00e3o a carona: PASSO A PASSO \u2013 PESQUISA DE ATAS (PARA CARONA) &nbsp;<\/p>\n","protected":false},"author":3663,"featured_media":0,"parent":0,"menu_order":0,"comment_status":"closed","ping_status":"closed","template":"","meta":{"_acf_changed":false,"footnotes":""},"class_list":["post-439","page","type-page","status-publish","hentry"],"acf":[],"_links":{"self":[{"href":"https:\/\/jandaiadosul.ufpr.br\/uceo\/wp-json\/wp\/v2\/pages\/439","targetHints":{"allow":["GET"]}}],"collection":[{"href":"https:\/\/jandaiadosul.ufpr.br\/uceo\/wp-json\/wp\/v2\/pages"}],"about":[{"href":"https:\/\/jandaiadosul.ufpr.br\/uceo\/wp-json\/wp\/v2\/types\/page"}],"author":[{"embeddable":true,"href":"https:\/\/jandaiadosul.ufpr.br\/uceo\/wp-json\/wp\/v2\/users\/3663"}],"replies":[{"embeddable":true,"href":"https:\/\/jandaiadosul.ufpr.br\/uceo\/wp-json\/wp\/v2\/comments?post=439"}],"version-history":[{"count":5,"href":"https:\/\/jandaiadosul.ufpr.br\/uceo\/wp-json\/wp\/v2\/pages\/439\/revisions"}],"predecessor-version":[{"id":479,"href":"https:\/\/jandaiadosul.ufpr.br\/uceo\/wp-json\/wp\/v2\/pages\/439\/revisions\/479"}],"wp:attachment":[{"href":"https:\/\/jandaiadosul.ufpr.br\/uceo\/wp-json\/wp\/v2\/media?parent=439"}],"curies":[{"name":"wp","href":"https:\/\/api.w.org\/{rel}","templated":true}]}}