{"id":416,"date":"2026-02-24T16:09:01","date_gmt":"2026-02-24T19:09:01","guid":{"rendered":"https:\/\/jandaiadosul.ufpr.br\/uceo\/?page_id=416"},"modified":"2026-03-17T14:22:47","modified_gmt":"2026-03-17T17:22:47","slug":"compras-diretas","status":"publish","type":"page","link":"https:\/\/jandaiadosul.ufpr.br\/uceo\/compras-diretas\/","title":{"rendered":"Compras Diretas"},"content":{"rendered":"<h4>As compras dever\u00e3o ser feitas de acordo com a\u00a0<span style=\"color: #0000ff\"><a style=\"color: #0000ff\" href=\"https:\/\/www.planalto.gov.br\/ccivil_03\/_ato2019-2022\/2021\/lei\/l14133.htm\" target=\"_blank\" rel=\"noopener\">Lei 14.133\/2021<\/a>.<\/span><\/h4>\n<h4>Links com as instru\u00e7\u00f5es das possibilidades de compras diretas:<\/h4>\n<h4><span style=\"color: #0000ff\"><a style=\"color: #0000ff\" href=\"http:\/\/jandaiadosul.ufpr.br\/uceo\/wp-content\/uploads\/sites\/15\/2026\/02\/2026-compras-por-adesao-carona-editado.pdf\" target=\"_blank\" rel=\"noopener\"><span class=\"title\">COMPRAS POR CARONA (em Atas de outros \u201c\u00d3rg\u00e3os Federais\u201d)<\/span><\/a><\/span><\/h4>\n<h4><a href=\"http:\/\/jandaiadosul.ufpr.br\/uceo\/wp-content\/uploads\/sites\/15\/2026\/03\/2026-compras-por-dispensa-pequeno-valor-editado-170326.pdf\" target=\"_blank\" rel=\"noopener\"><span style=\"color: #0000ff\">COMPRAS POR DISPENSA (PEQUENO VALOR)<\/span><\/a><\/h4>\n<h4><span style=\"color: #0000ff\"><a style=\"color: #0000ff\" href=\"http:\/\/jandaiadosul.ufpr.br\/uceo\/wp-content\/uploads\/sites\/15\/2026\/02\/2026-compras-por-dispensa-guerra-e-outros-editado.pdf\" target=\"_blank\" rel=\"noopener\">COMPRAS POR DISPENSA (GUERRA, ESTADO DE DEFESA, S\u00cdTIO, CALAMIDADE)<\/a><\/span><\/h4>\n<h4><span style=\"color: #0000ff\"><a style=\"color: #0000ff\" href=\"http:\/\/jandaiadosul.ufpr.br\/uceo\/wp-content\/uploads\/sites\/15\/2026\/02\/2026-compras-por-dispensa-pesquisas-editado.pdf\" target=\"_blank\" rel=\"noopener\">COMPRAS POR DISPENSA (PARA PESQUISAS)<\/a><\/span><\/h4>\n<h4><span style=\"color: #0000ff\"><a style=\"color: #0000ff\" href=\"http:\/\/jandaiadosul.ufpr.br\/uceo\/wp-content\/uploads\/sites\/15\/2026\/02\/2026-compras-por-dispensa-anterior-deserta-ou-fracassada-editado.pdf\" target=\"_blank\" rel=\"noopener\"><span class=\"title\">COMPRAS POR DISPENSA (DECORRENTE DE LICITA\u00c7\u00c3O ANTERIOR DESERTA OU FRACASSADA)<\/span><\/a><\/span><\/h4>\n<h4><span style=\"color: #0000ff\"><a style=\"color: #0000ff\" href=\"http:\/\/jandaiadosul.ufpr.br\/uceo\/wp-content\/uploads\/sites\/15\/2026\/02\/2026-compras-por-dispensa-de-licitacao-cujo-fund-legal-n-se-enquadre-editado.pdf\" target=\"_blank\" rel=\"noopener\">COMPRAS POR DISPENSA DE LICITA\u00c7\u00c3O CUJO FUNDAMENTO LEGAL N\u00c3O SE ENQUADRE NAS HIP\u00d3TESES PREVISTAS NOS INCISOS I, II, III, VII, VIII E NAS AL\u00cdNEAS \u201cC\u201d E \u201cD\u201d DO INCISO IV DO ARTIGO 75 DA LEI 14.133_2021.<\/a><\/span><\/h4>\n<h4><span style=\"color: #0000ff\"><a style=\"color: #0000ff\" href=\"http:\/\/jandaiadosul.ufpr.br\/uceo\/wp-content\/uploads\/sites\/15\/2026\/02\/2026-compras-por-inexigibilidade-editado.pdf\" target=\"_blank\" rel=\"noopener\"><span class=\"title\">COMPRAS POR INEXIGIBILIDADE<\/span><\/a><\/span><\/h4>\n","protected":false},"excerpt":{"rendered":"<p>As compras dever\u00e3o ser feitas de acordo com a\u00a0Lei 14.133\/2021. Links com as instru\u00e7\u00f5es das possibilidades de compras diretas: COMPRAS POR CARONA (em Atas de [&hellip;]<\/p>\n","protected":false},"author":3663,"featured_media":0,"parent":0,"menu_order":0,"comment_status":"closed","ping_status":"closed","template":"","meta":{"_acf_changed":false,"footnotes":""},"class_list":["post-416","page","type-page","status-publish","hentry"],"acf":[],"_links":{"self":[{"href":"https:\/\/jandaiadosul.ufpr.br\/uceo\/wp-json\/wp\/v2\/pages\/416","targetHints":{"allow":["GET"]}}],"collection":[{"href":"https:\/\/jandaiadosul.ufpr.br\/uceo\/wp-json\/wp\/v2\/pages"}],"about":[{"href":"https:\/\/jandaiadosul.ufpr.br\/uceo\/wp-json\/wp\/v2\/types\/page"}],"author":[{"embeddable":true,"href":"https:\/\/jandaiadosul.ufpr.br\/uceo\/wp-json\/wp\/v2\/users\/3663"}],"replies":[{"embeddable":true,"href":"https:\/\/jandaiadosul.ufpr.br\/uceo\/wp-json\/wp\/v2\/comments?post=416"}],"version-history":[{"count":13,"href":"https:\/\/jandaiadosul.ufpr.br\/uceo\/wp-json\/wp\/v2\/pages\/416\/revisions"}],"predecessor-version":[{"id":527,"href":"https:\/\/jandaiadosul.ufpr.br\/uceo\/wp-json\/wp\/v2\/pages\/416\/revisions\/527"}],"wp:attachment":[{"href":"https:\/\/jandaiadosul.ufpr.br\/uceo\/wp-json\/wp\/v2\/media?parent=416"}],"curies":[{"name":"wp","href":"https:\/\/api.w.org\/{rel}","templated":true}]}}