{"id":392,"date":"2026-02-24T15:24:54","date_gmt":"2026-02-24T18:24:54","guid":{"rendered":"https:\/\/jandaiadosul.ufpr.br\/uceo\/?page_id=392"},"modified":"2026-02-26T10:09:44","modified_gmt":"2026-02-26T13:09:44","slug":"compras","status":"publish","type":"page","link":"https:\/\/jandaiadosul.ufpr.br\/uceo\/compras\/","title":{"rendered":"Compras por Preg\u00f5es"},"content":{"rendered":"<p>As compras dever\u00e3o ser feitas de acordo com a <span style=\"color: #3366ff\"><a style=\"color: #3366ff\" href=\"https:\/\/www.planalto.gov.br\/ccivil_03\/_ato2019-2022\/2021\/lei\/l14133.htm\" target=\"_blank\" rel=\"noopener\">Lei 14.133\/2021<\/a><\/span>.<\/p>\n<div><b>\u00a0 \u00a0Instru\u00e7\u00f5es:<\/b><\/div>\n<blockquote>\n<h4><span style=\"color: #0000ff\"><a style=\"color: #0000ff\" href=\"http:\/\/jandaiadosul.ufpr.br\/uceo\/wp-content\/uploads\/sites\/15\/2026\/02\/2026-reserva-de-itens-do-catalogo-da-clic-2024-editado.pdf\" target=\"_blank\" rel=\"noopener\">RESERVA DE ITENS DO CAT\u00c1LOGO DA CLIC<\/a><\/span><\/h4>\n<h4><span style=\"color: #0000ff\"><a style=\"color: #0000ff\" href=\"http:\/\/jandaiadosul.ufpr.br\/uceo\/wp-content\/uploads\/sites\/15\/2026\/02\/2026-compras-de-itens-de-pregoes-2024-editado.pdf\" target=\"_blank\" rel=\"noopener\">COMPRAS DE ITENS DE PREG\u00d5ES DA UFPR<\/a><\/span><\/h4>\n<h4><\/h4>\n<\/blockquote>\n","protected":false},"excerpt":{"rendered":"<p>As compras dever\u00e3o ser feitas de acordo com a Lei 14.133\/2021. \u00a0 \u00a0Instru\u00e7\u00f5es: RESERVA DE ITENS DO CAT\u00c1LOGO DA CLIC COMPRAS DE ITENS DE PREG\u00d5ES [&hellip;]<\/p>\n","protected":false},"author":3618,"featured_media":0,"parent":0,"menu_order":0,"comment_status":"closed","ping_status":"closed","template":"","meta":{"_acf_changed":false,"footnotes":""},"class_list":["post-392","page","type-page","status-publish","hentry"],"acf":[],"_links":{"self":[{"href":"https:\/\/jandaiadosul.ufpr.br\/uceo\/wp-json\/wp\/v2\/pages\/392","targetHints":{"allow":["GET"]}}],"collection":[{"href":"https:\/\/jandaiadosul.ufpr.br\/uceo\/wp-json\/wp\/v2\/pages"}],"about":[{"href":"https:\/\/jandaiadosul.ufpr.br\/uceo\/wp-json\/wp\/v2\/types\/page"}],"author":[{"embeddable":true,"href":"https:\/\/jandaiadosul.ufpr.br\/uceo\/wp-json\/wp\/v2\/users\/3618"}],"replies":[{"embeddable":true,"href":"https:\/\/jandaiadosul.ufpr.br\/uceo\/wp-json\/wp\/v2\/comments?post=392"}],"version-history":[{"count":6,"href":"https:\/\/jandaiadosul.ufpr.br\/uceo\/wp-json\/wp\/v2\/pages\/392\/revisions"}],"predecessor-version":[{"id":484,"href":"https:\/\/jandaiadosul.ufpr.br\/uceo\/wp-json\/wp\/v2\/pages\/392\/revisions\/484"}],"wp:attachment":[{"href":"https:\/\/jandaiadosul.ufpr.br\/uceo\/wp-json\/wp\/v2\/media?parent=392"}],"curies":[{"name":"wp","href":"https:\/\/api.w.org\/{rel}","templated":true}]}}