{"id":375,"date":"2026-02-24T15:15:35","date_gmt":"2026-02-24T18:15:35","guid":{"rendered":"https:\/\/jandaiadosul.ufpr.br\/uceo\/?page_id=375"},"modified":"2026-02-26T10:11:33","modified_gmt":"2026-02-26T13:11:33","slug":"diarias-e-passagens","status":"publish","type":"page","link":"https:\/\/jandaiadosul.ufpr.br\/uceo\/diarias-e-passagens\/","title":{"rendered":"D\u00edarias e passagens"},"content":{"rendered":"<p>Instru\u00e7\u00f5es sobre abertura de processos para solicitar di\u00e1rias e passagens:<\/p>\n<p><span style=\"color: #0000ff\"><a style=\"color: #0000ff\" href=\"http:\/\/jandaiadosul.ufpr.br\/uceo\/wp-content\/uploads\/sites\/15\/2025\/03\/001-fluxograma-de-solicitacoes-de-diarias-e-passagens-v1-2025-02-17.pdf\" target=\"_blank\" rel=\"noopener\">FLUXOGRAMA DI\u00c1RIAS E PASSAGENS<\/a><\/span><\/p>\n<p><span style=\"color: #0000ff\"><a style=\"color: #0000ff\" href=\"http:\/\/jandaiadosul.ufpr.br\/uceo\/wp-content\/uploads\/sites\/15\/2025\/03\/002-manual-de-solicitacoes-de-diarias-e-passagens-v1-2025-02-17.pdf\" target=\"_blank\" rel=\"noopener\">MANUAL DE SOLICITA\u00c7\u00c3O DE DI\u00c1RIAS E PASSAGENS<\/a><\/span><\/p>\n<p><span style=\"color: #0000ff\"><a style=\"color: #0000ff\" href=\"http:\/\/jandaiadosul.ufpr.br\/uceo\/wp-content\/uploads\/sites\/15\/2025\/03\/003-manual-de-prestacao-de-contas-de-diarias-e-passagens-solicitadas-v1-2025-02-17.pdf\" target=\"_blank\" rel=\"noopener\">MANUAL DE PRESTA\u00c7\u00c3O DE CONTAS<\/a><\/span><\/p>\n<h3><strong>LEGISLA\u00c7\u00c3O acerca das Di\u00e1rias e Passagens:<\/strong><\/h3>\n<p><span style=\"color: #0000ff\"><a style=\"color: #0000ff\" href=\"https:\/\/www.planalto.gov.br\/ccivil_03\/leis\/l8112cons.htm\" target=\"_blank\" rel=\"noopener\">Lei 8.112\/90 (vide Arts. 58 e 59)<\/a><\/span><\/p>\n<p><span style=\"color: #0000ff\"><a style=\"color: #0000ff\" href=\"https:\/\/www.planalto.gov.br\/ccivil_03\/_Ato2004-2006\/2006\/Decreto\/D5992.htm#:~:text=DECRETO%20N%C2%BA%205.992%2C%20DE%2019,vista%20o%20disposto%20nos%20arts.\" target=\"_blank\" rel=\"noopener\">Decreto 5.992\/2006\u00a0\u2013 Concess\u00e3o de di\u00e1rias no \u00e2mbito da administra\u00e7\u00e3o federal<\/a><\/span><\/p>\n<p><span style=\"color: #0000ff\"><a style=\"color: #0000ff\" href=\"https:\/\/www.planalto.gov.br\/ccivil_03\/_ato2019-2022\/2019\/decreto\/d10193.htm\" target=\"_blank\" rel=\"noopener\">Decreto 10.193-2019\u00a0\u2013 Governan\u00e7a para a contrata\u00e7\u00e3o de bens e servi\u00e7os e para a realiza\u00e7\u00e3o de gastos com di\u00e1rias e passagens<\/a><\/span><\/p>\n<p><span style=\"color: #0000ff\"><a style=\"color: #0000ff\" href=\"https:\/\/www.planalto.gov.br\/ccivil_03\/_ato2023-2026\/2023\/decreto\/d11872.htm\" target=\"_blank\" rel=\"noopener\">Decreto 11.872-2023\u00a0\u2013 Novo valor de di\u00e1rias a partir de 15-02-2024<\/a><\/span><\/p>\n<p><span style=\"color: #0000ff\"><a style=\"color: #0000ff\" href=\"https:\/\/www.in.gov.br\/en\/web\/dou\/-\/portaria-n-204-de-6-de-fevereiro-de-2020-242078421\" target=\"_blank\" rel=\"noopener\">Portaria 204-2020\u00a0\u2013 MEC \u2013 Normas de afastamentos, di\u00e1rias e passagens<\/a><\/span><\/p>\n<p><span style=\"color: #0000ff\"><a style=\"color: #0000ff\" href=\"https:\/\/jandaiadosul.ufpr.br\/wp-content\/uploads\/2021\/10\/ordem_de_servica_002_2020_gr.pdf\" target=\"_blank\" rel=\"noopener\">Ordem de Servi\u00e7o 002\/2020-GR<\/a><\/span><\/p>\n<p><span style=\"color: #0000ff\"><a style=\"color: #0000ff\" href=\"http:\/\/jandaiadosul.ufpr.br\/uceo\/wp-content\/uploads\/sites\/15\/2025\/03\/mem-2-2023-ufpr-r-ja-pgto-de-diarias-campus-ja.pdf\" target=\"_blank\" rel=\"noopener\">Memorando 02\/2023 UFPR\/JA<\/a><\/span><\/p>\n<h3><strong>MODELOS DE DIVERSAS SITUA\u00c7\u00d5ES PREENCHIDOS DE REQUERIMENTOS DE DI\u00c1RIAS E PASSAGENS E SUAS RESPECTIVAS PRESTA\u00c7\u00d5ES DE CONTAS:<\/strong><\/h3>\n<p><span style=\"color: #0000ff\"><a style=\"color: #0000ff\" href=\"http:\/\/jandaiadosul.ufpr.br\/uceo\/wp-content\/uploads\/sites\/15\/2025\/03\/modelo-01-requisicao-de-diarias-deslocamento-com-veiculo-oficial-na-prestacao-de-contas-tera-uma-ocorrencia-ref-o-retorno-antecidapado-em-01-dia.pdf\" target=\"_blank\" rel=\"noopener\">Modelo 01 \u2013 requesi\u00e7\u00e3o di\u00e1rias quando por algum motivo o retorno se d\u00e1 antes do previsto. Neste caso o proposto ter\u00e1 que devolver o valor da(s) di\u00e1ria(s) recebidas a mais.<\/a><\/span><\/p>\n<p><span style=\"color: #0000ff\"><a style=\"color: #0000ff\" href=\"http:\/\/jandaiadosul.ufpr.br\/uceo\/wp-content\/uploads\/sites\/15\/2025\/03\/modelo2.pdf\" target=\"_blank\" rel=\"noopener\">Modelo 01 \u2013 presta\u00e7\u00e3o de contas, deslocamento com ve\u00edculo oficial. Na presta\u00e7\u00e3o de contas ter\u00e1 uma ocorr\u00eancia ref. o retorno antecidapado em 01 dia.<\/a><\/span><\/p>\n<p><span style=\"color: #0000ff\"><a style=\"color: #0000ff\" href=\"http:\/\/jandaiadosul.ufpr.br\/uceo\/wp-content\/uploads\/sites\/15\/2025\/03\/modelo-02-requisicao-de-diarias-caso-exemplo-de-servidor-que-fara-uma-viagem-utilizando-veiculo-oficial-e-fazendo-jus-a-apenas-diarias.pdf\" target=\"_blank\" rel=\"noopener\">Modelo 02 \u2013 requisi\u00e7\u00e3o de di\u00e1rias \u2013 Caso exemplo de servidor que far\u00e1 uma viagem, utilizando ve\u00edculo oficial e fazendo jus a apenas di\u00e1rias.<\/a><\/span><\/p>\n<p><span style=\"color: #0000ff\"><a style=\"color: #0000ff\" href=\"http:\/\/jandaiadosul.ufpr.br\/uceo\/wp-content\/uploads\/sites\/15\/2025\/03\/modelo-02-prestacao-de-contas-de-servidor-que-fez-uma-viagem-utilizando-veiculo-oficial-e-fazendo-jus-a-apenas-diarias.pdf\" target=\"_blank\" rel=\"noopener\">Modelo 02 \u2013 presta\u00e7\u00e3o de contas de servidor que fez uma viagem, utilizando ve\u00edculo oficial e fazendo jus a apenas di\u00e1rias.<\/a><\/span><\/p>\n<p><span style=\"color: #0000ff\"><a style=\"color: #0000ff\" href=\"http:\/\/jandaiadosul.ufpr.br\/uceo\/wp-content\/uploads\/sites\/15\/2025\/03\/mo01a81.pdf\" target=\"_blank\" rel=\"noopener\">Modelo 03 \u2013 requisi\u00e7\u00e3o de di\u00e1rias, deslocamento com ve\u00edculo pr\u00f3prio, viagem urgente; com grupo de mais de 5 pessoas e com presta\u00e7\u00e3o de contas pendente de outra viagem.<\/a><\/span><\/p>\n<p><span style=\"color: #0000ff\"><a style=\"color: #0000ff\" href=\"http:\/\/jandaiadosul.ufpr.br\/uceo\/wp-content\/uploads\/sites\/15\/2025\/03\/modelo-03-prestacao-de-contas-referente-a-requisicao-de-diarias-deslocamento-com-veiculo-proprio.pdf\" target=\"_blank\" rel=\"noopener\">Modelo 03 \u2013 presta\u00e7\u00e3o de contas, referente a requisi\u00e7\u00e3o de di\u00e1rias, deslocamento com ve\u00edculo pr\u00f3prio.<\/a><\/span><\/p>\n<p><span style=\"color: #0000ff\"><a style=\"color: #0000ff\" href=\"http:\/\/jandaiadosul.ufpr.br\/uceo\/wp-content\/uploads\/sites\/15\/2025\/03\/modelo-04-requisicao-de-diarias-deslocamento-parte-com-veiculo-oficial-e-parte-aereo-recebimento-de-adicional-de-deslocamento-tudo-custado-pelo-orgao-publico.pdf\" target=\"_blank\" rel=\"noopener\">Modelo 04 \u2013 requisi\u00e7\u00e3o de di\u00e1rias, deslocamento parte com ve\u00edculo oficial e parte A\u00e9reo + recebimento de Adicional de deslocamento, tudo custado pelo org\u00e3o p\u00fablico.<\/a><\/span><\/p>\n<p><span style=\"color: #0000ff\"><a style=\"color: #0000ff\" href=\"http:\/\/jandaiadosul.ufpr.br\/uceo\/wp-content\/uploads\/sites\/15\/2025\/03\/modelo-04-prestacao-de-contas-deslocamento-parte-com-veiculo-oficial-e-parte-aereo-recebimento-de-adicional-de-deslocamento-tudo-custado-pelo-orgao-publico.pdf\" target=\"_blank\" rel=\"noopener\">Modelo 04 \u2013 presta\u00e7\u00e3o de contas, deslocamento parte com ve\u00edculo oficial e parte A\u00e9reo + recebimento de Adicional de deslocamento, tudo custado pelo org\u00e3o p\u00fablico.<\/a><\/span><\/p>\n<p><span style=\"color: #0000ff\"><a style=\"color: #0000ff\" href=\"http:\/\/jandaiadosul.ufpr.br\/uceo\/wp-content\/uploads\/sites\/15\/2025\/03\/modelo-05-requisicao-de-diarias-deslocamento-parte-com-veiculo-proprio-e-parte-aereo-recebimento-de-adicional-de-deslocamento-com-passagens-custeadas.pdf\" target=\"_blank\" rel=\"noopener\">Modelo 05 \u2013 requisi\u00e7\u00e3o de di\u00e1rias, deslocamento parte com ve\u00edculo pr\u00f3prio e parte A\u00e9reo + recebimento de Adicional de deslocamento, com passagens custeadas<\/a>.<\/span><\/p>\n<p><span style=\"color: #0000ff\"><a style=\"color: #0000ff\" href=\"http:\/\/jandaiadosul.ufpr.br\/uceo\/wp-content\/uploads\/sites\/15\/2025\/03\/modelo-05-prestacao-de-contas-deslocamento-parte-com-veiculo-particular-e-parte-aereo-recebimento-de-adicional-de-deslocamento-com-passagens-custeadas.pdf\" target=\"_blank\" rel=\"noopener\">Modelo 05 \u2013 presta\u00e7\u00e3o de contas, deslocamento parte com ve\u00edculo particular e parte A\u00e9reo + recebimento de Adicional de deslocamento, com passagens custeadas.<\/a><\/span><\/p>\n<p><span style=\"color: #0000ff\"><a style=\"color: #0000ff\" href=\"http:\/\/jandaiadosul.ufpr.br\/uceo\/wp-content\/uploads\/sites\/15\/2025\/03\/moe8d21.pdf\" target=\"_blank\" rel=\"noopener\">Modelo 06 \u2013 requisi\u00e7\u00e3o de di\u00e1rias servidor SEPE deslocamento Rodovi\u00e1rio com passagens di\u00e1rias recebimento de Adicional de deslocamento \u2013 Neste caso tem que informar os valores do VA e VT para n\u00f3s inserir no SCDP .<\/a><\/span><\/p>\n<p><span style=\"color: #0000ff\"><a style=\"color: #0000ff\" href=\"http:\/\/jandaiadosul.ufpr.br\/uceo\/wp-content\/uploads\/sites\/15\/2025\/03\/mobbd91.pdf\" target=\"_blank\" rel=\"noopener\">Modelo 06 \u2013 presta\u00e7\u00e3o de contas servidor SEPE deslocamento Rodovi\u00e1rio com passagens di\u00e1rias recebimento de Adicional de deslocamento \u2013 Neste caso tem que informar os valores do VA e VT para n\u00f3s inserir no SCDP .<\/a><\/span><\/p>\n<p><span style=\"color: #0000ff\"><a style=\"color: #0000ff\" href=\"http:\/\/jandaiadosul.ufpr.br\/uceo\/wp-content\/uploads\/sites\/15\/2025\/03\/modelo-07-requisicao-de-passagens-rodoviarias-para-nao-servidor-colaborador-eventual.pdf\" target=\"_blank\" rel=\"noopener\">Modelo 07 \u2013 requisi\u00e7\u00e3o de passagens rodovi\u00e1rias para n\u00e3o servidor \u2013 colaborador eventual.<\/a><\/span><\/p>\n<p><span style=\"color: #0000ff\"><a style=\"color: #0000ff\" href=\"http:\/\/jandaiadosul.ufpr.br\/uceo\/wp-content\/uploads\/sites\/15\/2025\/03\/modelo-07-prestacao-de-contas-referente-compra-de-passagens-rodoviarias-para-nao-servidor-colaborador-eventual.pdf\" target=\"_blank\" rel=\"noopener\">Modelo 07 \u2013 presta\u00e7\u00e3o de contas referente compra de passagens rodovi\u00e1rias para n\u00e3o servidor \u2013 colaborador eventual.<\/a><\/span><\/p>\n<p><span style=\"color: #0000ff\"><a style=\"color: #0000ff\" href=\"http:\/\/jandaiadosul.ufpr.br\/uceo\/wp-content\/uploads\/sites\/15\/2025\/03\/mo7e531.pdf\" target=\"_blank\" rel=\"noopener\">Modelo 08 \u2013 requisi\u00e7\u00e3o de di\u00e1rias, deslocamento com ve\u00edculo oficial. Na presta\u00e7\u00e3o de contas ter\u00e1 uma di\u00e1ria a mais a receber pois houve um imprevisto e o proposto teve que pernoitar mais um dia)<\/a>.<\/span><\/p>\n<p><span style=\"color: #0000ff\"><a style=\"color: #0000ff\" href=\"http:\/\/jandaiadosul.ufpr.br\/uceo\/wp-content\/uploads\/sites\/15\/2025\/03\/mo4df01.pdf\" target=\"_blank\" rel=\"noopener\">Modelo 08 \u2013 presta\u00e7\u00e3o de contas ref. di\u00e1rias, deslocamento com ve\u00edculo oficial. Na presta\u00e7\u00e3o de contas ter\u00e1 uma di\u00e1ria a mais a receber, pois houve um imprevisto e o proposto teve que pernoitar mais um dia<\/a>.<\/span><\/p>\n<h3><strong>FIQUE ATENTO!<\/strong><\/h3>\n<p>I \u2013 Os afastamentos, no interesse da administra\u00e7\u00e3o, ainda que sem \u00f4nus, devem ser lan\u00e7ados no SCDP (existem algumas exce\u00e7\u00f5es conforme a\u00a0<a href=\"https:\/\/jandaiadosul.ufpr.br\/wp-content\/uploads\/2021\/10\/ordem_de_servica_002_2020_gr.pdf\" target=\"_blank\" rel=\"noopener\"><span style=\"color: #0000ff\">Ordem de Servi\u00e7o 002\/2020-GR<\/span>)<\/a><\/p>\n<p>II \u2013 As solicita\u00e7\u00f5es de viagens dever\u00e3o ser tramitadas exclusivamente via SEI .<\/p>\n<div>a) Foram disponibilizados formul\u00e1rios apropriados para requisi\u00e7\u00e3o de di\u00e1rias e passagens, autoriza\u00e7\u00e3o de afastamento do pa\u00eds, relat\u00f3rio de viagens, dentre outros.<\/div>\n<div><\/div>\n<div>b) A solicita\u00e7\u00e3o deve ser encaminhada via SEI para UCEO com pelo menos 20 dias de anteced\u00eancia da data de in\u00edcio da viagem.<\/div>\n<div><\/div>\n<div>c) O processo que chegar na caixa da UCEO com menos de 16 dias de anteced\u00eancia deve conter um documento assinado pelo Ordenador de Despesas contendo:<\/div>\n<div>\u00a0 \u00a0 \u2013 o motivo que impossibilitou a solicita\u00e7\u00e3o do afastamento dentro do prazo;<\/div>\n<div>\u00a0 \u00a0 \u2013 a imprescindibilidade para ocorr\u00eancia da atividade ; e<\/div>\n<div>\u00a0 \u00a0 \u2013 a impossibilidade de postergar a atividade.<\/div>\n<div><\/div>\n<div>III\u00a0\u2013 A presta\u00e7\u00e3o de contas deve ser anexada ao mesmo processo do SEI em que foi solicitada a viagem, acompanhada do Certificado de Participa\u00e7\u00e3o no Evento\/Declara\u00e7\u00e3o\/Assinatura da Ata, e dos Bilhetes de Passagens no prazo m\u00e1ximo de 05 (cinco) dias corridos do retorno da viagem. Existindo restitui\u00e7\u00e3o, recolher no mesmo prazo e anexar a GRU e o comprovante de pagamento.<\/div>\n<div><\/div>\n<div>IV\u00a0\u2013 Fica impedido de realizar nova viagem o servidor\/colaborador eventual que n\u00e3o tiver a presta\u00e7\u00e3o de contas aprovada.<\/div>\n<div><\/div>\n<div><\/div>\n<div>SCDP &#8211; Sistema de Concess\u00e3o de Di\u00e1rias e Passagens<\/div>\n<div>PCDP &#8211; Proposta de Concess\u00e3o de Di\u00e1rias e Passagens<\/div>\n","protected":false},"excerpt":{"rendered":"<p>Instru\u00e7\u00f5es sobre abertura de processos para solicitar di\u00e1rias e passagens: FLUXOGRAMA DI\u00c1RIAS E PASSAGENS MANUAL DE SOLICITA\u00c7\u00c3O DE DI\u00c1RIAS E PASSAGENS MANUAL DE PRESTA\u00c7\u00c3O DE [&hellip;]<\/p>\n","protected":false},"author":3618,"featured_media":0,"parent":0,"menu_order":0,"comment_status":"closed","ping_status":"closed","template":"","meta":{"_acf_changed":false,"footnotes":""},"class_list":["post-375","page","type-page","status-publish","hentry"],"acf":[],"_links":{"self":[{"href":"https:\/\/jandaiadosul.ufpr.br\/uceo\/wp-json\/wp\/v2\/pages\/375","targetHints":{"allow":["GET"]}}],"collection":[{"href":"https:\/\/jandaiadosul.ufpr.br\/uceo\/wp-json\/wp\/v2\/pages"}],"about":[{"href":"https:\/\/jandaiadosul.ufpr.br\/uceo\/wp-json\/wp\/v2\/types\/page"}],"author":[{"embeddable":true,"href":"https:\/\/jandaiadosul.ufpr.br\/uceo\/wp-json\/wp\/v2\/users\/3618"}],"replies":[{"embeddable":true,"href":"https:\/\/jandaiadosul.ufpr.br\/uceo\/wp-json\/wp\/v2\/comments?post=375"}],"version-history":[{"count":9,"href":"https:\/\/jandaiadosul.ufpr.br\/uceo\/wp-json\/wp\/v2\/pages\/375\/revisions"}],"predecessor-version":[{"id":488,"href":"https:\/\/jandaiadosul.ufpr.br\/uceo\/wp-json\/wp\/v2\/pages\/375\/revisions\/488"}],"wp:attachment":[{"href":"https:\/\/jandaiadosul.ufpr.br\/uceo\/wp-json\/wp\/v2\/media?parent=375"}],"curies":[{"name":"wp","href":"https:\/\/api.w.org\/{rel}","templated":true}]}}