{"id":2,"date":"2022-09-06T08:14:22","date_gmt":"2022-09-06T11:14:22","guid":{"rendered":"http:\/\/uceo.jandaiadosul.ufpr.br\/?page_id=2"},"modified":"2026-03-09T11:17:32","modified_gmt":"2026-03-09T14:17:32","slug":"pagina-exemplo","status":"publish","type":"page","link":"https:\/\/jandaiadosul.ufpr.br\/uceo\/","title":{"rendered":"UCEO &#8211; Unidade de Controle e Execu\u00e7\u00e3o Or\u00e7ament\u00e1ria"},"content":{"rendered":"<p style=\"text-align: justify\">A Unidade de Controle e Execu\u00e7\u00e3o Or\u00e7ament\u00e1ria do <em>Campus<\/em> Avan\u00e7ado da UFPR em Jandaia do Sul \u00e9 uma unidade de assessoramento direto \u00e0 Dire\u00e7\u00e3o em quest\u00f5es atinentes \u00e0s despesas de custeio e de capital descentralizadas pela PROPLAD, controlando a execu\u00e7\u00e3o or\u00e7ament\u00e1ria e financeira destas despesas.<\/p>\n<p style=\"text-align: justify\">Auxilia as demais se\u00e7\u00f5es do campus na elabora\u00e7\u00e3o de processos a serem encaminhados \u00e0 CLIC para aquisi\u00e7\u00f5es de bens e servi\u00e7os.<\/p>\n<p style=\"text-align: justify\">Opera o SCDP (Sistema de Concess\u00e3o de Di\u00e1rias e Passagens) desde a solicita\u00e7\u00e3o das di\u00e1rias e passagens at\u00e9 a presta\u00e7\u00e3o de contas das viagens realizadas por servidores e colaboradores eventuais a servi\u00e7o do <em>Campus<\/em>.<\/p>\n<p style=\"text-align: justify\">Auxilia a PROAD em atividades relacionadas ao contrato de loca\u00e7\u00e3o existente entre a UFPR e a FAFIJAN.<\/p>\n<p>&nbsp;<\/p>\n<h3><strong>Or\u00e7ament\u00e1rio e Financeiro<\/strong><\/h3>\n<p style=\"text-align: justify\">\u2666 Emiss\u00e3o da Autoriza\u00e7\u00e3o de Empenho das despesas de custeio e capital com abertura de processos financeiros.<\/p>\n<p style=\"text-align: justify\">\u2666 Acompanhamento das fases da despesa p\u00fablica do <em>Campus<\/em>, quais sejam: empenho, liquida\u00e7\u00e3o e pagamento.<\/p>\n<p style=\"text-align: justify\">\u2666 Transfer\u00eancia e controle de recursos or\u00e7ament\u00e1rios para outras unidades gestoras da UFPR, tais como: Almoxarifado Central, Divis\u00e3o de Importa\u00e7\u00e3o, etc.<\/p>\n<p style=\"text-align: justify\">\u2666 Auxilia a elabora\u00e7\u00e3o da proposta anual de or\u00e7amento do <em>Campus<\/em>.<\/p>\n<p>\u2666 Elabora\u00e7\u00e3o de relat\u00f3rios sobre os saldos e a execu\u00e7\u00e3o do or\u00e7amento do Setor.<\/p>\n<p style=\"text-align: justify\">\u2666 Execu\u00e7\u00e3o de rotinas or\u00e7ament\u00e1rias e financeiras nos sistemas Or\u00e7ament\u00e1rio e Financeiro da UFPR, SIAFI e SCDP.<\/p>\n<p>&nbsp;<\/p>\n<h3><strong>Compras<\/strong><\/h3>\n<p>E-mail geral:\u00a0<img decoding=\"async\" class=\"alignnone wp-image-101 \" src=\"https:\/\/jandaiadosul.ufpr.br\/novosite\/wp-content\/uploads\/2014\/04\/mail.png\" alt=\"\" width=\"15\" height=\"10\" \/><span style=\"color: #3366ff\">\u00a0<a style=\"color: #3366ff\" href=\"mailto:compras.jandaia.sei@ufpr.br\">compras.jandaia.sei@ufpr.br<\/a><\/span><\/p>\n<p>\u2666 Auxilio \u00e0s demais unidades do <em>Campus<\/em> na montagem dos processos administrativos para aquisi\u00e7\u00e3o de bens e servi\u00e7os.<\/p>\n<p>\u2666 Acompanhamento dos processos administrativos abertos\u00a0 para aquisi\u00e7\u00e3o de bens e servi\u00e7os.<\/p>\n<p>&nbsp;<\/p>\n<h3><strong>Di\u00e1rias e Passagens<\/strong><\/h3>\n<p style=\"text-align: justify\">\u2666 Registro dos pedidos de concess\u00e3o de di\u00e1rias e passagens (PCDP) dos servidores e colaboradores eventuais, de presta\u00e7\u00e3o de contas, de devolu\u00e7\u00e3o de valores, assim como acompanhamento dos PCDP e dos processos de controle no SCDP (Sistema de Concess\u00e3o de Di\u00e1rias e Passagens), em viagem a servi\u00e7os do <em>Campus<\/em>.<\/p>\n<p>&nbsp;<\/p>\n<h3><strong>Hor\u00e1rio de Atendimento<\/strong><\/h3>\n<p>Segunda-feira a sexta-feira das 08:00 \u00e0s 17:00 horas.<\/p>\n<p>&nbsp;<\/p>\n<h3><strong>Servidores<\/strong><\/h3>\n<table style=\"width: 94.6211%;height: 199px\" width=\"154\">\n<tbody>\n<tr style=\"height: 80px\">\n<td style=\"width: 26.9396%;height: 80px\">Cassiano Tadeu de Paula Mayer<\/td>\n<td style=\"width: 35.0951%;height: 80px\"><img decoding=\"async\" class=\"alignnone size-full wp-image-101\" src=\"https:\/\/jandaiadosul.ufpr.br\/novosite\/wp-content\/uploads\/2014\/04\/mail.png\" alt=\"mail\" width=\"15\" height=\"11\" \/><span style=\"color: #3366ff\"> <a style=\"color: #3366ff\" href=\"mailto:cassianotadeu@ufpr.br\">cassianotadeu@ufpr.br<\/a><\/span><\/td>\n<td style=\"width: 194.045%;height: 80px\">\n<ul>\n<li>Di\u00e1rias e Passagens<\/li>\n<li>Compras<\/li>\n<\/ul>\n<\/td>\n<\/tr>\n<tr style=\"height: 15px\">\n<td style=\"width: 26.9396%;height: 15px\">Leandro Henrique Trapp<\/td>\n<td style=\"width: 35.0951%;height: 15px\"><img decoding=\"async\" class=\"alignnone size-full wp-image-101\" src=\"https:\/\/jandaiadosul.ufpr.br\/novosite\/wp-content\/uploads\/2014\/04\/mail.png\" alt=\"mail\" width=\"15\" height=\"11\" \/><span style=\"color: #3366ff\"> <a style=\"color: #3366ff\" href=\"mailto:leandrotrapp@ufpr.br\">leandrotrapp@ufpr.br<\/a><\/span><\/td>\n<td style=\"width: 194.045%;height: 15px\">\n<ul>\n<li>Di\u00e1rias e Passagens<\/li>\n<li>Compras<\/li>\n<\/ul>\n<\/td>\n<\/tr>\n<tr style=\"height: 104px\">\n<td style=\"width: 26.9396%;height: 104px\">Marisa Fabiana Marques de Farias<\/td>\n<td style=\"width: 35.0951%;height: 104px\"><img decoding=\"async\" class=\"alignnone size-full wp-image-101\" src=\"https:\/\/jandaiadosul.ufpr.br\/novosite\/wp-content\/uploads\/2014\/04\/mail.png\" alt=\"mail\" width=\"15\" height=\"11\" \/> <span style=\"color: #3366ff\"><a style=\"color: #3366ff\" href=\"mailto:marisa.marques@ufpr.br\">marisa.marques@ufpr.br<\/a><\/span><\/td>\n<td style=\"width: 194.045%;height: 104px\">\n<ul>\n<li>Chefia da Se\u00e7\u00e3o<\/li>\n<li>\u00a0Compras<\/li>\n<li>Or\u00e7ament\u00e1rio e Financeiro<\/li>\n<\/ul>\n<\/td>\n<\/tr>\n<\/tbody>\n<\/table>\n<p>&nbsp;<\/p>\n<p><strong><span style=\"font-size: 14pt\">Agenda<\/span><\/strong><\/p>\n<p>Marisa Fabiana Marques de Farias &#8211; Chefe da Unidade &#8211;<strong> <a href=\"https:\/\/outlook.office365.com\/owa\/calendar\/488ba1b47453404da0caded8a7422a38@ufpr.br\/9b32d02c43cb41b19bf05ca50365a49713938331955754805353\/calendar.html\">clique aqui<\/a><\/strong><\/p>\n<div><\/div>\n<div><span style=\"font-size: 14pt\"><b>Compras realizadas<\/b><\/span><\/div>\n<blockquote>\n<h4><span style=\"color: #3366ff\"><a style=\"color: #3366ff\" href=\"https:\/\/docs.google.com\/spreadsheets\/d\/1v4TmThu-by959WeZecVuU6YEyMegj8qpuypkYr-56xA\/edit?usp=sharing\" target=\"_blank\" rel=\"noopener noreferrer\"><span class=\"title\">2022<\/span><\/a><\/span><\/h4>\n<h4><span style=\"color: #3366ff\"><a style=\"color: #3366ff\" href=\"https:\/\/docs.google.com\/spreadsheets\/d\/1xU2_ZnbVmaXsUPwY9mFDgl3Z9RuCtA9JzteIDNkAEAw\/edit#gid=153261840\" target=\"_blank\" rel=\"noopener\">2023<\/a><\/span><\/h4>\n<h4><span style=\"color: #3366ff\"><a style=\"color: #3366ff\" href=\"https:\/\/docs.google.com\/spreadsheets\/d\/1RQ4WKfw6pmVBDkLp6b6x01MYSXYkm8gw64zhUWRGT7s\/edit?usp=sharing\" target=\"_blank\" rel=\"noopener\">2024<\/a><\/span><\/h4>\n<h4><span style=\"color: #3366ff\"><a href=\"https:\/\/docs.google.com\/spreadsheets\/d\/15ZY-5CDSL7mKvVRHHj6qZdC1VD0Irz0YFDROWriRb80\/edit?gid=0#gid=0\">2025<\/a><\/span><\/h4>\n<\/blockquote>\n<p>&nbsp;<\/p>\n","protected":false},"excerpt":{"rendered":"<p>A Unidade de Controle e Execu\u00e7\u00e3o Or\u00e7ament\u00e1ria do Campus Avan\u00e7ado da UFPR em Jandaia do Sul \u00e9 uma unidade de assessoramento direto \u00e0 Dire\u00e7\u00e3o em [&hellip;]<\/p>\n","protected":false},"author":3632,"featured_media":0,"parent":0,"menu_order":0,"comment_status":"closed","ping_status":"open","template":"","meta":{"_acf_changed":false,"footnotes":""},"class_list":["post-2","page","type-page","status-publish","hentry"],"acf":[],"_links":{"self":[{"href":"https:\/\/jandaiadosul.ufpr.br\/uceo\/wp-json\/wp\/v2\/pages\/2","targetHints":{"allow":["GET"]}}],"collection":[{"href":"https:\/\/jandaiadosul.ufpr.br\/uceo\/wp-json\/wp\/v2\/pages"}],"about":[{"href":"https:\/\/jandaiadosul.ufpr.br\/uceo\/wp-json\/wp\/v2\/types\/page"}],"author":[{"embeddable":true,"href":"https:\/\/jandaiadosul.ufpr.br\/uceo\/wp-json\/wp\/v2\/users\/3632"}],"replies":[{"embeddable":true,"href":"https:\/\/jandaiadosul.ufpr.br\/uceo\/wp-json\/wp\/v2\/comments?post=2"}],"version-history":[{"count":104,"href":"https:\/\/jandaiadosul.ufpr.br\/uceo\/wp-json\/wp\/v2\/pages\/2\/revisions"}],"predecessor-version":[{"id":517,"href":"https:\/\/jandaiadosul.ufpr.br\/uceo\/wp-json\/wp\/v2\/pages\/2\/revisions\/517"}],"wp:attachment":[{"href":"https:\/\/jandaiadosul.ufpr.br\/uceo\/wp-json\/wp\/v2\/media?parent=2"}],"curies":[{"name":"wp","href":"https:\/\/api.w.org\/{rel}","templated":true}]}}