{"id":88,"date":"2022-09-28T09:23:08","date_gmt":"2022-09-28T12:23:08","guid":{"rendered":"https:\/\/jandaiadosul.ufpr.br\/uaps\/?page_id=88"},"modified":"2023-06-02T14:17:31","modified_gmt":"2023-06-02T17:17:31","slug":"ultimas-noticias","status":"publish","type":"page","link":"https:\/\/jandaiadosul.ufpr.br\/uaps\/ultimas-noticias\/","title":{"rendered":"\u00daltimas Not\u00edcias"},"content":{"rendered":"<div>\n<div dir=\"auto\">\n<h4>Projeto &#8211; TOUR UFPR<\/h4>\n<p>Realizou a visita pelo campus Avan\u00e7ado UFPR Jandaia do Sul? Avalie-nos: <span style=\"color: #0000ff\"><a style=\"color: #0000ff\" href=\"https:\/\/forms.gle\/suNNTRfhQNHrFAQz9\">Clique aqui<\/a><\/span>!<\/p>\n<\/div>\n<\/div>\n<h4><\/h4>\n<p>&nbsp;<\/p>\n<div>\n<div dir=\"auto\">\n<h4><span style=\"color: #0000ff\">Edital 11\/2023 Empr\u00e9stimo de materiais &#8211; Jandaia do Sul<\/span><\/h4>\n<p>EDITAL 11\/2023 &#8211; PROGRAMA APOIO PEDAG\u00d3GICO: EMPR\u00c9STIMO DE MATERIAIS PARA A DISCIPLINA DE DESENHO T\u00c9CNICO \u2013 CAMPUS AVAN\u00c7ADO DE JANDAIA DO SUL<\/p>\n<p><strong>A quem se destina:<\/strong> \u00c0s\/aos estudantes que ir\u00e3o cursar a disciplina de Desenho T\u00e9cnico no 1\u00ba semestre de 2023, do Campus Avan\u00e7ado de Jandaia do Sul e que s\u00e3o benefici\u00e1rias\/os dos aux\u00edlios PROBEM.<\/p>\n<p><strong>Prazo de Inscri\u00e7\u00e3o:<\/strong>\u00a028\/04 \u00e0 08\/05\/2023<\/p>\n<p><strong>Demais informa\u00e7\u00f5es no Edital 11\/2023<\/strong>\u00a0\u2013\u00a0<span style=\"color: #3366ff\"><a style=\"color: #3366ff\" href=\"http:\/\/www.prae.ufpr.br\/prae\/wp-content\/uploads\/2023\/04\/SEI_UFPR-5531415-Edital.pdf\" target=\"_blank\" rel=\"noopener\">Clique aqui<\/a><\/span><\/p>\n<p>Se ap\u00f3s a leitura atenta do edital, e de todos os links disponibilizados ainda restarem d\u00favidas, estas devem ser encaminhadas para\u00a0<span style=\"color: #3366ff\">pedagogiapraejandaia@gmail.com ou marianeramos@ufpr.br<\/span><\/p>\n<\/div>\n<\/div>\n<div class=\"l7ghb35v kjdc1dyq kmwttqpk gh25dzvf jikcssrz n3t5jt4f\">\n<div dir=\"auto\">\n<h4>1\u00ba resultado parcial Edital 11\/2023: <strong><span style=\"color: #3366ff\"><a style=\"color: #3366ff\" href=\"http:\/\/jandaiadosul.ufpr.br\/uaps\/wp-content\/uploads\/sites\/11\/2023\/05\/resultado-desenhotecnico.pdf\">1\u00ba Resultado parcial<\/a><\/span><\/strong><\/h4>\n<\/div>\n<h4>2\u00ba resultado parcial Edital 11\/2023: <span style=\"color: #3366ff\"><a style=\"color: #3366ff\" href=\"http:\/\/jandaiadosul.ufpr.br\/uaps\/wp-content\/uploads\/sites\/11\/2023\/05\/segundoresultadodesenhotecnico.pdf\">2\u00ba Resultado parcial<\/a><\/span><\/h4>\n<p>&nbsp;<\/p>\n<\/div>\n","protected":false},"excerpt":{"rendered":"<p>Projeto &#8211; TOUR UFPR Realizou a visita pelo campus Avan\u00e7ado UFPR Jandaia do Sul? Avalie-nos: Clique aqui! &nbsp; Edital 11\/2023 Empr\u00e9stimo de materiais &#8211; Jandaia [&hellip;]<\/p>\n","protected":false},"author":3630,"featured_media":0,"parent":0,"menu_order":0,"comment_status":"closed","ping_status":"closed","template":"","meta":{"_acf_changed":false,"footnotes":""},"class_list":["post-88","page","type-page","status-publish","hentry"],"acf":[],"_links":{"self":[{"href":"https:\/\/jandaiadosul.ufpr.br\/uaps\/wp-json\/wp\/v2\/pages\/88","targetHints":{"allow":["GET"]}}],"collection":[{"href":"https:\/\/jandaiadosul.ufpr.br\/uaps\/wp-json\/wp\/v2\/pages"}],"about":[{"href":"https:\/\/jandaiadosul.ufpr.br\/uaps\/wp-json\/wp\/v2\/types\/page"}],"author":[{"embeddable":true,"href":"https:\/\/jandaiadosul.ufpr.br\/uaps\/wp-json\/wp\/v2\/users\/3630"}],"replies":[{"embeddable":true,"href":"https:\/\/jandaiadosul.ufpr.br\/uaps\/wp-json\/wp\/v2\/comments?post=88"}],"version-history":[{"count":36,"href":"https:\/\/jandaiadosul.ufpr.br\/uaps\/wp-json\/wp\/v2\/pages\/88\/revisions"}],"predecessor-version":[{"id":205,"href":"https:\/\/jandaiadosul.ufpr.br\/uaps\/wp-json\/wp\/v2\/pages\/88\/revisions\/205"}],"wp:attachment":[{"href":"https:\/\/jandaiadosul.ufpr.br\/uaps\/wp-json\/wp\/v2\/media?parent=88"}],"curies":[{"name":"wp","href":"https:\/\/api.w.org\/{rel}","templated":true}]}}