{"id":85,"date":"2022-09-28T09:20:59","date_gmt":"2022-09-28T12:20:59","guid":{"rendered":"https:\/\/jandaiadosul.ufpr.br\/uaps\/?page_id=85"},"modified":"2023-05-05T15:15:06","modified_gmt":"2023-05-05T18:15:06","slug":"probem","status":"publish","type":"page","link":"https:\/\/jandaiadosul.ufpr.br\/uaps\/probem\/","title":{"rendered":"PROBEM"},"content":{"rendered":"<p>O PROBEM, criado para apoiar os estudantes com fragilidade socioecon\u00f4mica que precisam de aux\u00edlio financeiro para se manter no curso \u00e9 constitu\u00eddo pelos seguintes benef\u00edcios, isolados ou em composi\u00e7\u00e3o: Aux\u00edlio Perman\u00eancia, Aux\u00edlio Refei\u00e7\u00e3o, Aux\u00edlio Moradia e Aux\u00edlio Creche.<\/p>\n<p><strong>\u25ba<em>Aux\u00edlio Perman\u00eancia<\/em><\/strong>, aux\u00edlio financeiro no valor de R$ 500,00 mensais, visa subsidiar gastos inerentes \u00e0 forma\u00e7\u00e3o acad\u00eamica como fotoc\u00f3pias, compra de livros, materiais para aulas pr\u00e1ticas, etc.;<\/p>\n<p><strong>\u25ba<em>Aux\u00edlio Refei\u00e7\u00e3o<\/em><\/strong>, fornece isen\u00e7\u00e3o das taxas nas refei\u00e7\u00f5es feitas nos restaurantes universit\u00e1rios da universidade, 3 refei\u00e7\u00f5es por dia, 7 dias por semana;<\/p>\n<p><strong>\u25ba<em>Aux\u00edlio Moradia<\/em><\/strong>, aux\u00edlio financeiro no valor de R$ 345,00 mensais, para a manuten\u00e7\u00e3o do estudante oriundo de outras cidades, nos locais em que residam durante o per\u00edodo do curso.<\/p>\n<p><strong>\u25ba<\/strong><em><strong>Aux\u00edlio Creche<\/strong>,<\/em>\u00a0aux\u00edlio financeiro no valor de R$ 200,00 mensais, destinado aos estudantes vinculados ao PROBEM que possuem filhos na faixa et\u00e1ria de 0 a 6 anos incompletos, devidamente matriculados em Centros de Educa\u00e7\u00e3o Infantil particulares ou conveniados.<\/p>\n<p><strong>Not\u00edcias PRAE<\/strong>:\u00a0<a href=\"http:\/\/www.prae.ufpr.br\/prae\/\" target=\"_blank\" rel=\"noopener noreferrer\">Clique aqui<\/a><\/p>\n<p><strong>Perguntas e Respostas PROBEM:<\/strong>\u00a0<a href=\"http:\/\/www.prae.ufpr.br\/prae\/programas-da-prae\/probem\/perguntas-frequentes-2\/\" target=\"_blank\" rel=\"noopener noreferrer\">Clique aqui<\/a><\/p>\n<p><strong>Editais PROBEM:<\/strong>\u00a0<a href=\"http:\/\/www.prae.ufpr.br\/prae\/editais\/\" target=\"_blank\" rel=\"noopener noreferrer\">Clique aqui<\/a><\/p>\n<p><strong>Tutoriais:<\/strong>\u00a0<a href=\"http:\/\/www.prae.ufpr.br\/prae\/programas-da-prae\/probem\/tutoriais\/\" target=\"_blank\" rel=\"noopener noreferrer\">Clique aqui<\/a><\/p>\n","protected":false},"excerpt":{"rendered":"<p>O PROBEM, criado para apoiar os estudantes com fragilidade socioecon\u00f4mica que precisam de aux\u00edlio financeiro para se manter no curso \u00e9 constitu\u00eddo pelos seguintes benef\u00edcios, [&hellip;]<\/p>\n","protected":false},"author":3630,"featured_media":0,"parent":0,"menu_order":0,"comment_status":"closed","ping_status":"closed","template":"","meta":{"_acf_changed":false,"footnotes":""},"class_list":["post-85","page","type-page","status-publish","hentry"],"acf":[],"_links":{"self":[{"href":"https:\/\/jandaiadosul.ufpr.br\/uaps\/wp-json\/wp\/v2\/pages\/85","targetHints":{"allow":["GET"]}}],"collection":[{"href":"https:\/\/jandaiadosul.ufpr.br\/uaps\/wp-json\/wp\/v2\/pages"}],"about":[{"href":"https:\/\/jandaiadosul.ufpr.br\/uaps\/wp-json\/wp\/v2\/types\/page"}],"author":[{"embeddable":true,"href":"https:\/\/jandaiadosul.ufpr.br\/uaps\/wp-json\/wp\/v2\/users\/3630"}],"replies":[{"embeddable":true,"href":"https:\/\/jandaiadosul.ufpr.br\/uaps\/wp-json\/wp\/v2\/comments?post=85"}],"version-history":[{"count":5,"href":"https:\/\/jandaiadosul.ufpr.br\/uaps\/wp-json\/wp\/v2\/pages\/85\/revisions"}],"predecessor-version":[{"id":131,"href":"https:\/\/jandaiadosul.ufpr.br\/uaps\/wp-json\/wp\/v2\/pages\/85\/revisions\/131"}],"wp:attachment":[{"href":"https:\/\/jandaiadosul.ufpr.br\/uaps\/wp-json\/wp\/v2\/media?parent=85"}],"curies":[{"name":"wp","href":"https:\/\/api.w.org\/{rel}","templated":true}]}}