{"id":2,"date":"2022-09-06T08:34:51","date_gmt":"2022-09-06T11:34:51","guid":{"rendered":"http:\/\/uaa.jandaiadosul.ufpr.br\/?page_id=2"},"modified":"2025-11-13T09:38:11","modified_gmt":"2025-11-13T12:38:11","slug":"pagina-exemplo","status":"publish","type":"page","link":"https:\/\/jandaiadosul.ufpr.br\/uaa\/","title":{"rendered":"UAA &#8211; Unidade de Apoio Administrativo"},"content":{"rendered":"<p style=\"text-align: justify\"><span data-contrast=\"auto\">A Unidade de Apoio Administrativo \u00e9 respons\u00e1vel para secretaria administrativa do gabinete da Dire\u00e7\u00e3o, organiza e divulga agenda da\u00a0dire\u00e7\u00e3o e eventos\u00a0do campus; pelo recebimento, expedi\u00e7\u00e3o e arquivamento de documentos\u00a0f\u00edsicos e eletr\u00f4nicos; atendimento ao p\u00fablico interno e externo; por executar as solicita\u00e7\u00f5es da dire\u00e7\u00e3o, coordena\u00e7\u00f5es e unidades\u00a0do\u00a0<\/span><i><span data-contrast=\"auto\">campus<\/span><\/i><span data-contrast=\"auto\">; receber os pedidos de pauta para reuni\u00f5es; redigir as atas e emitir extratos de atas; auxiliar na organiza\u00e7\u00e3o e execu\u00e7\u00e3o dos eventos institucionais do campus,\u00a0entre outras atividades.<\/span><span data-ccp-props=\"{&quot;201341983&quot;:0,&quot;335551550&quot;:6,&quot;335551620&quot;:6,&quot;335559739&quot;:160,&quot;335559740&quot;:259}\">\u00a0<\/span><\/p>\n<p>&nbsp;<\/p>\n<p style=\"text-align: justify\"><strong>Compete \u00e0 Unidade de Apoio Administrativo:\u00a0<\/strong><\/p>\n<p>&#8211; Supervisionar os servi\u00e7os administrativos, orientar o pessoal t\u00e9cnico-administrativo na execu\u00e7\u00e3o dos objetivos administrativos e financeiros;<\/p>\n<p>&#8211; Auxiliar na organiza\u00e7\u00e3o de concursos e testes seletivos,<\/p>\n<p>&#8211; Encaminhar documenta\u00e7\u00e3o acerca de carreira e afastamentos, registrar f\u00e9rias;<\/p>\n<p>&#8211; Estabelecer comunica\u00e7\u00e3o entre a Dire\u00e7\u00e3o do campus Avan\u00e7ado e as unidades administrativas e colegiados;<\/p>\n<p>&#8211; Coordenar e supervisionar as solenidades de cola\u00e7\u00f5es de grau dos cursos de gradua\u00e7\u00e3o e assessorar no planejamento dos eventos institucionais realizados no campus Avan\u00e7ado;<\/p>\n<p>&#8211; Encaminhar convoca\u00e7\u00e3o e secretariar as sess\u00f5es do Conselho Diretor, redigindo expedientes relacionados com suas atividades;<\/p>\n<p>&#8211; Organizar e acompanhar as solicita\u00e7\u00f5es e agendamentos das sa\u00eddas com ve\u00edculos do campus Avan\u00e7ado e organizar o servi\u00e7o de malote.<\/p>\n<h3 style=\"text-align: justify\"><b><span data-contrast=\"none\">Unidade de Apoio Administrativo<\/span><\/b><span data-ccp-props=\"{&quot;201341983&quot;:0,&quot;335559738&quot;:40,&quot;335559739&quot;:0,&quot;335559740&quot;:259}\">\u00a0<\/span><\/h3>\n<p style=\"text-align: justify\"><strong>Equipe\u00a0<\/strong><\/p>\n<p style=\"text-align: justify\"><span data-contrast=\"none\">Fernanda Novaes\u00a0Chiappin\u00a0Vizoni\u00a0<\/span><a href=\"mailto:fernanda.novaes@ufpr.br\"><span data-contrast=\"none\">fernanda.novaes@ufpr.br<\/span><\/a><span data-ccp-props=\"{&quot;201341983&quot;:0,&quot;335559738&quot;:40,&quot;335559739&quot;:0,&quot;335559740&quot;:259}\">\u00a0<\/span><\/p>\n<p style=\"text-align: justify\"><span data-contrast=\"none\">M\u00f4nica\u00a0Batoqui\u00a0Fran\u00e7a\u00a0<\/span><a href=\"mailto:monicabatoqui@ufpr.br\"><span data-contrast=\"none\">monicabatoqui@ufpr.br<\/span><\/a><span data-ccp-props=\"{&quot;201341983&quot;:0,&quot;335559738&quot;:40,&quot;335559739&quot;:0,&quot;335559740&quot;:259}\">\u00a0<\/span><\/p>\n<p style=\"text-align: justify\"><span data-contrast=\"none\">Patr\u00edcia das Gra\u00e7as Guimar\u00e3es (chefe da unidade)\u00a0<\/span><a href=\"mailto:patriciagguimaraes@ufpr.br\"><span data-contrast=\"none\">patriciagguimaraes@ufpr.br<\/span><\/a><span data-contrast=\"none\">\u00a0<\/span><span data-ccp-props=\"{&quot;201341983&quot;:0,&quot;335559738&quot;:40,&quot;335559739&quot;:0,&quot;335559740&quot;:259}\">\u00a0<\/span><\/p>\n<p>Raynes Adiron Castro<a href=\"mailto:raynes.adiron@ufpr.br\"> raynes.adiron@ufpr.br<\/a><\/p>\n<div><\/div>\n<p><strong>UNIVERSIDADE FEDERAL DO PARAN\u00c1\u00a0CAMPUS\u00a0AVAN\u00c7ADO EM JANDAIA DO SUL\u00a0<\/strong><\/p>\n<p>Endere\u00e7o: Rua Doutor Jo\u00e3o Maximiano, 426, Vila Oper\u00e1ria<br \/>\nJandaia do Sul &#8211; PR<br \/>\nCEP: 86900-000<\/p>\n<p>Hor\u00e1rio de Atendimento<\/p>\n<p>07:30 \u00e0s 17:30<\/p>\n<p><span data-contrast=\"none\">Contatos: (41) 98535-0118<\/span><\/p>\n<p><span data-contrast=\"none\">e-mail:\u00a0<\/span><a href=\"mailto:direcaoja@ufpr.br\"><span data-contrast=\"none\">direcaoja@ufpr.br<\/span><\/a><span data-ccp-props=\"{&quot;201341983&quot;:0,&quot;335559738&quot;:40,&quot;335559739&quot;:0,&quot;335559740&quot;:259}\">\u00a0<\/span><span data-contrast=\"none\">\u00a0<\/span><span data-ccp-props=\"{&quot;201341983&quot;:0,&quot;335559738&quot;:40,&quot;335559739&quot;:0,&quot;335559740&quot;:259}\">\u00a0<\/span><\/p>\n<p>uaa.jandaia@ufpr.br<\/p>\n","protected":false},"excerpt":{"rendered":"<p>A Unidade de Apoio Administrativo \u00e9 respons\u00e1vel para secretaria administrativa do gabinete da Dire\u00e7\u00e3o, organiza e divulga agenda da\u00a0dire\u00e7\u00e3o e eventos\u00a0do campus; pelo recebimento, expedi\u00e7\u00e3o [&hellip;]<\/p>\n","protected":false},"author":3633,"featured_media":0,"parent":0,"menu_order":0,"comment_status":"closed","ping_status":"open","template":"","meta":{"_acf_changed":false,"footnotes":""},"class_list":["post-2","page","type-page","status-publish","hentry"],"acf":[],"_links":{"self":[{"href":"https:\/\/jandaiadosul.ufpr.br\/uaa\/wp-json\/wp\/v2\/pages\/2","targetHints":{"allow":["GET"]}}],"collection":[{"href":"https:\/\/jandaiadosul.ufpr.br\/uaa\/wp-json\/wp\/v2\/pages"}],"about":[{"href":"https:\/\/jandaiadosul.ufpr.br\/uaa\/wp-json\/wp\/v2\/types\/page"}],"author":[{"embeddable":true,"href":"https:\/\/jandaiadosul.ufpr.br\/uaa\/wp-json\/wp\/v2\/users\/3633"}],"replies":[{"embeddable":true,"href":"https:\/\/jandaiadosul.ufpr.br\/uaa\/wp-json\/wp\/v2\/comments?post=2"}],"version-history":[{"count":19,"href":"https:\/\/jandaiadosul.ufpr.br\/uaa\/wp-json\/wp\/v2\/pages\/2\/revisions"}],"predecessor-version":[{"id":1118,"href":"https:\/\/jandaiadosul.ufpr.br\/uaa\/wp-json\/wp\/v2\/pages\/2\/revisions\/1118"}],"wp:attachment":[{"href":"https:\/\/jandaiadosul.ufpr.br\/uaa\/wp-json\/wp\/v2\/media?parent=2"}],"curies":[{"name":"wp","href":"https:\/\/api.w.org\/{rel}","templated":true}]}}