{"id":195,"date":"2023-03-02T10:54:17","date_gmt":"2023-03-02T13:54:17","guid":{"rendered":"https:\/\/jandaiadosul.ufpr.br\/uaa\/?page_id=195"},"modified":"2025-11-13T09:41:02","modified_gmt":"2025-11-13T12:41:02","slug":"atas-das-reunioes-ordinarias","status":"publish","type":"page","link":"https:\/\/jandaiadosul.ufpr.br\/uaa\/atas-das-reunioes-ordinarias\/","title":{"rendered":"Atas das Reuni\u00f5es Ordin\u00e1rias"},"content":{"rendered":"<p>&nbsp;<\/p>\n<table style=\"width: 60.9227%;height: 85px\">\n<tbody>\n<tr style=\"height: 66px\">\n<td style=\"width: 62.8954%;height: 66px\"><a href=\"https:\/\/jandaiadosul.ufpr.br\/direcao\/wp-content\/uploads\/sites\/17\/2025\/04\/sei_7491422_ata_de_reuniao-88.pdf\">At<\/a><a href=\"https:\/\/jandaiadosul.ufpr.br\/direcao\/wp-content\/uploads\/sites\/17\/2025\/04\/sei_7491422_ata_de_reuniao-88.pdf\">a<\/a><a href=\"https:\/\/jandaiadosul.ufpr.br\/direcao\/wp-content\/uploads\/sites\/17\/2025\/04\/sei_7491422_ata_de_reuniao-88.pdf\"> da 88\u00aa Reuni\u00e3o Ordin\u00e1ria do Conselho Diretor<\/a><\/td>\n<td style=\"width: 96.6352%;height: 66px\">\n<h4>11 de fevereiro de 2025<\/h4>\n<\/td>\n<\/tr>\n<tr style=\"height: 19px\">\n<td style=\"width: 62.8954%;height: 19px\"><a href=\"http:\/\/jandaiadosul.ufpr.br\/uaa\/wp-content\/uploads\/sites\/16\/2025\/06\/sei_7628608_ata_de_reuniao.pdf\">Ata da 89\u00aa Reuni\u00e3o Ordin\u00e1ria<\/a><\/p>\n<h4><\/h4>\n<\/td>\n<td style=\"width: 96.6352%;height: 19px\">\n<h4>18 de mar\u00e7o de 2025<\/h4>\n<\/td>\n<\/tr>\n<tr>\n<td style=\"width: 62.8954%\"><a href=\"http:\/\/jandaiadosul.ufpr.br\/uaa\/wp-content\/uploads\/sites\/16\/2025\/06\/sei_7695526_ata_de_reuniao-3.pdf\">90\u00aa Reuni\u00e3o Ordin\u00e1ria <\/a><\/td>\n<td style=\"width: 96.6352%\">\n<h4>09 de abril de 2025<\/h4>\n<\/td>\n<\/tr>\n<tr>\n<td style=\"width: 62.8954%\"><a href=\"http:\/\/jandaiadosul.ufpr.br\/uaa\/wp-content\/uploads\/sites\/16\/2025\/06\/sei_7769839_ata_de_reuniao-1-1.pdf\">91\u00aa Reuni\u00e3o Ordin\u00e1ria<\/a><\/p>\n<h4><\/h4>\n<\/td>\n<td style=\"width: 96.6352%\">\n<h4>08 de maio de 2025<\/h4>\n<\/td>\n<\/tr>\n<tr>\n<td style=\"width: 62.8954%\">92\u00aa Reuni\u00e3o Ordin\u00e1ria<\/td>\n<td style=\"width: 96.6352%\">\n<h4>09 de junho de 2025<\/h4>\n<\/td>\n<\/tr>\n<tr>\n<td style=\"width: 62.8954%\"><a href=\"http:\/\/jandaiadosul.ufpr.br\/uaa\/wp-content\/uploads\/sites\/16\/2025\/11\/sei_7937984_ata_de_reuniao-1.pdf\">93\u00aa Reuni\u00e3o Ordin\u00e1ria <\/a><\/td>\n<td style=\"width: 96.6352%\">\n<h4>08 de julho de 2025<\/h4>\n<\/td>\n<\/tr>\n<tr>\n<td style=\"width: 62.8954%\">94\u00aa Reuni\u00e3o Ordin\u00e1ria<\/td>\n<td style=\"width: 96.6352%\">\n<h4>12 de agosto de 2025<\/h4>\n<\/td>\n<\/tr>\n<tr>\n<td style=\"width: 62.8954%\">95\u00aa Reuni\u00e3o Ordin\u00e1ria<\/td>\n<td style=\"width: 96.6352%\">\n<h4>09 de setembro de 2025<\/h4>\n<\/td>\n<\/tr>\n<tr>\n<td style=\"width: 62.8954%\">96\u00aa Reuni\u00e3o Ordin\u00e1ria<\/td>\n<td style=\"width: 96.6352%\">\n<h4>14 de outubro de 2025<\/h4>\n<\/td>\n<\/tr>\n<tr>\n<td style=\"width: 62.8954%\">97\u00aa Reuni\u00e3o Ordin\u00e1ria<\/td>\n<td style=\"width: 96.6352%\">\n<h4>11 de novembro de 2025<\/h4>\n<\/td>\n<\/tr>\n<\/tbody>\n<\/table>\n<p><a href=\"https:\/\/jandaiadosul.ufpr.br\/uaa\/atas-anteriores\/\"><br \/>\nAtas Anteriores \u00e0 2025<br \/>\n<\/a><\/p>\n","protected":false},"excerpt":{"rendered":"<p>&nbsp; Ata da 88\u00aa Reuni\u00e3o Ordin\u00e1ria do Conselho Diretor 11 de fevereiro de 2025 Ata da 89\u00aa Reuni\u00e3o Ordin\u00e1ria 18 de mar\u00e7o de 2025 90\u00aa [&hellip;]<\/p>\n","protected":false},"author":3633,"featured_media":0,"parent":0,"menu_order":0,"comment_status":"closed","ping_status":"closed","template":"","meta":{"_acf_changed":false,"footnotes":""},"class_list":["post-195","page","type-page","status-publish","hentry"],"acf":[],"_links":{"self":[{"href":"https:\/\/jandaiadosul.ufpr.br\/uaa\/wp-json\/wp\/v2\/pages\/195","targetHints":{"allow":["GET"]}}],"collection":[{"href":"https:\/\/jandaiadosul.ufpr.br\/uaa\/wp-json\/wp\/v2\/pages"}],"about":[{"href":"https:\/\/jandaiadosul.ufpr.br\/uaa\/wp-json\/wp\/v2\/types\/page"}],"author":[{"embeddable":true,"href":"https:\/\/jandaiadosul.ufpr.br\/uaa\/wp-json\/wp\/v2\/users\/3633"}],"replies":[{"embeddable":true,"href":"https:\/\/jandaiadosul.ufpr.br\/uaa\/wp-json\/wp\/v2\/comments?post=195"}],"version-history":[{"count":21,"href":"https:\/\/jandaiadosul.ufpr.br\/uaa\/wp-json\/wp\/v2\/pages\/195\/revisions"}],"predecessor-version":[{"id":1125,"href":"https:\/\/jandaiadosul.ufpr.br\/uaa\/wp-json\/wp\/v2\/pages\/195\/revisions\/1125"}],"wp:attachment":[{"href":"https:\/\/jandaiadosul.ufpr.br\/uaa\/wp-json\/wp\/v2\/media?parent=195"}],"curies":[{"name":"wp","href":"https:\/\/api.w.org\/{rel}","templated":true}]}}