{"id":147,"date":"2023-02-08T13:57:55","date_gmt":"2023-02-08T16:57:55","guid":{"rendered":"https:\/\/jandaiadosul.ufpr.br\/uaa\/?page_id=147"},"modified":"2024-03-13T10:40:33","modified_gmt":"2024-03-13T13:40:33","slug":"2022-3","status":"publish","type":"page","link":"https:\/\/jandaiadosul.ufpr.br\/uaa\/2022-3\/","title":{"rendered":"2022"},"content":{"rendered":"<p><a href=\"http:\/\/jandaiadosul.ufpr.br\/uaa\/wp-content\/uploads\/sites\/16\/2024\/03\/sei_4466705_portaria_22.pdf\">22\/22<\/a><\/p>\n<table style=\"border-collapse: collapse;width: 100%;height: 1727px\">\n<tbody>\n<tr style=\"height: 24px\">\n<td style=\"width: 7.86802%;height: 24px\"><a href=\"http:\/\/jandaiadosul.ufpr.br\/uaa\/wp-content\/uploads\/sites\/16\/2024\/03\/sei_4226914_portaria_1.pdf\">01\/22<\/a><\/td>\n<td style=\"width: 92.132%;height: 24px\">Comit\u00ea de Inicia\u00e7\u00e3o Cient\u00ed\ufb01ca e em Desenvolvimento Tecnol\u00f3gico e Inova\u00e7\u00e3o do <em>Campus<\/em>\u00a0Avan\u00e7ado de Jandaia do Sul<\/td>\n<\/tr>\n<tr style=\"height: 24px\">\n<td style=\"width: 7.86802%;height: 24px\"><a href=\"http:\/\/jandaiadosul.ufpr.br\/uaa\/wp-content\/uploads\/sites\/16\/2024\/03\/sei_4226997_portaria_2.pdf\">02\/22<\/a><\/td>\n<td style=\"width: 92.132%;height: 24px\">Comit\u00ea de Pesquisa do Campus Avan\u00e7ado de Jandaia de Sul<\/td>\n<\/tr>\n<tr style=\"height: 24px\">\n<td style=\"width: 7.86802%;height: 24px\"><a href=\"http:\/\/jandaiadosul.ufpr.br\/uaa\/wp-content\/uploads\/sites\/16\/2024\/03\/sei_4254222_portaria_3.pdf\">03\/22<\/a><\/td>\n<td style=\"width: 92.132%;height: 24px\">Comiss\u00e3o de homologa\u00e7\u00e3o das inscri\u00e7\u00f5es do teste seletivo para contrata\u00e7\u00e3o de professor substituto da carreira do magist\u00e9rio superior, \u00c1rea de Conhecimento:<strong>\u00a0<\/strong>Ensino da L\u00edngua Brasileira de Sinais \u2013 Libras, conforme edital \u00ba 023\/2022<\/td>\n<\/tr>\n<tr style=\"height: 24px\">\n<td style=\"width: 7.86802%;height: 24px\"><a href=\"http:\/\/jandaiadosul.ufpr.br\/uaa\/wp-content\/uploads\/sites\/16\/2024\/03\/sei_4261128_portaria_4.pdf\">04\/22<\/a><\/td>\n<td style=\"width: 92.132%;height: 24px\">Comiss\u00e3o de homologa\u00e7\u00e3o das inscri\u00e7\u00f5es do teste seletivo para contrata\u00e7\u00e3o de professor substituto da carreira do magist\u00e9rio superior,\u00a0\u00c1rea de Conhecimento:\u00a0Matem\u00e1tica, conforme edital \u00ba 027\/2022\u00a0 &#8211; PROGEPE<\/td>\n<\/tr>\n<tr style=\"height: 24px\">\n<td style=\"width: 7.86802%;height: 24px\"><a href=\"http:\/\/jandaiadosul.ufpr.br\/uaa\/wp-content\/uploads\/sites\/16\/2024\/03\/sei_4272467_portaria_5.pdf\">05\/22<\/a><\/td>\n<td style=\"width: 92.132%;height: 24px\">Comiss\u00e3o julgadora do teste seletivo para contrata\u00e7\u00e3o de professor substituto da carreira do magist\u00e9rio superior, \u00c1rea de Conhecimento:<strong>\u00a0<\/strong>Ensino da L\u00edngua Brasileira de Sinais \u2013 Libras, conforme edital 023\/2022<\/td>\n<\/tr>\n<tr style=\"height: 24px\">\n<td style=\"width: 7.86802%;height: 24px\"><a href=\"http:\/\/jandaiadosul.ufpr.br\/uaa\/wp-content\/uploads\/sites\/16\/2024\/03\/sei_4273429_portaria_6.pdf\">06\/22<\/a><\/td>\n<td style=\"width: 92.132%;height: 24px\">Comiss\u00e3o Eleitoral para realizar consulta p\u00fablica para escolha de coordenador(a) e vice-coordenador(a) para a coordena\u00e7\u00e3o dos cursos de Licenciatura em Computa\u00e7\u00e3o, Licenciatura em Ci\u00eancias Exatas, Engenharia Agr\u00edcola e Engenharia de Produ\u00e7\u00e3o<\/td>\n<\/tr>\n<tr style=\"height: 24px\">\n<td style=\"width: 7.86802%;height: 24px\"><a href=\"http:\/\/jandaiadosul.ufpr.br\/uaa\/wp-content\/uploads\/sites\/16\/2024\/03\/sei_4278394_portaria_7.pdf\">07\/22<\/a><\/td>\n<td style=\"width: 92.132%;height: 24px\">Comiss\u00e3o julgadora do teste seletivo para contrata\u00e7\u00e3o de professor substituto da carreira do magist\u00e9rio superior, \u00e1rea de conhecimento: matem\u00e1tica, conforme edital 027\/2022 &#8211; PROGEPE<\/td>\n<\/tr>\n<tr style=\"height: 24px\">\n<td style=\"width: 7.86802%;height: 24px\"><a href=\"http:\/\/jandaiadosul.ufpr.br\/uaa\/wp-content\/uploads\/sites\/16\/2024\/03\/sei_4288331_portaria_8.pdf\">08\/22<\/a><\/td>\n<td style=\"width: 92.132%;height: 24px\">Comit\u00ea Setorial de Extens\u00e3o (CSEx) dos Campus Avan\u00e7ado de Jandaia do Sul e os representantes no Comit\u00ea Assessor de Extens\u00e3o (CAEx) da Universidade Federal do Paran\u00e1<\/td>\n<\/tr>\n<tr style=\"height: 24px\">\n<td style=\"width: 7.86802%;height: 24px\"><a href=\"http:\/\/jandaiadosul.ufpr.br\/uaa\/wp-content\/uploads\/sites\/16\/2024\/03\/sei_4305253_portaria_9.pdf\">09\/22<\/a><\/td>\n<td style=\"width: 92.132%;height: 24px\">Comiss\u00e3o julgadora do teste seletivo para contrata\u00e7\u00e3o de professor substituto da carreira do magist\u00e9rio superior, \u00e1rea de conhecimento: matem\u00e1tica, conforme edital 027\/2022 &#8211; PROGEPE<\/td>\n<\/tr>\n<tr style=\"height: 24px\">\n<td style=\"width: 7.86802%;height: 24px\"><a href=\"http:\/\/jandaiadosul.ufpr.br\/uaa\/wp-content\/uploads\/sites\/16\/2024\/03\/sei_4340516_portaria_10.pdf\">10\/22<\/a><\/td>\n<td style=\"width: 92.132%;height: 24px\">\u00a0Colegiado de Licenciatura em Ci\u00eancias Exatas<\/td>\n<\/tr>\n<tr style=\"height: 48px\">\n<td style=\"width: 7.86802%;height: 48px\"><a href=\"http:\/\/jandaiadosul.ufpr.br\/uaa\/wp-content\/uploads\/sites\/16\/2024\/03\/sei_4344661_portaria_11.pdf\">11\/22<\/a><\/td>\n<td style=\"width: 92.132%;height: 48px\">Comiss\u00e3o respons\u00e1vel por organizar a Semana de Recep\u00e7\u00e3o de Calouros 2022<\/td>\n<\/tr>\n<tr style=\"height: 24px\">\n<td style=\"width: 7.86802%;height: 24px\"><a href=\"http:\/\/jandaiadosul.ufpr.br\/uaa\/wp-content\/uploads\/sites\/16\/2024\/03\/sei_4376162_portaria_12.pdf\">12\/22<\/a><\/td>\n<td style=\"width: 92.132%;height: 24px\">Colegiado do curso de Engenharia de Alimentos<\/td>\n<\/tr>\n<tr style=\"height: 23px\">\n<td style=\"width: 7.86802%;height: 23px\"><a href=\"http:\/\/jandaiadosul.ufpr.br\/uaa\/wp-content\/uploads\/sites\/16\/2024\/03\/sei_4384023_portaria_13.pdf\">13\/22<\/a><\/td>\n<td style=\"width: 92.132%;height: 23px\">Colegiado de Licenciatura em Computa\u00e7\u00e3o<\/td>\n<\/tr>\n<tr style=\"height: 72px\">\n<td style=\"width: 7.86802%;height: 72px\"><a href=\"http:\/\/jandaiadosul.ufpr.br\/uaa\/wp-content\/uploads\/sites\/16\/2024\/03\/sei_4394261_portaria_14.pdf\">14\/22<\/a><\/td>\n<td style=\"width: 92.132%;height: 72px\">Comiss\u00e3o de Sele\u00e7\u00e3o para Edital de Afastamento de Docentes, para cumprir as atribui\u00e7\u00f5es dispostas no\u00a0EDITAL N\u00ba 02\/2022 &#8211; PROGEPE\/CDP<\/td>\n<\/tr>\n<tr style=\"height: 24px\">\n<td style=\"width: 7.86802%;height: 24px\"><a href=\"http:\/\/jandaiadosul.ufpr.br\/uaa\/wp-content\/uploads\/sites\/16\/2024\/03\/sei_4398985_portaria_15.pdf\">15\/22<\/a><\/td>\n<td style=\"width: 92.132%;height: 24px\">Colegiado de Licenciatura em Computa\u00e7\u00e3o<\/td>\n<\/tr>\n<tr style=\"height: 24px\">\n<td style=\"width: 7.86802%;height: 24px\"><a href=\"http:\/\/jandaiadosul.ufpr.br\/uaa\/wp-content\/uploads\/sites\/16\/2024\/03\/sei_4405910_portaria_16.pdf\">16\/22<\/a><\/td>\n<td style=\"width: 92.132%;height: 24px\">Conselho Diretor do campus Avan\u00e7ado da UFPR em Jandaia do Sul<\/td>\n<\/tr>\n<tr style=\"height: 72px\">\n<td style=\"width: 7.86802%;height: 72px\"><a href=\"http:\/\/jandaiadosul.ufpr.br\/uaa\/wp-content\/uploads\/sites\/16\/2024\/03\/sei_4407402_portaria_17.pdf\">17\/22<\/a><\/td>\n<td style=\"width: 92.132%;height: 72px\">\u00a0Comiss\u00e3o respons\u00e1vel pela TERCEIRA ETAPA da avalia\u00e7\u00e3o de desempenho em est\u00e1gio probat\u00f3rio da servidora HELENA MACEDO REIS, ocupante do cargo de Professor \u2013 Classe Adjunto<\/td>\n<\/tr>\n<tr style=\"height: 48px\">\n<td style=\"width: 7.86802%;height: 48px\"><a href=\"http:\/\/jandaiadosul.ufpr.br\/uaa\/wp-content\/uploads\/sites\/16\/2024\/03\/sei_4415961_portaria_18.pdf\">18\/22<\/a><\/td>\n<td style=\"width: 92.132%;height: 48px\">N\u00daCLEO DE TECNOLOGIA EDUCACIONAL do\u00a0<em>Campus\u00a0<\/em>Avan\u00e7ado em Jandaia do Sul<\/td>\n<\/tr>\n<tr style=\"height: 24px\">\n<td style=\"width: 7.86802%;height: 24px\"><a href=\"http:\/\/jandaiadosul.ufpr.br\/uaa\/wp-content\/uploads\/sites\/16\/2024\/03\/sei_4429386_portaria_19.pdf\">19\/22<\/a><\/td>\n<td style=\"width: 92.132%;height: 24px\">Colegiado de Engenharia de Produ\u00e7\u00e3o<\/td>\n<\/tr>\n<tr style=\"height: 24px\">\n<td style=\"width: 7.86802%;height: 24px\"><a href=\"http:\/\/jandaiadosul.ufpr.br\/uaa\/wp-content\/uploads\/sites\/16\/2024\/03\/sei_4453373_portaria_20.pdf\">20\/22<\/a><\/td>\n<td style=\"width: 92.132%;height: 24px\">N\u00facleo Docente Estruturante da Licenciatura em Ci\u00eancias Exatas<\/td>\n<\/tr>\n<tr style=\"height: 24px\">\n<td style=\"width: 7.86802%;height: 24px\"><a href=\"http:\/\/jandaiadosul.ufpr.br\/uaa\/wp-content\/uploads\/sites\/16\/2024\/03\/sei_4466610_portaria_21.pdf\">21\/22<\/a><\/td>\n<td style=\"width: 92.132%;height: 24px\">Coordena\u00e7\u00e3o substituta do Colegiado de Licenciatura em Computa\u00e7\u00e3o<\/td>\n<\/tr>\n<tr style=\"height: 24px\">\n<td style=\"width: 7.86802%;height: 24px\"><a href=\"http:\/\/jandaiadosul.ufpr.br\/uaa\/wp-content\/uploads\/sites\/16\/2024\/03\/sei_4466705_portaria_22.pdf\">22\/22<\/a><\/td>\n<td style=\"width: 92.132%;height: 24px\">N\u00facleo Docente Estruturante do curso de Licenciatura em Computa\u00e7\u00e3o<\/td>\n<\/tr>\n<tr style=\"height: 24px\">\n<td style=\"width: 7.86802%;height: 24px\"><a href=\"http:\/\/jandaiadosul.ufpr.br\/uaa\/wp-content\/uploads\/sites\/16\/2024\/03\/sei_4466809_portaria_23.pdf\">23\/22<\/a><\/td>\n<td style=\"width: 92.132%;height: 24px\">Comiss\u00e3o Orientadora de Est\u00e1gios (COE) do curso de Licenciatura em Computa\u00e7\u00e3o<\/td>\n<\/tr>\n<tr style=\"height: 48px\">\n<td style=\"width: 7.86802%;height: 48px\"><a href=\"http:\/\/jandaiadosul.ufpr.br\/uaa\/wp-content\/uploads\/sites\/16\/2024\/03\/sei_4489819_portaria_24.pdf\">24\/22<\/a><\/td>\n<td style=\"width: 92.132%;height: 48px\">Coordena\u00e7\u00e3o substituta do Colegiado de Licenciatura em Computa\u00e7\u00e3o<\/td>\n<\/tr>\n<tr style=\"height: 24px\">\n<td style=\"width: 7.86802%;height: 24px\"><a href=\"http:\/\/jandaiadosul.ufpr.br\/uaa\/wp-content\/uploads\/sites\/16\/2024\/03\/sei_4490148_portaria_25.pdf\">25\/22<\/a><\/td>\n<td style=\"width: 92.132%;height: 24px\">Inclus\u00e3o Comit\u00ea Setorial de Extens\u00e3o (CSEx)<\/td>\n<\/tr>\n<tr style=\"height: 24px\">\n<td style=\"width: 7.86802%;height: 24px\"><a href=\"http:\/\/jandaiadosul.ufpr.br\/uaa\/wp-content\/uploads\/sites\/16\/2024\/03\/sei_4495209_portaria_26.pdf\">26\/22<\/a><\/td>\n<td style=\"width: 92.132%;height: 24px\">Comiss\u00e3o de homologa\u00e7\u00e3o das inscri\u00e7\u00f5es do teste seletivo para contrata\u00e7\u00e3o de professor substituto da carreira do magist\u00e9rio superior, \u00e1rea de conhecimento Qu\u00edmica Anal\u00edtica e Qu\u00edmica Geral, conforme edital 111\/2022 &#8211; PROGEPE<\/td>\n<\/tr>\n<tr style=\"height: 24px\">\n<td style=\"width: 7.86802%;height: 24px\"><a href=\"http:\/\/jandaiadosul.ufpr.br\/uaa\/wp-content\/uploads\/sites\/16\/2024\/03\/sei_4504171_portaria_27.pdf\">27\/22<\/a><\/td>\n<td style=\"width: 92.132%;height: 24px\">Colegiado do curso de Licenciatura em Ci\u00eancias Exatas<\/td>\n<\/tr>\n<tr style=\"height: 24px\">\n<td style=\"width: 7.86802%;height: 24px\"><a href=\"http:\/\/jandaiadosul.ufpr.br\/uaa\/wp-content\/uploads\/sites\/16\/2024\/03\/sei_4514373_portaria_28.pdf\">28\/22<\/a><\/td>\n<td style=\"width: 92.132%;height: 24px\">Comiss\u00e3o de homologa\u00e7\u00e3o das inscri\u00e7\u00f5es do teste seletivo para contrata\u00e7\u00e3o de\u00a0professor substituto da carreira do magist\u00e9rio superior, \u00e1rea de conhecimento Qu\u00edmica Anal\u00edtica e Qu\u00edmica Geral, conforme edital 111\/2022\u00a0&#8211; PROGEPE<\/td>\n<\/tr>\n<tr style=\"height: 24px\">\n<td style=\"width: 7.86802%;height: 24px\"><a href=\"http:\/\/jandaiadosul.ufpr.br\/uaa\/wp-content\/uploads\/sites\/16\/2024\/03\/sei_4514422_portaria_29.pdf\">29\/22<\/a><\/td>\n<td style=\"width: 92.132%;height: 24px\">Coordena\u00e7\u00e3o substituta do Colegiado de Licenciatura em Ci\u00eancias Exatas<\/td>\n<\/tr>\n<tr style=\"height: 24px\">\n<td style=\"width: 7.86802%;height: 24px\"><a href=\"http:\/\/jandaiadosul.ufpr.br\/uaa\/wp-content\/uploads\/sites\/16\/2024\/03\/sei_4523912_portaria_30.pdf\">30\/22<\/a><\/td>\n<td style=\"width: 92.132%;height: 24px\">Comiss\u00e3o julgadora do teste seletivo para contrata\u00e7\u00e3o de professor substituto da carreira do magist\u00e9rio superior, \u00e1rea de conhecimento Qu\u00edmica Anal\u00edtica e Qu\u00edmica Geral, conforme edital 111\/2022 &#8211; PROGEPE&#8217;<\/td>\n<\/tr>\n<tr style=\"height: 24px\">\n<td style=\"width: 7.86802%;height: 24px\"><a href=\"http:\/\/jandaiadosul.ufpr.br\/uaa\/wp-content\/uploads\/sites\/16\/2024\/03\/sei_4567747_portaria_31.pdf\">31\/22<\/a><\/td>\n<td style=\"width: 92.132%;height: 24px\">Comiss\u00e3o de reformula\u00e7\u00e3o curricular do curso de Engenharia Agr\u00edcola<\/td>\n<\/tr>\n<tr style=\"height: 24px\">\n<td style=\"width: 7.86802%;height: 24px\"><a href=\"http:\/\/jandaiadosul.ufpr.br\/uaa\/wp-content\/uploads\/sites\/16\/2024\/03\/sei_4567792_portaria_32.pdf\">32\/22<\/a><\/td>\n<td style=\"width: 92.132%;height: 24px\">Colegiado de\u00a0Engenharia Agr\u00edcola<\/td>\n<\/tr>\n<tr style=\"height: 48px\">\n<td style=\"width: 7.86802%;height: 48px\"><a href=\"http:\/\/jandaiadosul.ufpr.br\/uaa\/wp-content\/uploads\/sites\/16\/2024\/03\/sei_4582928_portaria_33.pdf\">33\/22<\/a><\/td>\n<td style=\"width: 92.132%;height: 48px\">Coordena\u00e7\u00e3o substituta do Colegiado de Licenciatura em Computa\u00e7\u00e3o<\/td>\n<\/tr>\n<tr style=\"height: 120px\">\n<td style=\"width: 7.86802%;height: 120px\"><a href=\"http:\/\/jandaiadosul.ufpr.br\/uaa\/wp-content\/uploads\/sites\/16\/2024\/03\/sei_4585431_portaria_34.pdf\">34\/22<\/a><\/td>\n<td style=\"width: 92.132%;height: 120px\">Comiss\u00e3o de homologa\u00e7\u00e3o das inscri\u00e7\u00f5es do teste seletivo para contrata\u00e7\u00e3o de professor substituto da carreira do magist\u00e9rio superior, \u00e1rea de conhecimento Ensino da L\u00edngua Brasileira de Sinais &#8211; Libras, conforme edital 135\/2022 &#8211; PROGEPE<\/td>\n<\/tr>\n<tr style=\"height: 120px\">\n<td style=\"width: 7.86802%;height: 120px\"><a href=\"http:\/\/jandaiadosul.ufpr.br\/uaa\/wp-content\/uploads\/sites\/16\/2024\/03\/sei_4587533_portaria_35.pdf\">35\/22<\/a><\/td>\n<td style=\"width: 92.132%;height: 120px\">Comiss\u00e3o de homologa\u00e7\u00e3o das inscri\u00e7\u00f5es do teste seletivo para contrata\u00e7\u00e3o de\u00a0professor substituto da carreira do magist\u00e9rio superior, \u00e1rea de conhecimento Ensino da L\u00edngua Brasileira de Sinais &#8211; Libras, conforme edital 135\/2022\u00a0&#8211; PROGEPE<\/td>\n<\/tr>\n<tr style=\"height: 120px\">\n<td style=\"width: 7.86802%;height: 120px\"><a href=\"http:\/\/jandaiadosul.ufpr.br\/uaa\/wp-content\/uploads\/sites\/16\/2024\/03\/sei_4591216_portaria_36.pdf\">36\/22<\/a><\/td>\n<td style=\"width: 92.132%;height: 120px\">Comiss\u00e3o julgadora do teste seletivo para contrata\u00e7\u00e3o de professor substituto da carreira do magist\u00e9rio superior, \u00e1rea de conhecimento Ensino da L\u00edngua Brasileira de Sinais &#8211; Libras, conforme edital 135\/2022 &#8211; PROGEPE<\/td>\n<\/tr>\n<tr style=\"height: 24px\">\n<td style=\"width: 7.86802%;height: 24px\"><a href=\"http:\/\/jandaiadosul.ufpr.br\/uaa\/wp-content\/uploads\/sites\/16\/2024\/03\/sei_4604154_portaria_37.pdf\">37\/22<\/a><\/td>\n<td style=\"width: 92.132%;height: 24px\">Colegiado de Engenharia de Produ\u00e7\u00e3o<\/td>\n<\/tr>\n<tr style=\"height: 24px\">\n<td style=\"width: 7.86802%;height: 24px\"><a href=\"http:\/\/jandaiadosul.ufpr.br\/uaa\/wp-content\/uploads\/sites\/16\/2024\/03\/sei_4641022_portaria_38.pdf\">38\/22<\/a><\/td>\n<td style=\"width: 92.132%;height: 24px\">Grupo de Trabalho de Cultura do<em>\u00a0Campus\u00a0<\/em>Avan\u00e7ado de Jandaia do Sul<\/td>\n<\/tr>\n<tr style=\"height: 24px\">\n<td style=\"width: 7.86802%;height: 24px\"><a href=\"http:\/\/jandaiadosul.ufpr.br\/uaa\/wp-content\/uploads\/sites\/16\/2024\/03\/sei_4690810_portaria_39.pdf\">39\/22<\/a><\/td>\n<td style=\"width: 92.132%;height: 24px\">Comiss\u00e3o Orientadora de Est\u00e1gios (COE) do curso de Engenharia de Alimentos<\/td>\n<\/tr>\n<tr style=\"height: 24px\">\n<td style=\"width: 7.86802%;height: 24px\"><a href=\"http:\/\/jandaiadosul.ufpr.br\/uaa\/wp-content\/uploads\/sites\/16\/2024\/03\/sei_4701645_portaria_40.pdf\">40\/22<\/a><\/td>\n<td style=\"width: 92.132%;height: 24px\">Comiss\u00e3o respons\u00e1vel pela terceira etapa da avalia\u00e7\u00e3o de desempenho em est\u00e1gio probat\u00f3rio do servidor CASSIANO TADEU DE PAULA MAYER<\/td>\n<\/tr>\n<tr style=\"height: 24px\">\n<td style=\"width: 7.86802%;height: 24px\"><a href=\"http:\/\/jandaiadosul.ufpr.br\/uaa\/wp-content\/uploads\/sites\/16\/2024\/03\/sei_4714581_portaria_41.pdf\">41\/22<\/a><\/td>\n<td style=\"width: 92.132%;height: 24px\">SUBCOMISS\u00c3O DE PATRIM\u00d4NIO\u00a0SETORIAL, destinada a promover a gest\u00e3o de patrim\u00f4nio contemplando a execu\u00e7\u00e3o anual do invent\u00e1rio de bens patrimoniais no \u00e2mbito deste\u00a0<em>Campus<\/em><\/td>\n<\/tr>\n<tr style=\"height: 24px\">\n<td style=\"width: 7.86802%;height: 24px\"><a href=\"http:\/\/jandaiadosul.ufpr.br\/uaa\/wp-content\/uploads\/sites\/16\/2024\/03\/sei_4739388_portaria_42.pdf\">42\/22<\/a><\/td>\n<td style=\"width: 92.132%;height: 24px\">N\u00facleo Docente Estruturante do curso de Engenharia de Produ\u00e7\u00e3o<\/td>\n<\/tr>\n<tr style=\"height: 24px\">\n<td style=\"width: 7.86802%;height: 24px\"><a href=\"http:\/\/jandaiadosul.ufpr.br\/uaa\/wp-content\/uploads\/sites\/16\/2024\/03\/sei_4745936_portaria_43.pdf\">43\/22<\/a><\/td>\n<td style=\"width: 92.132%;height: 24px\">Comit\u00ea Setorial de Monitoria<\/td>\n<\/tr>\n<tr style=\"height: 24px\">\n<td style=\"width: 7.86802%;height: 24px\"><\/td>\n<td style=\"width: 92.132%;height: 24px\"><\/td>\n<\/tr>\n<tr style=\"height: 24px\">\n<td style=\"width: 7.86802%;height: 24px\"><\/td>\n<td style=\"width: 92.132%;height: 24px\"><\/td>\n<\/tr>\n<tr style=\"height: 24px\">\n<td style=\"width: 7.86802%;height: 24px\"><\/td>\n<td style=\"width: 92.132%;height: 24px\"><\/td>\n<\/tr>\n<tr style=\"height: 24px\">\n<td style=\"width: 7.86802%;height: 24px\"><\/td>\n<td style=\"width: 92.132%;height: 24px\"><\/td>\n<\/tr>\n<tr style=\"height: 24px\">\n<td style=\"width: 7.86802%;height: 24px\"><\/td>\n<td style=\"width: 92.132%;height: 24px\"><\/td>\n<\/tr>\n<tr style=\"height: 24px\">\n<td style=\"width: 7.86802%;height: 24px\"><\/td>\n<td style=\"width: 92.132%;height: 24px\"><\/td>\n<\/tr>\n<tr style=\"height: 24px\">\n<td style=\"width: 7.86802%;height: 24px\"><\/td>\n<td style=\"width: 92.132%;height: 24px\"><\/td>\n<\/tr>\n<tr style=\"height: 24px\">\n<td style=\"width: 7.86802%;height: 24px\"><\/td>\n<td style=\"width: 92.132%;height: 24px\"><\/td>\n<\/tr>\n<tr style=\"height: 24px\">\n<td style=\"width: 7.86802%;height: 24px\"><\/td>\n<td style=\"width: 92.132%;height: 24px\"><\/td>\n<\/tr>\n<\/tbody>\n<\/table>\n","protected":false},"excerpt":{"rendered":"<p>22\/22 01\/22 Comit\u00ea de Inicia\u00e7\u00e3o Cient\u00ed\ufb01ca e em Desenvolvimento Tecnol\u00f3gico e Inova\u00e7\u00e3o do Campus\u00a0Avan\u00e7ado de Jandaia do Sul 02\/22 Comit\u00ea de Pesquisa do Campus Avan\u00e7ado [&hellip;]<\/p>\n","protected":false},"author":3658,"featured_media":0,"parent":0,"menu_order":0,"comment_status":"closed","ping_status":"closed","template":"","meta":{"_acf_changed":false,"footnotes":""},"class_list":["post-147","page","type-page","status-publish","hentry"],"acf":[],"_links":{"self":[{"href":"https:\/\/jandaiadosul.ufpr.br\/uaa\/wp-json\/wp\/v2\/pages\/147","targetHints":{"allow":["GET"]}}],"collection":[{"href":"https:\/\/jandaiadosul.ufpr.br\/uaa\/wp-json\/wp\/v2\/pages"}],"about":[{"href":"https:\/\/jandaiadosul.ufpr.br\/uaa\/wp-json\/wp\/v2\/types\/page"}],"author":[{"embeddable":true,"href":"https:\/\/jandaiadosul.ufpr.br\/uaa\/wp-json\/wp\/v2\/users\/3658"}],"replies":[{"embeddable":true,"href":"https:\/\/jandaiadosul.ufpr.br\/uaa\/wp-json\/wp\/v2\/comments?post=147"}],"version-history":[{"count":14,"href":"https:\/\/jandaiadosul.ufpr.br\/uaa\/wp-json\/wp\/v2\/pages\/147\/revisions"}],"predecessor-version":[{"id":528,"href":"https:\/\/jandaiadosul.ufpr.br\/uaa\/wp-json\/wp\/v2\/pages\/147\/revisions\/528"}],"wp:attachment":[{"href":"https:\/\/jandaiadosul.ufpr.br\/uaa\/wp-json\/wp\/v2\/media?parent=147"}],"curies":[{"name":"wp","href":"https:\/\/api.w.org\/{rel}","templated":true}]}}