{"id":1151,"date":"2026-04-28T08:02:32","date_gmt":"2026-04-28T11:02:32","guid":{"rendered":"https:\/\/jandaiadosul.ufpr.br\/uaa\/?page_id=1151"},"modified":"2026-04-28T09:58:34","modified_gmt":"2026-04-28T12:58:34","slug":"2026-2","status":"publish","type":"page","link":"https:\/\/jandaiadosul.ufpr.br\/uaa\/2026-2\/","title":{"rendered":"2026"},"content":{"rendered":"<table style=\"border-collapse: collapse;width: 80.2317%;height: 479px\">\n<tbody>\n<tr style=\"height: 48px\">\n<td style=\"width: 6.54729%;height: 48px\"><a href=\"http:\/\/jandaiadosul.ufpr.br\/uaa\/wp-content\/uploads\/sites\/16\/2026\/04\/sei_8561017_portaria_1.pdf\">01\/26<\/a><\/td>\n<td style=\"width: 73.6702%;height: 48px\">Designar o docente Wellington Piveta Oliveira\u00a0para responder pedag\u00f3gica e administrativamente como coordenador substituto do colegiado do curso de\u00a0Licenciatura em Ci\u00eancias Exatas<\/td>\n<\/tr>\n<tr style=\"height: 24px\">\n<td style=\"width: 6.54729%;height: 24px\"><a href=\"http:\/\/jandaiadosul.ufpr.br\/uaa\/wp-content\/uploads\/sites\/16\/2026\/04\/sei_8561153_portaria_2.pdf\">02\/26<\/a><\/td>\n<td style=\"width: 73.6702%;height: 24px\">Designar os membros relacionados para compor o Colegiado do curso de Engenharia Agr\u00edcola<\/td>\n<\/tr>\n<tr style=\"height: 24px\">\n<td style=\"width: 6.54729%;height: 24px\"><a href=\"http:\/\/jandaiadosul.ufpr.br\/uaa\/wp-content\/uploads\/sites\/16\/2026\/04\/sei_8633171_portaria_3.pdf\">03\/26<\/a><\/td>\n<td style=\"width: 73.6702%;height: 24px\">Comiss\u00e3o de Estudo para Reformula\u00e7\u00e3o do Curso de Engenharia de Alimentos<\/td>\n<\/tr>\n<tr style=\"height: 24px\">\n<td style=\"width: 6.54729%;height: 24px\"><a href=\"http:\/\/jandaiadosul.ufpr.br\/uaa\/wp-content\/uploads\/sites\/16\/2026\/04\/sei_8635122_portaria_4.pdf\">04\/26<\/a><\/td>\n<td style=\"width: 73.6702%;height: 24px\">Conselho Diretor do\u00a0<i>Campus<\/i>\u00a0Avan\u00e7ado da UFPR<\/td>\n<\/tr>\n<tr style=\"height: 48px\">\n<td style=\"width: 6.54729%;height: 48px\"><a href=\"http:\/\/jandaiadosul.ufpr.br\/uaa\/wp-content\/uploads\/sites\/16\/2026\/04\/sei_8639613_portaria_5-1.pdf\">05\/26<\/a><\/td>\n<td style=\"width: 73.6702%;height: 48px\">Comiss\u00e3o Eleitoral para realizar consulta p\u00fablica para escolha de coordenador(a) e vice-coordenador(a) para a coordena\u00e7\u00e3o do curso de Engenharia de Produ\u00e7\u00e3o e para a coordena\u00e7\u00e3o do curso de\u00a0Licenciatura em Ci\u00eancias Exatas<\/td>\n<\/tr>\n<tr style=\"height: 24px\">\n<td style=\"width: 6.54729%;height: 24px\"><a href=\"http:\/\/jandaiadosul.ufpr.br\/uaa\/wp-content\/uploads\/sites\/16\/2026\/04\/sei_8663129_portaria_6.pdf\">06\/26<\/a><\/td>\n<td style=\"width: 73.6702%;height: 24px\">\u00a0Conselho Diretor do\u00a0<i>Campus<\/i>\u00a0Avan\u00e7ado da UFPR<\/td>\n<\/tr>\n<tr style=\"height: 24px\">\n<td style=\"width: 6.54729%;height: 23px\"><a href=\"http:\/\/jandaiadosul.ufpr.br\/uaa\/wp-content\/uploads\/sites\/16\/2026\/04\/sei_8663315_portaria_7.pdf\">07\/26<\/a><\/td>\n<td style=\"width: 73.6702%;height: 23px\">Comit\u00ea Setorial de Extens\u00e3o (CSEx) dos Campus Avan\u00e7ado de Jandaia do Sul e os representantes no Comit\u00ea Assessor de Extens\u00e3o (CAEx) da Universidade Federal do Paran\u00e1<\/td>\n<\/tr>\n<tr style=\"height: 24px\">\n<td style=\"width: 6.54729%;height: 24px\"><a href=\"http:\/\/jandaiadosul.ufpr.br\/uaa\/wp-content\/uploads\/sites\/16\/2026\/04\/sei_8708380_portaria_8.pdf\">08\/26<\/a><\/td>\n<td style=\"width: 73.6702%;height: 24px\">Retificar Comiss\u00e3o Eleitoral para realizar consulta p\u00fablica para escolha de coordenador(a) e vice-coordenador(a) para a coordena\u00e7\u00e3o do curso de Engenharia de Produ\u00e7\u00e3o e para a coordena\u00e7\u00e3o do curso de Licenciatura em Ci\u00eancias Exatas<\/td>\n<\/tr>\n<tr style=\"height: 24px\">\n<td style=\"width: 6.54729%;height: 23px\"><a href=\"http:\/\/jandaiadosul.ufpr.br\/uaa\/wp-content\/uploads\/sites\/16\/2026\/04\/sei_8717452_portaria_9.pdf\">09\/26<\/a><\/td>\n<td style=\"width: 73.6702%;height: 23px\">\u00a0Comiss\u00e3o de Sele\u00e7\u00e3o para Edital de Afastamento de Docentes<\/td>\n<\/tr>\n<tr style=\"height: 24px\">\n<td style=\"width: 6.54729%;height: 24px\"><a href=\"http:\/\/jandaiadosul.ufpr.br\/uaa\/wp-content\/uploads\/sites\/16\/2026\/04\/sei_8724643_portaria_10.pdf\">10\/26<\/a><\/td>\n<td style=\"width: 73.6702%;height: 24px\">Colegiado do curso de Engenharia Agr\u00edcola<\/td>\n<\/tr>\n<tr style=\"height: 24px\">\n<td style=\"width: 6.54729%;height: 24px\"><a href=\"http:\/\/jandaiadosul.ufpr.br\/uaa\/wp-content\/uploads\/sites\/16\/2026\/04\/sei_8741529_portaria_11.pdf\">11\/26<\/a><\/td>\n<td style=\"width: 73.6702%;height: 24px\">\u00a0Comiss\u00e3o respons\u00e1vel pela segunda etapa da avalia\u00e7\u00e3o de desempenho em est\u00e1gio probat\u00f3rio do servidor DANILO DE PAULA KURITZA<\/td>\n<\/tr>\n<tr style=\"height: 24px\">\n<td style=\"width: 6.54729%;height: 24px\"><a href=\"http:\/\/jandaiadosul.ufpr.br\/uaa\/wp-content\/uploads\/sites\/16\/2026\/04\/sei_8750764_portaria_12.pdf\">12\/26<\/a><\/td>\n<td style=\"width: 73.6702%;height: 24px\">Colegiado do curso de Licenciatura em Matem\u00e1tica e Tecnologias Digitais do Campus Avan\u00e7ado de Jandaia do Sul<\/td>\n<\/tr>\n<tr style=\"height: 24px\">\n<td style=\"width: 6.54729%;height: 24px\"><a href=\"http:\/\/jandaiadosul.ufpr.br\/uaa\/wp-content\/uploads\/sites\/16\/2026\/04\/sei_8755750_portaria_13.pdf\">13\/26<\/a><\/td>\n<td style=\"width: 73.6702%;height: 24px\">Retificar Comiss\u00e3o respons\u00e1vel pela segunda etapa da avalia\u00e7\u00e3o de desempenho em est\u00e1gio probat\u00f3rio do servidor DANILO DE PAULA KURITZA<\/td>\n<\/tr>\n<tr style=\"height: 25px\">\n<td style=\"width: 6.54729%;height: 25px\"><a href=\"http:\/\/jandaiadosul.ufpr.br\/uaa\/wp-content\/uploads\/sites\/16\/2026\/04\/sei_8756271_portaria_14.pdf\">14\/26<\/a><\/td>\n<td style=\"width: 73.6702%;height: 25px\">Retificar Comiss\u00e3o de Sele\u00e7\u00e3o para Edital de Afastamento de Docentes<\/td>\n<\/tr>\n<tr style=\"height: 24px\">\n<td style=\"width: 6.54729%;height: 24px\"><a href=\"http:\/\/jandaiadosul.ufpr.br\/uaa\/wp-content\/uploads\/sites\/16\/2026\/04\/sei_8758556_portaria_15.pdf\">15\/26<\/a><\/td>\n<td style=\"width: 73.6702%;height: 24px\">Colegiado do curso de Agronomia do Campus Avan\u00e7ado de Jandaia do Sul<\/td>\n<\/tr>\n<tr style=\"height: 24px\">\n<td style=\"width: 6.54729%;height: 24px\"><a href=\"http:\/\/jandaiadosul.ufpr.br\/uaa\/wp-content\/uploads\/sites\/16\/2026\/04\/sei_8759079_portaria_16-1.pdf\">16\/26<\/a><\/td>\n<td style=\"width: 73.6702%;height: 24px\">Colegiado do curso de F\u00edsica Computacional do Campus Avan\u00e7ado de Jandaia do Sul<\/td>\n<\/tr>\n<tr style=\"height: 24px\">\n<td style=\"width: 6.54729%;height: 24px\"><a href=\"http:\/\/jandaiadosul.ufpr.br\/uaa\/wp-content\/uploads\/sites\/16\/2026\/04\/sei_8764228_portaria_17-1.pdf\">17\/26<\/a><\/td>\n<td style=\"width: 73.6702%;height: 24px\">Comiss\u00e3o de Aloca\u00e7\u00e3o Did\u00e1tica do Campus Avan\u00e7ado em Jandaia do Sul<\/td>\n<\/tr>\n<tr style=\"height: 24px\">\n<td style=\"width: 6.54729%;height: 24px\"><a href=\"http:\/\/jandaiadosul.ufpr.br\/uaa\/wp-content\/uploads\/sites\/16\/2026\/04\/sei_8764343_portaria_18.pdf\">18\/26<\/a><\/td>\n<td style=\"width: 73.6702%;height: 24px\">Comiss\u00e3o respons\u00e1vel por planejar a estrutura\u00e7\u00e3o do N\u00facleo de Estudos Afro-braileiros (NEAB)<\/td>\n<\/tr>\n<tr>\n<td style=\"width: 6.54729%\"><a href=\"http:\/\/jandaiadosul.ufpr.br\/uaa\/wp-content\/uploads\/sites\/16\/2026\/04\/sei_8776186_portaria_19-1.pdf\">19\/26<\/a><\/td>\n<td style=\"width: 73.6702%\">Comiss\u00e3o de Reformula\u00e7\u00e3o do Curso de Engenharia de Alimentos<\/td>\n<\/tr>\n<\/tbody>\n<\/table>\n","protected":false},"excerpt":{"rendered":"<p>01\/26 Designar o docente Wellington Piveta Oliveira\u00a0para responder pedag\u00f3gica e administrativamente como coordenador substituto do colegiado do curso de\u00a0Licenciatura em Ci\u00eancias Exatas 02\/26 Designar os [&hellip;]<\/p>\n","protected":false},"author":3633,"featured_media":0,"parent":0,"menu_order":0,"comment_status":"closed","ping_status":"closed","template":"","meta":{"_acf_changed":false,"footnotes":""},"class_list":["post-1151","page","type-page","status-publish","hentry"],"acf":[],"_links":{"self":[{"href":"https:\/\/jandaiadosul.ufpr.br\/uaa\/wp-json\/wp\/v2\/pages\/1151","targetHints":{"allow":["GET"]}}],"collection":[{"href":"https:\/\/jandaiadosul.ufpr.br\/uaa\/wp-json\/wp\/v2\/pages"}],"about":[{"href":"https:\/\/jandaiadosul.ufpr.br\/uaa\/wp-json\/wp\/v2\/types\/page"}],"author":[{"embeddable":true,"href":"https:\/\/jandaiadosul.ufpr.br\/uaa\/wp-json\/wp\/v2\/users\/3633"}],"replies":[{"embeddable":true,"href":"https:\/\/jandaiadosul.ufpr.br\/uaa\/wp-json\/wp\/v2\/comments?post=1151"}],"version-history":[{"count":8,"href":"https:\/\/jandaiadosul.ufpr.br\/uaa\/wp-json\/wp\/v2\/pages\/1151\/revisions"}],"predecessor-version":[{"id":1172,"href":"https:\/\/jandaiadosul.ufpr.br\/uaa\/wp-json\/wp\/v2\/pages\/1151\/revisions\/1172"}],"wp:attachment":[{"href":"https:\/\/jandaiadosul.ufpr.br\/uaa\/wp-json\/wp\/v2\/media?parent=1151"}],"curies":[{"name":"wp","href":"https:\/\/api.w.org\/{rel}","templated":true}]}}