{"id":114,"date":"2023-02-08T11:39:36","date_gmt":"2023-02-08T14:39:36","guid":{"rendered":"https:\/\/jandaiadosul.ufpr.br\/uaa\/?page_id=114"},"modified":"2026-02-24T15:51:11","modified_gmt":"2026-02-24T18:51:11","slug":"regimentos","status":"publish","type":"page","link":"https:\/\/jandaiadosul.ufpr.br\/uaa\/regimentos\/","title":{"rendered":"Regimentos"},"content":{"rendered":"<table style=\"border-collapse: collapse;width: 100%;height: 829px\">\n<tbody>\n<tr style=\"height: 35px\">\n<td style=\"width: 12.8898%;height: 35px\"><a href=\"http:\/\/jandaiadosul.ufpr.br\/uaa\/wp-content\/uploads\/sites\/16\/2023\/02\/sei_2801524_resolucao_01.pdf\">Resolu\u00e7\u00e3o 01<\/a><\/td>\n<td style=\"width: 37.1102%;height: 35px\">Regimento da Coordena\u00e7\u00e3o do Curso de Engenharia de Alimentos<\/td>\n<\/tr>\n<tr style=\"height: 24px\">\n<td style=\"width: 12.8898%;height: 24px\"><a href=\"http:\/\/jandaiadosul.ufpr.br\/uaa\/wp-content\/uploads\/sites\/16\/2023\/02\/sei_2801618_resolucao_02.pdf\">Resolu\u00e7\u00e3o 02<\/a><\/td>\n<td style=\"width: 37.1102%;height: 24px\">Regimento\u00a0da Coordena\u00e7\u00e3o do Curso de\u00a0Licenciatura em Computa\u00e7\u00e3o<\/td>\n<\/tr>\n<tr style=\"height: 24px\">\n<td style=\"width: 12.8898%;height: 24px\"><a href=\"http:\/\/jandaiadosul.ufpr.br\/uaa\/wp-content\/uploads\/sites\/16\/2023\/02\/sei_2801691_resolucao_03.pdf\">Resolu\u00e7\u00e3o 03<\/a><\/td>\n<td style=\"width: 37.1102%;height: 24px\">Regimento da Se\u00e7\u00e3o de Acessibilidade em Libras e Sa\u00fade<\/td>\n<\/tr>\n<tr style=\"height: 24px\">\n<td style=\"width: 12.8898%;height: 24px\"><a href=\"http:\/\/jandaiadosul.ufpr.br\/uaa\/wp-content\/uploads\/sites\/16\/2023\/02\/sei_3546658_resolucao_04_retificada.pdf\">Resolu\u00e7\u00e3o 04<\/a><\/td>\n<td style=\"width: 37.1102%;height: 24px\">Regimento da Se\u00e7\u00e3o de Tecnologia da Informa\u00e7\u00e3o<\/td>\n<\/tr>\n<tr style=\"height: 24px\">\n<td style=\"width: 12.8898%;height: 24px\"><a href=\"http:\/\/jandaiadosul.ufpr.br\/uaa\/wp-content\/uploads\/sites\/16\/2023\/02\/sei_2801829_resolucao_05.pdf\">Resolu\u00e7\u00e3o 05<\/a><\/td>\n<td style=\"width: 37.1102%;height: 24px\">Regimento da Unidade de Apoio Acad\u00eamico<\/td>\n<\/tr>\n<tr style=\"height: 24px\">\n<td style=\"width: 12.8898%;height: 24px\"><a href=\"http:\/\/jandaiadosul.ufpr.br\/uaa\/wp-content\/uploads\/sites\/16\/2023\/02\/sei_2801868_resolucao_06.pdf\">Resolu\u00e7\u00e3o 06<\/a><\/td>\n<td style=\"width: 37.1102%;height: 24px\">Regimento da Unidade de Controle e Execu\u00e7\u00e3o Or\u00e7ament\u00e1ria<\/td>\n<\/tr>\n<tr style=\"height: 24px\">\n<td style=\"width: 12.8898%;height: 24px\"><a href=\"http:\/\/jandaiadosul.ufpr.br\/uaa\/wp-content\/uploads\/sites\/16\/2023\/02\/sei_2802331_resolucao_07.pdf\">Resolu\u00e7\u00e3o 07<\/a><\/td>\n<td style=\"width: 37.1102%;height: 24px\">Regimento da Coordena\u00e7\u00e3o do Curso de Licenciatura em Ci\u00eancias Exatas<\/td>\n<\/tr>\n<tr style=\"height: 24px\">\n<td style=\"width: 12.8898%;height: 24px\"><a href=\"http:\/\/jandaiadosul.ufpr.br\/uaa\/wp-content\/uploads\/sites\/16\/2023\/02\/sei_2802416_resolucao_08.pdf\">Resolu\u00e7\u00e3o 08<\/a><\/td>\n<td style=\"width: 37.1102%;height: 24px\">Regimento da Assessoria de Rela\u00e7\u00f5es Internacionais<\/td>\n<\/tr>\n<tr style=\"height: 24px\">\n<td style=\"width: 12.8898%;height: 24px\"><a href=\"http:\/\/jandaiadosul.ufpr.br\/uaa\/wp-content\/uploads\/sites\/16\/2023\/02\/sei_2908956_resolucao_09.pdf\">Resolu\u00e7\u00e3o 09<\/a><\/td>\n<td style=\"width: 37.1102%;height: 24px\">Regimento da Coordena\u00e7\u00e3o do Curso de Engenharia de Produ\u00e7\u00e3o<\/td>\n<\/tr>\n<tr style=\"height: 24px\">\n<td style=\"width: 12.8898%;height: 24px\"><a href=\"http:\/\/jandaiadosul.ufpr.br\/uaa\/wp-content\/uploads\/sites\/16\/2023\/02\/sei_2912864_resolucao_10.pdf\">Resolu\u00e7\u00e3o 10<\/a><\/td>\n<td style=\"width: 37.1102%;height: 24px\">Regimento da Coordena\u00e7\u00e3o do Curso de Engenharia Agr\u00edcola<\/td>\n<\/tr>\n<tr style=\"height: 24px\">\n<td style=\"width: 12.8898%;height: 24px\"><a href=\"http:\/\/jandaiadosul.ufpr.br\/uaa\/wp-content\/uploads\/sites\/16\/2023\/02\/sei_2913041_resolucao_11.pdf\">Resolu\u00e7\u00e3o 11<\/a><\/td>\n<td style=\"width: 37.1102%;height: 24px\">Regimento do Comit\u00ea Local de Pesquisa<\/td>\n<\/tr>\n<tr style=\"height: 24px\">\n<td style=\"width: 12.8898%;height: 24px\"><a href=\"http:\/\/jandaiadosul.ufpr.br\/uaa\/wp-content\/uploads\/sites\/16\/2023\/02\/sei_2913305_resolucao_12.pdf\">Resolu\u00e7\u00e3o 12<\/a><\/td>\n<td style=\"width: 37.1102%;height: 24px\">Regimento da Unidade de Infratestrutura Patrim\u00f4nio e Almoxarifado<\/td>\n<\/tr>\n<tr style=\"height: 24px\">\n<td style=\"width: 12.8898%;height: 24px\"><a href=\"http:\/\/jandaiadosul.ufpr.br\/uaa\/wp-content\/uploads\/sites\/16\/2023\/02\/sei_3399801_resolucao_13.pdf\">Resolu\u00e7\u00e3o 13<\/a><\/td>\n<td style=\"width: 37.1102%;height: 24px\">Regimento Interno do Laborat\u00f3rio Fenn de Espectometria de Massas<\/td>\n<\/tr>\n<tr style=\"height: 24px\">\n<td style=\"width: 12.8898%;height: 24px\"><a href=\"http:\/\/jandaiadosul.ufpr.br\/uaa\/wp-content\/uploads\/sites\/16\/2023\/02\/sei_3685151_resolucao_14.pdf\">Resolu\u00e7\u00e3o 14<\/a><\/td>\n<td style=\"width: 37.1102%;height: 24px\">Regimento Interno da Comiss\u00e3o Permanente de Aloca\u00e7\u00e3o Did\u00e1tica<\/td>\n<\/tr>\n<tr style=\"height: 24px\">\n<td style=\"width: 12.8898%;height: 24px\"><a href=\"http:\/\/jandaiadosul.ufpr.br\/uaa\/wp-content\/uploads\/sites\/16\/2023\/03\/sei_5325465_resolucao_15.pdf\">Resolu\u00e7\u00e3o 15<\/a><\/td>\n<td style=\"width: 37.1102%;height: 24px\">Regimento Interno do Laborat\u00f3rio Laborat\u00f3rio de Prot\u00f3tipos e Mecaniza\u00e7\u00e3o Agr\u00edcola<\/td>\n<\/tr>\n<tr style=\"height: 24px\">\n<td style=\"width: 12.8898%;height: 24px\"><a href=\"http:\/\/jandaiadosul.ufpr.br\/uaa\/wp-content\/uploads\/sites\/16\/2023\/03\/sei_5333829_resolucao_16.pdf\">Resolu\u00e7\u00e3o 16<\/a><\/td>\n<td style=\"width: 37.1102%;height: 24px\">Regimento Interno do\u00a0Laborat\u00f3rio de P\u00f3s-Colheita de Produtos Agr\u00edcolas &#8211; LAP\u00d3S<\/td>\n<\/tr>\n<tr style=\"height: 24px\">\n<td style=\"width: 12.8898%;height: 24px\"><a href=\"http:\/\/jandaiadosul.ufpr.br\/uaa\/wp-content\/uploads\/sites\/16\/2023\/03\/sei_5351014_resolucao_17.pdf\">Resolu\u00e7\u00e3o 17<\/a><\/td>\n<td style=\"width: 37.1102%;height: 24px\">\u00a0Regimento Interno do Laborat\u00f3rio de Hidr\u00e1ulica, Materiais de Constru\u00e7\u00e3o e Estruturas &#8211; LabMATE<\/td>\n<\/tr>\n<tr style=\"height: 24px\">\n<td style=\"width: 12.8898%;height: 24px\"><a href=\"http:\/\/jandaiadosul.ufpr.br\/uaa\/wp-content\/uploads\/sites\/16\/2023\/03\/sei_5353047_resolucao_18.pdf\">Resolu\u00e7\u00e3o 18<\/a><\/td>\n<td style=\"width: 37.1102%;height: 24px\">Regimento Interno\u00a0dos Laborat\u00f3rios de Extens\u00e3o e Pesquisa (LEPEP)<\/td>\n<\/tr>\n<tr style=\"height: 24px\">\n<td style=\"width: 12.8898%;height: 24px\"><a href=\"http:\/\/jandaiadosul.ufpr.br\/uaa\/wp-content\/uploads\/sites\/16\/2023\/03\/sei_5353452_resolucao_19.pdf\">Resolu\u00e7\u00e3o 19<\/a><\/td>\n<td style=\"width: 37.1102%;height: 24px\">Regimento Interno dos Laborat\u00f3rio de Teoria e Materiais Nanoestruturados \u2013 LTMSNano<\/td>\n<\/tr>\n<tr style=\"height: 24px\">\n<td style=\"width: 12.8898%;height: 24px\"><a href=\"http:\/\/jandaiadosul.ufpr.br\/uaa\/wp-content\/uploads\/sites\/16\/2023\/03\/sei_5357643_resolucao_20.pdf\">Resolu\u00e7\u00e3o 20<\/a><\/td>\n<td style=\"width: 37.1102%;height: 24px\">Regimento Interno do Laborat\u00f3rio de Geotecnologias &#8211; GEOTEC<\/td>\n<\/tr>\n<tr style=\"height: 24px\">\n<td style=\"width: 12.8898%;height: 24px\"><a href=\"http:\/\/jandaiadosul.ufpr.br\/uaa\/wp-content\/uploads\/sites\/16\/2023\/03\/sei_5367072_resolucao_21.pdf\">Resolu\u00e7\u00e3o 21<\/a><\/td>\n<td style=\"width: 37.1102%;height: 24px\">Regimento Interno do\u00a0Laborat\u00f3rio de Tecnologia em Aquicultura \u2013 LATAq<\/td>\n<\/tr>\n<tr style=\"height: 24px\">\n<td style=\"width: 12.8898%;height: 24px\"><a href=\"http:\/\/jandaiadosul.ufpr.br\/uaa\/wp-content\/uploads\/sites\/16\/2023\/03\/sei_5426798_resolucao_22.pdf\">Resolu\u00e7\u00e3o 22<\/a><\/td>\n<td style=\"width: 37.1102%;height: 24px\">Regimento Interno da IDEALIZE: Pr\u00e9-incubadora de idea\u00e7\u00e3o e desenvolvimento de novos neg\u00f3cios<\/td>\n<\/tr>\n<tr style=\"height: 24px\">\n<td style=\"width: 12.8898%;height: 24px\"><a href=\"http:\/\/jandaiadosul.ufpr.br\/uaa\/wp-content\/uploads\/sites\/16\/2023\/08\/sei_5805766_resolucao_23.pdf\">Resolu\u00e7\u00e3o 23<\/a><\/td>\n<td style=\"width: 37.1102%;height: 24px\">Regimento dos Laborat\u00f3rios Informacionais e de Simula\u00e7\u00e3o<\/td>\n<\/tr>\n<tr style=\"height: 24px\">\n<td style=\"width: 12.8898%;height: 25px\"><a href=\"http:\/\/jandaiadosul.ufpr.br\/uaa\/wp-content\/uploads\/sites\/16\/2023\/08\/sei_5834678_resolucao_24.pdf\">Resolu\u00e7\u00e3o 24<\/a><\/td>\n<td style=\"width: 37.1102%;height: 25px\">Regimento dos Laborat\u00f3rios Did\u00e1ticos<\/td>\n<\/tr>\n<tr style=\"height: 24px\">\n<td style=\"width: 12.8898%;height: 24px\"><a href=\"http:\/\/jandaiadosul.ufpr.br\/uaa\/wp-content\/uploads\/sites\/16\/2023\/12\/sei_6244532_resolucao_25.pdf\">Resolu\u00e7\u00e3o 25<\/a><\/td>\n<td style=\"width: 37.1102%;height: 24px\">Retifica o Regimento do Laborat\u00f3rio de Tecnologia em Aquicultura \u2013 LATAq<\/td>\n<\/tr>\n<tr style=\"height: 24px\">\n<td style=\"width: 12.8898%;height: 24px\"><a href=\"http:\/\/jandaiadosul.ufpr.br\/uaa\/wp-content\/uploads\/sites\/16\/2023\/12\/sei_6254555_resolucao_26.pdf\">Resolu\u00e7\u00e3o 26<\/a><\/td>\n<td style=\"width: 37.1102%;height: 24px\">Regimento Interno do Laborat\u00f3rio de Produtos de Origem Vegetal &#8211; LaVeg<\/td>\n<\/tr>\n<tr style=\"height: 24px\">\n<td style=\"width: 12.8898%;height: 25px\"><a href=\"http:\/\/jandaiadosul.ufpr.br\/uaa\/wp-content\/uploads\/sites\/16\/2023\/12\/sei_6254803_resolucao_27.pdf\">Resolu\u00e7\u00e3o 27<\/a><\/td>\n<td style=\"width: 37.1102%;height: 25px\">Regimento Interno dos Laborat\u00f3rio de Pr\u00e1ticas Pedag\u00f3gicas I e Laborat\u00f3rio de Pr\u00e1ticas Pedag\u00f3gicas II (Sala Paulo Freire)<\/td>\n<\/tr>\n<tr style=\"height: 24px\">\n<td style=\"width: 12.8898%;height: 24px\"><a href=\"http:\/\/jandaiadosul.ufpr.br\/uaa\/wp-content\/uploads\/sites\/16\/2023\/12\/sei_6255275_resolucao_28.pdf\">Resolu\u00e7\u00e3o 28<\/a><\/td>\n<td style=\"width: 37.1102%;height: 24px\">Regimento Interno do Laborat\u00f3rio de M\u00f3dulos Did\u00e1ticos &#8211; LAMODI<\/td>\n<\/tr>\n<tr style=\"height: 24px\">\n<td style=\"width: 12.8898%;height: 24px\"><a href=\"http:\/\/jandaiadosul.ufpr.br\/uaa\/wp-content\/uploads\/sites\/16\/2023\/12\/sei_6255777_resolucao_29.pdf\">Resolu\u00e7\u00e3o 29<\/a><\/td>\n<td style=\"width: 37.1102%;height: 24px\">Regimento Interno do Laborat\u00f3rio de Desenvolvimento, An\u00e1lise e Tecnologia de Alimentos \u2013 LDATA<\/td>\n<\/tr>\n<tr style=\"height: 24px\">\n<td style=\"width: 12.8898%;height: 24px\"><a href=\"http:\/\/jandaiadosul.ufpr.br\/uaa\/wp-content\/uploads\/sites\/16\/2023\/12\/sei_6256614_resolucao_30.pdf\">Resolu\u00e7\u00e3o 30<\/a><\/td>\n<td style=\"width: 37.1102%;height: 24px\">Regimento Interno do Laborat\u00f3rio de An\u00e1lise Sensorial \u2013 LabSens<\/td>\n<\/tr>\n<tr style=\"height: 24px\">\n<td style=\"width: 12.8898%;height: 24px\"><a href=\"http:\/\/jandaiadosul.ufpr.br\/uaa\/wp-content\/uploads\/sites\/16\/2023\/12\/sei_6256876_resolucao_31.pdf\">Resolu\u00e7\u00e3o 31<\/a><\/td>\n<td style=\"width: 37.1102%;height: 24px\">Regimento Interno do Laborat\u00f3rio de Processos Fermentativos e Enzim\u00e1ticos e Microbiologia (LabMicro)<\/td>\n<\/tr>\n<tr style=\"height: 24px\">\n<td style=\"width: 12.8898%;height: 24px\"><a href=\"http:\/\/jandaiadosul.ufpr.br\/uaa\/wp-content\/uploads\/sites\/16\/2023\/12\/sei_6257713_resolucao_32.pdf\">Resolu\u00e7\u00e3o 32<\/a><\/td>\n<td style=\"width: 37.1102%;height: 24px\">Regimento Interno do Laborat\u00f3rio de Compostos Bioativos e Microbiologia \u2013 LaBeM<\/td>\n<\/tr>\n<tr style=\"height: 24px\">\n<td style=\"width: 12.8898%;height: 24px\"><a href=\"http:\/\/jandaiadosul.ufpr.br\/uaa\/wp-content\/uploads\/sites\/16\/2024\/09\/sei_6915900_resolucao_33.pdf\">Resolu\u00e7\u00e3o 33<\/a><\/td>\n<td style=\"width: 37.1102%;height: 24px\">Altera o Regimento da Unidade de Apoio Acad\u00eamico<\/td>\n<\/tr>\n<tr style=\"height: 24px\">\n<td style=\"width: 12.8898%;height: 24px\"><a href=\"http:\/\/jandaiadosul.ufpr.br\/uaa\/wp-content\/uploads\/sites\/16\/2024\/09\/sei_7089287_resolucao_34-2-1.pdf\">Resolu\u00e7\u00e3o 34<\/a><\/td>\n<td style=\"width: 37.1102%;height: 24px\">Regimento Interno do Laborat\u00f3rio de Tecnologias Educacionais e Culturais \u2013 LaTEC<\/td>\n<\/tr>\n<tr>\n<td style=\"width: 12.8898%\"><a href=\"http:\/\/jandaiadosul.ufpr.br\/uaa\/wp-content\/uploads\/sites\/16\/2024\/12\/sei_7360663_resolucao_35.pdf\">Resolu\u00e7\u00e3o 35<\/a><\/td>\n<td style=\"width: 37.1102%\">\u00a0Regimento do N\u00facleo de Experimenta\u00e7\u00e3o e Inova\u00e7\u00e3o Agr\u00edcola &#8211; NEIA<\/td>\n<\/tr>\n<tr>\n<td style=\"width: 12.8898%\"><a href=\"http:\/\/jandaiadosul.ufpr.br\/uaa\/wp-content\/uploads\/sites\/16\/2025\/03\/sei_7590241_resolucao_36.pdf\">Resolu\u00e7\u00e3o 36<\/a><\/td>\n<td style=\"width: 37.1102%\">Regimento da Coordena\u00e7\u00e3o do Curso de Intelig\u00eancia Artificial e Engenharia de Software<\/td>\n<\/tr>\n<tr>\n<td style=\"width: 12.8898%\"><a href=\"http:\/\/jandaiadosul.ufpr.br\/uaa\/wp-content\/uploads\/sites\/16\/2025\/11\/sei_8375508_resolucao_37.pdf\">Resolu\u00e7\u00e3o 37<\/a><\/td>\n<td style=\"width: 37.1102%\">Regimento da \u00c1rea Experimental Agr\u00edcola Fazenda da Amizade<\/td>\n<\/tr>\n<tr>\n<td style=\"width: 12.8898%\"><a href=\"http:\/\/jandaiadosul.ufpr.br\/uaa\/wp-content\/uploads\/sites\/16\/2026\/02\/sei_8431081_resolucao_38.pdf\">Resolu\u00e7\u00e3o 38<\/a><\/td>\n<td style=\"width: 37.1102%\">Regimento do\u00a0Comit\u00ea Setorial de Extens\u00e3o\u00a0do C<i>ampus<\/i>\u00a0Avan\u00e7ado da UFPR em Jandaia do Sul<\/td>\n<\/tr>\n<\/tbody>\n<\/table>\n","protected":false},"excerpt":{"rendered":"<p>Resolu\u00e7\u00e3o 01 Regimento da Coordena\u00e7\u00e3o do Curso de Engenharia de Alimentos Resolu\u00e7\u00e3o 02 Regimento\u00a0da Coordena\u00e7\u00e3o do Curso de\u00a0Licenciatura em Computa\u00e7\u00e3o Resolu\u00e7\u00e3o 03 Regimento da Se\u00e7\u00e3o [&hellip;]<\/p>\n","protected":false},"author":3633,"featured_media":0,"parent":0,"menu_order":0,"comment_status":"closed","ping_status":"closed","template":"","meta":{"_acf_changed":false,"footnotes":""},"class_list":["post-114","page","type-page","status-publish","hentry"],"acf":[],"_links":{"self":[{"href":"https:\/\/jandaiadosul.ufpr.br\/uaa\/wp-json\/wp\/v2\/pages\/114","targetHints":{"allow":["GET"]}}],"collection":[{"href":"https:\/\/jandaiadosul.ufpr.br\/uaa\/wp-json\/wp\/v2\/pages"}],"about":[{"href":"https:\/\/jandaiadosul.ufpr.br\/uaa\/wp-json\/wp\/v2\/types\/page"}],"author":[{"embeddable":true,"href":"https:\/\/jandaiadosul.ufpr.br\/uaa\/wp-json\/wp\/v2\/users\/3633"}],"replies":[{"embeddable":true,"href":"https:\/\/jandaiadosul.ufpr.br\/uaa\/wp-json\/wp\/v2\/comments?post=114"}],"version-history":[{"count":18,"href":"https:\/\/jandaiadosul.ufpr.br\/uaa\/wp-json\/wp\/v2\/pages\/114\/revisions"}],"predecessor-version":[{"id":1146,"href":"https:\/\/jandaiadosul.ufpr.br\/uaa\/wp-json\/wp\/v2\/pages\/114\/revisions\/1146"}],"wp:attachment":[{"href":"https:\/\/jandaiadosul.ufpr.br\/uaa\/wp-json\/wp\/v2\/media?parent=114"}],"curies":[{"name":"wp","href":"https:\/\/api.w.org\/{rel}","templated":true}]}}