{"id":112,"date":"2023-02-08T11:32:43","date_gmt":"2023-02-08T14:32:43","guid":{"rendered":"https:\/\/jandaiadosul.ufpr.br\/uaa\/?page_id=112"},"modified":"2025-06-10T13:41:07","modified_gmt":"2025-06-10T16:41:07","slug":"conselho-diretor","status":"publish","type":"page","link":"https:\/\/jandaiadosul.ufpr.br\/uaa\/conselho-diretor\/","title":{"rendered":"Conselho Diretor"},"content":{"rendered":"\t\t<div data-elementor-type=\"wp-page\" data-elementor-id=\"112\" class=\"elementor elementor-112\">\n\t\t\t\t\t\t<section class=\"elementor-section elementor-top-section elementor-element elementor-element-a0d1c81 elementor-section-boxed elementor-section-height-default elementor-section-height-default\" data-id=\"a0d1c81\" data-element_type=\"section\" data-e-type=\"section\">\n\t\t\t\t\t\t<div class=\"elementor-container elementor-column-gap-default\">\n\t\t\t\t\t<div class=\"elementor-column elementor-col-66 elementor-top-column elementor-element elementor-element-0c13bd2\" data-id=\"0c13bd2\" data-element_type=\"column\" data-e-type=\"column\">\n\t\t\t<div class=\"elementor-widget-wrap elementor-element-populated\">\n\t\t\t\t\t\t<div class=\"elementor-element elementor-element-6c688e8 elementor-widget elementor-widget-text-editor\" data-id=\"6c688e8\" data-element_type=\"widget\" data-e-type=\"widget\" data-widget_type=\"text-editor.default\">\n\t\t\t\t<div class=\"elementor-widget-container\">\n\t\t\t\t\t\t\t\t\t<p>Calend\u00e1rio de Reuni\u00f5es<\/p><p>\u00a0<\/p><p>\u00a0<\/p>\t\t\t\t\t\t\t\t<\/div>\n\t\t\t\t<\/div>\n\t\t\t\t\t<\/div>\n\t\t<\/div>\n\t\t\t\t<div class=\"elementor-column elementor-col-33 elementor-top-column elementor-element elementor-element-7fddaae\" data-id=\"7fddaae\" data-element_type=\"column\" data-e-type=\"column\">\n\t\t\t<div class=\"elementor-widget-wrap elementor-element-populated\">\n\t\t\t\t\t\t<div class=\"elementor-element elementor-element-fe470be elementor-widget elementor-widget-text-editor\" data-id=\"fe470be\" data-element_type=\"widget\" data-e-type=\"widget\" data-widget_type=\"text-editor.default\">\n\t\t\t\t<div class=\"elementor-widget-container\">\n\t\t\t\t\t\t\t\t\t<p style=\"text-align: center\">Atas<\/p><p><a href=\"https:\/\/jandaiadosul.ufpr.br\/uaa\/atas-das-reunioes-ordinarias\/\">Reuni\u00f5es Ordin\u00e1rias<\/a><\/p><p><a href=\"https:\/\/jandaiadosul.ufpr.br\/uaa\/atas-das-reunioes-extraordinarias\/\">Reuni\u00f5es Extraordin\u00e1rias<\/a><\/p>\t\t\t\t\t\t\t\t<\/div>\n\t\t\t\t<\/div>\n\t\t\t\t\t<\/div>\n\t\t<\/div>\n\t\t\t\t\t<\/div>\n\t\t<\/section>\n\t\t\t\t<section class=\"elementor-section elementor-top-section elementor-element elementor-element-427f464 elementor-section-boxed elementor-section-height-default elementor-section-height-default\" data-id=\"427f464\" data-element_type=\"section\" data-e-type=\"section\">\n\t\t\t\t\t\t<div class=\"elementor-container elementor-column-gap-default\">\n\t\t\t\t\t<div class=\"elementor-column elementor-col-100 elementor-top-column elementor-element elementor-element-db5f5da\" data-id=\"db5f5da\" data-element_type=\"column\" data-e-type=\"column\">\n\t\t\t<div class=\"elementor-widget-wrap elementor-element-populated\">\n\t\t\t\t\t\t<div class=\"elementor-element elementor-element-7121bbf elementor-widget elementor-widget-heading\" data-id=\"7121bbf\" data-element_type=\"widget\" data-e-type=\"widget\" data-widget_type=\"heading.default\">\n\t\t\t\t<div class=\"elementor-widget-container\">\n\t\t\t\t\t<h2 class=\"elementor-heading-title elementor-size-default\">CONSELHEIROS<\/h2>\t\t\t\t<\/div>\n\t\t\t\t<\/div>\n\t\t\t\t\t<\/div>\n\t\t<\/div>\n\t\t\t\t\t<\/div>\n\t\t<\/section>\n\t\t\t\t<section class=\"elementor-section elementor-top-section elementor-element elementor-element-f0184d6 elementor-section-boxed elementor-section-height-default elementor-section-height-default\" data-id=\"f0184d6\" data-element_type=\"section\" data-e-type=\"section\">\n\t\t\t\t\t\t<div class=\"elementor-container elementor-column-gap-default\">\n\t\t\t\t\t<div class=\"elementor-column elementor-col-100 elementor-top-column elementor-element elementor-element-16f5b76\" data-id=\"16f5b76\" data-element_type=\"column\" data-e-type=\"column\">\n\t\t\t<div class=\"elementor-widget-wrap elementor-element-populated\">\n\t\t\t\t\t\t<div class=\"elementor-element elementor-element-972e971 elementor-widget elementor-widget-text-editor\" data-id=\"972e971\" data-element_type=\"widget\" data-e-type=\"widget\" data-widget_type=\"text-editor.default\">\n\t\t\t\t<div class=\"elementor-widget-container\">\n\t\t\t\t\t\t\t\t\t<table><tbody><tr><td colspan=\"3\"><p class=\"Tabela_Texto_Centralizado\" style=\"text-align: center\"><strong>Presidente: Jos\u00e9 Eduardo Padilha de Sousa<br \/>Vice Presidente: Andr\u00e9 Luiz Gazoli de Oliveira<\/strong><\/p><\/td><\/tr><tr><td colspan=\"3\"><p class=\"Tabela_Texto_Centralizado\">\u00a0<\/p><\/td><\/tr><tr><td><p class=\"Tabela_Texto_Alinhado_Esquerda\">Categoria<\/p><\/td><td><p class=\"Tabela_Texto_Alinhado_Esquerda\">Titular<\/p><\/td><td><p class=\"Tabela_Texto_Alinhado_Esquerda\">Suplente<\/p><\/td><\/tr><tr><td><p class=\"Tabela_Texto_Alinhado_Esquerda\">Coordenador de Engenharia de Produ\u00e7\u00e3o<\/p><\/td><td><p class=\"Tabela_Texto_Alinhado_Esquerda\">Prof. William Rodrigues dos Santos<\/p><\/td><td><p class=\"Tabela_Texto_Alinhado_Esquerda\">Prof. Giancarlo Alfonso Lovon Canchumani<\/p><\/td><\/tr><tr><td><p class=\"Tabela_Texto_Alinhado_Esquerda\">Coordena\u00e7\u00e3o de Engenharia de Alimentos<\/p><\/td><td><p class=\"Tabela_Texto_Alinhado_Esquerda\">Prof. Raimundo Alberto Tostes<\/p><\/td><td><p class=\"Tabela_Texto_Alinhado_Esquerda\">Prof. Eduardo C\u00e9sar Meurer<\/p><\/td><\/tr><tr><td><p class=\"Tabela_Texto_Alinhado_Esquerda\">Coordena\u00e7\u00e3o de Engenharia Agr\u00edcola<\/p><\/td><td><p class=\"Tabela_Texto_Alinhado_Esquerda\">Prof. Marcelo Jos\u00e9 da Silva<\/p><\/td><td><p class=\"Tabela_Texto_Alinhado_Esquerda\">Prof. Carlos Henrique Wachholz de Souza<\/p><\/td><\/tr><tr><td><p class=\"Tabela_Texto_Alinhado_Esquerda\">Licenciatura em Computa\u00e7\u00e3o<\/p><\/td><td><p class=\"Tabela_Texto_Alinhado_Esquerda\">Prof.\u00a0Rog\u00e9rio Ferriera da Silva<\/p><\/td><td><p class=\"Tabela_Texto_Alinhado_Esquerda\">Prof. Marcelo Franco de Oliveira<\/p><\/td><\/tr><tr><td><p class=\"Tabela_Texto_Alinhado_Esquerda\">Licenciatura em Ci\u00eancias Exatas<\/p><\/td><td><p class=\"Tabela_Texto_Alinhado_Esquerda\">Prof. Marcelo Val\u00e9rio<\/p><\/td><td><p class=\"Tabela_Texto_Alinhado_Esquerda\">Prof. Ana Claudia Nogueira Mulati<\/p><\/td><\/tr><tr><td><p class=\"Tabela_Texto_Alinhado_Esquerda\">T\u00e9cnico-administrativo<\/p><\/td><td><p class=\"Tabela_Texto_Alinhado_Esquerda\">Fernanda Catafesta Utzumi<\/p><\/td><td><p class=\"Tabela_Texto_Alinhado_Esquerda\">Francielle Cristina Lopes<\/p><\/td><\/tr><tr><td><p class=\"Tabela_Texto_Alinhado_Esquerda\">T\u00e9cnico-administrativo<\/p><\/td><td><p class=\"Tabela_Texto_Alinhado_Esquerda\">Daniel Hutner<\/p><\/td><td><p class=\"Tabela_Texto_Alinhado_Esquerda\">Vitor Ramalho Leite<\/p><\/td><\/tr><tr><td><p class=\"Tabela_Texto_Alinhado_Esquerda\">Docentes<\/p><\/td><td><p class=\"Tabela_Texto_Alinhado_Esquerda\">Prof. Herc\u00edlia Alves Pereira de Carvalho<\/p><\/td><td><p class=\"Tabela_Texto_Alinhado_Esquerda\">Prof. Rodrigo Clemente Thom de Souza<\/p><\/td><\/tr><tr><td><p class=\"Tabela_Texto_Alinhado_Esquerda\">Docentes<\/p><\/td><td><p class=\"Tabela_Texto_Alinhado_Esquerda\">Prof. Rafael Germano Dal Molin Filho<\/p><\/td><td><p class=\"Tabela_Texto_Alinhado_Esquerda\">Prof. Andre Luiz Justi<\/p><\/td><\/tr><tr><td><p class=\"Tabela_Texto_Alinhado_Esquerda\">Discentes<\/p><\/td><td><p class=\"Tabela_Texto_Alinhado_Esquerda\">Andr\u00e9 Luis Czekalski Silva<\/p><\/td><td><p class=\"Tabela_Texto_Alinhado_Esquerda\">Vago<\/p><\/td><\/tr><tr><td><p class=\"Tabela_Texto_Alinhado_Esquerda\">Discentes<\/p><\/td><td><p class=\"Tabela_Texto_Alinhado_Esquerda\">Ariane Welke Pinto<\/p><\/td><td><p class=\"Tabela_Texto_Alinhado_Esquerda\">Vago<\/p><\/td><\/tr><\/tbody><\/table><p class=\"Texto_Justificado_Recuo_Primeira_Linha\" style=\"text-align: center\">\u00a0<\/p>\t\t\t\t\t\t\t\t<\/div>\n\t\t\t\t<\/div>\n\t\t\t\t\t<\/div>\n\t\t<\/div>\n\t\t\t\t\t<\/div>\n\t\t<\/section>\n\t\t\t\t<section class=\"elementor-section elementor-top-section elementor-element elementor-element-043cfb9 elementor-section-boxed elementor-section-height-default elementor-section-height-default\" data-id=\"043cfb9\" data-element_type=\"section\" data-e-type=\"section\">\n\t\t\t\t\t\t<div class=\"elementor-container elementor-column-gap-default\">\n\t\t\t\t\t<div class=\"elementor-column elementor-col-100 elementor-top-column elementor-element elementor-element-7fe2bc9\" data-id=\"7fe2bc9\" data-element_type=\"column\" data-e-type=\"column\">\n\t\t\t<div class=\"elementor-widget-wrap elementor-element-populated\">\n\t\t\t\t\t\t<div class=\"elementor-element elementor-element-816d608 elementor-widget__width-auto elementor-widget elementor-widget-video\" data-id=\"816d608\" data-element_type=\"widget\" data-e-type=\"widget\" data-settings=\"{&quot;youtube_url&quot;:&quot;https:\\\/\\\/www.youtube.com\\\/watch?v=5krD6t4uZIM&amp;ab_channel=UFPRJandaiadoSul&quot;,&quot;video_type&quot;:&quot;youtube&quot;,&quot;controls&quot;:&quot;yes&quot;}\" data-widget_type=\"video.default\">\n\t\t\t\t<div class=\"elementor-widget-container\">\n\t\t\t\t\t\t\t<div class=\"elementor-wrapper elementor-open-inline\">\n\t\t\t<div class=\"elementor-video\"><\/div>\t\t<\/div>\n\t\t\t\t\t\t<\/div>\n\t\t\t\t<\/div>\n\t\t\t\t\t<\/div>\n\t\t<\/div>\n\t\t\t\t\t<\/div>\n\t\t<\/section>\n\t\t\t\t<\/div>\n\t\t","protected":false},"excerpt":{"rendered":"<p>&nbsp; CONSELHEIROS Presidente: Sim\u00e3o Nicolau Stelmastchuk Vice Presidente: Jos\u00e9 Gabriel Vieira Neto Categoria Titular Suplente Coordenador de Engenharia de Produ\u00e7\u00e3o Prof. Rafael Germano Dal Molin [&hellip;]<\/p>\n","protected":false},"author":3633,"featured_media":0,"parent":0,"menu_order":0,"comment_status":"closed","ping_status":"closed","template":"","meta":{"_acf_changed":false,"footnotes":""},"class_list":["post-112","page","type-page","status-publish","hentry"],"acf":[],"_links":{"self":[{"href":"https:\/\/jandaiadosul.ufpr.br\/uaa\/wp-json\/wp\/v2\/pages\/112","targetHints":{"allow":["GET"]}}],"collection":[{"href":"https:\/\/jandaiadosul.ufpr.br\/uaa\/wp-json\/wp\/v2\/pages"}],"about":[{"href":"https:\/\/jandaiadosul.ufpr.br\/uaa\/wp-json\/wp\/v2\/types\/page"}],"author":[{"embeddable":true,"href":"https:\/\/jandaiadosul.ufpr.br\/uaa\/wp-json\/wp\/v2\/users\/3633"}],"replies":[{"embeddable":true,"href":"https:\/\/jandaiadosul.ufpr.br\/uaa\/wp-json\/wp\/v2\/comments?post=112"}],"version-history":[{"count":25,"href":"https:\/\/jandaiadosul.ufpr.br\/uaa\/wp-json\/wp\/v2\/pages\/112\/revisions"}],"predecessor-version":[{"id":963,"href":"https:\/\/jandaiadosul.ufpr.br\/uaa\/wp-json\/wp\/v2\/pages\/112\/revisions\/963"}],"wp:attachment":[{"href":"https:\/\/jandaiadosul.ufpr.br\/uaa\/wp-json\/wp\/v2\/media?parent=112"}],"curies":[{"name":"wp","href":"https:\/\/api.w.org\/{rel}","templated":true}]}}