{"id":58,"date":"2024-07-01T09:28:01","date_gmt":"2024-07-01T12:28:01","guid":{"rendered":"https:\/\/jandaiadosul.ufpr.br\/teec\/?page_id=58"},"modified":"2024-08-02T11:35:50","modified_gmt":"2024-08-02T14:35:50","slug":"apresentacao","status":"publish","type":"page","link":"https:\/\/jandaiadosul.ufpr.br\/teec\/","title":{"rendered":"Apresenta\u00e7\u00e3o"},"content":{"rendered":"<p>O curso de especializa\u00e7\u00e3o em Tecnologias Educacionais e Ensino de Computa\u00e7\u00e3o tem como objetivo capacitar os participantes nos conceitos fundamentais da Computa\u00e7\u00e3o, abordando desde conte\u00fados b\u00e1sicos at\u00e9 aplica\u00e7\u00f5es mais elaboradas. Durante o curso, os estudantes ser\u00e3o introduzidos a conte\u00fados te\u00f3ricos e pr\u00e1ticos, permitindo-lhes desenvolver compet\u00eancias e habilidades para atuar no ensino de Computa\u00e7\u00e3o. Al\u00e9m disso, o curso visa promover o uso eficaz das tecnologias educacionais como ferramentas facilitadoras nos processos de ensino e aprendizagem em Computa\u00e7\u00e3o nos diversos n\u00edveis da Educa\u00e7\u00e3o B\u00e1sica.<\/p>\n<p><strong>Per\u00edodo de aulas:<\/strong> aos s\u00e1bados<\/p>\n<p><strong>Modalidade:<\/strong> presencial<\/p>\n<hr \/>\n<p><strong>Edital de resultado do Processo Seletivo &#8211; Turma 2024-1 &#8211; Publicado.<\/strong> <a href=\"https:\/\/jandaiadosul.ufpr.br\/teec\/requisitos-e-forma-de-acesso\/\">Clique aqui<\/a>. <span style=\"color: #ff0000\"><strong>(NOVO)<\/strong><\/span><\/p>\n<p><strong>Edital de resultado da an\u00e1lise dos recursos interpostos &#8211; Turma 2024-1. Publicado.<\/strong> <a href=\"https:\/\/jandaiadosul.ufpr.br\/teec\/requisitos-e-forma-de-acesso\/\">Clique aqui<\/a>. <span style=\"color: #ff0000\"><strong>(NOVO)<\/strong><\/span><\/p>\n<p><strong>Edital de homologa\u00e7\u00e3o das inscri\u00e7\u00f5es &#8211; Turma 2024-1 &#8211; Publicado.<\/strong> <a href=\"https:\/\/jandaiadosul.ufpr.br\/teec\/requisitos-e-forma-de-acesso\/\">Clique aqui<\/a>.<\/p>\n<p><strong>Formul\u00e1rio referente ao INTERESSE DE OCUPA\u00c7\u00c3O DE VAGA &#8211; Modalidade PRESENCIAL. <\/strong><a href=\"https:\/\/forms.office.com\/r\/izAGF1Ticc\" target=\"_blank\" rel=\"noopener\">Clique aqui<\/a><strong>.<\/strong><\/p>\n<p><strong>Edital de processo seletivo &#8211; Turma 2024-1 &#8211; Publicado.<\/strong> <a href=\"https:\/\/jandaiadosul.ufpr.br\/teec\/requisitos-e-forma-de-acesso\/\">Clique aqui<\/a>.<\/p>\n","protected":false},"excerpt":{"rendered":"<p>O curso de especializa\u00e7\u00e3o em Tecnologias Educacionais e Ensino de Computa\u00e7\u00e3o tem como objetivo capacitar os participantes nos conceitos fundamentais da Computa\u00e7\u00e3o, abordando desde conte\u00fados [&hellip;]<\/p>\n","protected":false},"author":3669,"featured_media":0,"parent":0,"menu_order":0,"comment_status":"closed","ping_status":"closed","template":"","meta":{"_acf_changed":false,"footnotes":""},"class_list":["post-58","page","type-page","status-publish","hentry"],"acf":[],"_links":{"self":[{"href":"https:\/\/jandaiadosul.ufpr.br\/teec\/wp-json\/wp\/v2\/pages\/58","targetHints":{"allow":["GET"]}}],"collection":[{"href":"https:\/\/jandaiadosul.ufpr.br\/teec\/wp-json\/wp\/v2\/pages"}],"about":[{"href":"https:\/\/jandaiadosul.ufpr.br\/teec\/wp-json\/wp\/v2\/types\/page"}],"author":[{"embeddable":true,"href":"https:\/\/jandaiadosul.ufpr.br\/teec\/wp-json\/wp\/v2\/users\/3669"}],"replies":[{"embeddable":true,"href":"https:\/\/jandaiadosul.ufpr.br\/teec\/wp-json\/wp\/v2\/comments?post=58"}],"version-history":[{"count":10,"href":"https:\/\/jandaiadosul.ufpr.br\/teec\/wp-json\/wp\/v2\/pages\/58\/revisions"}],"predecessor-version":[{"id":206,"href":"https:\/\/jandaiadosul.ufpr.br\/teec\/wp-json\/wp\/v2\/pages\/58\/revisions\/206"}],"wp:attachment":[{"href":"https:\/\/jandaiadosul.ufpr.br\/teec\/wp-json\/wp\/v2\/media?parent=58"}],"curies":[{"name":"wp","href":"https:\/\/api.w.org\/{rel}","templated":true}]}}