{"id":54,"date":"2024-07-01T09:25:38","date_gmt":"2024-07-01T12:25:38","guid":{"rendered":"https:\/\/jandaiadosul.ufpr.br\/teec\/?page_id=54"},"modified":"2024-10-22T13:21:04","modified_gmt":"2024-10-22T16:21:04","slug":"contatos","status":"publish","type":"page","link":"https:\/\/jandaiadosul.ufpr.br\/teec\/contatos\/","title":{"rendered":"Contatos"},"content":{"rendered":"<h3>Coordena\u00e7\u00e3o do curso<\/h3>\n<p><strong>Prof. Marcelo Franco de Oliveira<\/strong><br \/>\n<a href=\"mailto:marcelo.franco@ufpr.br\">marcelo.franco@ufpr.br<\/a><br \/>\n<em>Coordenador<\/em><\/p>\n<p><strong>Prof. Paulo Henrique Soares<\/strong><br \/>\n<a href=\"mailto:henriquepaulo@ufpr.br\">henriquepaulo@ufpr.br<\/a><br \/>\n<em>Vice-coordenador<\/em><\/p>\n<p>&nbsp;<\/p>\n<h3>Secretaria Acad\u00eamica<\/h3>\n<p><strong>M\u00e1rcia In\u00eas Schabarum Mikuska<\/strong><br \/>\n<a href=\"mailto:academica.ja@ufpr.br\">academica.ja@ufpr.br<\/a><br \/>\n<a href=\"tel:041988632300\">(41) 98863-2300<\/a><\/p>\n<p>&nbsp;<\/p>\n","protected":false},"excerpt":{"rendered":"<p>Coordena\u00e7\u00e3o do curso Prof. Marcelo Franco de Oliveira marcelo.franco@ufpr.br Coordenador Prof. Paulo Henrique Soares henriquepaulo@ufpr.br Vice-coordenador &nbsp; Secretaria Acad\u00eamica M\u00e1rcia In\u00eas Schabarum Mikuska academica.ja@ufpr.br (41) [&hellip;]<\/p>\n","protected":false},"author":3669,"featured_media":0,"parent":0,"menu_order":0,"comment_status":"closed","ping_status":"closed","template":"","meta":{"_acf_changed":false,"footnotes":""},"class_list":["post-54","page","type-page","status-publish","hentry"],"acf":[],"_links":{"self":[{"href":"https:\/\/jandaiadosul.ufpr.br\/teec\/wp-json\/wp\/v2\/pages\/54","targetHints":{"allow":["GET"]}}],"collection":[{"href":"https:\/\/jandaiadosul.ufpr.br\/teec\/wp-json\/wp\/v2\/pages"}],"about":[{"href":"https:\/\/jandaiadosul.ufpr.br\/teec\/wp-json\/wp\/v2\/types\/page"}],"author":[{"embeddable":true,"href":"https:\/\/jandaiadosul.ufpr.br\/teec\/wp-json\/wp\/v2\/users\/3669"}],"replies":[{"embeddable":true,"href":"https:\/\/jandaiadosul.ufpr.br\/teec\/wp-json\/wp\/v2\/comments?post=54"}],"version-history":[{"count":5,"href":"https:\/\/jandaiadosul.ufpr.br\/teec\/wp-json\/wp\/v2\/pages\/54\/revisions"}],"predecessor-version":[{"id":227,"href":"https:\/\/jandaiadosul.ufpr.br\/teec\/wp-json\/wp\/v2\/pages\/54\/revisions\/227"}],"wp:attachment":[{"href":"https:\/\/jandaiadosul.ufpr.br\/teec\/wp-json\/wp\/v2\/media?parent=54"}],"curies":[{"name":"wp","href":"https:\/\/api.w.org\/{rel}","templated":true}]}}