{"id":32,"date":"2024-06-29T16:10:44","date_gmt":"2024-06-29T19:10:44","guid":{"rendered":"https:\/\/jandaiadosul.ufpr.br\/teec\/?page_id=32"},"modified":"2024-08-02T11:32:14","modified_gmt":"2024-08-02T14:32:14","slug":"requisitos-e-forma-de-acesso","status":"publish","type":"page","link":"https:\/\/jandaiadosul.ufpr.br\/teec\/requisitos-e-forma-de-acesso\/","title":{"rendered":"Requisitos e forma de acesso"},"content":{"rendered":"<p><a href=\"https:\/\/jandaiadosul.ufpr.br\/teec\/wp-content\/uploads\/sites\/49\/2024\/08\/sei_6886637_edital_004_2024.pdf\">Edital N.\u00ba 004\/2023 &#8211; Edital de resultado do Processo Seletivo do Curso de Especializa\u00e7\u00e3o em Tecnologias Educacionais e Ensino de Computa\u00e7\u00e3o<\/a> <span style=\"color: #ff0000\"><strong>(NOVO)<\/strong><\/span><\/p>\n<p><a href=\"https:\/\/jandaiadosul.ufpr.br\/teec\/wp-content\/uploads\/sites\/49\/2024\/08\/sei_6886388_edital_003_2024.pdf\">Edital N.\u00ba 003\/2023 &#8211; Edital de resultado da an\u00e1lise dos recursos interpostos no Processo Seletivo do Curso de Especializa\u00e7\u00e3o em Tecnologias\u00a0 Educacionais e Ensino de Computa\u00e7\u00e3o<\/a> <span style=\"color: #ff0000\"><strong>(NOVO)<\/strong><\/span><\/p>\n<p>&nbsp;<\/p>\n<p><a href=\"https:\/\/jandaiadosul.ufpr.br\/teec\/wp-content\/uploads\/sites\/49\/2024\/07\/sei_6879684_edital_002_2024.pdf\">Edital N.\u00ba 002\/2024 &#8211; Edital de homologa\u00e7\u00e3o das inscri\u00e7\u00f5es no Processo Seletivo do Curso de Especializa\u00e7\u00e3o em Tecnologias Educacionais e Ensino De Computa\u00e7\u00e3o<\/a><\/p>\n<p><a href=\"https:\/\/forms.office.com\/r\/izAGF1Ticc\" target=\"_blank\" rel=\"noopener\">Formul\u00e1rio referente ao INTERESSE DE OCUPA\u00c7\u00c3O DE VAGA \u2013 Modalidade PRESENCIAL<\/a><\/p>\n<p>&nbsp;<\/p>\n<p><a href=\"https:\/\/jandaiadosul.ufpr.br\/teec\/wp-content\/uploads\/sites\/49\/2024\/07\/sei_6816937_edital_001_2024.pdf\" target=\"_blank\" rel=\"noopener\">Edital 001\/2024 &#8211; Edital de processo seletivo do curso de especializa\u00e7\u00e3o em Tecnologias Educacionais e Ensino de Computa\u00e7\u00e3o<\/a><\/p>\n<hr \/>\n<p>Per\u00edodo de inscri\u00e7\u00e3o: de 22 a 30\/07\/2024<\/p>\n<p>Link para inscri\u00e7\u00e3o: <a href=\"https:\/\/siga.ufpr.br\/siga\/visitante\/processoseletivo\/index.jsp?sequencial=4261\">https:\/\/siga.ufpr.br\/siga\/visitante\/processoseletivo\/index.jsp?sequencial=4261<\/a><\/p>\n","protected":false},"excerpt":{"rendered":"<p>Edital N.\u00ba 004\/2023 &#8211; Edital de resultado do Processo Seletivo do Curso de Especializa\u00e7\u00e3o em Tecnologias Educacionais e Ensino de Computa\u00e7\u00e3o (NOVO) Edital N.\u00ba 003\/2023 [&hellip;]<\/p>\n","protected":false},"author":3669,"featured_media":0,"parent":0,"menu_order":0,"comment_status":"closed","ping_status":"closed","template":"","meta":{"_acf_changed":false,"footnotes":""},"class_list":["post-32","page","type-page","status-publish","hentry"],"acf":[],"_links":{"self":[{"href":"https:\/\/jandaiadosul.ufpr.br\/teec\/wp-json\/wp\/v2\/pages\/32","targetHints":{"allow":["GET"]}}],"collection":[{"href":"https:\/\/jandaiadosul.ufpr.br\/teec\/wp-json\/wp\/v2\/pages"}],"about":[{"href":"https:\/\/jandaiadosul.ufpr.br\/teec\/wp-json\/wp\/v2\/types\/page"}],"author":[{"embeddable":true,"href":"https:\/\/jandaiadosul.ufpr.br\/teec\/wp-json\/wp\/v2\/users\/3669"}],"replies":[{"embeddable":true,"href":"https:\/\/jandaiadosul.ufpr.br\/teec\/wp-json\/wp\/v2\/comments?post=32"}],"version-history":[{"count":12,"href":"https:\/\/jandaiadosul.ufpr.br\/teec\/wp-json\/wp\/v2\/pages\/32\/revisions"}],"predecessor-version":[{"id":205,"href":"https:\/\/jandaiadosul.ufpr.br\/teec\/wp-json\/wp\/v2\/pages\/32\/revisions\/205"}],"wp:attachment":[{"href":"https:\/\/jandaiadosul.ufpr.br\/teec\/wp-json\/wp\/v2\/media?parent=32"}],"curies":[{"name":"wp","href":"https:\/\/api.w.org\/{rel}","templated":true}]}}