{"id":29,"date":"2024-06-29T16:09:13","date_gmt":"2024-06-29T19:09:13","guid":{"rendered":"https:\/\/jandaiadosul.ufpr.br\/teec\/?page_id=29"},"modified":"2024-07-09T17:47:44","modified_gmt":"2024-07-09T20:47:44","slug":"publico-alvo","status":"publish","type":"page","link":"https:\/\/jandaiadosul.ufpr.br\/teec\/publico-alvo\/","title":{"rendered":"P\u00fablico alvo"},"content":{"rendered":"<p>Pessoas formadas em diferentes \u00e1reas (licenciatura, tecnologia e\/ou bacharelado) que atuem como professores e tenham interesse no ensino de Computa\u00e7\u00e3o e no amparo \u00e0s tecnologias educacionais, assim como profissionais qualificados que n\u00e3o estejam exercendo a doc\u00eancia.<\/p>\n","protected":false},"excerpt":{"rendered":"<p>Pessoas formadas em diferentes \u00e1reas (licenciatura, tecnologia e\/ou bacharelado) que atuem como professores e tenham interesse no ensino de Computa\u00e7\u00e3o e no amparo \u00e0s tecnologias [&hellip;]<\/p>\n","protected":false},"author":3669,"featured_media":0,"parent":0,"menu_order":0,"comment_status":"closed","ping_status":"closed","template":"","meta":{"_acf_changed":false,"footnotes":""},"class_list":["post-29","page","type-page","status-publish","hentry"],"acf":[],"_links":{"self":[{"href":"https:\/\/jandaiadosul.ufpr.br\/teec\/wp-json\/wp\/v2\/pages\/29","targetHints":{"allow":["GET"]}}],"collection":[{"href":"https:\/\/jandaiadosul.ufpr.br\/teec\/wp-json\/wp\/v2\/pages"}],"about":[{"href":"https:\/\/jandaiadosul.ufpr.br\/teec\/wp-json\/wp\/v2\/types\/page"}],"author":[{"embeddable":true,"href":"https:\/\/jandaiadosul.ufpr.br\/teec\/wp-json\/wp\/v2\/users\/3669"}],"replies":[{"embeddable":true,"href":"https:\/\/jandaiadosul.ufpr.br\/teec\/wp-json\/wp\/v2\/comments?post=29"}],"version-history":[{"count":2,"href":"https:\/\/jandaiadosul.ufpr.br\/teec\/wp-json\/wp\/v2\/pages\/29\/revisions"}],"predecessor-version":[{"id":119,"href":"https:\/\/jandaiadosul.ufpr.br\/teec\/wp-json\/wp\/v2\/pages\/29\/revisions\/119"}],"wp:attachment":[{"href":"https:\/\/jandaiadosul.ufpr.br\/teec\/wp-json\/wp\/v2\/media?parent=29"}],"curies":[{"name":"wp","href":"https:\/\/api.w.org\/{rel}","templated":true}]}}