{"id":23,"date":"2024-06-28T11:34:53","date_gmt":"2024-06-28T14:34:53","guid":{"rendered":"https:\/\/jandaiadosul.ufpr.br\/teec\/?page_id=23"},"modified":"2024-07-09T17:46:33","modified_gmt":"2024-07-09T20:46:33","slug":"objetivos","status":"publish","type":"page","link":"https:\/\/jandaiadosul.ufpr.br\/teec\/objetivos\/","title":{"rendered":"Objetivos"},"content":{"rendered":"<h3>Objetivo geral<\/h3>\n<p>Proporcionar uma forma\u00e7\u00e3o avan\u00e7ada sobre Ensino de Computa\u00e7\u00e3o e em Tecnologias Educacionais, em n\u00edvel de p\u00f3s-gradua\u00e7\u00e3o lato sensu, destinada a professores, profissionais da educa\u00e7\u00e3o e entusiastas. O curso visa capacitar os participantes quanto aos conceitos fundamentais da Computa\u00e7\u00e3o, al\u00e9m do eficaz emprego de tecnologias educacionais como instrumentos facilitadores nos processos de ensino e de aprendizagem em Computa\u00e7\u00e3o. Dessa forma, almejamos contribuir significativamente para o desenvolvimento profissional, proporcionando uma atualiza\u00e7\u00e3o alinhada \u00e0s demandas da sociedade contempor\u00e2nea.<\/p>\n<h3>Objetivos espec\u00edficos<\/h3>\n<ul>\n<li>Proporcionar aos participantes uma apropria\u00e7\u00e3o dos fundamentos te\u00f3ricos do ensino de Computa\u00e7\u00e3o, destacando conceitos-chave e abordagens pedag\u00f3gicas para a pr\u00e1tica docente;<\/li>\n<li>Incentivar a cria\u00e7\u00e3o e adapta\u00e7\u00e3o de materiais did\u00e1ticos digitais, promovendo a autonomia na produ\u00e7\u00e3o de recursos personalizados para o ensino de Computa\u00e7\u00e3o;<\/li>\n<li>Capacitar os participantes no uso eficiente de tecnologias educacionais, incluindo softwares, hardwares, plataformas online, e ferramentas digitais, visando enriquecer e diversificar as estrat\u00e9gias pedag\u00f3gicas;<\/li>\n<li>Incentivar a postura proativa em rela\u00e7\u00e3o \u00e0 atualiza\u00e7\u00e3o tecnol\u00f3gica, capacitando os participantes a acompanhar as inova\u00e7\u00f5es na \u00e1rea de Computa\u00e7\u00e3o e Tecnologias Educacionais, e a incorporar novas ferramentas de forma cr\u00edtica e reflexiva em suas pr\u00e1ticas pedag\u00f3gicas;<\/li>\n<li>Desenvolver a capacidade de realizar pesquisas aplicadas na interface entre Educa\u00e7\u00e3o e Tecnologia, permitindo aos participantes contribuir para o avan\u00e7o do conhecimento nesse campo e aplicar resultados de pesquisas na melhoria constante de suas pr\u00e1ticas educacionais.<\/li>\n<\/ul>\n","protected":false},"excerpt":{"rendered":"<p>Objetivo geral Proporcionar uma forma\u00e7\u00e3o avan\u00e7ada sobre Ensino de Computa\u00e7\u00e3o e em Tecnologias Educacionais, em n\u00edvel de p\u00f3s-gradua\u00e7\u00e3o lato sensu, destinada a professores, profissionais da [&hellip;]<\/p>\n","protected":false},"author":3669,"featured_media":0,"parent":0,"menu_order":0,"comment_status":"closed","ping_status":"closed","template":"","meta":{"_acf_changed":false,"footnotes":""},"class_list":["post-23","page","type-page","status-publish","hentry"],"acf":[],"_links":{"self":[{"href":"https:\/\/jandaiadosul.ufpr.br\/teec\/wp-json\/wp\/v2\/pages\/23","targetHints":{"allow":["GET"]}}],"collection":[{"href":"https:\/\/jandaiadosul.ufpr.br\/teec\/wp-json\/wp\/v2\/pages"}],"about":[{"href":"https:\/\/jandaiadosul.ufpr.br\/teec\/wp-json\/wp\/v2\/types\/page"}],"author":[{"embeddable":true,"href":"https:\/\/jandaiadosul.ufpr.br\/teec\/wp-json\/wp\/v2\/users\/3669"}],"replies":[{"embeddable":true,"href":"https:\/\/jandaiadosul.ufpr.br\/teec\/wp-json\/wp\/v2\/comments?post=23"}],"version-history":[{"count":3,"href":"https:\/\/jandaiadosul.ufpr.br\/teec\/wp-json\/wp\/v2\/pages\/23\/revisions"}],"predecessor-version":[{"id":118,"href":"https:\/\/jandaiadosul.ufpr.br\/teec\/wp-json\/wp\/v2\/pages\/23\/revisions\/118"}],"wp:attachment":[{"href":"https:\/\/jandaiadosul.ufpr.br\/teec\/wp-json\/wp\/v2\/media?parent=23"}],"curies":[{"name":"wp","href":"https:\/\/api.w.org\/{rel}","templated":true}]}}