{"id":291,"date":"2024-02-27T15:19:46","date_gmt":"2024-02-27T18:19:46","guid":{"rendered":"https:\/\/jandaiadosul.ufpr.br\/sti\/?page_id=291"},"modified":"2024-10-22T13:01:37","modified_gmt":"2024-10-22T16:01:37","slug":"domine-a-eficiencia-com-calc-e-writer","status":"publish","type":"page","link":"https:\/\/jandaiadosul.ufpr.br\/sti\/domine-a-eficiencia-com-calc-e-writer\/","title":{"rendered":"Domine a Efici\u00eancia com Calc e Writer"},"content":{"rendered":"<h1 style=\"text-align: center;\">Curso de Inform\u00e1tica Domine a Efici\u00eancia com Calc &amp; Writer<\/h1>\n<p style=\"text-align: justify;\"><span style=\"font-size: 14pt;\">O Curso de Inform\u00e1tica, &#8220;Domine a Efici\u00eancia com Calc &amp; Writer&#8221;, ser\u00e1 realizado nos laborat\u00f3rios de inform\u00e1tica do campus avan\u00e7ado da UFPR em Jandaia do Sul. Esta iniciativa se destina a proporcionar uma oportunidade aberta tanto \u00e0 comunidade acad\u00eamica quanto aos residentes locais de Jandaia do Sul. O principal objetivo \u00e9 capacitar os participantes com conhecimentos fundamentais para realizar atividades de escrit\u00f3rio, preparando-os adequadamente para lidar de forma eficaz com as tarefas cotidianas que demandam o uso do computador.<\/span><\/p>\n<p>&nbsp;<\/p>\n<p style=\"text-align: center;\"><span style=\"font-size: 14pt;\"><strong>Carga Hor\u00e1ria:<\/strong> 60H com certifica\u00e7\u00e3o<\/span><\/p>\n<p style=\"text-align: center;\"><span style=\"font-size: 14pt;\"><strong>P\u00fablico:<\/strong> Comunidade de Jandaia do Sul, servidores t\u00e9cnicos, docentes, discentes e trabalhadores tercerizados<\/span><\/p>\n<p>&nbsp;<\/p>\n<h2><span style=\"color: #0000ff;\">Perguntas e Respostas<\/span><\/h2>\n<p><span style=\"font-size: 14pt;\"><strong>Quando come\u00e7a?<\/strong>\u00a0<\/span><\/p>\n<p><span style=\"font-size: 14pt;\">no dia 12\/03\/2024<\/span><\/p>\n<p><span style=\"font-size: 14pt;\"><strong>Quando terminou?<\/strong> <\/span><\/p>\n<p><span style=\"font-size: 14pt;\">no dia 28\/08\/2024<\/span><\/p>\n<p><span style=\"font-size: 14pt;\"><strong>Que dia vai ser?<\/strong> <\/span><\/p>\n<p><span style=\"font-size: 14pt;\">Ter\u00e7a-Feira, das 19:00 at\u00e9 as 20:30 (podendo haver mudan\u00e7as)<\/span><\/p>\n<p><span style=\"font-size: 14pt;\"><strong>Qual lugar? <\/strong><\/span><\/p>\n<p><span style=\"font-size: 14pt;\">No Laborat\u00f3rio de Inform\u00e1tica C-105 da UFPR no <em>campus<\/em> avan\u00e7ado em Jandaia do Sul (podendo haver mudan\u00e7as)<\/span><\/p>\n<p><span style=\"font-size: 14pt;\"><strong>Quanto custa?<\/strong>\u00a0<\/span><\/p>\n<p><span style=\"font-size: 14pt;\">Gratuito<\/span><\/p>\n<p><span style=\"font-size: 18.6667px;\"><b>Quantas vagas?<\/b><\/span><\/p>\n<p><span style=\"color: #000000;\"><span style=\"font-size: 14pt;\">21 Vagas<\/span><\/span><\/p>\n<p><span style=\"font-size: 14pt;\"><strong>O que preciso fazer?<\/strong><\/span><\/p>\n<p><span style=\"font-size: 14pt;\">1\u00ba ** Conhecimento pr\u00e9dio em Sistema Operacional Windows<\/span><\/p>\n<p><span style=\"font-size: 14pt;\">2\u00ba Se inscrever<\/span><\/p>\n<p><span style=\"font-size: 14pt;\">3\u00ba Frequentar as aulas com o m\u00ednimo de 75% de assiduidade<\/span><\/p>\n<p><span style=\"font-size: 14pt;\"><strong>O que vou aprender?\u00a0<\/strong><\/span><\/p>\n<p><span style=\"font-size: 14pt;\">O Curso est\u00e1 divido em m\u00f3dulos. Cada m\u00f3dulo apresentar\u00e1 alguns t\u00f3picos que ser\u00e3o abordados de forma b\u00e1sica a avan\u00e7ada<\/span><\/p>\n<p><span style=\"font-size: 14pt;\"><strong>M\u00f3dulo 1: Libre Office Writer<\/strong><\/span><br \/>\n<span style=\"font-size: 14pt;\"><br \/>\n&#8211; Ambiente de trabalho do Writer<br \/>\n&#8211; Edi\u00e7\u00e3o de texto &#8211; Salvar \/ Abrir \/ Novo Documento<br \/>\n&#8211; Copiar \/ Colar \/ Recortar &#8211; Formata\u00e7\u00e3o &#8211; Localizar \/ Substituir<br \/>\n&#8211; Inserir Imagem<br \/>\n&#8211; Inserir Caixa de Texto<br \/>\n&#8211; Inserir Formas<br \/>\n&#8211; Cabe\u00e7alho e Rodap\u00e9<br \/>\n&#8211; Formatar P\u00e1gina<br \/>\n&#8211; Trabalhando com Tabelas<br \/>\n&#8211; Gr\u00e1ficos<br \/>\n&#8211; Colunas<br \/>\n&#8211; Capitular<\/span><\/p>\n<p><span style=\"font-size: 14pt;\"><strong>M\u00f3dulo 1.1 : Google Docs<\/strong><\/span><br \/>\n<span style=\"font-size: 14pt;\"><br \/>\n&#8211; Edi\u00e7\u00e3o de texto<br \/>\n&#8211; Compartilhar documento<br \/>\n&#8211; Upload e Download de Documento e exporta\u00e7\u00e3o<br \/>\n<\/span><\/p>\n<p>&nbsp;<\/p>\n<p><span style=\"font-size: 14pt;\"><strong>M\u00f3dulo 2: Libre Office Calc<\/strong><\/span><br \/>\n<span style=\"font-size: 14pt;\"><br \/>\n&#8211; Conceitos b\u00e1sicos<br \/>\n&#8211; Ambiente de trabalho do Calc<br \/>\n&#8211; Edi\u00e7\u00e3o dos dados<br \/>\n&#8211; Altera\u00e7\u00e3o do conte\u00fado da c\u00e9lula<br \/>\n&#8211; Movimenta\u00e7\u00e3o pela planilha<br \/>\n&#8211; Largura da coluna e da linha<br \/>\n&#8211; Salvar uma planilha<br \/>\n&#8211; Fechar e sair<br \/>\n&#8211; Abrir uma planilha existente<br \/>\n&#8211; C\u00f3pia e movimenta\u00e7\u00e3o de c\u00e9lulas<br \/>\n&#8211; Inserir \/ Excluir colunas ou linhas<br \/>\n&#8211; Criar f\u00f3rmulas<br \/>\n&#8211; Classifica\u00e7\u00e3o de dados<br \/>\n&#8211; Filtros<br \/>\n&#8211; Inser\u00e7\u00e3o e exclus\u00e3o de planilhas<br \/>\n&#8211; Mover e copiar planilhas<br \/>\n&#8211; Prote\u00e7\u00e3o de planilhas e documento<br \/>\n&#8211; Ocultar e reexibir colunas e linhas<br \/>\n&#8211; Formatar dados<br \/>\n&#8211; Formata\u00e7\u00e3o autom\u00e1tica e condicional<br \/>\n&#8211; Coment\u00e1rios nas c\u00e9lulas<br \/>\n&#8211; Elabora\u00e7\u00e3o de f\u00f3rmulas<br \/>\n&#8211; Fun\u00e7\u00f5es<br \/>\n&#8211; Valida\u00e7\u00e3o dos dados<br \/>\n&#8211; Gr\u00e1ficos<br \/>\n&#8211; Edi\u00e7\u00e3o de gr\u00e1ficos<br \/>\n&#8211; Personalizar as configura\u00e7\u00f5es da p\u00e1gina<br \/>\n&#8211; Visualiza\u00e7\u00e3o pr\u00e9via<br \/>\n&#8211; Impress\u00e3o dos dados das planilhas<br \/>\n<\/span><\/p>\n<p><span style=\"font-size: 14pt;\"><strong>M\u00f3dulo 2.1 : Google Sheets<\/strong><\/span><br \/>\n<span style=\"font-size: 14pt;\"><br \/>\n&#8211; Ambiente de trabalho<br \/>\n&#8211; Editar Planilha<br \/>\n&#8211; Compartilhar Planilha<br \/>\n&#8211; Upload e Download de Planilhas<br \/>\n<\/span><\/p>\n<h2><span style=\"color: #0000ff;\">Calend\u00e1rio<\/span><\/h2>\n<p><iframe style=\"border-width: 0;\" src=\"https:\/\/outlook.office365.com\/owa\/calendar\/25f90bdb42024dca96313d4bf432f5ac@ufpr.br\/80bcafbf82374d7aaec70c07e57b9b813473266199230590723\/calendar.html\" width=\"100%\" height=\"600\" frameborder=\"0\" scrolling=\"yes\"><span data-mce-type=\"bookmark\" style=\"display: inline-block; width: 0px; overflow: hidden; line-height: 0;\" class=\"mce_SELRES_start\">\ufeff<\/span><span data-mce-type=\"bookmark\" style=\"display: inline-block; width: 0px; overflow: hidden; line-height: 0;\" class=\"mce_SELRES_start\">\ufeff<\/span><\/iframe><\/p>\n","protected":false},"excerpt":{"rendered":"<p>Curso de Inform\u00e1tica Domine a Efici\u00eancia com Calc &amp; Writer O Curso de Inform\u00e1tica, &#8220;Domine a Efici\u00eancia com Calc &amp; Writer&#8221;, ser\u00e1 realizado nos laborat\u00f3rios [&hellip;]<\/p>\n","protected":false},"author":3618,"featured_media":0,"parent":0,"menu_order":0,"comment_status":"closed","ping_status":"closed","template":"","meta":{"_acf_changed":false,"footnotes":""},"class_list":["post-291","page","type-page","status-publish","hentry"],"acf":[],"_links":{"self":[{"href":"https:\/\/jandaiadosul.ufpr.br\/sti\/wp-json\/wp\/v2\/pages\/291","targetHints":{"allow":["GET"]}}],"collection":[{"href":"https:\/\/jandaiadosul.ufpr.br\/sti\/wp-json\/wp\/v2\/pages"}],"about":[{"href":"https:\/\/jandaiadosul.ufpr.br\/sti\/wp-json\/wp\/v2\/types\/page"}],"author":[{"embeddable":true,"href":"https:\/\/jandaiadosul.ufpr.br\/sti\/wp-json\/wp\/v2\/users\/3618"}],"replies":[{"embeddable":true,"href":"https:\/\/jandaiadosul.ufpr.br\/sti\/wp-json\/wp\/v2\/comments?post=291"}],"version-history":[{"count":18,"href":"https:\/\/jandaiadosul.ufpr.br\/sti\/wp-json\/wp\/v2\/pages\/291\/revisions"}],"predecessor-version":[{"id":358,"href":"https:\/\/jandaiadosul.ufpr.br\/sti\/wp-json\/wp\/v2\/pages\/291\/revisions\/358"}],"wp:attachment":[{"href":"https:\/\/jandaiadosul.ufpr.br\/sti\/wp-json\/wp\/v2\/media?parent=291"}],"curies":[{"name":"wp","href":"https:\/\/api.w.org\/{rel}","templated":true}]}}