{"id":282,"date":"2024-01-23T11:21:18","date_gmt":"2024-01-23T14:21:18","guid":{"rendered":"https:\/\/jandaiadosul.ufpr.br\/sti\/?page_id=282"},"modified":"2024-01-23T11:23:17","modified_gmt":"2024-01-23T14:23:17","slug":"informatica-basica-do-basico-a-maestria","status":"publish","type":"page","link":"https:\/\/jandaiadosul.ufpr.br\/sti\/informatica-basica-do-basico-a-maestria\/","title":{"rendered":"Inform\u00e1tica b\u00e1sica do b\u00e1sico \u00e0 Maestria"},"content":{"rendered":"<h1 style=\"text-align: center;\">Curso de Inform\u00e1tica do B\u00e1sico \u00e0 Maestria<\/h1>\n<p style=\"text-align: justify;\"><span style=\"font-size: 14pt;\">O Curso de Extens\u00e3o de Inform\u00e1tica do B\u00e1sico \u00e0 Maestria ser\u00e1 ministrado nas instala\u00e7\u00f5es de laborat\u00f3rios de inform\u00e1tica do campus avan\u00e7ado de Jandaia do Sul. Esta iniciativa visa oferecer uma oportunidade aberta tanto \u00e0 comunidade acad\u00eamica quanto aos cidad\u00e3os externos da localidade de Jandaia do Sul. O objetivo principal \u00e9 dotar os participantes de conhecimentos b\u00e1sicos ao avan\u00e7ado, preparando-os adequadamente para lidar eficazmente com as tarefas cotidianas que requerem o uso do computador.<\/span><\/p>\n<p>&nbsp;<\/p>\n<p style=\"text-align: center;\"><span style=\"font-size: 14pt;\"><strong>Carga Hor\u00e1ria:<\/strong> 20H com certifica\u00e7\u00e3o<\/span><\/p>\n<p style=\"text-align: center;\"><span style=\"font-size: 14pt;\"><strong>P\u00fablico:<\/strong> Comunidade de Jandaia do Sul, servidores t\u00e9cnicos, docentes, discentes e trabalhadores tercerizados<\/span><\/p>\n<p>&nbsp;<\/p>\n<h2><span style=\"color: #0000ff;\">Perguntas e Respostas<\/span><\/h2>\n<p><span style=\"font-size: 14pt;\"><strong>Quando come\u00e7a?<\/strong>\u00a0<\/span><\/p>\n<p><span style=\"font-size: 14pt;\">no dia 17\/10\/2023<\/span><\/p>\n<p><span style=\"font-size: 14pt;\"><strong>Quando terminou?<\/strong> <\/span><\/p>\n<p><span style=\"font-size: 14pt;\">no dia 06\/12\/2023<\/span><\/p>\n<p><span style=\"font-size: 14pt;\"><strong>Que dia vai ser?<\/strong> <\/span><\/p>\n<p><span style=\"font-size: 14pt;\">Ter\u00e7a-Feira, das 19:00 at\u00e9 as 20:30 (podendo haver mudan\u00e7as)<\/span><\/p>\n<p><span style=\"font-size: 14pt;\"><strong>Qual lugar? <\/strong><\/span><\/p>\n<p><span style=\"font-size: 14pt;\">No Laborat\u00f3rio de Inform\u00e1tica A-102 da UFPR no <em>campus<\/em> avan\u00e7ado em Jandaia do Sul<\/span><\/p>\n<p><span style=\"font-size: 14pt;\"><strong>Quanto custa?<\/strong>\u00a0<\/span><\/p>\n<p><span style=\"font-size: 14pt;\">Gratuito<br \/>\n<\/span><\/p>\n<p><span style=\"font-size: 18.6667px;\"><b>Quantas vagas?<\/b><\/span><\/p>\n<p><span style=\"font-size: 14pt;\">30 vagas\u00a0<\/span><\/p>\n<p><span style=\"font-size: 14pt;\"><strong>O que preciso fazer?<\/strong><\/span><\/p>\n<p><span style=\"font-size: 14pt;\">1\u00ba Se inscrever<\/span><\/p>\n<p><span style=\"font-size: 14pt;\">2\u00ba Frequentar as aulas com o m\u00ednimo de 75% de assiduidade<\/span><\/p>\n<p><span style=\"font-size: 14pt;\"><strong>O que vou aprender?\u00a0<\/strong><\/span><\/p>\n<p><span style=\"font-size: 14pt;\">O Curso est\u00e1 divido em m\u00f3dulos. Cada m\u00f3dulo apresentar\u00e1 alguns t\u00f3picos que ser\u00e3o abordados de forma b\u00e1sica a avan\u00e7ada<\/span><\/p>\n<p><span style=\"font-size: 14pt;\"><strong>M\u00f3dulo 1: Introdu\u00e7\u00e3o<\/strong><\/span><br \/>\n<span style=\"font-size: 14pt;\">&#8211; Hardware e Software<\/span><br \/>\n<span style=\"font-size: 14pt;\">&#8211; Sistemas Operacionais<\/span><br \/>\n<span style=\"font-size: 14pt;\">&#8211; Apresenta\u00e7\u00e3o Windows<\/span><br \/>\n<span style=\"font-size: 14pt;\">&#8211; Janelas<\/span><br \/>\n<span style=\"font-size: 14pt;\">&#8211; \u00cdcones e atalhos<\/span><br \/>\n<span style=\"font-size: 14pt;\">&#8211; Mouse<\/span><br \/>\n<span style=\"font-size: 14pt;\">&#8211; Teclado<\/span><\/p>\n<p><span style=\"font-size: 14pt;\"><strong>M\u00f3dulo 2:<\/strong><\/span><br \/>\n<span style=\"font-size: 14pt;\">&#8211; WordPad \/ Bloco de Notas \/ Writer<\/span><br \/>\n<span style=\"font-size: 14pt;\">&#8211; Formata\u00e7\u00e3o de documento<\/span><br \/>\n<span style=\"font-size: 14pt;\">&#8211; Salvar \/ Abrir \/ Novo (edi\u00e7\u00e3o de arquivo)<\/span><br \/>\n<span style=\"font-size: 14pt;\">&#8211; Paint (editor de imagem)<\/span><br \/>\n<span style=\"font-size: 14pt;\">&#8211; Imprimir documentos<\/span><\/p>\n<p><span style=\"font-size: 14pt;\"><strong>M\u00f3dulo 3:\u00a0<\/strong><\/span><br \/>\n<span style=\"font-size: 14pt;\">&#8211; Gerenciamento de arquivos<\/span><br \/>\n<span style=\"font-size: 14pt;\">&#8211; Windows Explorer<\/span><br \/>\n<span style=\"font-size: 14pt;\">&#8211; <a href=\"https:\/\/we.tl\/t-aYN4s7CAsM\">Download<\/a><\/span><\/p>\n<p><span style=\"font-size: 14pt;\"><strong>M\u00f3dulo 4:<\/strong><\/span><br \/>\n<span style=\"font-size: 14pt;\">&#8211; Gerenciamento de discos<\/span><br \/>\n<span style=\"font-size: 14pt;\">&#8211; Personalizar Windows<\/span><br \/>\n<span style=\"font-size: 14pt;\">&#8211; Windows Update<\/span><br \/>\n<span style=\"font-size: 14pt;\">&#8211; Adicionar ou remover programas<\/span><br \/>\n<span style=\"font-size: 14pt;\">&#8211; Contas de usu\u00e1rio<\/span><br \/>\n<span style=\"font-size: 14pt;\">&#8211; Bloquear conta de usu\u00e1rio, trocar senha<\/span><br \/>\n<span style=\"font-size: 14pt;\">&#8211; Configura\u00e7\u00f5es gerais<\/span><\/p>\n<p><span style=\"font-size: 14pt;\"><strong>M\u00f3dulo 5:<\/strong><\/span><br \/>\n<span style=\"font-size: 14pt;\">&#8211; Qual computador comprar?<\/span><br \/>\n<span style=\"font-size: 14pt;\">&#8211; Componentes internos do computador<\/span><br \/>\n<span style=\"font-size: 14pt;\">&#8211; Impressoras<\/span><br \/>\n<span style=\"font-size: 14pt;\">&#8211; Webcam<\/span><br \/>\n<span style=\"font-size: 14pt;\">&#8211; Extra Smartphones<\/span><\/p>\n<p><span style=\"font-size: 14pt;\"><strong>M\u00f3dulo 6:<\/strong><\/span><br \/>\n<span style=\"font-size: 14pt;\">&#8211; Internet<\/span><br \/>\n<span style=\"font-size: 14pt;\">&#8211; Sites confi\u00e1veis<\/span><br \/>\n<span style=\"font-size: 14pt;\">&#8211; Downloads x Uploads<\/span><br \/>\n<span style=\"font-size: 14pt;\">&#8211; Antivirus<\/span><\/p>\n<p><span style=\"font-size: 14pt;\"><strong>M\u00f3dulo 7:<\/strong><\/span><br \/>\n<span style=\"font-size: 14pt;\">&#8211; Virtualiza\u00e7\u00e3o<\/span><br \/>\n<span style=\"font-size: 14pt;\">&#8211; Sandbox<\/span><br \/>\n<span style=\"font-size: 14pt;\">&#8211; Cloud<\/span><\/p>\n<h2><span style=\"color: #0000ff;\">Calend\u00e1rio<\/span><\/h2>\n<p><iframe style=\"border-width: 0;\" src=\"https:\/\/outlook.office365.com\/owa\/calendar\/25f90bdb42024dca96313d4bf432f5ac@ufpr.br\/80bcafbf82374d7aaec70c07e57b9b813473266199230590723\/calendar.html\" width=\"100%\" height=\"600\" frameborder=\"0\" scrolling=\"yes\"><span data-mce-type=\"bookmark\" style=\"display: inline-block; width: 0px; overflow: hidden; line-height: 0;\" class=\"mce_SELRES_start\">\ufeff<\/span><span data-mce-type=\"bookmark\" style=\"display: inline-block; width: 0px; overflow: hidden; line-height: 0;\" class=\"mce_SELRES_start\">\ufeff<\/span><\/iframe><\/p>\n","protected":false},"excerpt":{"rendered":"<p>Curso de Inform\u00e1tica do B\u00e1sico \u00e0 Maestria O Curso de Extens\u00e3o de Inform\u00e1tica do B\u00e1sico \u00e0 Maestria ser\u00e1 ministrado nas instala\u00e7\u00f5es de laborat\u00f3rios de inform\u00e1tica [&hellip;]<\/p>\n","protected":false},"author":3618,"featured_media":0,"parent":0,"menu_order":0,"comment_status":"closed","ping_status":"closed","template":"","meta":{"_acf_changed":false,"footnotes":""},"class_list":["post-282","page","type-page","status-publish","hentry"],"acf":[],"_links":{"self":[{"href":"https:\/\/jandaiadosul.ufpr.br\/sti\/wp-json\/wp\/v2\/pages\/282","targetHints":{"allow":["GET"]}}],"collection":[{"href":"https:\/\/jandaiadosul.ufpr.br\/sti\/wp-json\/wp\/v2\/pages"}],"about":[{"href":"https:\/\/jandaiadosul.ufpr.br\/sti\/wp-json\/wp\/v2\/types\/page"}],"author":[{"embeddable":true,"href":"https:\/\/jandaiadosul.ufpr.br\/sti\/wp-json\/wp\/v2\/users\/3618"}],"replies":[{"embeddable":true,"href":"https:\/\/jandaiadosul.ufpr.br\/sti\/wp-json\/wp\/v2\/comments?post=282"}],"version-history":[{"count":2,"href":"https:\/\/jandaiadosul.ufpr.br\/sti\/wp-json\/wp\/v2\/pages\/282\/revisions"}],"predecessor-version":[{"id":284,"href":"https:\/\/jandaiadosul.ufpr.br\/sti\/wp-json\/wp\/v2\/pages\/282\/revisions\/284"}],"wp:attachment":[{"href":"https:\/\/jandaiadosul.ufpr.br\/sti\/wp-json\/wp\/v2\/media?parent=282"}],"curies":[{"name":"wp","href":"https:\/\/api.w.org\/{rel}","templated":true}]}}