{"id":235,"date":"2023-09-26T10:55:17","date_gmt":"2023-09-26T13:55:17","guid":{"rendered":"https:\/\/jandaiadosul.ufpr.br\/sti\/?page_id=235"},"modified":"2024-03-06T13:05:24","modified_gmt":"2024-03-06T16:05:24","slug":"treinamentos","status":"publish","type":"page","link":"https:\/\/jandaiadosul.ufpr.br\/sti\/treinamentos\/","title":{"rendered":"Treinamentos"},"content":{"rendered":"<h1 style=\"text-align: center;\"><a href=\"https:\/\/jandaiadosul.ufpr.br\/sti\/informatica-basica-do-basico-a-maestria\">Curso de Inform\u00e1tica B\u00e1sica \u00c0 Maestria (2023)<\/a><\/h1>\n<h1 style=\"text-align: center;\"><a href=\"https:\/\/jandaiadosul.ufpr.br\/sti\/domine-a-eficiencia-com-calc-e-writer\/\">Edi\u00e7\u00e3o de Texto e Planilha Eletr\u00f4nica\u00a0<\/a><\/h1>\n<p>&nbsp;<\/p>\n","protected":false},"excerpt":{"rendered":"<p>Curso de Inform\u00e1tica B\u00e1sica \u00c0 Maestria (2023) Edi\u00e7\u00e3o de Texto e Planilha Eletr\u00f4nica\u00a0 &nbsp;<\/p>\n","protected":false},"author":3618,"featured_media":0,"parent":0,"menu_order":0,"comment_status":"closed","ping_status":"closed","template":"","meta":{"_acf_changed":false,"footnotes":""},"class_list":["post-235","page","type-page","status-publish","hentry"],"acf":[],"_links":{"self":[{"href":"https:\/\/jandaiadosul.ufpr.br\/sti\/wp-json\/wp\/v2\/pages\/235","targetHints":{"allow":["GET"]}}],"collection":[{"href":"https:\/\/jandaiadosul.ufpr.br\/sti\/wp-json\/wp\/v2\/pages"}],"about":[{"href":"https:\/\/jandaiadosul.ufpr.br\/sti\/wp-json\/wp\/v2\/types\/page"}],"author":[{"embeddable":true,"href":"https:\/\/jandaiadosul.ufpr.br\/sti\/wp-json\/wp\/v2\/users\/3618"}],"replies":[{"embeddable":true,"href":"https:\/\/jandaiadosul.ufpr.br\/sti\/wp-json\/wp\/v2\/comments?post=235"}],"version-history":[{"count":38,"href":"https:\/\/jandaiadosul.ufpr.br\/sti\/wp-json\/wp\/v2\/pages\/235\/revisions"}],"predecessor-version":[{"id":297,"href":"https:\/\/jandaiadosul.ufpr.br\/sti\/wp-json\/wp\/v2\/pages\/235\/revisions\/297"}],"wp:attachment":[{"href":"https:\/\/jandaiadosul.ufpr.br\/sti\/wp-json\/wp\/v2\/media?parent=235"}],"curies":[{"name":"wp","href":"https:\/\/api.w.org\/{rel}","templated":true}]}}