{"id":23,"date":"2022-07-25T09:57:15","date_gmt":"2022-07-25T12:57:15","guid":{"rendered":"https:\/\/jandaiadosul.ufpr.br\/sti\/?page_id=23"},"modified":"2023-02-08T13:14:04","modified_gmt":"2023-02-08T16:14:04","slug":"rede-sem-fio","status":"publish","type":"page","link":"https:\/\/jandaiadosul.ufpr.br\/sti\/rede-sem-fio\/","title":{"rendered":"Rede sem fio"},"content":{"rendered":"<h2><strong>UFPR Sem Fio<\/strong><\/h2>\n<p style=\"text-align: justify;\">Atualmente o Campus em Jandaia do Sul conta com a rede UFPR Sem Fio que oferece acesso \u00e0 Internet a comunidade universit\u00e1ria.<\/p>\n<p style=\"text-align: justify;\">O Projeto UFPR Sem Fio visa levar cobertura de rede wireless para todos os Campi da UFPR e n\u00e3o existem limita\u00e7\u00f5es quanto ao tipo de equipamento utilizado pelo usu\u00e1rio, com isso o aluno poder\u00e1 se logar no sistema pelo tablet, celular ou notebook.<\/p>\n<p style=\"text-align: justify;\">Para obter o acesso a este sistema \u00e9 necess\u00e1rio que o aluno possua o e-mail institucional, caso ainda n\u00e3o o tenha basta acessar a\u00a0<a href=\"https:\/\/intranet.ufpr.br\/intranet\/public\/solicitacaoEmail!inputFormCPF.action\">IntranetUFPR<\/a>\u00a0e solicitar sua conta de e-mail.<\/p>\n<p style=\"text-align: justify;\">Passos para utiliza\u00e7\u00e3o:<\/p>\n<ul>\n<li style=\"text-align: justify;\">Localize a rede wireless identificada por \u201cUFPR_SEM_FIO\u201d e clique em conectar;<\/li>\n<li style=\"text-align: justify;\">Abra o navegador (Firefox, Chrome, Internet Explorer, Safari, Opera, etc);<\/li>\n<li style=\"text-align: justify;\">Na tela para login que ser\u00e1 exibida informe seu nome de email sem o @ufpr.br e sua senha.<\/li>\n<\/ul>\n<p>&nbsp;<\/p>\n<h2><strong>EDUROAM<\/strong><\/h2>\n<p style=\"text-align: justify;\">O Eduroam \u00e9 uma rede que visa oferecer acesso \u00e0 internet sem fio aos estudantes, pesquisadores, professores e servidores das institui\u00e7\u00f5es cadastradas em todo o mundo, sem a necessidade de m\u00faltiplos logins e senhas, formando assim uma rede de confian\u00e7a global. Presente em mais de 80 pa\u00edses, est\u00e1 presente na Universidade Federal do Paran\u00e1 em conjunto com a UFPR SEM FIO.<br \/>\nAbaixo listamos os manuais para a configura\u00e7\u00e3o \u00fanica na m\u00e1quinas e nos smartphones.<\/p>\n<p><iframe title=\"YouTube video player\" src=\"https:\/\/www.youtube.com\/embed\/ZM9UpHJqseY?controls=0\" width=\"560\" height=\"315\" frameborder=\"0\" allowfullscreen=\"allowfullscreen\"><\/iframe><\/p>\n<p><a href=\"https:\/\/www.agtic.ufpr.br\/portal\/csi\/wp-content\/uploads\/sites\/3\/2022\/02\/manual-eduroam-android-revisao-2022.pdf\" target=\"_blank\" rel=\"noopener noreferrer\">Manual para Android (novo!)<\/a><\/p>\n<p><a href=\"https:\/\/www.agtic.ufpr.br\/portal\/csi\/wp-content\/uploads\/sites\/3\/2020\/05\/manual-eduroam-ios-1.pdf\" target=\"_blank\" rel=\"noopener noreferrer\">Manual para iPhone (Apple)<\/a><\/p>\n<p><a href=\"https:\/\/cat.eduroam.org\/\" target=\"_blank\" rel=\"noopener\">Instalador EDUROAM<\/a><\/p>\n<p><a href=\"https:\/\/www.agtic.ufpr.br\/portal\/csi\/wp-content\/uploads\/sites\/3\/2020\/05\/manual-eduroam-windows-7-ou-8-1.pdf\" target=\"_blank\" rel=\"noopener noreferrer\">Manual para Windows 7 ou 8<\/a><\/p>\n<p><a href=\"https:\/\/www.agtic.ufpr.br\/portal\/csi\/wp-content\/uploads\/sites\/3\/2020\/05\/manual-eduroam-linux-ubuntu-1.pdf\" target=\"_blank\" rel=\"noopener noreferrer\">Manual para Linux (Ubuntu)<\/a><\/p>\n","protected":false},"excerpt":{"rendered":"<p>UFPR Sem Fio Atualmente o Campus em Jandaia do Sul conta com a rede UFPR Sem Fio que oferece acesso \u00e0 Internet a comunidade universit\u00e1ria. [&hellip;]<\/p>\n","protected":false},"author":3618,"featured_media":0,"parent":0,"menu_order":0,"comment_status":"closed","ping_status":"closed","template":"","meta":{"_acf_changed":false,"footnotes":""},"class_list":["post-23","page","type-page","status-publish","hentry"],"acf":[],"_links":{"self":[{"href":"https:\/\/jandaiadosul.ufpr.br\/sti\/wp-json\/wp\/v2\/pages\/23","targetHints":{"allow":["GET"]}}],"collection":[{"href":"https:\/\/jandaiadosul.ufpr.br\/sti\/wp-json\/wp\/v2\/pages"}],"about":[{"href":"https:\/\/jandaiadosul.ufpr.br\/sti\/wp-json\/wp\/v2\/types\/page"}],"author":[{"embeddable":true,"href":"https:\/\/jandaiadosul.ufpr.br\/sti\/wp-json\/wp\/v2\/users\/3618"}],"replies":[{"embeddable":true,"href":"https:\/\/jandaiadosul.ufpr.br\/sti\/wp-json\/wp\/v2\/comments?post=23"}],"version-history":[{"count":13,"href":"https:\/\/jandaiadosul.ufpr.br\/sti\/wp-json\/wp\/v2\/pages\/23\/revisions"}],"predecessor-version":[{"id":210,"href":"https:\/\/jandaiadosul.ufpr.br\/sti\/wp-json\/wp\/v2\/pages\/23\/revisions\/210"}],"wp:attachment":[{"href":"https:\/\/jandaiadosul.ufpr.br\/sti\/wp-json\/wp\/v2\/media?parent=23"}],"curies":[{"name":"wp","href":"https:\/\/api.w.org\/{rel}","templated":true}]}}