{"id":2,"date":"2022-07-21T11:05:51","date_gmt":"2022-07-21T14:05:51","guid":{"rendered":"http:\/\/sti.jandaiadosul.ufpr.br\/?page_id=2"},"modified":"2026-04-16T11:46:40","modified_gmt":"2026-04-16T14:46:40","slug":"pagina-exemplo","status":"publish","type":"page","link":"https:\/\/jandaiadosul.ufpr.br\/sti\/","title":{"rendered":"Se\u00e7\u00e3o da Tecnologia da Informa\u00e7\u00e3o"},"content":{"rendered":"<p style=\"color: #555; line-height: 1.7;\">A Se\u00e7\u00e3o de Tecnologia da Informa\u00e7\u00e3o (STI) do Campus Avan\u00e7ado de Jandaia do Sul \u00e9 respons\u00e1vel pelo suporte t\u00e9cnico, manuten\u00e7\u00e3o da infraestrutura de rede e apoio aos servidores, docentes e discentes em todas as demandas tecnol\u00f3gicas do campus.<\/p>\n<p style=\"color: #555; line-height: 1.7;\">Entre as principais atribui\u00e7\u00f5es da se\u00e7\u00e3o est\u00e3o:<\/p>\n<ul style=\"color: #555; line-height: 1.8;\">\n<li>Cria\u00e7\u00e3o e manuten\u00e7\u00e3o de sistemas<\/li>\n<li>Suporte t\u00e9cnico a computadores, notebooks e equipamentos;<\/li>\n<li>Manuten\u00e7\u00e3o da rede cabeada e Wi-Fi do campus;<\/li>\n<li>Atendimento e manuten\u00e7\u00e3o dos laborat\u00f3rios de inform\u00e1tica;<\/li>\n<li>Cria\u00e7\u00e3o e administra\u00e7\u00e3o de subsites institucionais;<\/li>\n<li>Suporte a impressoras e servi\u00e7os de impress\u00e3o;<\/li>\n<li>Apoio aos servi\u00e7os da UFPR.<\/li>\n<\/ul>\n<p>&nbsp;<\/p>\n<div style=\"display: grid; grid-template-columns: 1fr 1fr; gap: 14px; margin: 24px 0;\">\n<div style=\"border: 1px solid #e0e0e0; border-radius: 12px; padding: 18px 20px; background: #fff;\">\n<p style=\"font-size: 12px; text-transform: uppercase; letter-spacing: 0.5px; color: #888; margin: 0 0 8px; font-weight: 500;\">Localiza\u00e7\u00e3o<\/p>\n<p style=\"font-size: 16px; color: #222; margin: 0 0 4px; font-weight: 500;\">Sala A-305<\/p>\n<p style=\"font-size: 14px; color: #555; margin: 0; line-height: 1.5;\">Bloco A, Campus Avan\u00e7ado da UFPR em Jandaia do Sul<\/p>\n<\/div>\n<div style=\"border: 1px solid #e0e0e0; border-radius: 12px; padding: 18px 20px; background: #fff;\">\n<p style=\"font-size: 12px; text-transform: uppercase; letter-spacing: 0.5px; color: #888; margin: 0 0 8px; font-weight: 500;\">Hor\u00e1rio de atendimento<\/p>\n<p style=\"font-size: 16px; color: #222; margin: 0 0 4px; font-weight: 500;\">Segunda a sexta<\/p>\n<p style=\"font-size: 14px; color: #555; margin: 0; line-height: 1.5;\">Das 08:00 \u00e0s 17:30<\/p>\n<\/div>\n<\/div>\n<div style=\"display: grid; grid-template-columns: 1fr 1fr; gap: 12px; margin-bottom: 20px;\">\n<div style=\"border: 1px solid #e0e0e0; border-radius: 12px; padding: 16px 18px; background: #fff;\">\n<div style=\"display: flex; align-items: center; gap: 12px; margin-bottom: 12px;\">\n<div style=\"width: 40px; height: 40px; border-radius: 50%; background: #E6F1FB; display: flex; align-items: center; justify-content: center; font-weight: 500; font-size: 13px; color: #0c447c;\">FG<\/div>\n<div>\n<p style=\"font-weight: 500; font-size: 14px; margin: 0;\">Fabio Antonio Gabriel<\/p>\n<p style=\"font-size: 12px; color: #888; margin: 0;\">Chefe da se\u00e7\u00e3o<\/p>\n<\/div>\n<\/div>\n<p style=\"font-size: 13px; color: #555; margin: 0 0 4px;\">T\u00e9cnico de Tecnologia da Informa\u00e7\u00e3o<\/p>\n<p><a style=\"font-size: 13px;\" href=\"mailto:fabio.gabriel@ufpr.br\">fabio.gabriel@ufpr.br<\/a><\/p>\n<\/div>\n<div style=\"border: 1px solid #e0e0e0; border-radius: 12px; padding: 16px 18px; background: #fff;\">\n<div style=\"display: flex; align-items: center; gap: 12px; margin-bottom: 12px;\">\n<div style=\"width: 40px; height: 40px; border-radius: 50%; background: #E1F5EE; display: flex; align-items: center; justify-content: center; font-weight: 500; font-size: 13px; color: #085041;\">MB<\/div>\n<div>\n<p style=\"font-weight: 500; font-size: 14px; margin: 0;\">Marcus Vinicius Bertoncello<\/p>\n<p style=\"font-size: 12px; color: #888; margin: 0;\">Semipresencial<\/p>\n<\/div>\n<\/div>\n<p style=\"font-size: 13px; color: #555; margin: 0 0 4px;\">Analista de Tecnologia da Informa\u00e7\u00e3o<\/p>\n<p><a style=\"font-size: 13px;\" href=\"mailto:marcusbertoncello@ufpr.br\">marcusbertoncello@ufpr.br<\/a><\/p>\n<\/div>\n<\/div>\n","protected":false},"excerpt":{"rendered":"<p>A Se\u00e7\u00e3o de Tecnologia da Informa\u00e7\u00e3o (STI) do Campus Avan\u00e7ado de Jandaia do Sul \u00e9 respons\u00e1vel pelo suporte t\u00e9cnico, manuten\u00e7\u00e3o da infraestrutura de rede e [&hellip;]<\/p>\n","protected":false},"author":3618,"featured_media":164,"parent":0,"menu_order":0,"comment_status":"closed","ping_status":"open","template":"","meta":{"_acf_changed":false,"footnotes":""},"class_list":["post-2","page","type-page","status-publish","has-post-thumbnail","hentry"],"acf":[],"_links":{"self":[{"href":"https:\/\/jandaiadosul.ufpr.br\/sti\/wp-json\/wp\/v2\/pages\/2","targetHints":{"allow":["GET"]}}],"collection":[{"href":"https:\/\/jandaiadosul.ufpr.br\/sti\/wp-json\/wp\/v2\/pages"}],"about":[{"href":"https:\/\/jandaiadosul.ufpr.br\/sti\/wp-json\/wp\/v2\/types\/page"}],"author":[{"embeddable":true,"href":"https:\/\/jandaiadosul.ufpr.br\/sti\/wp-json\/wp\/v2\/users\/3618"}],"replies":[{"embeddable":true,"href":"https:\/\/jandaiadosul.ufpr.br\/sti\/wp-json\/wp\/v2\/comments?post=2"}],"version-history":[{"count":39,"href":"https:\/\/jandaiadosul.ufpr.br\/sti\/wp-json\/wp\/v2\/pages\/2\/revisions"}],"predecessor-version":[{"id":403,"href":"https:\/\/jandaiadosul.ufpr.br\/sti\/wp-json\/wp\/v2\/pages\/2\/revisions\/403"}],"wp:featuredmedia":[{"embeddable":true,"href":"https:\/\/jandaiadosul.ufpr.br\/sti\/wp-json\/wp\/v2\/media\/164"}],"wp:attachment":[{"href":"https:\/\/jandaiadosul.ufpr.br\/sti\/wp-json\/wp\/v2\/media?parent=2"}],"curies":[{"name":"wp","href":"https:\/\/api.w.org\/{rel}","templated":true}]}}