{"id":44,"date":"2022-09-16T10:26:53","date_gmt":"2022-09-16T13:26:53","guid":{"rendered":"https:\/\/jandaiadosul.ufpr.br\/slac\/?page_id=44"},"modified":"2023-01-04T10:17:22","modified_gmt":"2023-01-04T13:17:22","slug":"laboratorio-de-tecnologia-de-produtos-de-origem-vegetal-sala-b103","status":"publish","type":"page","link":"https:\/\/jandaiadosul.ufpr.br\/slac\/laboratorio-de-tecnologia-de-produtos-de-origem-vegetal-sala-b103\/","title":{"rendered":"Laborat\u00f3rio de Tecnologia de Produtos de Origem Vegetal (Sala B103)"},"content":{"rendered":"\t\t<div data-elementor-type=\"wp-page\" data-elementor-id=\"44\" class=\"elementor elementor-44\">\n\t\t\t\t\t\t<section class=\"elementor-section elementor-top-section elementor-element elementor-element-977b9ce elementor-section-boxed elementor-section-height-default elementor-section-height-default\" data-id=\"977b9ce\" data-element_type=\"section\" data-e-type=\"section\">\n\t\t\t\t\t\t<div class=\"elementor-container elementor-column-gap-default\">\n\t\t\t\t\t<div class=\"elementor-column elementor-col-50 elementor-top-column elementor-element elementor-element-0a7e499\" data-id=\"0a7e499\" data-element_type=\"column\" data-e-type=\"column\">\n\t\t\t<div class=\"elementor-widget-wrap elementor-element-populated\">\n\t\t\t\t\t\t<div class=\"elementor-element elementor-element-0bf160a elementor-widget elementor-widget-image\" data-id=\"0bf160a\" data-element_type=\"widget\" data-e-type=\"widget\" data-widget_type=\"image.default\">\n\t\t\t\t<div class=\"elementor-widget-container\">\n\t\t\t\t\t\t\t\t\t\t\t\t\t\t\t<img fetchpriority=\"high\" decoding=\"async\" width=\"300\" height=\"224\" src=\"https:\/\/jandaiadosul.ufpr.br\/slac\/wp-content\/uploads\/sites\/20\/2022\/09\/whatsapp-image-2022-09-21-at-13-34-53-300x224.jpeg\" class=\"attachment-medium size-medium wp-image-668\" alt=\"\" srcset=\"https:\/\/jandaiadosul.ufpr.br\/slac\/wp-content\/uploads\/sites\/20\/2022\/09\/whatsapp-image-2022-09-21-at-13-34-53-300x224.jpeg 300w, https:\/\/jandaiadosul.ufpr.br\/slac\/wp-content\/uploads\/sites\/20\/2022\/09\/whatsapp-image-2022-09-21-at-13-34-53-1024x766.jpeg 1024w, https:\/\/jandaiadosul.ufpr.br\/slac\/wp-content\/uploads\/sites\/20\/2022\/09\/whatsapp-image-2022-09-21-at-13-34-53-768x574.jpeg 768w, https:\/\/jandaiadosul.ufpr.br\/slac\/wp-content\/uploads\/sites\/20\/2022\/09\/whatsapp-image-2022-09-21-at-13-34-53-131x98.jpeg 131w, https:\/\/jandaiadosul.ufpr.br\/slac\/wp-content\/uploads\/sites\/20\/2022\/09\/whatsapp-image-2022-09-21-at-13-34-53-75x57.jpeg 75w, https:\/\/jandaiadosul.ufpr.br\/slac\/wp-content\/uploads\/sites\/20\/2022\/09\/whatsapp-image-2022-09-21-at-13-34-53-600x450.jpeg 600w, https:\/\/jandaiadosul.ufpr.br\/slac\/wp-content\/uploads\/sites\/20\/2022\/09\/whatsapp-image-2022-09-21-at-13-34-53.jpeg 1280w\" sizes=\"(max-width: 300px) 100vw, 300px\" \/>\t\t\t\t\t\t\t\t\t\t\t\t\t\t\t<\/div>\n\t\t\t\t<\/div>\n\t\t\t\t\t<\/div>\n\t\t<\/div>\n\t\t\t\t<div class=\"elementor-column elementor-col-50 elementor-top-column elementor-element elementor-element-1b6f309\" data-id=\"1b6f309\" data-element_type=\"column\" data-e-type=\"column\">\n\t\t\t<div class=\"elementor-widget-wrap elementor-element-populated\">\n\t\t\t\t\t\t<div class=\"elementor-element elementor-element-d9b9a05 elementor-widget elementor-widget-image\" data-id=\"d9b9a05\" data-element_type=\"widget\" data-e-type=\"widget\" data-widget_type=\"image.default\">\n\t\t\t\t<div class=\"elementor-widget-container\">\n\t\t\t\t\t\t\t\t\t\t\t\t\t\t\t<img decoding=\"async\" width=\"300\" height=\"224\" src=\"https:\/\/jandaiadosul.ufpr.br\/slac\/wp-content\/uploads\/sites\/20\/2022\/09\/whatsapp-image-2022-09-21-at-13-34-52-300x224.jpeg\" class=\"attachment-medium size-medium wp-image-667\" alt=\"\" srcset=\"https:\/\/jandaiadosul.ufpr.br\/slac\/wp-content\/uploads\/sites\/20\/2022\/09\/whatsapp-image-2022-09-21-at-13-34-52-300x224.jpeg 300w, https:\/\/jandaiadosul.ufpr.br\/slac\/wp-content\/uploads\/sites\/20\/2022\/09\/whatsapp-image-2022-09-21-at-13-34-52-1024x766.jpeg 1024w, https:\/\/jandaiadosul.ufpr.br\/slac\/wp-content\/uploads\/sites\/20\/2022\/09\/whatsapp-image-2022-09-21-at-13-34-52-768x574.jpeg 768w, https:\/\/jandaiadosul.ufpr.br\/slac\/wp-content\/uploads\/sites\/20\/2022\/09\/whatsapp-image-2022-09-21-at-13-34-52-131x98.jpeg 131w, https:\/\/jandaiadosul.ufpr.br\/slac\/wp-content\/uploads\/sites\/20\/2022\/09\/whatsapp-image-2022-09-21-at-13-34-52-75x57.jpeg 75w, https:\/\/jandaiadosul.ufpr.br\/slac\/wp-content\/uploads\/sites\/20\/2022\/09\/whatsapp-image-2022-09-21-at-13-34-52-600x450.jpeg 600w, https:\/\/jandaiadosul.ufpr.br\/slac\/wp-content\/uploads\/sites\/20\/2022\/09\/whatsapp-image-2022-09-21-at-13-34-52.jpeg 1280w\" sizes=\"(max-width: 300px) 100vw, 300px\" \/>\t\t\t\t\t\t\t\t\t\t\t\t\t\t\t<\/div>\n\t\t\t\t<\/div>\n\t\t\t\t\t<\/div>\n\t\t<\/div>\n\t\t\t\t\t<\/div>\n\t\t<\/section>\n\t\t\t\t<section class=\"elementor-section elementor-top-section elementor-element elementor-element-1bea84e6 elementor-section-boxed elementor-section-height-default elementor-section-height-default\" data-id=\"1bea84e6\" data-element_type=\"section\" data-e-type=\"section\">\n\t\t\t\t\t\t<div class=\"elementor-container elementor-column-gap-default\">\n\t\t\t\t\t<div class=\"elementor-column elementor-col-100 elementor-top-column elementor-element elementor-element-6f7b92d3\" data-id=\"6f7b92d3\" data-element_type=\"column\" data-e-type=\"column\">\n\t\t\t<div class=\"elementor-widget-wrap elementor-element-populated\">\n\t\t\t\t\t\t<div class=\"elementor-element elementor-element-a9a057 elementor-widget elementor-widget-text-editor\" data-id=\"a9a057\" data-element_type=\"widget\" data-e-type=\"widget\" data-widget_type=\"text-editor.default\">\n\t\t\t\t<div class=\"elementor-widget-container\">\n\t\t\t\t\t\t\t\t\t<p>\u00a0<\/p><p><span style=\"font-family: arial, helvetica, sans-serif;font-size: 12pt;color: #000000\"><b>As vidrarias deste laborat\u00f3rio est\u00e3o identificadas na cor<span style=\"color: #800080\"> <span style=\"color: #ff7f50\">coral\/salm\u00e3o <span style=\"color: #000000\">e s\u00e3o exclusivamente de uso para alimentos.<\/span><\/span><\/span><\/b><\/span><span style=\"font-family: arial, helvetica, sans-serif;font-size: 12pt;color: #000000\"><br \/><\/span><\/p><p><span style=\"font-family: arial, helvetica, sans-serif;font-size: 12pt;color: #000000\"><b>Disponibilidade de Equipamentos:<\/b><\/span><\/p><table style=\"height: 266px;width: 93.7446%;border-color: #ffffff;background-color: #ffffff;border-style: hidden\"><tbody><tr style=\"height: 24px\"><td style=\"height: 24px;width: 53.1678%\"><span style=\"font-family: arial, helvetica, sans-serif;color: #000000;font-size: 12pt\">Autoclave para alimentos<\/span><\/td><td style=\"height: 24px;width: 92.2101%\"><span style=\"font-family: arial, helvetica, sans-serif;color: #000000\">Fog\u00e3o industrial<\/span><\/td><\/tr><tr style=\"height: 24px;border-color: #ffffff;background-color: #ffffff\"><td style=\"height: 24px;width: 53.1678%\"><span style=\"font-family: arial, helvetica, sans-serif;color: #000000;font-size: 12pt\">Balan\u00e7a determinadora de umidade<\/span><\/td><td style=\"height: 24px;width: 92.2101%\"><span style=\"font-family: arial, helvetica, sans-serif;color: #000000;font-size: 12pt\">Forno el\u00e9trico<\/span><\/td><\/tr><tr style=\"height: 24px\"><td style=\"height: 24px;width: 53.1678%\"><span style=\"font-family: arial, helvetica, sans-serif;color: #000000;font-size: 12pt\">Balan\u00e7a semianal\u00edtica<\/span><\/td><td style=\"height: 24px;width: 92.2101%\"><span style=\"font-family: arial, helvetica, sans-serif;color: #000000;font-size: 12pt\">Freezer<\/span><\/td><\/tr><tr style=\"height: 24px;border-color: #ffffff;background-color: #ffffff\"><td style=\"height: 24px;width: 53.1678%\"><span style=\"font-family: arial, helvetica, sans-serif;color: #000000;font-size: 12pt\">Banho-maria<\/span><\/td><td style=\"height: 24px;width: 92.2101%\"><span style=\"font-family: arial, helvetica, sans-serif;color: #000000;font-size: 12pt\">Geladeira<\/span><\/td><\/tr><tr style=\"height: 24px\"><td style=\"height: 24px;width: 53.1678%\"><span style=\"font-family: arial, helvetica, sans-serif;color: #000000\">Batedeiras<\/span><\/td><td style=\"height: 24px;width: 92.2101%\"><span style=\"font-family: arial, helvetica, sans-serif;color: #000000;font-size: 12pt\">Incubadora BOD<\/span><\/td><\/tr><tr style=\"height: 24px;border-color: #ffffff;background-color: #ffffff\"><td style=\"height: 24px;width: 53.1678%\"><span style=\"font-family: arial, helvetica, sans-serif;color: #000000\">C\u00e2mara de controle de fermenta\u00e7\u00e3o<\/span><\/td><td style=\"height: 24px;width: 92.2101%\"><span style=\"font-family: arial, helvetica, sans-serif;color: #000000\">Laminadora de massa<\/span><\/td><\/tr><tr style=\"height: 24px\"><td style=\"height: 24px;width: 53.1678%\"><span style=\"font-family: arial, helvetica, sans-serif;color: #000000\">Centr\u00edfuga de alimentos<\/span><\/td><td style=\"height: 24px;width: 92.2101%\"><span style=\"font-family: arial, helvetica, sans-serif;color: #000000\">Liquidificadores<\/span><\/td><\/tr><tr style=\"height: 24px;border-color: #ffffff;background-color: #ffffff\"><td style=\"height: 24px;width: 53.1678%\"><span style=\"font-family: arial, helvetica, sans-serif;color: #000000\">Despolpadeira<\/span><\/td><td style=\"height: 24px;width: 92.2101%\"><span style=\"font-family: arial, helvetica, sans-serif;color: #000000\">Micro-ondas<\/span><\/td><\/tr><tr style=\"height: 24px\"><td style=\"height: 26px;width: 53.1678%\"><span style=\"font-family: arial, helvetica, sans-serif;color: #000000\">Estufa de secagem<\/span><\/td><td style=\"height: 24px;width: 92.2101%\"><span style=\"font-family: arial, helvetica, sans-serif;color: #000000\">Moinho de facas<\/span><\/td><\/tr><tr style=\"height: 24px;border-color: #ffffff;background-color: #ffffff\"><td style=\"height: 24px;width: 53.1678%\"><span style=\"font-family: arial, helvetica, sans-serif;color: #000000\">Embaladora a v\u00e1cuo<\/span><\/td><td style=\"height: 26px;width: 92.2101%\"><span style=\"font-family: arial, helvetica, sans-serif;color: #000000\">Multiprocessador de alimento<\/span><\/td><\/tr><tr style=\"height: 24px;border-color: #ffffff;background-color: #ffffff\"><td style=\"height: 24px;width: 53.1678%\"><span style=\"font-family: arial, helvetica, sans-serif;color: #000000\">Extrator de suco de frutas<\/span><\/td><td style=\"height: 26px;width: 92.2101%\"><span style=\"font-family: arial, helvetica, sans-serif;color: #000000\">PHmetro<\/span><\/td><\/tr><tr style=\"height: 24px;background-color: #ffffff\"><td style=\"height: 24px;width: 53.1678%\"><span style=\"font-family: arial, helvetica, sans-serif;color: #000000\">Fog\u00e3o el\u00e9trico\u00a0<\/span><\/td><td style=\"height: 24px;width: 92.2101%\"><span style=\"font-family: arial, helvetica, sans-serif;color: #000000\">Refrat\u00f4metros<\/span><\/td><\/tr><\/tbody><\/table><p><span style=\"color: #000000\"><em>* Para o uso do espa\u00e7o e dos materiais do laborat\u00f3rio, entrar em contato com prof.\/profa. respons\u00e1vel.<\/em><\/span><\/p>\t\t\t\t\t\t\t\t<\/div>\n\t\t\t\t<\/div>\n\t\t\t\t\t<\/div>\n\t\t<\/div>\n\t\t\t\t\t<\/div>\n\t\t<\/section>\n\t\t\t\t<section class=\"elementor-section elementor-top-section elementor-element elementor-element-069ec70 elementor-section-boxed elementor-section-height-default elementor-section-height-default\" data-id=\"069ec70\" data-element_type=\"section\" data-e-type=\"section\">\n\t\t\t\t\t\t<div class=\"elementor-container elementor-column-gap-default\">\n\t\t\t\t\t<div class=\"elementor-column elementor-col-100 elementor-top-column elementor-element elementor-element-2644fb7\" data-id=\"2644fb7\" data-element_type=\"column\" data-e-type=\"column\">\n\t\t\t<div class=\"elementor-widget-wrap elementor-element-populated\">\n\t\t\t\t\t\t<div class=\"elementor-element elementor-element-5c1988a elementor-align-right elementor-widget elementor-widget-button\" data-id=\"5c1988a\" data-element_type=\"widget\" data-e-type=\"widget\" data-widget_type=\"button.default\">\n\t\t\t\t<div class=\"elementor-widget-container\">\n\t\t\t\t\t\t\t\t\t<div class=\"elementor-button-wrapper\">\n\t\t\t\t\t<a class=\"elementor-button elementor-button-link elementor-size-xs\" href=\"#\">\n\t\t\t\t\t\t<span class=\"elementor-button-content-wrapper\">\n\t\t\t\t\t\t<span class=\"elementor-button-icon\">\n\t\t\t\t<i aria-hidden=\"true\" class=\"far fa-caret-square-up\"><\/i>\t\t\t<\/span>\n\t\t\t\t\t\t\t\t<\/span>\n\t\t\t\t\t<\/a>\n\t\t\t\t<\/div>\n\t\t\t\t\t\t\t\t<\/div>\n\t\t\t\t<\/div>\n\t\t\t\t\t<\/div>\n\t\t<\/div>\n\t\t\t\t\t<\/div>\n\t\t<\/section>\n\t\t\t\t<\/div>\n\t\t","protected":false},"excerpt":{"rendered":"<p>\/*! elementor &#8211; v3.7.7 &#8211; 20-09-2022 *\/ .elementor-widget-image{text-align:center}.elementor-widget-image a{display:inline-block}.elementor-widget-image a img[src$=&#8221;.svg&#8221;]{width:48px}.elementor-widget-image img{vertical-align:middle;display:inline-block} \u00a0 As vidrarias deste laborat\u00f3rio est\u00e3o identificadas na cor coral\/salm\u00e3o e s\u00e3o exclusivamente [&hellip;]<\/p>\n","protected":false},"author":3649,"featured_media":0,"parent":0,"menu_order":0,"comment_status":"closed","ping_status":"closed","template":"","meta":{"_acf_changed":false,"footnotes":""},"class_list":["post-44","page","type-page","status-publish","hentry"],"acf":[],"_links":{"self":[{"href":"https:\/\/jandaiadosul.ufpr.br\/slac\/wp-json\/wp\/v2\/pages\/44","targetHints":{"allow":["GET"]}}],"collection":[{"href":"https:\/\/jandaiadosul.ufpr.br\/slac\/wp-json\/wp\/v2\/pages"}],"about":[{"href":"https:\/\/jandaiadosul.ufpr.br\/slac\/wp-json\/wp\/v2\/types\/page"}],"author":[{"embeddable":true,"href":"https:\/\/jandaiadosul.ufpr.br\/slac\/wp-json\/wp\/v2\/users\/3649"}],"replies":[{"embeddable":true,"href":"https:\/\/jandaiadosul.ufpr.br\/slac\/wp-json\/wp\/v2\/comments?post=44"}],"version-history":[{"count":141,"href":"https:\/\/jandaiadosul.ufpr.br\/slac\/wp-json\/wp\/v2\/pages\/44\/revisions"}],"predecessor-version":[{"id":1839,"href":"https:\/\/jandaiadosul.ufpr.br\/slac\/wp-json\/wp\/v2\/pages\/44\/revisions\/1839"}],"wp:attachment":[{"href":"https:\/\/jandaiadosul.ufpr.br\/slac\/wp-json\/wp\/v2\/media?parent=44"}],"curies":[{"name":"wp","href":"https:\/\/api.w.org\/{rel}","templated":true}]}}