{"id":30,"date":"2022-09-15T10:10:17","date_gmt":"2022-09-15T13:10:17","guid":{"rendered":"https:\/\/jandaiadosul.ufpr.br\/slac\/?page_id=30"},"modified":"2023-01-04T10:11:14","modified_gmt":"2023-01-04T13:11:14","slug":"lamodi-sala-b106","status":"publish","type":"page","link":"https:\/\/jandaiadosul.ufpr.br\/slac\/lamodi-sala-b106\/","title":{"rendered":"Laborat\u00f3rio de M\u00f3dulos Did\u00e1ticos (LAMODI) &#8211; Opera\u00e7\u00f5es Unit\u00e1rias e Fen\u00f4menos de Transporte (Sala B106)"},"content":{"rendered":"\t\t<div data-elementor-type=\"wp-page\" data-elementor-id=\"30\" class=\"elementor elementor-30\">\n\t\t\t\t\t\t<section class=\"elementor-section elementor-top-section elementor-element elementor-element-f9b77df elementor-section-boxed elementor-section-height-default elementor-section-height-default\" data-id=\"f9b77df\" data-element_type=\"section\" data-e-type=\"section\">\n\t\t\t\t\t\t<div class=\"elementor-container elementor-column-gap-default\">\n\t\t\t\t\t<div class=\"elementor-column elementor-col-50 elementor-top-column elementor-element elementor-element-8d2f43b\" data-id=\"8d2f43b\" data-element_type=\"column\" data-e-type=\"column\">\n\t\t\t<div class=\"elementor-widget-wrap elementor-element-populated\">\n\t\t\t\t\t\t<div class=\"elementor-element elementor-element-b3e60b1 elementor-widget elementor-widget-image\" data-id=\"b3e60b1\" data-element_type=\"widget\" data-e-type=\"widget\" data-widget_type=\"image.default\">\n\t\t\t\t<div class=\"elementor-widget-container\">\n\t\t\t\t\t\t\t\t\t\t\t\t\t\t\t<img fetchpriority=\"high\" decoding=\"async\" width=\"300\" height=\"225\" src=\"https:\/\/jandaiadosul.ufpr.br\/slac\/wp-content\/uploads\/sites\/20\/2022\/09\/whatsapp-image-2022-09-21-at-13-34-58-1-1-300x225.jpeg\" class=\"attachment-medium size-medium wp-image-635\" alt=\"\" srcset=\"https:\/\/jandaiadosul.ufpr.br\/slac\/wp-content\/uploads\/sites\/20\/2022\/09\/whatsapp-image-2022-09-21-at-13-34-58-1-1-300x225.jpeg 300w, https:\/\/jandaiadosul.ufpr.br\/slac\/wp-content\/uploads\/sites\/20\/2022\/09\/whatsapp-image-2022-09-21-at-13-34-58-1-1-1024x768.jpeg 1024w, https:\/\/jandaiadosul.ufpr.br\/slac\/wp-content\/uploads\/sites\/20\/2022\/09\/whatsapp-image-2022-09-21-at-13-34-58-1-1-768x576.jpeg 768w, https:\/\/jandaiadosul.ufpr.br\/slac\/wp-content\/uploads\/sites\/20\/2022\/09\/whatsapp-image-2022-09-21-at-13-34-58-1-1-1536x1152.jpeg 1536w, https:\/\/jandaiadosul.ufpr.br\/slac\/wp-content\/uploads\/sites\/20\/2022\/09\/whatsapp-image-2022-09-21-at-13-34-58-1-1-131x98.jpeg 131w, https:\/\/jandaiadosul.ufpr.br\/slac\/wp-content\/uploads\/sites\/20\/2022\/09\/whatsapp-image-2022-09-21-at-13-34-58-1-1-75x57.jpeg 75w, https:\/\/jandaiadosul.ufpr.br\/slac\/wp-content\/uploads\/sites\/20\/2022\/09\/whatsapp-image-2022-09-21-at-13-34-58-1-1-600x450.jpeg 600w, https:\/\/jandaiadosul.ufpr.br\/slac\/wp-content\/uploads\/sites\/20\/2022\/09\/whatsapp-image-2022-09-21-at-13-34-58-1-1.jpeg 1600w\" sizes=\"(max-width: 300px) 100vw, 300px\" \/>\t\t\t\t\t\t\t\t\t\t\t\t\t\t\t<\/div>\n\t\t\t\t<\/div>\n\t\t\t\t\t<\/div>\n\t\t<\/div>\n\t\t\t\t<div class=\"elementor-column elementor-col-50 elementor-top-column elementor-element elementor-element-6110810\" data-id=\"6110810\" data-element_type=\"column\" data-e-type=\"column\">\n\t\t\t<div class=\"elementor-widget-wrap elementor-element-populated\">\n\t\t\t\t\t\t<div class=\"elementor-element elementor-element-9ebeaad elementor-widget elementor-widget-image\" data-id=\"9ebeaad\" data-element_type=\"widget\" data-e-type=\"widget\" data-widget_type=\"image.default\">\n\t\t\t\t<div class=\"elementor-widget-container\">\n\t\t\t\t\t\t\t\t\t\t\t\t\t\t\t<img decoding=\"async\" width=\"300\" height=\"224\" src=\"https:\/\/jandaiadosul.ufpr.br\/slac\/wp-content\/uploads\/sites\/20\/2022\/09\/whatsapp-image-2022-09-21-at-13-34-58-300x224.jpeg\" class=\"attachment-medium size-medium wp-image-633\" alt=\"\" srcset=\"https:\/\/jandaiadosul.ufpr.br\/slac\/wp-content\/uploads\/sites\/20\/2022\/09\/whatsapp-image-2022-09-21-at-13-34-58-300x224.jpeg 300w, https:\/\/jandaiadosul.ufpr.br\/slac\/wp-content\/uploads\/sites\/20\/2022\/09\/whatsapp-image-2022-09-21-at-13-34-58-1024x765.jpeg 1024w, https:\/\/jandaiadosul.ufpr.br\/slac\/wp-content\/uploads\/sites\/20\/2022\/09\/whatsapp-image-2022-09-21-at-13-34-58-768x574.jpeg 768w, https:\/\/jandaiadosul.ufpr.br\/slac\/wp-content\/uploads\/sites\/20\/2022\/09\/whatsapp-image-2022-09-21-at-13-34-58-1536x1148.jpeg 1536w, https:\/\/jandaiadosul.ufpr.br\/slac\/wp-content\/uploads\/sites\/20\/2022\/09\/whatsapp-image-2022-09-21-at-13-34-58-131x98.jpeg 131w, https:\/\/jandaiadosul.ufpr.br\/slac\/wp-content\/uploads\/sites\/20\/2022\/09\/whatsapp-image-2022-09-21-at-13-34-58-75x57.jpeg 75w, https:\/\/jandaiadosul.ufpr.br\/slac\/wp-content\/uploads\/sites\/20\/2022\/09\/whatsapp-image-2022-09-21-at-13-34-58-600x450.jpeg 600w, https:\/\/jandaiadosul.ufpr.br\/slac\/wp-content\/uploads\/sites\/20\/2022\/09\/whatsapp-image-2022-09-21-at-13-34-58.jpeg 1600w\" sizes=\"(max-width: 300px) 100vw, 300px\" \/>\t\t\t\t\t\t\t\t\t\t\t\t\t\t\t<\/div>\n\t\t\t\t<\/div>\n\t\t\t\t\t<\/div>\n\t\t<\/div>\n\t\t\t\t\t<\/div>\n\t\t<\/section>\n\t\t\t\t<section class=\"elementor-section elementor-top-section elementor-element elementor-element-83c2002 elementor-section-boxed elementor-section-height-default elementor-section-height-default\" data-id=\"83c2002\" data-element_type=\"section\" data-e-type=\"section\">\n\t\t\t\t\t\t<div class=\"elementor-container elementor-column-gap-default\">\n\t\t\t\t\t<div class=\"elementor-column elementor-col-100 elementor-top-column elementor-element elementor-element-e5e5130\" data-id=\"e5e5130\" data-element_type=\"column\" data-e-type=\"column\">\n\t\t\t<div class=\"elementor-widget-wrap elementor-element-populated\">\n\t\t\t\t\t\t<div class=\"elementor-element elementor-element-cca4095 elementor-widget elementor-widget-text-editor\" data-id=\"cca4095\" data-element_type=\"widget\" data-e-type=\"widget\" data-widget_type=\"text-editor.default\">\n\t\t\t\t<div class=\"elementor-widget-container\">\n\t\t\t\t\t\t\t\t\t<p>\u00a0<\/p><p><b style=\"color: #000000;font-family: arial, helvetica, sans-serif;font-size: 12pt\">As vidrarias deste laborat\u00f3rio est\u00e3o identificadas na cor<span style=\"color: #3366ff\"> azul.<\/span><\/b><\/p><p><b style=\"color: #000000;font-family: arial, helvetica, sans-serif;font-size: 12pt\">Disponibilidade de Equipamentos e Bancadas Did\u00e1ticas:<\/b><\/p><table style=\"width: 100%;border-collapse: collapse;border-style: hidden;background-color: #ffffff\"><tbody><tr><td style=\"width: 100%\"><span style=\"font-family: arial, helvetica, sans-serif;font-size: 12pt;color: #000000\">Agitador de Peneiras Eletromagn\u00e9tico e Peneiras de malhas variadas para Alimentos<\/span><\/td><\/tr><tr style=\"background-color: #ffffff\"><td style=\"width: 100%\"><span style=\"font-family: arial, helvetica, sans-serif;font-size: 12pt;color: #000000\">Balan\u00e7a semianal\u00edtica<\/span><\/td><\/tr><tr><td style=\"width: 100%\"><span style=\"font-family: arial, helvetica, sans-serif;font-size: 12pt;color: #000000\">Adsor\u00e7\u00e3o Sistema S\u00f3lido &#8211; G\u00e1s: Coluna de Fisissor\u00e7\u00e3o e Quimissor\u00e7\u00e3o<\/span><\/td><\/tr><tr style=\"background-color: #ffffff\"><td style=\"width: 100%\"><span style=\"color: #000000\"><span style=\"font-family: arial, helvetica, sans-serif;font-size: 12pt\">Associa\u00e7\u00e3o de Bombas<\/span><span style=\"font-family: arial, helvetica, sans-serif;font-size: 12pt\"><br \/><\/span><\/span><\/td><\/tr><tr style=\"background-color: #ffffff\"><td style=\"width: 100%\"><span style=\"font-family: arial, helvetica, sans-serif;font-size: 12pt;color: #000000\">Difus\u00e3o Molecular em Gases: C\u00e9lula de Arnold<\/span><\/td><\/tr><tr style=\"background-color: #ffffff\"><td style=\"width: 100%\"><span style=\"font-family: arial, helvetica, sans-serif;font-size: 12pt;color: #000000\">Evapora\u00e7\u00e3o: Evaporador de \u00danico Efeito &#8211; Modelo ECV: Cont\u00ednuo a V\u00e1cuo<\/span><\/td><\/tr><tr style=\"background-color: #ffffff\"><td style=\"width: 100%\"><span style=\"font-family: arial, helvetica, sans-serif;font-size: 12pt;color: #000000\">Fluidiza\u00e7\u00e3o S\u00f3lido-L\u00edquido<\/span><\/td><\/tr><tr style=\"background-color: #ffffff\"><td style=\"width: 100%\"><span style=\"font-family: arial, helvetica, sans-serif;font-size: 12pt;color: #000000\">Hidr\u00e1ulica: Perda de Carga em Acess\u00f3rios e Tubos<\/span><\/td><\/tr><tr style=\"background-color: #ffffff\"><td style=\"width: 100%\"><span style=\"font-family: arial, helvetica, sans-serif;font-size: 12pt;color: #000000\">N\u00famero de Reynolds (Regime de Escoamento)<\/span><\/td><\/tr><tr style=\"background-color: #ffffff\"><td style=\"width: 100%\"><span style=\"font-family: arial, helvetica, sans-serif;font-size: 12pt;color: #000000\">Termodin\u00e2mica: Ensaios de Equil\u00edbrio de Fase e Volume Parcial Molar<\/span><\/td><\/tr><tr style=\"background-color: #ffffff\"><td style=\"width: 100%\"><span style=\"font-family: arial, helvetica, sans-serif;font-size: 12pt;color: #000000\">Transfer\u00eancia de Calor: Convec\u00e7\u00e3o For\u00e7ada em T\u00fanel de Vento<\/span><\/td><\/tr><tr style=\"background-color: #ffffff\"><td style=\"width: 100%\"><span style=\"font-family: arial, helvetica, sans-serif;font-size: 12pt;color: #000000\">Trocador de Calor de Placas<\/span><\/td><\/tr><\/tbody><\/table><p><span style=\"color: #000000\"><em>* Para o uso do espa\u00e7o e dos materiais do laborat\u00f3rio, entrar em contato com prof.\/profa. respons\u00e1vel.<\/em><\/span><\/p>\t\t\t\t\t\t\t\t<\/div>\n\t\t\t\t<\/div>\n\t\t\t\t\t<\/div>\n\t\t<\/div>\n\t\t\t\t\t<\/div>\n\t\t<\/section>\n\t\t\t\t<section class=\"elementor-section elementor-top-section elementor-element elementor-element-d448802 elementor-section-boxed elementor-section-height-default elementor-section-height-default\" data-id=\"d448802\" data-element_type=\"section\" data-e-type=\"section\">\n\t\t\t\t\t\t<div class=\"elementor-container elementor-column-gap-default\">\n\t\t\t\t\t<div class=\"elementor-column elementor-col-100 elementor-top-column elementor-element elementor-element-b27e519\" data-id=\"b27e519\" data-element_type=\"column\" data-e-type=\"column\">\n\t\t\t<div class=\"elementor-widget-wrap elementor-element-populated\">\n\t\t\t\t\t\t<div class=\"elementor-element elementor-element-52ddaf4 elementor-align-right elementor-widget elementor-widget-button\" data-id=\"52ddaf4\" data-element_type=\"widget\" data-e-type=\"widget\" data-widget_type=\"button.default\">\n\t\t\t\t<div class=\"elementor-widget-container\">\n\t\t\t\t\t\t\t\t\t<div class=\"elementor-button-wrapper\">\n\t\t\t\t\t<a class=\"elementor-button elementor-button-link elementor-size-xs\" href=\"#\">\n\t\t\t\t\t\t<span class=\"elementor-button-content-wrapper\">\n\t\t\t\t\t\t<span class=\"elementor-button-icon\">\n\t\t\t\t<i aria-hidden=\"true\" class=\"far fa-caret-square-up\"><\/i>\t\t\t<\/span>\n\t\t\t\t\t\t\t\t<\/span>\n\t\t\t\t\t<\/a>\n\t\t\t\t<\/div>\n\t\t\t\t\t\t\t\t<\/div>\n\t\t\t\t<\/div>\n\t\t\t\t\t<\/div>\n\t\t<\/div>\n\t\t\t\t\t<\/div>\n\t\t<\/section>\n\t\t\t\t<\/div>\n\t\t","protected":false},"excerpt":{"rendered":"<p>\/*! elementor &#8211; v3.7.7 &#8211; 20-09-2022 *\/ .elementor-widget-image{text-align:center}.elementor-widget-image a{display:inline-block}.elementor-widget-image a img[src$=&#8221;.svg&#8221;]{width:48px}.elementor-widget-image img{vertical-align:middle;display:inline-block} \u00a0 As vidrarias deste laborat\u00f3rio est\u00e3o identificadas na cor azul. Disponibilidade de Equipamentos [&hellip;]<\/p>\n","protected":false},"author":3649,"featured_media":0,"parent":0,"menu_order":0,"comment_status":"closed","ping_status":"closed","template":"","meta":{"_acf_changed":false,"footnotes":""},"class_list":["post-30","page","type-page","status-publish","hentry"],"acf":[],"_links":{"self":[{"href":"https:\/\/jandaiadosul.ufpr.br\/slac\/wp-json\/wp\/v2\/pages\/30","targetHints":{"allow":["GET"]}}],"collection":[{"href":"https:\/\/jandaiadosul.ufpr.br\/slac\/wp-json\/wp\/v2\/pages"}],"about":[{"href":"https:\/\/jandaiadosul.ufpr.br\/slac\/wp-json\/wp\/v2\/types\/page"}],"author":[{"embeddable":true,"href":"https:\/\/jandaiadosul.ufpr.br\/slac\/wp-json\/wp\/v2\/users\/3649"}],"replies":[{"embeddable":true,"href":"https:\/\/jandaiadosul.ufpr.br\/slac\/wp-json\/wp\/v2\/comments?post=30"}],"version-history":[{"count":110,"href":"https:\/\/jandaiadosul.ufpr.br\/slac\/wp-json\/wp\/v2\/pages\/30\/revisions"}],"predecessor-version":[{"id":1818,"href":"https:\/\/jandaiadosul.ufpr.br\/slac\/wp-json\/wp\/v2\/pages\/30\/revisions\/1818"}],"wp:attachment":[{"href":"https:\/\/jandaiadosul.ufpr.br\/slac\/wp-json\/wp\/v2\/media?parent=30"}],"curies":[{"name":"wp","href":"https:\/\/api.w.org\/{rel}","templated":true}]}}