{"id":18,"date":"2022-09-16T10:26:53","date_gmt":"2022-09-16T13:26:53","guid":{"rendered":"https:\/\/jandaiadosul.ufpr.br\/slac\/?page_id=18"},"modified":"2023-01-04T10:16:55","modified_gmt":"2023-01-04T13:16:55","slug":"laboratorio-de-tecnologia-de-produtos-de-origem-animal-sala-b206","status":"publish","type":"page","link":"https:\/\/jandaiadosul.ufpr.br\/slac\/laboratorio-de-tecnologia-de-produtos-de-origem-animal-sala-b206\/","title":{"rendered":"Laborat\u00f3rio de Tecnologia de Produtos de Origem Animal (Sala B206)"},"content":{"rendered":"\t\t<div data-elementor-type=\"wp-page\" data-elementor-id=\"18\" class=\"elementor elementor-18\">\n\t\t\t\t\t\t<section class=\"elementor-section elementor-top-section elementor-element elementor-element-69941cb elementor-section-boxed elementor-section-height-default elementor-section-height-default\" data-id=\"69941cb\" data-element_type=\"section\" data-e-type=\"section\">\n\t\t\t\t\t\t<div class=\"elementor-container elementor-column-gap-default\">\n\t\t\t\t\t<div class=\"elementor-column elementor-col-50 elementor-top-column elementor-element elementor-element-de9b755\" data-id=\"de9b755\" data-element_type=\"column\" data-e-type=\"column\">\n\t\t\t<div class=\"elementor-widget-wrap elementor-element-populated\">\n\t\t\t\t\t\t<div class=\"elementor-element elementor-element-2bb99f9 elementor-widget elementor-widget-image\" data-id=\"2bb99f9\" data-element_type=\"widget\" data-e-type=\"widget\" data-widget_type=\"image.default\">\n\t\t\t\t<div class=\"elementor-widget-container\">\n\t\t\t\t\t\t\t\t\t\t\t\t\t\t\t<img fetchpriority=\"high\" decoding=\"async\" width=\"300\" height=\"224\" src=\"https:\/\/jandaiadosul.ufpr.br\/slac\/wp-content\/uploads\/sites\/20\/2022\/09\/laboratorio-de-tecnologia-de-produtos-de-origem-animal-sala-b206_8-300x224.jpeg\" class=\"attachment-medium size-medium wp-image-592\" alt=\"\" srcset=\"https:\/\/jandaiadosul.ufpr.br\/slac\/wp-content\/uploads\/sites\/20\/2022\/09\/laboratorio-de-tecnologia-de-produtos-de-origem-animal-sala-b206_8-300x224.jpeg 300w, https:\/\/jandaiadosul.ufpr.br\/slac\/wp-content\/uploads\/sites\/20\/2022\/09\/laboratorio-de-tecnologia-de-produtos-de-origem-animal-sala-b206_8-1024x765.jpeg 1024w, https:\/\/jandaiadosul.ufpr.br\/slac\/wp-content\/uploads\/sites\/20\/2022\/09\/laboratorio-de-tecnologia-de-produtos-de-origem-animal-sala-b206_8-768x574.jpeg 768w, https:\/\/jandaiadosul.ufpr.br\/slac\/wp-content\/uploads\/sites\/20\/2022\/09\/laboratorio-de-tecnologia-de-produtos-de-origem-animal-sala-b206_8-1536x1148.jpeg 1536w, https:\/\/jandaiadosul.ufpr.br\/slac\/wp-content\/uploads\/sites\/20\/2022\/09\/laboratorio-de-tecnologia-de-produtos-de-origem-animal-sala-b206_8-131x98.jpeg 131w, https:\/\/jandaiadosul.ufpr.br\/slac\/wp-content\/uploads\/sites\/20\/2022\/09\/laboratorio-de-tecnologia-de-produtos-de-origem-animal-sala-b206_8-75x57.jpeg 75w, https:\/\/jandaiadosul.ufpr.br\/slac\/wp-content\/uploads\/sites\/20\/2022\/09\/laboratorio-de-tecnologia-de-produtos-de-origem-animal-sala-b206_8-600x450.jpeg 600w, https:\/\/jandaiadosul.ufpr.br\/slac\/wp-content\/uploads\/sites\/20\/2022\/09\/laboratorio-de-tecnologia-de-produtos-de-origem-animal-sala-b206_8.jpeg 1600w\" sizes=\"(max-width: 300px) 100vw, 300px\" \/>\t\t\t\t\t\t\t\t\t\t\t\t\t\t\t<\/div>\n\t\t\t\t<\/div>\n\t\t\t\t\t<\/div>\n\t\t<\/div>\n\t\t\t\t<div class=\"elementor-column elementor-col-50 elementor-top-column elementor-element elementor-element-35be452\" data-id=\"35be452\" data-element_type=\"column\" data-e-type=\"column\">\n\t\t\t<div class=\"elementor-widget-wrap elementor-element-populated\">\n\t\t\t\t\t\t<div class=\"elementor-element elementor-element-4d3a266 elementor-widget elementor-widget-image\" data-id=\"4d3a266\" data-element_type=\"widget\" data-e-type=\"widget\" data-widget_type=\"image.default\">\n\t\t\t\t<div class=\"elementor-widget-container\">\n\t\t\t\t\t\t\t\t\t\t\t\t\t\t\t<img decoding=\"async\" width=\"300\" height=\"224\" src=\"https:\/\/jandaiadosul.ufpr.br\/slac\/wp-content\/uploads\/sites\/20\/2022\/09\/laboratorio-de-tecnologia-de-produtos-de-origem-animal-sala-b206_9-1-300x224.jpeg\" class=\"attachment-medium size-medium wp-image-594\" alt=\"\" srcset=\"https:\/\/jandaiadosul.ufpr.br\/slac\/wp-content\/uploads\/sites\/20\/2022\/09\/laboratorio-de-tecnologia-de-produtos-de-origem-animal-sala-b206_9-1-300x224.jpeg 300w, https:\/\/jandaiadosul.ufpr.br\/slac\/wp-content\/uploads\/sites\/20\/2022\/09\/laboratorio-de-tecnologia-de-produtos-de-origem-animal-sala-b206_9-1-1024x765.jpeg 1024w, https:\/\/jandaiadosul.ufpr.br\/slac\/wp-content\/uploads\/sites\/20\/2022\/09\/laboratorio-de-tecnologia-de-produtos-de-origem-animal-sala-b206_9-1-768x574.jpeg 768w, https:\/\/jandaiadosul.ufpr.br\/slac\/wp-content\/uploads\/sites\/20\/2022\/09\/laboratorio-de-tecnologia-de-produtos-de-origem-animal-sala-b206_9-1-1536x1148.jpeg 1536w, https:\/\/jandaiadosul.ufpr.br\/slac\/wp-content\/uploads\/sites\/20\/2022\/09\/laboratorio-de-tecnologia-de-produtos-de-origem-animal-sala-b206_9-1-131x98.jpeg 131w, https:\/\/jandaiadosul.ufpr.br\/slac\/wp-content\/uploads\/sites\/20\/2022\/09\/laboratorio-de-tecnologia-de-produtos-de-origem-animal-sala-b206_9-1-75x57.jpeg 75w, https:\/\/jandaiadosul.ufpr.br\/slac\/wp-content\/uploads\/sites\/20\/2022\/09\/laboratorio-de-tecnologia-de-produtos-de-origem-animal-sala-b206_9-1-600x450.jpeg 600w, https:\/\/jandaiadosul.ufpr.br\/slac\/wp-content\/uploads\/sites\/20\/2022\/09\/laboratorio-de-tecnologia-de-produtos-de-origem-animal-sala-b206_9-1.jpeg 1600w\" sizes=\"(max-width: 300px) 100vw, 300px\" \/>\t\t\t\t\t\t\t\t\t\t\t\t\t\t\t<\/div>\n\t\t\t\t<\/div>\n\t\t\t\t\t<\/div>\n\t\t<\/div>\n\t\t\t\t\t<\/div>\n\t\t<\/section>\n\t\t\t\t<section class=\"elementor-section elementor-top-section elementor-element elementor-element-5f4e65db elementor-section-boxed elementor-section-height-default elementor-section-height-default\" data-id=\"5f4e65db\" data-element_type=\"section\" data-e-type=\"section\">\n\t\t\t\t\t\t<div class=\"elementor-container elementor-column-gap-default\">\n\t\t\t\t\t<div class=\"elementor-column elementor-col-100 elementor-top-column elementor-element elementor-element-7a3f70c\" data-id=\"7a3f70c\" data-element_type=\"column\" data-e-type=\"column\">\n\t\t\t<div class=\"elementor-widget-wrap elementor-element-populated\">\n\t\t\t\t\t\t<div class=\"elementor-element elementor-element-7064b30c elementor-widget elementor-widget-text-editor\" data-id=\"7064b30c\" data-element_type=\"widget\" data-e-type=\"widget\" data-widget_type=\"text-editor.default\">\n\t\t\t\t<div class=\"elementor-widget-container\">\n\t\t\t\t\t\t\t\t\t<p>\u00a0<\/p><p><span style=\"font-family: arial, helvetica, sans-serif;font-size: 12pt;color: #000000\"><b>As vidrarias deste laborat\u00f3rio est\u00e3o identificadas na cor <span style=\"color: #000000\">preta e s\u00e3o exclusivamente de uso para alimentos.<\/span><\/b><\/span><\/p><p><span style=\"color: #000000\"><b style=\"font-family: arial, helvetica, sans-serif;font-size: 12pt\">Disponibilidade de Equipamentos:<\/b><\/span><\/p><table style=\"height: 264px;width: 90.6106%;border-collapse: collapse;border-style: hidden\"><tbody><tr style=\"height: 24px\"><td style=\"width: 52.759%;height: 24px\"><span style=\"font-family: arial, helvetica, sans-serif;color: #000000\">Agitador magn\u00e9tico<\/span><\/td><td style=\"width: 52.9974%;height: 24px\"><span style=\"font-family: arial, helvetica, sans-serif;color: #000000\">Estufa de secagem<\/span><\/td><\/tr><tr style=\"height: 24px;border-color: #ffffff;background-color: #ffffff\"><td style=\"width: 52.759%;height: 24px\"><span style=\"font-family: arial, helvetica, sans-serif;color: #000000\">Agitador mec\u00e2nico\u00a0<\/span><\/td><td style=\"width: 52.9974%;height: 24px\"><span style=\"font-family: arial, helvetica, sans-serif;color: #000000\">Fog\u00e3o el\u00e9trico<\/span><\/td><\/tr><tr style=\"height: 24px\"><td style=\"width: 52.759%;height: 24px\"><span style=\"font-family: arial, helvetica, sans-serif;color: #000000\">Analisador de Leite &#8211; LactoScan<\/span><\/td><td style=\"width: 52.9974%;height: 24px\"><span style=\"font-family: arial, helvetica, sans-serif;color: #000000\">Fog\u00e3o industrial<\/span><\/td><\/tr><tr style=\"height: 24px;border-color: #ffffff;background-color: #ffffff\"><td style=\"width: 52.759%;height: 24px\"><span style=\"font-family: arial, helvetica, sans-serif;color: #000000\">Balan\u00e7a semianal\u00edtica<\/span><\/td><td style=\"width: 52.9974%;height: 24px\"><span style=\"font-family: arial, helvetica, sans-serif;color: #000000\">Forno el\u00e9trico<\/span><\/td><\/tr><tr style=\"height: 24px\"><td style=\"width: 52.759%;height: 24px\"><span style=\"font-family: arial, helvetica, sans-serif;color: #000000\">Banhos-maria<\/span><\/td><td style=\"width: 52.9974%;height: 24px\"><span style=\"font-family: arial, helvetica, sans-serif;color: #000000\">Freezer<\/span><\/td><\/tr><tr style=\"height: 24px;border-color: #ffffff;background-color: #ffffff\"><td style=\"width: 52.759%;height: 24px\"><span style=\"font-family: arial, helvetica, sans-serif;color: #000000\">Batedeiras<\/span><\/td><td style=\"width: 52.9974%;height: 24px\"><span style=\"font-family: arial, helvetica, sans-serif;color: #000000\">Geladeira<\/span><\/td><\/tr><tr style=\"height: 24px\"><td style=\"width: 52.759%;height: 24px\"><span style=\"font-family: arial, helvetica, sans-serif;color: #000000\">Centr\u00edfuga para Butir\u00f4metros<\/span><\/td><td style=\"width: 52.9974%;height: 24px\"><span style=\"font-family: arial, helvetica, sans-serif;color: #000000\">Incubadora BOD<\/span><\/td><\/tr><tr style=\"height: 24px;border-color: #ffffff;background-color: #ffffff\"><td style=\"width: 52.759%;height: 24px\"><span style=\"font-family: arial, helvetica, sans-serif;color: #000000\">Chapa de Aquecimento<\/span><\/td><td style=\"width: 52.9974%;height: 24px\"><span style=\"font-family: arial, helvetica, sans-serif;color: #000000\">Moedor de carne<\/span><\/td><\/tr><tr style=\"height: 24px\"><td style=\"width: 52.759%;height: 24px\"><span style=\"font-family: arial, helvetica, sans-serif;color: #000000\">Condutiv\u00edmetro<\/span><\/td><td style=\"width: 52.9974%;height: 24px\"><span style=\"font-family: arial, helvetica, sans-serif;color: #000000\">pHmetro<\/span><\/td><\/tr><tr style=\"height: 24px;border-color: #ffffff;background-color: #ffffff\"><td style=\"width: 52.759%;height: 24px\"><span style=\"font-family: arial, helvetica, sans-serif;color: #000000\">Cortador de Alto Rendimento<\/span><\/td><td style=\"width: 52.9974%;height: 24px\"><span style=\"font-family: arial, helvetica, sans-serif;color: #000000\">Prensa para presunto\/mortadela<\/span><\/td><\/tr><tr style=\"height: 24px\"><td style=\"width: 52.759%;height: 24px\"><span style=\"font-family: arial, helvetica, sans-serif;color: #000000\">Ensacadeira de lingui\u00e7a\u00a0<\/span><\/td><td style=\"width: 52.9974%;height: 24px\"><span style=\"font-family: arial, helvetica, sans-serif;color: #000000\">Prensa para queijo<\/span><\/td><\/tr><\/tbody><\/table><p><span style=\"color: #000000\"><em>* Para o uso do espa\u00e7o e dos materiais do laborat\u00f3rio, entrar em contato com prof.\/profa. respons\u00e1vel.<\/em><\/span><\/p>\t\t\t\t\t\t\t\t<\/div>\n\t\t\t\t<\/div>\n\t\t\t\t\t<\/div>\n\t\t<\/div>\n\t\t\t\t\t<\/div>\n\t\t<\/section>\n\t\t\t\t<section class=\"elementor-section elementor-top-section elementor-element elementor-element-76be081 elementor-section-boxed elementor-section-height-default elementor-section-height-default\" data-id=\"76be081\" data-element_type=\"section\" data-e-type=\"section\">\n\t\t\t\t\t\t<div class=\"elementor-container elementor-column-gap-default\">\n\t\t\t\t\t<div class=\"elementor-column elementor-col-100 elementor-top-column elementor-element elementor-element-d5432b0\" data-id=\"d5432b0\" data-element_type=\"column\" data-e-type=\"column\">\n\t\t\t<div class=\"elementor-widget-wrap elementor-element-populated\">\n\t\t\t\t\t\t<div class=\"elementor-element elementor-element-4ac9d30 elementor-align-right elementor-widget elementor-widget-button\" data-id=\"4ac9d30\" data-element_type=\"widget\" data-e-type=\"widget\" data-widget_type=\"button.default\">\n\t\t\t\t<div class=\"elementor-widget-container\">\n\t\t\t\t\t\t\t\t\t<div class=\"elementor-button-wrapper\">\n\t\t\t\t\t<a class=\"elementor-button elementor-button-link elementor-size-xs\" href=\"#\">\n\t\t\t\t\t\t<span class=\"elementor-button-content-wrapper\">\n\t\t\t\t\t\t<span class=\"elementor-button-icon\">\n\t\t\t\t<i aria-hidden=\"true\" class=\"far fa-caret-square-up\"><\/i>\t\t\t<\/span>\n\t\t\t\t\t\t\t\t<\/span>\n\t\t\t\t\t<\/a>\n\t\t\t\t<\/div>\n\t\t\t\t\t\t\t\t<\/div>\n\t\t\t\t<\/div>\n\t\t\t\t\t<\/div>\n\t\t<\/div>\n\t\t\t\t\t<\/div>\n\t\t<\/section>\n\t\t\t\t<\/div>\n\t\t","protected":false},"excerpt":{"rendered":"<p>\/*! elementor &#8211; v3.7.7 &#8211; 20-09-2022 *\/ .elementor-widget-image{text-align:center}.elementor-widget-image a{display:inline-block}.elementor-widget-image a img[src$=&#8221;.svg&#8221;]{width:48px}.elementor-widget-image img{vertical-align:middle;display:inline-block} \u00a0 As vidrarias deste laborat\u00f3rio est\u00e3o identificadas na cor preta e s\u00e3o exclusivamente [&hellip;]<\/p>\n","protected":false},"author":3649,"featured_media":0,"parent":0,"menu_order":0,"comment_status":"closed","ping_status":"closed","template":"","meta":{"_acf_changed":false,"footnotes":""},"class_list":["post-18","page","type-page","status-publish","hentry"],"acf":[],"_links":{"self":[{"href":"https:\/\/jandaiadosul.ufpr.br\/slac\/wp-json\/wp\/v2\/pages\/18","targetHints":{"allow":["GET"]}}],"collection":[{"href":"https:\/\/jandaiadosul.ufpr.br\/slac\/wp-json\/wp\/v2\/pages"}],"about":[{"href":"https:\/\/jandaiadosul.ufpr.br\/slac\/wp-json\/wp\/v2\/types\/page"}],"author":[{"embeddable":true,"href":"https:\/\/jandaiadosul.ufpr.br\/slac\/wp-json\/wp\/v2\/users\/3649"}],"replies":[{"embeddable":true,"href":"https:\/\/jandaiadosul.ufpr.br\/slac\/wp-json\/wp\/v2\/comments?post=18"}],"version-history":[{"count":109,"href":"https:\/\/jandaiadosul.ufpr.br\/slac\/wp-json\/wp\/v2\/pages\/18\/revisions"}],"predecessor-version":[{"id":1836,"href":"https:\/\/jandaiadosul.ufpr.br\/slac\/wp-json\/wp\/v2\/pages\/18\/revisions\/1836"}],"wp:attachment":[{"href":"https:\/\/jandaiadosul.ufpr.br\/slac\/wp-json\/wp\/v2\/media?parent=18"}],"curies":[{"name":"wp","href":"https:\/\/api.w.org\/{rel}","templated":true}]}}