{"id":114,"date":"2022-09-16T11:05:13","date_gmt":"2022-09-16T14:05:13","guid":{"rendered":"https:\/\/jandaiadosul.ufpr.br\/slac\/?page_id=114"},"modified":"2023-01-04T10:12:53","modified_gmt":"2023-01-04T13:12:53","slug":"sala-b102","status":"publish","type":"page","link":"https:\/\/jandaiadosul.ufpr.br\/slac\/sala-b102\/","title":{"rendered":"Laborat\u00f3rio de Pesquisa Multiusu\u00e1rio 01 (Sala B102)"},"content":{"rendered":"\t\t<div data-elementor-type=\"wp-page\" data-elementor-id=\"114\" class=\"elementor elementor-114\">\n\t\t\t\t\t\t<section class=\"elementor-section elementor-top-section elementor-element elementor-element-b1583a9 elementor-section-boxed elementor-section-height-default elementor-section-height-default\" data-id=\"b1583a9\" data-element_type=\"section\" data-e-type=\"section\">\n\t\t\t\t\t\t<div class=\"elementor-container elementor-column-gap-default\">\n\t\t\t\t\t<div class=\"elementor-column elementor-col-50 elementor-top-column elementor-element elementor-element-22f9f8a\" data-id=\"22f9f8a\" data-element_type=\"column\" data-e-type=\"column\">\n\t\t\t<div class=\"elementor-widget-wrap elementor-element-populated\">\n\t\t\t\t\t\t<div class=\"elementor-element elementor-element-3854fc3 elementor-widget elementor-widget-image\" data-id=\"3854fc3\" data-element_type=\"widget\" data-e-type=\"widget\" data-widget_type=\"image.default\">\n\t\t\t\t<div class=\"elementor-widget-container\">\n\t\t\t\t\t\t\t\t\t\t\t\t\t\t\t<img fetchpriority=\"high\" decoding=\"async\" width=\"1024\" height=\"766\" src=\"https:\/\/jandaiadosul.ufpr.br\/slac\/wp-content\/uploads\/sites\/20\/2022\/09\/whatsapp-image-2022-09-21-at-13-34-54-1024x766.jpeg\" class=\"attachment-large size-large wp-image-651\" alt=\"\" srcset=\"https:\/\/jandaiadosul.ufpr.br\/slac\/wp-content\/uploads\/sites\/20\/2022\/09\/whatsapp-image-2022-09-21-at-13-34-54-1024x766.jpeg 1024w, https:\/\/jandaiadosul.ufpr.br\/slac\/wp-content\/uploads\/sites\/20\/2022\/09\/whatsapp-image-2022-09-21-at-13-34-54-300x224.jpeg 300w, https:\/\/jandaiadosul.ufpr.br\/slac\/wp-content\/uploads\/sites\/20\/2022\/09\/whatsapp-image-2022-09-21-at-13-34-54-768x574.jpeg 768w, https:\/\/jandaiadosul.ufpr.br\/slac\/wp-content\/uploads\/sites\/20\/2022\/09\/whatsapp-image-2022-09-21-at-13-34-54-131x98.jpeg 131w, https:\/\/jandaiadosul.ufpr.br\/slac\/wp-content\/uploads\/sites\/20\/2022\/09\/whatsapp-image-2022-09-21-at-13-34-54-75x57.jpeg 75w, https:\/\/jandaiadosul.ufpr.br\/slac\/wp-content\/uploads\/sites\/20\/2022\/09\/whatsapp-image-2022-09-21-at-13-34-54-600x450.jpeg 600w, https:\/\/jandaiadosul.ufpr.br\/slac\/wp-content\/uploads\/sites\/20\/2022\/09\/whatsapp-image-2022-09-21-at-13-34-54.jpeg 1280w\" sizes=\"(max-width: 1024px) 100vw, 1024px\" \/>\t\t\t\t\t\t\t\t\t\t\t\t\t\t\t<\/div>\n\t\t\t\t<\/div>\n\t\t\t\t\t<\/div>\n\t\t<\/div>\n\t\t\t\t<div class=\"elementor-column elementor-col-50 elementor-top-column elementor-element elementor-element-f295c40\" data-id=\"f295c40\" data-element_type=\"column\" data-e-type=\"column\">\n\t\t\t<div class=\"elementor-widget-wrap elementor-element-populated\">\n\t\t\t\t\t\t<div class=\"elementor-element elementor-element-a58ed3b elementor-widget elementor-widget-image\" data-id=\"a58ed3b\" data-element_type=\"widget\" data-e-type=\"widget\" data-widget_type=\"image.default\">\n\t\t\t\t<div class=\"elementor-widget-container\">\n\t\t\t\t\t\t\t\t\t\t\t\t\t\t\t<img decoding=\"async\" width=\"1024\" height=\"766\" src=\"https:\/\/jandaiadosul.ufpr.br\/slac\/wp-content\/uploads\/sites\/20\/2022\/09\/whatsapp-image-2022-09-21-at-13-34-54-1-1024x766.jpeg\" class=\"attachment-large size-large wp-image-650\" alt=\"\" srcset=\"https:\/\/jandaiadosul.ufpr.br\/slac\/wp-content\/uploads\/sites\/20\/2022\/09\/whatsapp-image-2022-09-21-at-13-34-54-1-1024x766.jpeg 1024w, https:\/\/jandaiadosul.ufpr.br\/slac\/wp-content\/uploads\/sites\/20\/2022\/09\/whatsapp-image-2022-09-21-at-13-34-54-1-300x224.jpeg 300w, https:\/\/jandaiadosul.ufpr.br\/slac\/wp-content\/uploads\/sites\/20\/2022\/09\/whatsapp-image-2022-09-21-at-13-34-54-1-768x574.jpeg 768w, https:\/\/jandaiadosul.ufpr.br\/slac\/wp-content\/uploads\/sites\/20\/2022\/09\/whatsapp-image-2022-09-21-at-13-34-54-1-131x98.jpeg 131w, https:\/\/jandaiadosul.ufpr.br\/slac\/wp-content\/uploads\/sites\/20\/2022\/09\/whatsapp-image-2022-09-21-at-13-34-54-1-75x57.jpeg 75w, https:\/\/jandaiadosul.ufpr.br\/slac\/wp-content\/uploads\/sites\/20\/2022\/09\/whatsapp-image-2022-09-21-at-13-34-54-1-600x450.jpeg 600w, https:\/\/jandaiadosul.ufpr.br\/slac\/wp-content\/uploads\/sites\/20\/2022\/09\/whatsapp-image-2022-09-21-at-13-34-54-1.jpeg 1280w\" sizes=\"(max-width: 1024px) 100vw, 1024px\" \/>\t\t\t\t\t\t\t\t\t\t\t\t\t\t\t<\/div>\n\t\t\t\t<\/div>\n\t\t\t\t\t<\/div>\n\t\t<\/div>\n\t\t\t\t\t<\/div>\n\t\t<\/section>\n\t\t\t\t<section class=\"elementor-section elementor-top-section elementor-element elementor-element-37efb0f9 elementor-section-boxed elementor-section-height-default elementor-section-height-default\" data-id=\"37efb0f9\" data-element_type=\"section\" data-e-type=\"section\">\n\t\t\t\t\t\t<div class=\"elementor-container elementor-column-gap-default\">\n\t\t\t\t\t<div class=\"elementor-column elementor-col-100 elementor-top-column elementor-element elementor-element-35395864\" data-id=\"35395864\" data-element_type=\"column\" data-e-type=\"column\">\n\t\t\t<div class=\"elementor-widget-wrap elementor-element-populated\">\n\t\t\t\t\t\t<div class=\"elementor-element elementor-element-74863841 elementor-widget elementor-widget-text-editor\" data-id=\"74863841\" data-element_type=\"widget\" data-e-type=\"widget\" data-widget_type=\"text-editor.default\">\n\t\t\t\t<div class=\"elementor-widget-container\">\n\t\t\t\t\t\t\t\t\t<p>\u00a0<\/p><p><span style=\"font-family: arial, helvetica, sans-serif;font-size: 12pt;color: #000000\"><b>As vidrarias deste laborat\u00f3rio est\u00e3o identificadas na cor <span style=\"color: #008000\">verde<\/span>.<\/b><\/span><\/p><p><span style=\"font-family: arial, helvetica, sans-serif;font-size: 12pt;color: #000000\"><b>Equipamentos:<\/b><\/span><\/p><table style=\"height: 336px;width: 97.7565%;border-collapse: collapse;border-style: hidden;border-color: #ffffff;background-color: #ffffff\"><tbody><tr style=\"height: 24px\"><td style=\"width: 56.0911%;height: 24px\"><span style=\"font-family: arial, helvetica, sans-serif;font-size: 12pt;color: #000000\">Agitadores magn\u00e9tico com aquecimento<\/span><\/td><td style=\"width: 52.6547%;height: 24px\"><span style=\"font-family: arial, helvetica, sans-serif;font-size: 12pt;color: #000000\">Evaporador rotativo a v\u00e1cuo<\/span><\/td><\/tr><tr style=\"height: 24px;border-style: none;border-color: #ffffff;background-color: #ffffff\"><td style=\"width: 56.0911%;height: 24px\"><span style=\"font-family: arial, helvetica, sans-serif;font-size: 12pt;color: #000000\">Agitadores v\u00f3rtex<\/span><\/td><td style=\"width: 52.6547%;height: 24px\"><span style=\"font-family: arial, helvetica, sans-serif;font-size: 12pt;color: #000000\">Extrator de lip\u00eddios &#8211; Goldfish<\/span><\/td><\/tr><tr style=\"height: 24px\"><td style=\"width: 56.0911%;height: 24px\"><span style=\"font-family: arial, helvetica, sans-serif;font-size: 12pt;color: #000000\">Balan\u00e7a anal\u00edtica<\/span><\/td><td style=\"width: 52.6547%;height: 24px\"><span style=\"font-family: arial, helvetica, sans-serif;font-size: 12pt;color: #000000\">Freezer<\/span><\/td><\/tr><tr style=\"height: 24px;background-color: #ffffff;border-color: #ffffff\"><td style=\"width: 56.0911%;height: 24px\"><span style=\"font-family: arial, helvetica, sans-serif;font-size: 12pt;color: #000000\">Balan\u00e7a semianal\u00edtica<\/span><\/td><td style=\"width: 52.6547%;height: 24px\"><span style=\"font-family: arial, helvetica, sans-serif;font-size: 12pt;color: #000000\">Geladeira<\/span><\/td><\/tr><tr style=\"height: 24px\"><td style=\"width: 56.0911%;height: 24px\"><span style=\"font-family: arial, helvetica, sans-serif;font-size: 12pt;color: #000000\">Banho com ultrassom<\/span><\/td><td style=\"width: 52.6547%;height: 24px\"><span style=\"font-family: arial, helvetica, sans-serif;color: #000000\">Incubadora shaker<\/span><\/td><\/tr><tr style=\"height: 24px;background-color: #ffffff\"><td style=\"width: 56.0911%;height: 24px\"><span style=\"font-family: arial, helvetica, sans-serif;font-size: 12pt;color: #000000\">Banho-maria Dubnoff<\/span><\/td><td style=\"width: 52.6547%;height: 24px\"><span style=\"font-family: arial, helvetica, sans-serif;font-size: 12pt;color: #000000\">Incubadoras BOD<\/span><\/td><\/tr><tr style=\"height: 24px;border-color: #ffffff;background-color: #ffffff\"><td style=\"width: 56.0911%;height: 24px\"><span style=\"font-family: arial, helvetica, sans-serif;font-size: 12pt;color: #000000\">Banho termostatizado<\/span><\/td><td style=\"width: 52.6547%;height: 24px\"><span style=\"font-family: arial, helvetica, sans-serif;font-size: 12pt;color: #000000\">Liofilizador<\/span><\/td><\/tr><tr style=\"height: 24px;border-color: #ffffff;background-color: #ffffff\"><td style=\"width: 56.0911%;height: 24px\"><span style=\"font-family: arial, helvetica, sans-serif;font-size: 12pt;color: #000000\">Capela de exaust\u00e3o de gases<\/span><\/td><td style=\"width: 52.6547%;height: 24px\"><span style=\"font-family: arial, helvetica, sans-serif;font-size: 12pt;color: #000000\">Moinho de bola<\/span><\/td><\/tr><tr style=\"height: 24px;background-color: #ffffff\"><td style=\"width: 56.0911%;height: 24px\"><span style=\"font-family: arial, helvetica, sans-serif;font-size: 12pt;color: #000000\">Centr\u00edfuga<\/span><\/td><td style=\"width: 52.6547%;height: 24px\"><span style=\"font-family: arial, helvetica, sans-serif;font-size: 12pt;color: #000000\">Mufla<\/span><\/td><\/tr><tr style=\"height: 24px;background-color: #ffffff\"><td style=\"width: 56.0911%;height: 24px\"><span style=\"font-family: arial, helvetica, sans-serif;font-size: 12pt;color: #000000\">Condutiv\u00edmetro<\/span><\/td><td style=\"width: 52.6547%;height: 24px\"><span style=\"font-family: arial, helvetica, sans-serif;font-size: 12pt;color: #000000\">pHmetro<\/span><\/td><\/tr><tr style=\"height: 24px;background-color: #ffffff\"><td style=\"width: 56.0911%;height: 24px\"><span style=\"font-family: arial, helvetica, sans-serif;font-size: 12pt;color: #000000\">Destilador de nitrog\u00eanio<\/span><\/td><td style=\"width: 52.6547%;height: 24px\"><span style=\"font-family: arial, helvetica, sans-serif;font-size: 12pt;color: #000000\"> Ponto de fus\u00e3o<\/span><\/td><\/tr><tr style=\"height: 24px;background-color: #ffffff\"><td style=\"width: 56.0911%;height: 24px\"><span style=\"font-family: arial, helvetica, sans-serif;color: #000000;font-size: 12pt\">Espectrofot\u00f4metro UV-Vis<\/span><\/td><td style=\"width: 52.6547%;height: 24px\"><span style=\"font-family: arial, helvetica, sans-serif;font-size: 12pt;color: #000000\">Refrat\u00f4metro<\/span><\/td><\/tr><tr style=\"height: 24px;background-color: #ffffff\"><td style=\"width: 56.0911%;height: 24px\"><span style=\"font-family: arial, helvetica, sans-serif;color: #000000;font-size: 12pt\">Estufa a v\u00e1cuo<\/span><\/td><td style=\"width: 52.6547%;height: 24px\"><span style=\"font-family: arial, helvetica, sans-serif;font-size: 12pt;color: #000000\">Triturador Turratec<\/span><\/td><\/tr><tr style=\"background-color: #ffffff\"><td style=\"width: 56.0911%;height: 24px\"><span style=\"font-family: arial, helvetica, sans-serif;color: #000000;font-size: 12pt\">Estufa de secagem<\/span><\/td><td style=\"width: 52.6547%;height: 24px\"><span style=\"font-family: arial, helvetica, sans-serif;font-size: 12pt;color: #000000\">\u00a0<\/span><\/td><\/tr><\/tbody><\/table><p><span style=\"color: #000000\"><em>* Para o uso do espa\u00e7o e dos materiais do laborat\u00f3rio, entrar em contato com prof.\/profa. respons\u00e1vel.<\/em><\/span><\/p>\t\t\t\t\t\t\t\t<\/div>\n\t\t\t\t<\/div>\n\t\t\t\t\t<\/div>\n\t\t<\/div>\n\t\t\t\t\t<\/div>\n\t\t<\/section>\n\t\t\t\t<section class=\"elementor-section elementor-top-section elementor-element elementor-element-0ad2758 elementor-section-boxed elementor-section-height-default elementor-section-height-default\" data-id=\"0ad2758\" data-element_type=\"section\" data-e-type=\"section\">\n\t\t\t\t\t\t<div class=\"elementor-container elementor-column-gap-default\">\n\t\t\t\t\t<div class=\"elementor-column elementor-col-100 elementor-top-column elementor-element elementor-element-94dc845\" data-id=\"94dc845\" data-element_type=\"column\" data-e-type=\"column\">\n\t\t\t<div class=\"elementor-widget-wrap elementor-element-populated\">\n\t\t\t\t\t\t<div class=\"elementor-element elementor-element-996dcc2 elementor-align-right elementor-widget elementor-widget-button\" data-id=\"996dcc2\" data-element_type=\"widget\" data-e-type=\"widget\" data-widget_type=\"button.default\">\n\t\t\t\t<div class=\"elementor-widget-container\">\n\t\t\t\t\t\t\t\t\t<div class=\"elementor-button-wrapper\">\n\t\t\t\t\t<a class=\"elementor-button elementor-button-link elementor-size-xs\" href=\"#\">\n\t\t\t\t\t\t<span class=\"elementor-button-content-wrapper\">\n\t\t\t\t\t\t<span class=\"elementor-button-icon\">\n\t\t\t\t<i aria-hidden=\"true\" class=\"far fa-caret-square-up\"><\/i>\t\t\t<\/span>\n\t\t\t\t\t\t\t\t<\/span>\n\t\t\t\t\t<\/a>\n\t\t\t\t<\/div>\n\t\t\t\t\t\t\t\t<\/div>\n\t\t\t\t<\/div>\n\t\t\t\t\t<\/div>\n\t\t<\/div>\n\t\t\t\t\t<\/div>\n\t\t<\/section>\n\t\t\t\t<\/div>\n\t\t","protected":false},"excerpt":{"rendered":"<p>\/*! elementor &#8211; v3.7.7 &#8211; 20-09-2022 *\/ .elementor-widget-image{text-align:center}.elementor-widget-image a{display:inline-block}.elementor-widget-image a img[src$=&#8221;.svg&#8221;]{width:48px}.elementor-widget-image img{vertical-align:middle;display:inline-block} \u00a0 As vidrarias deste laborat\u00f3rio est\u00e3o identificadas na cor verde. Equipamentos: Agitadores magn\u00e9tico [&hellip;]<\/p>\n","protected":false},"author":3636,"featured_media":0,"parent":0,"menu_order":0,"comment_status":"closed","ping_status":"closed","template":"","meta":{"_acf_changed":false,"footnotes":""},"class_list":["post-114","page","type-page","status-publish","hentry"],"acf":[],"_links":{"self":[{"href":"https:\/\/jandaiadosul.ufpr.br\/slac\/wp-json\/wp\/v2\/pages\/114","targetHints":{"allow":["GET"]}}],"collection":[{"href":"https:\/\/jandaiadosul.ufpr.br\/slac\/wp-json\/wp\/v2\/pages"}],"about":[{"href":"https:\/\/jandaiadosul.ufpr.br\/slac\/wp-json\/wp\/v2\/types\/page"}],"author":[{"embeddable":true,"href":"https:\/\/jandaiadosul.ufpr.br\/slac\/wp-json\/wp\/v2\/users\/3636"}],"replies":[{"embeddable":true,"href":"https:\/\/jandaiadosul.ufpr.br\/slac\/wp-json\/wp\/v2\/comments?post=114"}],"version-history":[{"count":59,"href":"https:\/\/jandaiadosul.ufpr.br\/slac\/wp-json\/wp\/v2\/pages\/114\/revisions"}],"predecessor-version":[{"id":1821,"href":"https:\/\/jandaiadosul.ufpr.br\/slac\/wp-json\/wp\/v2\/pages\/114\/revisions\/1821"}],"wp:attachment":[{"href":"https:\/\/jandaiadosul.ufpr.br\/slac\/wp-json\/wp\/v2\/media?parent=114"}],"curies":[{"name":"wp","href":"https:\/\/api.w.org\/{rel}","templated":true}]}}