{"id":112,"date":"2022-09-16T11:04:56","date_gmt":"2022-09-16T14:04:56","guid":{"rendered":"https:\/\/jandaiadosul.ufpr.br\/slac\/?page_id=112"},"modified":"2023-01-04T10:14:52","modified_gmt":"2023-01-04T13:14:52","slug":"sala-b207","status":"publish","type":"page","link":"https:\/\/jandaiadosul.ufpr.br\/slac\/sala-b207\/","title":{"rendered":"Laborat\u00f3rio de Pesquisa Multiusu\u00e1rio 03 (Sala B207)"},"content":{"rendered":"\t\t<div data-elementor-type=\"wp-page\" data-elementor-id=\"112\" class=\"elementor elementor-112\">\n\t\t\t\t\t\t<section class=\"elementor-section elementor-top-section elementor-element elementor-element-cd25626 elementor-section-boxed elementor-section-height-default elementor-section-height-default\" data-id=\"cd25626\" data-element_type=\"section\" data-e-type=\"section\">\n\t\t\t\t\t\t<div class=\"elementor-container elementor-column-gap-default\">\n\t\t\t\t\t<div class=\"elementor-column elementor-col-50 elementor-top-column elementor-element elementor-element-0de4d18\" data-id=\"0de4d18\" data-element_type=\"column\" data-e-type=\"column\">\n\t\t\t<div class=\"elementor-widget-wrap elementor-element-populated\">\n\t\t\t\t\t\t<div class=\"elementor-element elementor-element-bcc0276 elementor-widget elementor-widget-image\" data-id=\"bcc0276\" data-element_type=\"widget\" data-e-type=\"widget\" data-widget_type=\"image.default\">\n\t\t\t\t<div class=\"elementor-widget-container\">\n\t\t\t\t\t\t\t\t\t\t\t\t\t\t\t<img fetchpriority=\"high\" decoding=\"async\" width=\"300\" height=\"225\" src=\"https:\/\/jandaiadosul.ufpr.br\/slac\/wp-content\/uploads\/sites\/20\/2022\/09\/whatsapp-image-2022-09-23-at-10-52-15-1-1-300x225.jpeg\" class=\"attachment-medium size-medium wp-image-1118\" alt=\"\" srcset=\"https:\/\/jandaiadosul.ufpr.br\/slac\/wp-content\/uploads\/sites\/20\/2022\/09\/whatsapp-image-2022-09-23-at-10-52-15-1-1-300x225.jpeg 300w, https:\/\/jandaiadosul.ufpr.br\/slac\/wp-content\/uploads\/sites\/20\/2022\/09\/whatsapp-image-2022-09-23-at-10-52-15-1-1-1024x768.jpeg 1024w, https:\/\/jandaiadosul.ufpr.br\/slac\/wp-content\/uploads\/sites\/20\/2022\/09\/whatsapp-image-2022-09-23-at-10-52-15-1-1-768x576.jpeg 768w, https:\/\/jandaiadosul.ufpr.br\/slac\/wp-content\/uploads\/sites\/20\/2022\/09\/whatsapp-image-2022-09-23-at-10-52-15-1-1-1536x1152.jpeg 1536w, https:\/\/jandaiadosul.ufpr.br\/slac\/wp-content\/uploads\/sites\/20\/2022\/09\/whatsapp-image-2022-09-23-at-10-52-15-1-1-131x98.jpeg 131w, https:\/\/jandaiadosul.ufpr.br\/slac\/wp-content\/uploads\/sites\/20\/2022\/09\/whatsapp-image-2022-09-23-at-10-52-15-1-1-75x57.jpeg 75w, https:\/\/jandaiadosul.ufpr.br\/slac\/wp-content\/uploads\/sites\/20\/2022\/09\/whatsapp-image-2022-09-23-at-10-52-15-1-1-600x450.jpeg 600w, https:\/\/jandaiadosul.ufpr.br\/slac\/wp-content\/uploads\/sites\/20\/2022\/09\/whatsapp-image-2022-09-23-at-10-52-15-1-1.jpeg 1600w\" sizes=\"(max-width: 300px) 100vw, 300px\" \/>\t\t\t\t\t\t\t\t\t\t\t\t\t\t\t<\/div>\n\t\t\t\t<\/div>\n\t\t\t\t\t<\/div>\n\t\t<\/div>\n\t\t\t\t<div class=\"elementor-column elementor-col-50 elementor-top-column elementor-element elementor-element-3a05911\" data-id=\"3a05911\" data-element_type=\"column\" data-e-type=\"column\">\n\t\t\t<div class=\"elementor-widget-wrap elementor-element-populated\">\n\t\t\t\t\t\t<div class=\"elementor-element elementor-element-46d7666 elementor-widget elementor-widget-image\" data-id=\"46d7666\" data-element_type=\"widget\" data-e-type=\"widget\" data-widget_type=\"image.default\">\n\t\t\t\t<div class=\"elementor-widget-container\">\n\t\t\t\t\t\t\t\t\t\t\t\t\t\t\t<img decoding=\"async\" width=\"300\" height=\"225\" src=\"https:\/\/jandaiadosul.ufpr.br\/slac\/wp-content\/uploads\/sites\/20\/2022\/09\/whatsapp-image-2022-09-23-at-10-52-15-2-300x225.jpeg\" class=\"attachment-medium size-medium wp-image-1120\" alt=\"\" srcset=\"https:\/\/jandaiadosul.ufpr.br\/slac\/wp-content\/uploads\/sites\/20\/2022\/09\/whatsapp-image-2022-09-23-at-10-52-15-2-300x225.jpeg 300w, https:\/\/jandaiadosul.ufpr.br\/slac\/wp-content\/uploads\/sites\/20\/2022\/09\/whatsapp-image-2022-09-23-at-10-52-15-2-1024x768.jpeg 1024w, https:\/\/jandaiadosul.ufpr.br\/slac\/wp-content\/uploads\/sites\/20\/2022\/09\/whatsapp-image-2022-09-23-at-10-52-15-2-768x576.jpeg 768w, https:\/\/jandaiadosul.ufpr.br\/slac\/wp-content\/uploads\/sites\/20\/2022\/09\/whatsapp-image-2022-09-23-at-10-52-15-2-1536x1152.jpeg 1536w, https:\/\/jandaiadosul.ufpr.br\/slac\/wp-content\/uploads\/sites\/20\/2022\/09\/whatsapp-image-2022-09-23-at-10-52-15-2-131x98.jpeg 131w, https:\/\/jandaiadosul.ufpr.br\/slac\/wp-content\/uploads\/sites\/20\/2022\/09\/whatsapp-image-2022-09-23-at-10-52-15-2-75x57.jpeg 75w, https:\/\/jandaiadosul.ufpr.br\/slac\/wp-content\/uploads\/sites\/20\/2022\/09\/whatsapp-image-2022-09-23-at-10-52-15-2-600x450.jpeg 600w, https:\/\/jandaiadosul.ufpr.br\/slac\/wp-content\/uploads\/sites\/20\/2022\/09\/whatsapp-image-2022-09-23-at-10-52-15-2.jpeg 1600w\" sizes=\"(max-width: 300px) 100vw, 300px\" \/>\t\t\t\t\t\t\t\t\t\t\t\t\t\t\t<\/div>\n\t\t\t\t<\/div>\n\t\t\t\t\t<\/div>\n\t\t<\/div>\n\t\t\t\t\t<\/div>\n\t\t<\/section>\n\t\t\t\t<section class=\"elementor-section elementor-top-section elementor-element elementor-element-1bd5ca9f elementor-section-boxed elementor-section-height-default elementor-section-height-default\" data-id=\"1bd5ca9f\" data-element_type=\"section\" data-e-type=\"section\">\n\t\t\t\t\t\t<div class=\"elementor-container elementor-column-gap-default\">\n\t\t\t\t\t<div class=\"elementor-column elementor-col-100 elementor-top-column elementor-element elementor-element-57a22a30\" data-id=\"57a22a30\" data-element_type=\"column\" data-e-type=\"column\">\n\t\t\t<div class=\"elementor-widget-wrap elementor-element-populated\">\n\t\t\t\t\t\t<div class=\"elementor-element elementor-element-67ea0de7 elementor-widget elementor-widget-text-editor\" data-id=\"67ea0de7\" data-element_type=\"widget\" data-e-type=\"widget\" data-widget_type=\"text-editor.default\">\n\t\t\t\t<div class=\"elementor-widget-container\">\n\t\t\t\t\t\t\t\t\t<p>\u00a0<\/p><p><span style=\"font-family: arial, helvetica, sans-serif;font-size: 12pt;color: #000000\"><b>As vidrarias deste laborat\u00f3rio est\u00e3o identificadas na cor <span style=\"color: #993300\">marrom<\/span>.<\/b><\/span><span style=\"font-family: arial, helvetica, sans-serif;font-size: 12pt;color: #000000\"><br \/><\/span><\/p><p><span style=\"font-family: arial, helvetica, sans-serif;font-size: 12pt;color: #000000\"><b>Equipamentos:<\/b><\/span><\/p><table style=\"height: 130px;width: 100%;border-collapse: collapse;border-style: hidden\"><tbody><tr style=\"height: 24px\"><td style=\"width: 50%;height: 24px\"><span style=\"font-family: arial, helvetica, sans-serif;color: #000000\">Agitador magn\u00e9tico com aquecimento<\/span><\/td><td style=\"width: 50%;height: 24px\"><span style=\"font-family: arial, helvetica, sans-serif;color: #000000;font-size: 12pt\">Espectrofot\u00f4metro UV-Vis<\/span><\/td><\/tr><tr style=\"height: 24px;background-color: #ffffff\"><td style=\"width: 50%;height: 17px\"><span style=\"font-family: arial, helvetica, sans-serif;color: #000000\">Balan\u00e7a anal\u00edtica<\/span><\/td><td style=\"width: 50%;height: 17px\"><span style=\"font-family: arial, helvetica, sans-serif;color: #000000\">Estufa de secagem<\/span><\/td><\/tr><tr style=\"height: 24px\"><td style=\"width: 50%;height: 24px\"><span style=\"font-family: arial, helvetica, sans-serif;color: #000000\">Banho com ultrassom<\/span><\/td><td style=\"width: 50%;height: 24px\"><span style=\"font-family: arial, helvetica, sans-serif;color: #000000\">Geladeira<\/span><\/td><\/tr><tr style=\"height: 24px;background-color: #ffffff\"><td style=\"width: 50%;height: 24px\"><span style=\"font-family: arial, helvetica, sans-serif;color: #000000\">C\u00e2mara escura<\/span><\/td><td style=\"width: 50%;height: 24px\"><span style=\"font-family: arial, helvetica, sans-serif;color: #000000\">Impressora 3D<\/span><\/td><\/tr><tr style=\"height: 17px;background-color: #ffffff\"><td style=\"width: 50%;height: 17px\"><span style=\"font-family: arial, helvetica, sans-serif;color: #000000\">Capela de exaust\u00e3o de gases<\/span><\/td><td style=\"width: 50%;height: 17px\"><span style=\"font-family: arial, helvetica, sans-serif;color: #000000\">Incubadora shaker<\/span><\/td><\/tr><tr style=\"height: 24px;background-color: #ffffff\"><td style=\"width: 50%;height: 24px\"><span style=\"font-family: arial, helvetica, sans-serif;color: #000000\">Chapa de aquecimento<\/span><\/td><td style=\"width: 50%;height: 24px\"><span style=\"font-family: arial, helvetica, sans-serif;color: #000000\">pHmetro<\/span><\/td><\/tr><\/tbody><\/table><p><span style=\"color: #000000\"><em>* Para o uso do espa\u00e7o e dos materiais do laborat\u00f3rio, entrar em contato com prof.\/profa. respons\u00e1vel.<\/em><\/span><\/p>\t\t\t\t\t\t\t\t<\/div>\n\t\t\t\t<\/div>\n\t\t\t\t\t<\/div>\n\t\t<\/div>\n\t\t\t\t\t<\/div>\n\t\t<\/section>\n\t\t\t\t<section class=\"elementor-section elementor-top-section elementor-element elementor-element-0596b4b elementor-section-boxed elementor-section-height-default elementor-section-height-default\" data-id=\"0596b4b\" data-element_type=\"section\" data-e-type=\"section\">\n\t\t\t\t\t\t<div class=\"elementor-container elementor-column-gap-default\">\n\t\t\t\t\t<div class=\"elementor-column elementor-col-100 elementor-top-column elementor-element elementor-element-dfabe5e\" data-id=\"dfabe5e\" data-element_type=\"column\" data-e-type=\"column\">\n\t\t\t<div class=\"elementor-widget-wrap elementor-element-populated\">\n\t\t\t\t\t\t<div class=\"elementor-element elementor-element-5cd165b elementor-align-right elementor-widget elementor-widget-button\" data-id=\"5cd165b\" data-element_type=\"widget\" data-e-type=\"widget\" data-widget_type=\"button.default\">\n\t\t\t\t<div class=\"elementor-widget-container\">\n\t\t\t\t\t\t\t\t\t<div class=\"elementor-button-wrapper\">\n\t\t\t\t\t<a class=\"elementor-button elementor-button-link elementor-size-xs\" href=\"#\">\n\t\t\t\t\t\t<span class=\"elementor-button-content-wrapper\">\n\t\t\t\t\t\t<span class=\"elementor-button-icon\">\n\t\t\t\t<i aria-hidden=\"true\" class=\"far fa-caret-square-up\"><\/i>\t\t\t<\/span>\n\t\t\t\t\t\t\t\t<\/span>\n\t\t\t\t\t<\/a>\n\t\t\t\t<\/div>\n\t\t\t\t\t\t\t\t<\/div>\n\t\t\t\t<\/div>\n\t\t\t\t\t<\/div>\n\t\t<\/div>\n\t\t\t\t\t<\/div>\n\t\t<\/section>\n\t\t\t\t<\/div>\n\t\t","protected":false},"excerpt":{"rendered":"<p>\/*! elementor &#8211; v3.7.7 &#8211; 20-09-2022 *\/ .elementor-widget-image{text-align:center}.elementor-widget-image a{display:inline-block}.elementor-widget-image a img[src$=&#8221;.svg&#8221;]{width:48px}.elementor-widget-image img{vertical-align:middle;display:inline-block} \u00a0 As vidrarias deste laborat\u00f3rio est\u00e3o identificadas na cor marrom. Equipamentos: Agitador magn\u00e9tico [&hellip;]<\/p>\n","protected":false},"author":3636,"featured_media":0,"parent":0,"menu_order":0,"comment_status":"closed","ping_status":"closed","template":"","meta":{"_acf_changed":false,"footnotes":""},"class_list":["post-112","page","type-page","status-publish","hentry"],"acf":[],"_links":{"self":[{"href":"https:\/\/jandaiadosul.ufpr.br\/slac\/wp-json\/wp\/v2\/pages\/112","targetHints":{"allow":["GET"]}}],"collection":[{"href":"https:\/\/jandaiadosul.ufpr.br\/slac\/wp-json\/wp\/v2\/pages"}],"about":[{"href":"https:\/\/jandaiadosul.ufpr.br\/slac\/wp-json\/wp\/v2\/types\/page"}],"author":[{"embeddable":true,"href":"https:\/\/jandaiadosul.ufpr.br\/slac\/wp-json\/wp\/v2\/users\/3636"}],"replies":[{"embeddable":true,"href":"https:\/\/jandaiadosul.ufpr.br\/slac\/wp-json\/wp\/v2\/comments?post=112"}],"version-history":[{"count":59,"href":"https:\/\/jandaiadosul.ufpr.br\/slac\/wp-json\/wp\/v2\/pages\/112\/revisions"}],"predecessor-version":[{"id":1827,"href":"https:\/\/jandaiadosul.ufpr.br\/slac\/wp-json\/wp\/v2\/pages\/112\/revisions\/1827"}],"wp:attachment":[{"href":"https:\/\/jandaiadosul.ufpr.br\/slac\/wp-json\/wp\/v2\/media?parent=112"}],"curies":[{"name":"wp","href":"https:\/\/api.w.org\/{rel}","templated":true}]}}