{"id":2,"date":"2022-08-26T11:02:55","date_gmt":"2022-08-26T14:02:55","guid":{"rendered":"http:\/\/ru.jandaiadosul.ufpr.br\/?page_id=2"},"modified":"2024-09-23T14:33:35","modified_gmt":"2024-09-23T17:33:35","slug":"pagina-exemplo","status":"publish","type":"page","link":"https:\/\/jandaiadosul.ufpr.br\/ru\/","title":{"rendered":""},"content":{"rendered":"\r\n<div class=\"entry-content clearfix\">\r\n<h3><strong>Sobre o RU<\/strong><\/h3>\r\n<p>O Restaurante Universit\u00e1rio (RU) da UFPR \u00e9 uma unidade da Pr\u00f3 Reitoria de Administra\u00e7\u00e3o (PRA), que atende toda a comunidade universit\u00e1ria, oferecendo diariamente, 3 refei\u00e7\u00f5es (caf\u00e9 da manh\u00e3, almo\u00e7o e jantar), nutricionalmente adequadas e seguras do ponto de vista higi\u00eanico-sanit\u00e1rio, a baixo custo.<\/p>\r\n<p>Criado na d\u00e9cada de 60, inicialmente o restaurante tinha como objetivo atender aos estudantes que vinham estudar na capital, e era administrado por membros do Diret\u00f3rio Central dos Estudantes (DCE). A partir de 05 de agosto de 1980, o Restaurante passou a ter administra\u00e7\u00e3o da UFPR, quando recebeu, a denomina\u00e7\u00e3o de \u201cRestaurante Universit\u00e1rio\u201d.<\/p>\r\n<p>O RU se apresenta como uma das principais pol\u00edticas de perman\u00eancia na Universidade, possibilitando\u00a0 a forma\u00e7\u00e3o superior a muitos alunos, uma vez que oferece refei\u00e7\u00f5es de qualidade e com valor acess\u00edvel, que contribuem para a melhoria do desempenho acad\u00eamico, e redu\u00e7\u00e3o da evas\u00e3o decorrente da insufici\u00eancia de condi\u00e7\u00f5es financeiras. Atrav\u00e9s do PROGRAMA DE BENEF\u00cdCIOS ECON\u00d4MICOS\u00a0PARA A MANUTEN\u00c7\u00c3O DO\/A ESTUDANTE \u2013 PROBEM, administrado pela Pr\u00f3 Reitoria de Assuntos Estudantis (PRAE), os estudantes que apresentam fragilidade socioecon\u00f4mica recebem como um dos benef\u00edcios, o Aux\u00edlio Refei\u00e7\u00e3o, que fornece isen\u00e7\u00e3o da taxa das refei\u00e7\u00f5es nos restaurantes da universidade.<\/p>\r\n<p>Al\u00e9m disso, atrav\u00e9s de atividades de educa\u00e7\u00e3o nutricional, o RU busca disseminar bons h\u00e1bitos alimentares, de forma a contribuir com a tarefa b\u00e1sica da Institui\u00e7\u00e3o, que \u00e9 a forma\u00e7\u00e3o de pessoas. S\u00e3o espa\u00e7os interdisciplinares e de forma\u00e7\u00e3o acad\u00eamica, sendo campo de est\u00e1gios curriculares e volunt\u00e1rios para estudantes do curso de Nutri\u00e7\u00e3o e \u00e1reas afins, tanto da UFPR, como de outras institui\u00e7\u00f5es.<\/p>\r\n<p>Em <strong>Jandaia do Sul<\/strong> o Restaurante Universit\u00e1rio \u00e9 administrado pela empresa <strong>FLORESTA GOURMET<\/strong>, atendendo, prioritariamente, os Alunos de Jandaia do Sul, regularmente matriculados, Servidores T\u00e9cnico Administrativos, Docentes e Terceirizados.<\/p>\r\n<p>Endere\u00e7o: Rua Dr.\u00a0 Jo\u00e3o Maximiano, 387 \u2013 Em frente \u00e0 UFPR.<\/p>\r\n<p>&nbsp;<\/p>\r\n<\/div>\r\n<div class=\"entry-content clearfix\">\r\n<h3><strong>Hor\u00e1rio de Funcionamento<\/strong><\/h3>\r\n<table>\r\n<tbody>\r\n<tr>\r\n<td>\u00a0\r\n<p>Segunda a sexta-feira:<br \/>S\u00e1bados, Domingos e feriados:<\/p>\r\n<\/td>\r\n<td><label>Caf\u00e9<\/label>\r\n<p>06:30 \u00e0s 08:00<br \/>08:00 \u00e0s 09:30<\/p>\r\n<\/td>\r\n<td><label>Almo\u00e7o<\/label>\r\n<p>11:00 \u00e0s 13:30<br \/>11:00 \u00e0s 13:30<\/p>\r\n<\/td>\r\n<td><label>Jantar<\/label>\r\n<p>17:30 \u00e0s 19:30<br \/>17:30 \u00e0s 19:00<\/p>\r\n<\/td>\r\n<td>\u00a0<\/td>\r\n<\/tr>\r\n<\/tbody>\r\n<\/table>\r\n<p>&nbsp;<\/p>\r\n<h3 style=\"text-align: left\"><a href=\"https:\/\/pra.ufpr.br\/ru\/cardapio-ru-jandaia-do-sul\/\" target=\"_blank\" rel=\"noopener noreferrer\"><strong>Card\u00e1pio da Semana<\/strong><\/a><\/h3>\r\n<h3><a href=\"https:\/\/pra.ufpr.br\/ru\/precos\/\"><strong>Valores<\/strong><\/a><\/h3>\r\n<h3><a href=\"https:\/\/pra.ufpr.br\/ru\/identificacao\/\"><strong>Identifica\u00e7\u00e3o<\/strong><\/a><\/h3>\r\n<h3><strong><a href=\"https:\/\/pra.ufpr.br\/ru\/orientacoes-para-utilizacao-do-ru\/\">Orienta\u00e7\u00f5es para a utiliza\u00e7\u00e3o do RU<\/a><\/strong><\/h3>\r\n<div class=\"entry-content clearfix\">\r\n<h3>\u00a0<\/h3>\r\n<h3><strong>Servidor Respons\u00e1vel<\/strong><\/h3>\r\n<\/div>\r\n<p>Aline Repula da Cruz<\/p>\r\n<div class=\"entry-content clearfix\">\r\n<p><img decoding=\"async\" class=\"alignnone size-full wp-image-101\" src=\"https:\/\/jandaiadosul.ufpr.br\/novosite\/wp-content\/uploads\/2014\/04\/mail.png\" alt=\"mail\" width=\"15\" height=\"11\" \/>\u00a0<a href=\"mailto:aline.repula@ufpr.br\">aline.repula@ufpr.br<\/a><\/p>\r\n<\/div>\r\n<p>&nbsp;<\/p>\r\n<p>&nbsp;<\/p>\r\n<\/div>\r\n","protected":false},"excerpt":{"rendered":"<p>Sobre o RU O Restaurante Universit\u00e1rio (RU) da UFPR \u00e9 uma unidade da Pr\u00f3 Reitoria de Administra\u00e7\u00e3o (PRA), que atende toda a comunidade universit\u00e1ria, oferecendo [&hellip;]<\/p>\n","protected":false},"author":3618,"featured_media":8,"parent":0,"menu_order":0,"comment_status":"closed","ping_status":"open","template":"","meta":{"_acf_changed":false,"footnotes":""},"class_list":["post-2","page","type-page","status-publish","has-post-thumbnail","hentry"],"acf":[],"_links":{"self":[{"href":"https:\/\/jandaiadosul.ufpr.br\/ru\/wp-json\/wp\/v2\/pages\/2","targetHints":{"allow":["GET"]}}],"collection":[{"href":"https:\/\/jandaiadosul.ufpr.br\/ru\/wp-json\/wp\/v2\/pages"}],"about":[{"href":"https:\/\/jandaiadosul.ufpr.br\/ru\/wp-json\/wp\/v2\/types\/page"}],"author":[{"embeddable":true,"href":"https:\/\/jandaiadosul.ufpr.br\/ru\/wp-json\/wp\/v2\/users\/3618"}],"replies":[{"embeddable":true,"href":"https:\/\/jandaiadosul.ufpr.br\/ru\/wp-json\/wp\/v2\/comments?post=2"}],"version-history":[{"count":27,"href":"https:\/\/jandaiadosul.ufpr.br\/ru\/wp-json\/wp\/v2\/pages\/2\/revisions"}],"predecessor-version":[{"id":71,"href":"https:\/\/jandaiadosul.ufpr.br\/ru\/wp-json\/wp\/v2\/pages\/2\/revisions\/71"}],"wp:featuredmedia":[{"embeddable":true,"href":"https:\/\/jandaiadosul.ufpr.br\/ru\/wp-json\/wp\/v2\/media\/8"}],"wp:attachment":[{"href":"https:\/\/jandaiadosul.ufpr.br\/ru\/wp-json\/wp\/v2\/media?parent=2"}],"curies":[{"name":"wp","href":"https:\/\/api.w.org\/{rel}","templated":true}]}}