{"id":6,"date":"2026-03-18T14:41:41","date_gmt":"2026-03-18T17:41:41","guid":{"rendered":"https:\/\/jandaiadosul.ufpr.br\/matematicatec\/?page_id=2"},"modified":"2026-04-13T10:27:03","modified_gmt":"2026-04-13T13:27:03","slug":"pagina-exemplo","status":"publish","type":"page","link":"https:\/\/jandaiadosul.ufpr.br\/matematicatec\/","title":{"rendered":"Licenciatura em Matem\u00e1tica e Tecnologias Digitais"},"content":{"rendered":"\t\t<div data-elementor-type=\"wp-page\" data-elementor-id=\"6\" class=\"elementor elementor-6\">\n\t\t\t\t<div class=\"elementor-element elementor-element-264fb46 e-flex e-con-boxed e-con e-parent\" data-id=\"264fb46\" data-element_type=\"container\">\n\t\t\t\t\t<div class=\"e-con-inner\">\n\t\t<div class=\"elementor-element elementor-element-a493eda e-con-full e-flex e-con e-child\" data-id=\"a493eda\" data-element_type=\"container\">\n\t\t\t\t<div class=\"elementor-element elementor-element-7a05099 elementor-widget elementor-widget-text-editor\" data-id=\"7a05099\" data-element_type=\"widget\" data-widget_type=\"text-editor.default\">\n\t\t\t\t\t\t\t\t\t<h2><strong>A fus\u00e3o que transforma a educa\u00e7\u00e3o<\/strong><\/h2><p style=\"text-align: center\"><strong>Domine a matem\u00e1tica pura e as ferramentas digitais para formar os cidad\u00e3os e os profissionais do futuro. <\/strong><\/p><p style=\"text-align: center\"><strong>Um curso que une o rigor acad\u00eamico \u00e0 inova\u00e7\u00e3o tecnol\u00f3gica.<\/strong><\/p>\t\t\t\t\t\t\t\t<\/div>\n\t\t\t\t<\/div>\n\t\t<div class=\"elementor-element elementor-element-9ce2abb e-con-full e-flex e-con e-child\" data-id=\"9ce2abb\" data-element_type=\"container\">\n\t\t<div class=\"elementor-element elementor-element-a2b9eca e-con-full e-flex e-con e-child\" data-id=\"a2b9eca\" data-element_type=\"container\">\n\t\t\t\t<div class=\"elementor-element elementor-element-2a9b439 elementor-widget elementor-widget-image\" data-id=\"2a9b439\" data-element_type=\"widget\" data-widget_type=\"image.default\">\n\t\t\t\t\t\t\t\t\t\t\t\t\t\t\t<img fetchpriority=\"high\" decoding=\"async\" width=\"1024\" height=\"572\" src=\"https:\/\/jandaiadosul.ufpr.br\/matematicatec\/wp-content\/uploads\/sites\/63\/2026\/03\/hero_fusion-1024x572.jpg\" class=\"attachment-large size-large wp-image-32\" alt=\"\" srcset=\"https:\/\/jandaiadosul.ufpr.br\/matematicatec\/wp-content\/uploads\/sites\/63\/2026\/03\/hero_fusion-1024x572.jpg 1024w, https:\/\/jandaiadosul.ufpr.br\/matematicatec\/wp-content\/uploads\/sites\/63\/2026\/03\/hero_fusion-300x167.jpg 300w, https:\/\/jandaiadosul.ufpr.br\/matematicatec\/wp-content\/uploads\/sites\/63\/2026\/03\/hero_fusion-768x429.jpg 768w, https:\/\/jandaiadosul.ufpr.br\/matematicatec\/wp-content\/uploads\/sites\/63\/2026\/03\/hero_fusion-175x98.jpg 175w, https:\/\/jandaiadosul.ufpr.br\/matematicatec\/wp-content\/uploads\/sites\/63\/2026\/03\/hero_fusion-75x42.jpg 75w, https:\/\/jandaiadosul.ufpr.br\/matematicatec\/wp-content\/uploads\/sites\/63\/2026\/03\/hero_fusion.jpg 1376w\" sizes=\"(max-width: 1024px) 100vw, 1024px\" \/>\t\t\t\t\t\t\t\t\t\t\t\t\t\t\t<\/div>\n\t\t\t\t<\/div>\n\t\t\t\t<\/div>\n\t\t\t\t\t<\/div>\n\t\t\t\t<\/div>\n\t\t<div class=\"elementor-element elementor-element-1421407 e-flex e-con-boxed e-con e-parent\" data-id=\"1421407\" data-element_type=\"container\">\n\t\t\t\t\t<div class=\"e-con-inner\">\n\t\t\t\t<div class=\"elementor-element elementor-element-2600c09 elementor-widget elementor-widget-heading\" data-id=\"2600c09\" data-element_type=\"widget\" data-widget_type=\"heading.default\">\n\t\t\t\t\t<h2 class=\"elementor-heading-title elementor-size-default\">A forma\u00e7\u00e3o que transforma a educa\u00e7\u00e3o.<\/h2>\t\t\t\t<\/div>\n\t\t\t\t\t<\/div>\n\t\t\t\t<\/div>\n\t\t<div class=\"elementor-element elementor-element-9faaef8 e-flex e-con-boxed e-con e-parent\" data-id=\"9faaef8\" data-element_type=\"container\">\n\t\t\t\t\t<div class=\"e-con-inner\">\n\t\t\t\t<div class=\"elementor-element elementor-element-5ae48c1 elementor-widget elementor-widget-image\" data-id=\"5ae48c1\" data-element_type=\"widget\" data-widget_type=\"image.default\">\n\t\t\t\t\t\t\t\t\t\t\t\t\t\t\t\t<a href=\"https:\/\/jandaiadosul.ufpr.br\/matematicatec\/curso\/\">\n\t\t\t\t\t\t\t<img decoding=\"async\" width=\"794\" height=\"340\" src=\"https:\/\/jandaiadosul.ufpr.br\/matematicatec\/wp-content\/uploads\/sites\/63\/2026\/04\/mat_tec_gpai.png\" class=\"attachment-large size-large wp-image-96\" alt=\"\" srcset=\"https:\/\/jandaiadosul.ufpr.br\/matematicatec\/wp-content\/uploads\/sites\/63\/2026\/04\/mat_tec_gpai.png 794w, https:\/\/jandaiadosul.ufpr.br\/matematicatec\/wp-content\/uploads\/sites\/63\/2026\/04\/mat_tec_gpai-300x128.png 300w, https:\/\/jandaiadosul.ufpr.br\/matematicatec\/wp-content\/uploads\/sites\/63\/2026\/04\/mat_tec_gpai-768x329.png 768w, https:\/\/jandaiadosul.ufpr.br\/matematicatec\/wp-content\/uploads\/sites\/63\/2026\/04\/mat_tec_gpai-175x75.png 175w, https:\/\/jandaiadosul.ufpr.br\/matematicatec\/wp-content\/uploads\/sites\/63\/2026\/04\/mat_tec_gpai-75x32.png 75w\" sizes=\"(max-width: 794px) 100vw, 794px\" \/>\t\t\t\t\t\t\t\t<\/a>\n\t\t\t\t\t\t\t\t\t\t\t\t\t\t\t<\/div>\n\t\t\t\t\t<\/div>\n\t\t\t\t<\/div>\n\t\t<div class=\"elementor-element elementor-element-68e27ff e-grid e-con-boxed e-con e-parent\" data-id=\"68e27ff\" data-element_type=\"container\">\n\t\t\t\t\t<div class=\"e-con-inner\">\n\t\t\t\t<div class=\"elementor-element elementor-element-bb41f0f elementor-widget elementor-widget-image\" data-id=\"bb41f0f\" data-element_type=\"widget\" data-widget_type=\"image.default\">\n\t\t\t\t\t\t\t\t\t\t\t\t\t\t\t<img decoding=\"async\" width=\"1024\" height=\"683\" src=\"https:\/\/jandaiadosul.ufpr.br\/matematicatec\/wp-content\/uploads\/sites\/63\/2026\/04\/forma_gpt_educ-1024x683.jpg\" class=\"attachment-large size-large wp-image-154\" alt=\"\" srcset=\"https:\/\/jandaiadosul.ufpr.br\/matematicatec\/wp-content\/uploads\/sites\/63\/2026\/04\/forma_gpt_educ-1024x683.jpg 1024w, https:\/\/jandaiadosul.ufpr.br\/matematicatec\/wp-content\/uploads\/sites\/63\/2026\/04\/forma_gpt_educ-300x200.jpg 300w, https:\/\/jandaiadosul.ufpr.br\/matematicatec\/wp-content\/uploads\/sites\/63\/2026\/04\/forma_gpt_educ-768x512.jpg 768w, https:\/\/jandaiadosul.ufpr.br\/matematicatec\/wp-content\/uploads\/sites\/63\/2026\/04\/forma_gpt_educ-147x98.jpg 147w, https:\/\/jandaiadosul.ufpr.br\/matematicatec\/wp-content\/uploads\/sites\/63\/2026\/04\/forma_gpt_educ-75x50.jpg 75w, https:\/\/jandaiadosul.ufpr.br\/matematicatec\/wp-content\/uploads\/sites\/63\/2026\/04\/forma_gpt_educ.jpg 1536w\" sizes=\"(max-width: 1024px) 100vw, 1024px\" \/>\t\t\t\t\t\t\t\t\t\t\t\t\t\t\t<\/div>\n\t\t\t\t<div class=\"elementor-element elementor-element-9089708 elementor-widget elementor-widget-text-editor\" data-id=\"9089708\" data-element_type=\"widget\" data-widget_type=\"text-editor.default\">\n\t\t\t\t\t\t\t\t\t<p style=\"text-align: center\"><span style=\"font-size: 24pt;color: #000000\"><strong>Conhe\u00e7a os professores<\/strong><\/span><\/p>\n<p style=\"text-align: center\"><a href=\"https:\/\/jandaiadosul.ufpr.br\/matematicatec\/corpo-docente\/\" target=\"_blank\">Clique aqui<\/a><\/p>\t\t\t\t\t\t\t\t<\/div>\n\t\t\t\t\t<\/div>\n\t\t\t\t<\/div>\n\t\t<div class=\"elementor-element elementor-element-07e6c9e e-flex e-con-boxed e-con e-parent\" data-id=\"07e6c9e\" data-element_type=\"container\">\n\t\t\t\t\t<div class=\"e-con-inner\">\n\t\t\t\t<div class=\"elementor-element elementor-element-fd9b2a9 elementor-widget elementor-widget-spacer\" data-id=\"fd9b2a9\" data-element_type=\"widget\" data-widget_type=\"spacer.default\">\n\t\t\t\t\t\t\t<div class=\"elementor-spacer\">\n\t\t\t<div class=\"elementor-spacer-inner\"><\/div>\n\t\t<\/div>\n\t\t\t\t\t\t<\/div>\n\t\t\t\t<div class=\"elementor-element elementor-element-8467766 elementor-button-warning elementor-align-center elementor-widget elementor-widget-button\" data-id=\"8467766\" data-element_type=\"widget\" data-widget_type=\"button.default\">\n\t\t\t\t\t\t\t\t\t\t<a class=\"elementor-button elementor-button-link elementor-size-sm elementor-animation-bounce-in\" href=\"https:\/\/servicos.nc.ufpr.br\/PortalNC\/Home\" target=\"_blank\">\n\t\t\t\t\t\t<span class=\"elementor-button-content-wrapper\">\n\t\t\t\t\t\t\t\t\t<span class=\"elementor-button-text\">Vestibular clique aqui<\/span>\n\t\t\t\t\t<\/span>\n\t\t\t\t\t<\/a>\n\t\t\t\t\t\t\t\t<\/div>\n\t\t\t\t<div class=\"elementor-element elementor-element-578e4e7 elementor-widget elementor-widget-spacer\" data-id=\"578e4e7\" data-element_type=\"widget\" data-widget_type=\"spacer.default\">\n\t\t\t\t\t\t\t<div class=\"elementor-spacer\">\n\t\t\t<div class=\"elementor-spacer-inner\"><\/div>\n\t\t<\/div>\n\t\t\t\t\t\t<\/div>\n\t\t\t\t<div class=\"elementor-element elementor-element-283ed03 elementor-widget elementor-widget-google_maps\" data-id=\"283ed03\" data-element_type=\"widget\" data-widget_type=\"google_maps.default\">\n\t\t\t\t\t\t\t<div class=\"elementor-custom-embed\">\n\t\t\t<iframe loading=\"lazy\"\n\t\t\t\t\tsrc=\"https:\/\/maps.google.com\/maps?q=ufpr%20jandaia%20do%20sul&#038;t=m&#038;z=15&#038;output=embed&#038;iwloc=near\"\n\t\t\t\t\ttitle=\"ufpr jandaia do sul\"\n\t\t\t\t\taria-label=\"ufpr jandaia do sul\"\n\t\t\t><\/iframe>\n\t\t<\/div>\n\t\t\t\t\t\t<\/div>\n\t\t\t\t\t<\/div>\n\t\t\t\t<\/div>\n\t\t\t\t<\/div>\n\t\t","protected":false},"excerpt":{"rendered":"<p>A fus\u00e3o que transforma a educa\u00e7\u00e3o Domine a matem\u00e1tica pura e as ferramentas digitais para formar os cidad\u00e3os e os profissionais do futuro. Um curso [&hellip;]<\/p>\n","protected":false},"author":3618,"featured_media":0,"parent":0,"menu_order":0,"comment_status":"closed","ping_status":"open","template":"","meta":{"_acf_changed":false,"footnotes":""},"class_list":["post-6","page","type-page","status-publish","hentry"],"acf":[],"_links":{"self":[{"href":"https:\/\/jandaiadosul.ufpr.br\/matematicatec\/wp-json\/wp\/v2\/pages\/6","targetHints":{"allow":["GET"]}}],"collection":[{"href":"https:\/\/jandaiadosul.ufpr.br\/matematicatec\/wp-json\/wp\/v2\/pages"}],"about":[{"href":"https:\/\/jandaiadosul.ufpr.br\/matematicatec\/wp-json\/wp\/v2\/types\/page"}],"author":[{"embeddable":true,"href":"https:\/\/jandaiadosul.ufpr.br\/matematicatec\/wp-json\/wp\/v2\/users\/3618"}],"replies":[{"embeddable":true,"href":"https:\/\/jandaiadosul.ufpr.br\/matematicatec\/wp-json\/wp\/v2\/comments?post=6"}],"version-history":[{"count":31,"href":"https:\/\/jandaiadosul.ufpr.br\/matematicatec\/wp-json\/wp\/v2\/pages\/6\/revisions"}],"predecessor-version":[{"id":268,"href":"https:\/\/jandaiadosul.ufpr.br\/matematicatec\/wp-json\/wp\/v2\/pages\/6\/revisions\/268"}],"wp:attachment":[{"href":"https:\/\/jandaiadosul.ufpr.br\/matematicatec\/wp-json\/wp\/v2\/media?parent=6"}],"curies":[{"name":"wp","href":"https:\/\/api.w.org\/{rel}","templated":true}]}}