{"id":99,"date":"2023-01-10T13:50:16","date_gmt":"2023-01-10T16:50:16","guid":{"rendered":"https:\/\/jandaiadosul.ufpr.br\/licenciaturacomputacao\/?page_id=99"},"modified":"2023-01-10T13:50:16","modified_gmt":"2023-01-10T16:50:16","slug":"atas-colegiado-2017","status":"publish","type":"page","link":"https:\/\/jandaiadosul.ufpr.br\/licenciaturacomputacao\/atas-colegiado-2017\/","title":{"rendered":"Atas Colegiado 2017"},"content":{"rendered":"<h4><span style=\"font-family: arial, helvetica, sans-serif;font-size: 12pt\"><strong>Atas das reuni\u00f5es ordin\u00e1rias do Colegiado do Curso de Licenciatura em Computa\u00e7\u00e3o<\/strong><\/span><\/h4>\n<p><span style=\"font-family: arial, helvetica, sans-serif;color: #800080;font-size: 12pt\"><a style=\"color: #800080;text-decoration: underline\" href=\"https:\/\/jandaiadosul.ufpr.br\/wp-content\/uploads\/2017\/05\/Ata-da-25%C2%AA-Reuni%C3%A3o-Ordin%C3%A1ria-de-COMPUTA%C3%87%C3%83O.pdf\">Ata da 25\u00aa Reuni\u00e3o Ordin\u00e1ria do Colegiado de Licenciatura em Computa\u00e7\u00e3o, aprovada em 29\/03\/2017.<\/a><\/span><\/p>\n<p><span style=\"font-family: arial, helvetica, sans-serif;color: #800080;font-size: 12pt\"><a style=\"color: #800080;text-decoration: underline\" href=\"https:\/\/jandaiadosul.ufpr.br\/wp-content\/uploads\/2017\/05\/Ata-da-26%C2%AA-Reuni%C3%A7%C3%A3o-Ordin%C3%A1ria-de-Computa%C3%A7%C3%A3o-29.03.17.pdf\">Ata da 26\u00aa Reuni\u00e3o Ordin\u00e1ria do Colegiado de Licenciatura em Computa\u00e7\u00e3o, aprovada em 25\/04\/2017.<\/a><\/span><\/p>\n<p><span style=\"font-family: arial, helvetica, sans-serif;color: #800080;font-size: 12pt\"><a style=\"color: #800080;text-decoration: underline\" href=\"https:\/\/jandaiadosul.ufpr.br\/wp-content\/uploads\/2017\/09\/Ata-da-27%C2%AA-Reuni%C3%A7%C3%A3o-Ordin%C3%A1ria-de-Computa%C3%A7%C3%A3o-25.04.2017.pdf\">Ata da 27\u00aa Reuni\u00e3o Ordin\u00e1ria do Colegiado de Licenciatura em Computa\u00e7\u00e3o, aprovada em 31\/05\/2017.<\/a><\/span><\/p>\n<p><span style=\"font-family: arial, helvetica, sans-serif;color: #800080;font-size: 12pt\"><a style=\"color: #800080;text-decoration: underline\" href=\"https:\/\/jandaiadosul.ufpr.br\/wp-content\/uploads\/2017\/09\/Ata-da-28%C2%AA-Reuni%C3%A7%C3%A3o-Ordin%C3%A1ria-de-Computa%C3%A7%C3%A3o-31.05.2017.pdf\">Ata da 28\u00aa Reuni\u00e3o Ordin\u00e1ria do Colegiado de Licenciatura em Computa\u00e7\u00e3o, aprovada em 29\/06\/2017.<\/a><\/span><\/p>\n<p><span style=\"font-family: arial, helvetica, sans-serif;color: #800080;font-size: 12pt\"><a style=\"color: #800080;text-decoration: underline\" href=\"https:\/\/jandaiadosul.ufpr.br\/wp-content\/uploads\/2017\/09\/ATA-DA-29%C2%AA-REUNI%C3%83O-ORDIN%C3%81RIA-DO-COLEGIADO-DO-CURSO-DE-LICENCIATURA-EM-COMPUTA%C3%87%C3%83O.pdf\">Ata da 29\u00aa Reuni\u00e3o Ordin\u00e1ria do Colegiado de Licenciatura em Computa\u00e7\u00e3o, aprovada em 04\/08\/2017.<\/a><\/span><\/p>\n<p><span style=\"font-family: arial, helvetica, sans-serif;color: #800080;font-size: 12pt\"><a style=\"color: #800080;text-decoration: underline\" href=\"https:\/\/jandaiadosul.ufpr.br\/wp-content\/uploads\/2018\/03\/ATA-DA-30%C2%AA-REUNI%C3%83O-ORDIN%C3%81RIA-DO-COLEGIADO-DO-CURSO-DE-LICENCIATURA-EM-COMPUTA%C3%87%C3%83O.pdf\">Ata da 30\u00aa Reuni\u00e3o Ordin\u00e1ria do Colegiado de Licenciatura em Computa\u00e7\u00e3o, aprovada em 02\/10\/2017.<\/a><\/span><\/p>\n<p><span style=\"font-family: arial, helvetica, sans-serif;color: #800080;font-size: 12pt\"><a style=\"color: #800080;text-decoration: underline\" href=\"https:\/\/jandaiadosul.ufpr.br\/wp-content\/uploads\/2018\/03\/ATA-DA-31%C2%AA-REUNI%C3%83O-ORDIN%C3%81RIA-DO-COLEGIADO-DO-CURSO-DE-LICENCIATURA-EM-COMPUTA%C3%87%C3%83O.pdf\">Ata da 31\u00aa Reuni\u00e3o Ordin\u00e1ria do Colegiado de Licenciatura em Computa\u00e7\u00e3o, aprovada em 09\/11\/2017.<\/a><\/span><\/p>\n<p><span style=\"font-family: arial, helvetica, sans-serif;color: #800080;font-size: 12pt\"><a style=\"color: #800080;text-decoration: underline\" href=\"https:\/\/jandaiadosul.ufpr.br\/wp-content\/uploads\/2018\/03\/ATA-DA-32%C2%AA-REUNI%C3%83O-ORDIN%C3%81RIA-DO-COLEGIADO-DO-CURSO-DE-LICENCIATURA-EM-COMPUTA%C3%87%C3%83O.pdf\">Ata da 32\u00aa Reuni\u00e3o Ordin\u00e1ria do Colegiado de Licenciatura em Computa\u00e7\u00e3o, aprovada em 01\/03\/2018.<\/a><\/span><\/p>\n<p>&nbsp;<\/p>\n<p><span style=\"font-family: arial, helvetica, sans-serif;font-size: 12pt\"><strong>Atas das reuni\u00f5es extraordin\u00e1rias do Colegiado do Curso de Licenciatura em Computa\u00e7\u00e3o<\/strong><\/span><\/p>\n<p><span style=\"text-decoration: underline;font-family: arial, helvetica, sans-serif;font-size: 12pt\"><span style=\"color: #800080;text-decoration: underline\"><a style=\"color: #800080;text-decoration: underline\" href=\"https:\/\/jandaiadosul.ufpr.br\/wp-content\/uploads\/2017\/03\/Ata-da-11%C2%AA-Reuni%C3%A3o-Extraordin%C3%A1ria-do-Colegiado-de-Computa%C3%A7%C3%A3o.pdf\">Ata da 11\u00aa Reuni\u00e3o Extraordin\u00e1ria do Colegiado de Licenciatura em Computa\u00e7\u00e3o, aprovada em 24\/02\/2017.<\/a><\/span><\/span><\/p>\n<p><span style=\"text-decoration: underline;font-family: arial, helvetica, sans-serif;font-size: 12pt\"><span style=\"color: #800080;text-decoration: underline\"><a style=\"color: #800080;text-decoration: underline\" href=\"https:\/\/jandaiadosul.ufpr.br\/wp-content\/uploads\/2017\/09\/Ata-da-12-reuni%C3%A3o-extraordinaria-de-colegiado-do-curso-de-licenciatura-computacao.pdf\">Ata da 12\u00aa Reuni\u00e3o Extraordin\u00e1ria do Colegiado de Licenciatura em Computa\u00e7\u00e3o, aprovada em 04\/08\/2017.<\/a><\/span><\/span><\/p>\n<p><span style=\"text-decoration: underline;font-family: arial, helvetica, sans-serif;font-size: 12pt\"><span style=\"color: #800080;text-decoration: underline\"><a style=\"color: #800080;text-decoration: underline\" href=\"https:\/\/jandaiadosul.ufpr.br\/wp-content\/uploads\/2017\/09\/Ata-da-13%C2%AA-Reuni%C3%A3o-Extraordin%C3%A1ria-de-Computa%C3%A7%C3%A3o.pdf\">Ata da 13\u00aa Reuni\u00e3o Extraordin\u00e1ria do Colegiado de Licenciatura em Computa\u00e7\u00e3o, aprovada em 04\/08\/2017.<\/a><\/span><\/span><\/p>\n<p><span style=\"text-decoration: underline;font-family: arial, helvetica, sans-serif;font-size: 12pt\"><span style=\"color: #800080;text-decoration: underline\"><a style=\"color: #800080;text-decoration: underline\" href=\"https:\/\/jandaiadosul.ufpr.br\/wp-content\/uploads\/2017\/09\/Ata-da-14%C2%AA-Reuni%C3%A3o-Extraordin%C3%A1ria-de-Computa%C3%A7%C3%A3o-sem-assin..pdf\">Ata da 14\u00aa Reuni\u00e3o Extraordin\u00e1ria do Colegiado de Licenciatura em Computa\u00e7\u00e3o, aprovada em 04\/08\/2017.<\/a><\/span><\/span><\/p>\n<p><span style=\"text-decoration: underline;font-family: arial, helvetica, sans-serif;font-size: 12pt\"><span style=\"color: #800080;text-decoration: underline\"><a style=\"color: #800080;text-decoration: underline\" href=\"https:\/\/jandaiadosul.ufpr.br\/wp-content\/uploads\/2018\/03\/Ata-da-15%C2%AA-Reuni%C3%A3o-Extraordin%C3%A1ria-de-Computa%C3%A7%C3%A3o-10.08.2017.pdf\">Ata da 15\u00aa Reuni\u00e3o Extraordin\u00e1ria do Colegiado de Licenciatura em Computa\u00e7\u00e3o, aprovada em 02\/10\/2017.<\/a><\/span><\/span><\/p>\n<p><span style=\"text-decoration: underline;font-family: arial, helvetica, sans-serif;font-size: 12pt\"><span style=\"color: #800080;text-decoration: underline\"><a style=\"color: #800080;text-decoration: underline\" href=\"https:\/\/jandaiadosul.ufpr.br\/wp-content\/uploads\/2018\/03\/ATA-DA-16%C2%AA-REUNI%C3%83O-EXTRAORDIN%C3%81RIA-DO-COLEGIADO-DO-CURSO-DE-LICENCIATURA-EM-COMPUTA%C3%87%C3%83O.pdf\">Ata da 16\u00aa Reuni\u00e3o Extraordin\u00e1ria do Colegiado de Licenciatura em Computa\u00e7\u00e3,o aprovada em 02\/10\/2017.<\/a><\/span><\/span><\/p>\n<p><span style=\"text-decoration: underline;font-family: arial, helvetica, sans-serif;font-size: 12pt\"><span style=\"color: #800080;text-decoration: underline\"><a style=\"color: #800080;text-decoration: underline\" href=\"https:\/\/jandaiadosul.ufpr.br\/wp-content\/uploads\/2018\/03\/Ata-da-17%C2%AA-Reuni%C3%A3o-Extraordin%C3%A1ria-de-Computa%C3%A7%C3%A3o-18.09.2017.pdf\">Ata da 17\u00aa Reuni\u00e3o Extraordin\u00e1ria do Colegiado de Licenciatura em Computa\u00e7\u00e3o, aprovada em 02\/10\/2017.<\/a><\/span><\/span><\/p>\n<p><span style=\"text-decoration: underline;font-family: arial, helvetica, sans-serif;font-size: 12pt\"><span style=\"color: #800080;text-decoration: underline\"><a style=\"color: #800080;text-decoration: underline\" href=\"https:\/\/jandaiadosul.ufpr.br\/wp-content\/uploads\/2018\/03\/Ata-da-18%C2%AA-Reuni%C3%A3o-Extraordin%C3%A1ria-de-Computa%C3%A7%C3%A3o-18.10.2017.pdf\">Ata da 18\u00aa Reuni\u00e3o Extraordin\u00e1ria do Colegiado de Licenciatura em Computa\u00e7\u00e3o, aprovada em 09\/11\/2017.<\/a><\/span><\/span><\/p>\n<p>&nbsp;<\/p>\n","protected":false},"excerpt":{"rendered":"<p>Atas das reuni\u00f5es ordin\u00e1rias do Colegiado do Curso de Licenciatura em Computa\u00e7\u00e3o Ata da 25\u00aa Reuni\u00e3o Ordin\u00e1ria do Colegiado de Licenciatura em Computa\u00e7\u00e3o, aprovada em [&hellip;]<\/p>\n","protected":false},"author":3651,"featured_media":0,"parent":0,"menu_order":0,"comment_status":"closed","ping_status":"closed","template":"","meta":{"_acf_changed":false,"footnotes":""},"class_list":["post-99","page","type-page","status-publish","hentry"],"acf":[],"_links":{"self":[{"href":"https:\/\/jandaiadosul.ufpr.br\/licenciaturacomputacao\/wp-json\/wp\/v2\/pages\/99","targetHints":{"allow":["GET"]}}],"collection":[{"href":"https:\/\/jandaiadosul.ufpr.br\/licenciaturacomputacao\/wp-json\/wp\/v2\/pages"}],"about":[{"href":"https:\/\/jandaiadosul.ufpr.br\/licenciaturacomputacao\/wp-json\/wp\/v2\/types\/page"}],"author":[{"embeddable":true,"href":"https:\/\/jandaiadosul.ufpr.br\/licenciaturacomputacao\/wp-json\/wp\/v2\/users\/3651"}],"replies":[{"embeddable":true,"href":"https:\/\/jandaiadosul.ufpr.br\/licenciaturacomputacao\/wp-json\/wp\/v2\/comments?post=99"}],"version-history":[{"count":1,"href":"https:\/\/jandaiadosul.ufpr.br\/licenciaturacomputacao\/wp-json\/wp\/v2\/pages\/99\/revisions"}],"predecessor-version":[{"id":100,"href":"https:\/\/jandaiadosul.ufpr.br\/licenciaturacomputacao\/wp-json\/wp\/v2\/pages\/99\/revisions\/100"}],"wp:attachment":[{"href":"https:\/\/jandaiadosul.ufpr.br\/licenciaturacomputacao\/wp-json\/wp\/v2\/media?parent=99"}],"curies":[{"name":"wp","href":"https:\/\/api.w.org\/{rel}","templated":true}]}}