{"id":97,"date":"2023-01-10T13:48:35","date_gmt":"2023-01-10T16:48:35","guid":{"rendered":"https:\/\/jandaiadosul.ufpr.br\/licenciaturacomputacao\/?page_id=97"},"modified":"2023-01-10T13:48:35","modified_gmt":"2023-01-10T16:48:35","slug":"atas-colegiado-2016","status":"publish","type":"page","link":"https:\/\/jandaiadosul.ufpr.br\/licenciaturacomputacao\/atas-colegiado-2016\/","title":{"rendered":"Atas Colegiado 2016"},"content":{"rendered":"<h4><span style=\"font-family: arial, helvetica, sans-serif;font-size: 12pt\"><strong>Atas das reuni\u00f5es ordin\u00e1rias do Colegiado do Curso de Licenciatura em Computa\u00e7\u00e3o<\/strong><\/span><\/h4>\n<p><span style=\"font-family: arial, helvetica, sans-serif;color: #800080;font-size: 12pt\"><a style=\"color: #800080;text-decoration: underline\" href=\"https:\/\/jandaiadosul.ufpr.br\/wp-content\/uploads\/2016\/03\/Ata-da-16a-Reuniao-Ordinaria-do-Colegiado-de-Computacao-Aprovada-em-28-03-2016.pdf\">Ata da 16\u00aa Reuni\u00e3o Ordin\u00e1ria do Colegiado de Licenciatura em Computa\u00e7\u00e3o, aprovada em 28\/03\/2016.<\/a><\/span><\/p>\n<p><span style=\"font-family: arial, helvetica, sans-serif;color: #800080;font-size: 12pt\"><a style=\"color: #800080;text-decoration: underline\" href=\"https:\/\/jandaiadosul.ufpr.br\/wp-content\/uploads\/2016\/10\/Ata-da-17a-Reuniao-Ordinaria-do-Colegiado-de-Computacao-Aprovada-em-26-04-2016.pdf\">Ata da 17\u00aa Reuni\u00e3o Ordin\u00e1ria do Colegiado de Licenciatura em Computa\u00e7\u00e3o, aprovada em 26\/04\/2016.<\/a><\/span><\/p>\n<p><span style=\"font-family: arial, helvetica, sans-serif;color: #800080;font-size: 12pt\"><a style=\"color: #800080;text-decoration: underline\" href=\"https:\/\/jandaiadosul.ufpr.br\/wp-content\/uploads\/2016\/10\/Ata-da-18a-Reuniao-Ordinaria-do-Colegiado-de-Computacao-Aprovada-em-25-05-2016.pdf\">Ata da 18\u00aa Reuni\u00e3o Ordin\u00e1ria do Colegiado de Licenciatura em Computa\u00e7\u00e3o, aprovada em 25\/05\/2016.<\/a><\/span><\/p>\n<p><span style=\"font-family: arial, helvetica, sans-serif;color: #800080;font-size: 12pt\"><a style=\"color: #800080;text-decoration: underline\" href=\"https:\/\/jandaiadosul.ufpr.br\/wp-content\/uploads\/2016\/10\/Ata-da-19a-Reuniao-Ordinaria-do-Colegiado-de-Computacao-Aprovada-em-30-06-2016.pdf\">Ata da 19\u00aa Reuni\u00e3o Ordin\u00e1ria do Colegiado de Licenciatura em Computa\u00e7\u00e3o, aprovada em 30\/06\/2017.<\/a><\/span><\/p>\n<p><span style=\"font-family: arial, helvetica, sans-serif;color: #800080;font-size: 12pt\"><a style=\"color: #800080;text-decoration: underline\" href=\"https:\/\/jandaiadosul.ufpr.br\/wp-content\/uploads\/2016\/10\/Ata-da-20a-Reuniao-Ordinaria-do-Colegiado-de-Computacao-Aprovada-em-29-08-2016.pdf\">Ata da 20\u00aa Reuni\u00e3o Ordin\u00e1ria do Colegiado de Licenciatura em Computa\u00e7\u00e3o, aprovada em 29\/08\/2016.<\/a><\/span><\/p>\n<p><span style=\"font-family: arial, helvetica, sans-serif;color: #800080;font-size: 12pt\"><a style=\"color: #800080;text-decoration: underline\" href=\"https:\/\/jandaiadosul.ufpr.br\/wp-content\/uploads\/2016\/10\/Ata-da-21a-Reuniao-Ordinaria-do-Colegiado-de-Computacao-Aprovada-em-30-09-2016.pdf\">Ata da 21\u00aa Reuni\u00e3o Ordin\u00e1ria do Colegiado de Licenciatura em Computa\u00e7\u00e3o, aprovada em 30\/09\/2016.<\/a><\/span><\/p>\n<p><span style=\"font-family: arial, helvetica, sans-serif;color: #800080;font-size: 12pt\"><a style=\"color: #800080;text-decoration: underline\" href=\"https:\/\/jandaiadosul.ufpr.br\/wp-content\/uploads\/2017\/03\/22%C2%AA-REUNI%C3%83O-ORDIN%C3%81RIA-do-colegiado-de-licenciatura-em-Computa%C3%A7%C3%A3o.pdf\">Ata da 22\u00aa Reuni\u00e3o Ordin\u00e1ria do Colegiado de Licenciatura em Computa\u00e7\u00e3o, aprovada em 26\/10\/2016.<\/a><\/span><\/p>\n<p><span style=\"font-family: arial, helvetica, sans-serif;color: #800080;font-size: 12pt\"><a style=\"color: #800080;text-decoration: underline\" href=\"https:\/\/jandaiadosul.ufpr.br\/wp-content\/uploads\/2017\/03\/23%C2%AA-REUNI%C3%83O-ORDIN%C3%81RIA-do-colegiado-de-Computa%C3%A7%C3%A3o.pdf\">Ata da 23\u00aa Reuni\u00e3o Ordin\u00e1ria do Colegiado de Licenciatura em Computa\u00e7\u00e3o, aprovada em 16\/12\/2016.<\/a><\/span><\/p>\n<p><span style=\"font-family: arial, helvetica, sans-serif;color: #800080;font-size: 12pt\"><a style=\"color: #800080;text-decoration: underline\" href=\"https:\/\/jandaiadosul.ufpr.br\/wp-content\/uploads\/2017\/05\/24%C2%AA-reuni%C3%A3o-de-colegiado-do-curso-de-licenciatura-em-Computa%C3%A7%C3%A3o-16.12.216.pdf\">Ata da 24\u00aa Reuni\u00e3o Ordin\u00e1ria do Colegiado de Licenciatura em Computa\u00e7\u00e3o, aprovada em 24\/02\/2017.<\/a><\/span><\/p>\n<p>&nbsp;<\/p>\n<p><span style=\"font-family: arial, helvetica, sans-serif;font-size: 12pt\"><strong>Atas das reuni\u00f5es extraordin\u00e1rias do Colegiado do Curso de Licenciatura em Computa\u00e7\u00e3o<\/strong><\/span><\/p>\n<p><span style=\"text-decoration: underline;font-family: arial, helvetica, sans-serif;font-size: 12pt\"><span style=\"color: #800080;text-decoration: underline\"><a style=\"color: #800080;text-decoration: underline\" href=\"https:\/\/jandaiadosul.ufpr.br\/wp-content\/uploads\/2017\/03\/Ata-da-8%C2%AA-Reuni%C3%A3o-Extraordin%C3%A1ria-de-Colegiado-Computa%C3%A7%C3%A3o-aprovada-em-26.04.2016.pdf\">Ata da 8\u00aa Reuni\u00e3o Extraordin\u00e1ria do Colegiado de Licenciatura em Computa\u00e7\u00e3o, aprovada em 26\/04\/2016.<\/a><\/span><\/span><\/p>\n<p><span style=\"text-decoration: underline;font-family: arial, helvetica, sans-serif;font-size: 12pt\"><span style=\"color: #800080;text-decoration: underline\"><a style=\"color: #800080;text-decoration: underline\" href=\"https:\/\/jandaiadosul.ufpr.br\/wp-content\/uploads\/2017\/03\/Ata-da-9%C2%AA-Reuni%C3%A3o-Extraordin%C3%A1ria-do-Colegiado-Computa%C3%A7%C3%A3o-Aprovada.pdf\">Ata da 9\u00aa Reuni\u00e3o Extraordin\u00e1ria do Colegiado de Licenciatura em Computa\u00e7\u00e3o, aprovada em 30\/06\/2016.<\/a><\/span><\/span><\/p>\n<p><span style=\"text-decoration: underline;font-family: arial, helvetica, sans-serif;font-size: 12pt\"><span style=\"color: #800080;text-decoration: underline\"><a style=\"color: #800080;text-decoration: underline\" href=\"https:\/\/jandaiadosul.ufpr.br\/wp-content\/uploads\/2017\/03\/10%C2%AA-Reuni%C3%A3o-Extraordin%C3%A1ria-do-colegiado-de-computa%C3%A7%C3%A3o.pdf\">Ata da 10\u00aa Reuni\u00e3o Extraordin\u00e1ria do Colegiado de Licenciatura em Computa\u00e7\u00e3o, aprovada em 30\/06\/2016.<\/a><\/span><\/span><\/p>\n","protected":false},"excerpt":{"rendered":"<p>Atas das reuni\u00f5es ordin\u00e1rias do Colegiado do Curso de Licenciatura em Computa\u00e7\u00e3o Ata da 16\u00aa Reuni\u00e3o Ordin\u00e1ria do Colegiado de Licenciatura em Computa\u00e7\u00e3o, aprovada em [&hellip;]<\/p>\n","protected":false},"author":3651,"featured_media":0,"parent":0,"menu_order":0,"comment_status":"closed","ping_status":"closed","template":"","meta":{"_acf_changed":false,"footnotes":""},"class_list":["post-97","page","type-page","status-publish","hentry"],"acf":[],"_links":{"self":[{"href":"https:\/\/jandaiadosul.ufpr.br\/licenciaturacomputacao\/wp-json\/wp\/v2\/pages\/97","targetHints":{"allow":["GET"]}}],"collection":[{"href":"https:\/\/jandaiadosul.ufpr.br\/licenciaturacomputacao\/wp-json\/wp\/v2\/pages"}],"about":[{"href":"https:\/\/jandaiadosul.ufpr.br\/licenciaturacomputacao\/wp-json\/wp\/v2\/types\/page"}],"author":[{"embeddable":true,"href":"https:\/\/jandaiadosul.ufpr.br\/licenciaturacomputacao\/wp-json\/wp\/v2\/users\/3651"}],"replies":[{"embeddable":true,"href":"https:\/\/jandaiadosul.ufpr.br\/licenciaturacomputacao\/wp-json\/wp\/v2\/comments?post=97"}],"version-history":[{"count":1,"href":"https:\/\/jandaiadosul.ufpr.br\/licenciaturacomputacao\/wp-json\/wp\/v2\/pages\/97\/revisions"}],"predecessor-version":[{"id":98,"href":"https:\/\/jandaiadosul.ufpr.br\/licenciaturacomputacao\/wp-json\/wp\/v2\/pages\/97\/revisions\/98"}],"wp:attachment":[{"href":"https:\/\/jandaiadosul.ufpr.br\/licenciaturacomputacao\/wp-json\/wp\/v2\/media?parent=97"}],"curies":[{"name":"wp","href":"https:\/\/api.w.org\/{rel}","templated":true}]}}