{"id":496,"date":"2025-04-16T15:59:56","date_gmt":"2025-04-16T18:59:56","guid":{"rendered":"https:\/\/jandaiadosul.ufpr.br\/licenciaturacomputacao\/?page_id=496"},"modified":"2025-07-07T09:13:43","modified_gmt":"2025-07-07T12:13:43","slug":"atas-colegiado-2024","status":"publish","type":"page","link":"https:\/\/jandaiadosul.ufpr.br\/licenciaturacomputacao\/atas-colegiado-2024\/","title":{"rendered":"Atas Colegiado 2024"},"content":{"rendered":"<h4><span style=\"font-family: arial, helvetica, sans-serif;font-size: 12pt\"><strong>Atas das reuni\u00f5es ordin\u00e1rias do Colegiado do Curso de Licenciatura em Computa\u00e7\u00e3o<\/strong><\/span><\/h4>\n<p><span style=\"text-decoration: underline;color: #800080\"><span style=\"font-family: arial, helvetica, sans-serif\"><a style=\"color: #800080;text-decoration: underline\" href=\"http:\/\/jandaiadosul.ufpr.br\/licenciaturacomputacao\/wp-content\/uploads\/sites\/26\/2025\/04\/64a-reuniao-ordinaria.pdf\">Ata da 64\u00aa Reuni\u00e3o Ordin\u00e1ria do Colegiado de Licenciatura em Computa\u00e7\u00e3o, aprovada em 02\/07\/2024<\/a><\/span><\/span><\/p>\n<p><span style=\"text-decoration: underline;color: #800080\"><span style=\"font-family: arial, helvetica, sans-serif\"><a style=\"color: #800080;text-decoration: underline\" href=\"http:\/\/jandaiadosul.ufpr.br\/licenciaturacomputacao\/wp-content\/uploads\/sites\/26\/2025\/04\/65a-reuniao-ordinaria.pdf\">Ata da 65\u00aa Reuni\u00e3o Ordin\u00e1ria do Colegiado de Licenciatura em Computa\u00e7\u00e3o, aprovada em 02\/09\/2024<\/a><\/span><\/span><\/p>\n<p><span style=\"text-decoration: underline;color: #800080\"><span style=\"font-family: arial, helvetica, sans-serif\"><a style=\"color: #800080;text-decoration: underline\" href=\"http:\/\/jandaiadosul.ufpr.br\/licenciaturacomputacao\/wp-content\/uploads\/sites\/26\/2025\/04\/66a-reuniao-ordinaria.pdf\">Ata da 66\u00aa Reuni\u00e3o Ordin\u00e1ria do Colegiado de Licenciatura em Computa\u00e7\u00e3o, aprovada em 03\/12\/2024<\/a>\u00a0\u00a0<\/span><\/span><\/p>\n<p><span style=\"text-decoration: underline\"><span style=\"font-family: arial, helvetica, sans-serif;color: #800080\"><a style=\"color: #800080;text-decoration: underline\" href=\"http:\/\/jandaiadosul.ufpr.br\/licenciaturacomputacao\/wp-content\/uploads\/sites\/26\/2025\/07\/sei_7328818_ata_de_reuniao.pdf\">Ata da 67\u00aa Reuni\u00e3o Ordin\u00e1ria do Colegiado de Licenciatura em Computa\u00e7\u00e3o, aprovada em 11\/03\/2025<\/a><\/span><\/span><\/p>\n<p>&nbsp;<\/p>\n","protected":false},"excerpt":{"rendered":"<p>Atas das reuni\u00f5es ordin\u00e1rias do Colegiado do Curso de Licenciatura em Computa\u00e7\u00e3o Ata da 64\u00aa Reuni\u00e3o Ordin\u00e1ria do Colegiado de Licenciatura em Computa\u00e7\u00e3o, aprovada em [&hellip;]<\/p>\n","protected":false},"author":3651,"featured_media":0,"parent":0,"menu_order":0,"comment_status":"closed","ping_status":"closed","template":"","meta":{"_acf_changed":false,"footnotes":""},"class_list":["post-496","page","type-page","status-publish","hentry"],"acf":[],"_links":{"self":[{"href":"https:\/\/jandaiadosul.ufpr.br\/licenciaturacomputacao\/wp-json\/wp\/v2\/pages\/496","targetHints":{"allow":["GET"]}}],"collection":[{"href":"https:\/\/jandaiadosul.ufpr.br\/licenciaturacomputacao\/wp-json\/wp\/v2\/pages"}],"about":[{"href":"https:\/\/jandaiadosul.ufpr.br\/licenciaturacomputacao\/wp-json\/wp\/v2\/types\/page"}],"author":[{"embeddable":true,"href":"https:\/\/jandaiadosul.ufpr.br\/licenciaturacomputacao\/wp-json\/wp\/v2\/users\/3651"}],"replies":[{"embeddable":true,"href":"https:\/\/jandaiadosul.ufpr.br\/licenciaturacomputacao\/wp-json\/wp\/v2\/comments?post=496"}],"version-history":[{"count":4,"href":"https:\/\/jandaiadosul.ufpr.br\/licenciaturacomputacao\/wp-json\/wp\/v2\/pages\/496\/revisions"}],"predecessor-version":[{"id":522,"href":"https:\/\/jandaiadosul.ufpr.br\/licenciaturacomputacao\/wp-json\/wp\/v2\/pages\/496\/revisions\/522"}],"wp:attachment":[{"href":"https:\/\/jandaiadosul.ufpr.br\/licenciaturacomputacao\/wp-json\/wp\/v2\/media?parent=496"}],"curies":[{"name":"wp","href":"https:\/\/api.w.org\/{rel}","templated":true}]}}