{"id":481,"date":"2025-04-16T15:56:39","date_gmt":"2025-04-16T18:56:39","guid":{"rendered":"https:\/\/jandaiadosul.ufpr.br\/licenciaturacomputacao\/?page_id=481"},"modified":"2025-04-16T15:57:05","modified_gmt":"2025-04-16T18:57:05","slug":"atas-colegiado-2023","status":"publish","type":"page","link":"https:\/\/jandaiadosul.ufpr.br\/licenciaturacomputacao\/atas-colegiado-2023\/","title":{"rendered":"Atas Colegiado 2023"},"content":{"rendered":"<h4><span style=\"font-family: arial, helvetica, sans-serif;font-size: 12pt\"><strong>Atas das reuni\u00f5es ordin\u00e1rias do Colegiado do Curso de Licenciatura em Computa\u00e7\u00e3o<\/strong><\/span><\/h4>\n<p><span style=\"color: #800080\"><a style=\"color: #800080\" href=\"http:\/\/jandaiadosul.ufpr.br\/licenciaturacomputacao\/wp-content\/uploads\/sites\/26\/2023\/10\/ata-da-59a-reuniao-ord-do-colegiado-de-computacao-08-02-2023.pdf\"><span style=\"font-family: arial, helvetica, sans-serif;font-size: 12pt\">Ata da 59\u00aa Reuni\u00e3o Ordin\u00e1ria do Colegiado de Licenciatura em Computa\u00e7\u00e3o, aprovada em 05\/03\/2023.<\/span><\/a><\/span><\/p>\n<p><span style=\"color: #800080\"><a style=\"color: #800080\" href=\"http:\/\/jandaiadosul.ufpr.br\/licenciaturacomputacao\/wp-content\/uploads\/sites\/26\/2023\/10\/ata-da-60a-reuniao-ord-do-colegiado-de-computacao-05-03-2023.pdf\"><span style=\"font-family: arial, helvetica, sans-serif;font-size: 12pt\">Ata da 60\u00aa Reuni\u00e3o Ordin\u00e1ria do Colegiado de Licenciatura em Computa\u00e7\u00e3o, aprovada em 28\/06\/2023.<\/span><\/a><\/span><\/p>\n<p><span style=\"color: #800080\"><a style=\"color: #800080\" href=\"http:\/\/jandaiadosul.ufpr.br\/licenciaturacomputacao\/wp-content\/uploads\/sites\/26\/2024\/07\/ata-da-61a-reuniao-ord-do-colegiado-de-computacao-28-06-2023-2.pdf\"><span style=\"font-family: arial, helvetica, sans-serif;font-size: 12pt\">Ata da 61\u00aa Reuni\u00e3o Ordin\u00e1ria do Colegiado de Licenciatura em Computa\u00e7\u00e3o, aprovada em 17\/08\/2023.<\/span><\/a><\/span><\/p>\n<p><span style=\"color: #800080\"><a style=\"color: #800080\" href=\"http:\/\/jandaiadosul.ufpr.br\/licenciaturacomputacao\/wp-content\/uploads\/sites\/26\/2024\/07\/ata-da-62a-reuniao-ord-do-colegiado-de-computacao-17-08-2023.pdf\"><span style=\"font-family: arial, helvetica, sans-serif;font-size: 12pt\">Ata da 62\u00aa Reuni\u00e3o Ordin\u00e1ria do Colegiado de Licenciatura em Computa\u00e7\u00e3o, aprovada em 23\/11\/2023.<\/span><\/a><\/span><\/p>\n<p><span style=\"color: #800080\"><a style=\"color: #800080\" href=\"http:\/\/jandaiadosul.ufpr.br\/licenciaturacomputacao\/wp-content\/uploads\/sites\/26\/2024\/07\/ata-da-63a-reuniao-ord-do-colegiado-de-computacao-23-11-2023.pdf\"><span style=\"font-family: arial, helvetica, sans-serif;font-size: 12pt\">Ata da 63\u00aa Reuni\u00e3o Ordin\u00e1ria do Colegiado de Licenciatura em Computa\u00e7\u00e3o, aprovada em 29\/02\/2024.<\/span><\/a><\/span><\/p>\n<p>&nbsp;<\/p>\n<p><span style=\"font-family: arial, helvetica, sans-serif;font-size: 12pt\"><strong>Atas das reuni\u00f5es extraordin\u00e1rias do Colegiado do Curso de Licenciatura em Computa\u00e7\u00e3o<\/strong><\/span><\/p>\n<p><a href=\"http:\/\/jandaiadosul.ufpr.br\/licenciaturacomputacao\/wp-content\/uploads\/sites\/26\/2023\/10\/ata-da-68a-reuniao-extr-do-colegiado-de-computacao-31-05-2023-2.pdf\"><span style=\"text-decoration: underline\"><span style=\"color: #800080;font-family: arial, helvetica, sans-serif;font-size: 12pt;text-decoration: underline\">Ata da 68\u00aa Reuni\u00e3o Extraordin\u00e1ria do Colegiado de Licenciatura em Computa\u00e7\u00e3o, aprovada em 28\/06\/2023.<\/span><\/span><\/a><\/p>\n<p><a href=\"http:\/\/jandaiadosul.ufpr.br\/licenciaturacomputacao\/wp-content\/uploads\/sites\/26\/2024\/07\/ata-da-69a-reuniao-extr-do-colegiado-de-computacao-24-08-2023-1.pdf\"><span style=\"text-decoration: underline\"><span style=\"color: #800080;font-family: arial, helvetica, sans-serif;font-size: 12pt;text-decoration: underline\">Ata da 69\u00aa Reuni\u00e3o Extraordin\u00e1ria do Colegiado de Licenciatura em Computa\u00e7\u00e3o, aprovada em 23\/11\/2023.<\/span><\/span><\/a><\/p>\n","protected":false},"excerpt":{"rendered":"<p>Atas das reuni\u00f5es ordin\u00e1rias do Colegiado do Curso de Licenciatura em Computa\u00e7\u00e3o Ata da 59\u00aa Reuni\u00e3o Ordin\u00e1ria do Colegiado de Licenciatura em Computa\u00e7\u00e3o, aprovada em [&hellip;]<\/p>\n","protected":false},"author":3651,"featured_media":0,"parent":0,"menu_order":0,"comment_status":"closed","ping_status":"closed","template":"","meta":{"_acf_changed":false,"footnotes":""},"class_list":["post-481","page","type-page","status-publish","hentry"],"acf":[],"_links":{"self":[{"href":"https:\/\/jandaiadosul.ufpr.br\/licenciaturacomputacao\/wp-json\/wp\/v2\/pages\/481","targetHints":{"allow":["GET"]}}],"collection":[{"href":"https:\/\/jandaiadosul.ufpr.br\/licenciaturacomputacao\/wp-json\/wp\/v2\/pages"}],"about":[{"href":"https:\/\/jandaiadosul.ufpr.br\/licenciaturacomputacao\/wp-json\/wp\/v2\/types\/page"}],"author":[{"embeddable":true,"href":"https:\/\/jandaiadosul.ufpr.br\/licenciaturacomputacao\/wp-json\/wp\/v2\/users\/3651"}],"replies":[{"embeddable":true,"href":"https:\/\/jandaiadosul.ufpr.br\/licenciaturacomputacao\/wp-json\/wp\/v2\/comments?post=481"}],"version-history":[{"count":2,"href":"https:\/\/jandaiadosul.ufpr.br\/licenciaturacomputacao\/wp-json\/wp\/v2\/pages\/481\/revisions"}],"predecessor-version":[{"id":486,"href":"https:\/\/jandaiadosul.ufpr.br\/licenciaturacomputacao\/wp-json\/wp\/v2\/pages\/481\/revisions\/486"}],"wp:attachment":[{"href":"https:\/\/jandaiadosul.ufpr.br\/licenciaturacomputacao\/wp-json\/wp\/v2\/media?parent=481"}],"curies":[{"name":"wp","href":"https:\/\/api.w.org\/{rel}","templated":true}]}}