{"id":231,"date":"2023-10-30T13:24:07","date_gmt":"2023-10-30T16:24:07","guid":{"rendered":"https:\/\/jandaiadosul.ufpr.br\/licenciaturacomputacao\/?page_id=231"},"modified":"2025-11-07T13:21:19","modified_gmt":"2025-11-07T16:21:19","slug":"atas-colegiado","status":"publish","type":"page","link":"https:\/\/jandaiadosul.ufpr.br\/licenciaturacomputacao\/atas-colegiado\/","title":{"rendered":"Atas Colegiado &#8211; Ano vigente"},"content":{"rendered":"<h4><span style=\"font-family: arial, helvetica, sans-serif;font-size: 12pt\"><strong>Atas das reuni\u00f5es ordin\u00e1rias do Colegiado do Curso de Licenciatura em Computa\u00e7\u00e3o<\/strong><\/span><\/h4>\n<p><span style=\"text-decoration: underline;color: #800080\"><span style=\"font-family: arial, helvetica, sans-serif\"><a style=\"color: #800080;text-decoration: underline\" href=\"http:\/\/jandaiadosul.ufpr.br\/licenciaturacomputacao\/wp-content\/uploads\/sites\/26\/2025\/11\/ata-da-68a-reuniao-ord-do-colegiado-de-computacao-11-03-2025.pdf\">Ata da 68\u00aa Reuni\u00e3o Ordin\u00e1ria do Colegiado de Licenciatura em Computa\u00e7\u00e3o, aprovada em 21\/08\/2025<\/a><\/span><\/span><\/p>\n<p>&nbsp;<\/p>\n<p><span style=\"font-family: arial, helvetica, sans-serif;font-size: 12pt\"><strong>Atas das reuni\u00f5es extraordin\u00e1rias do Colegiado do Curso de Licenciatura em Computa\u00e7\u00e3o<\/strong><\/span><\/p>\n<p><span style=\"text-decoration: underline\"><span style=\"font-family: arial, helvetica, sans-serif;color: #800080;text-decoration: underline\"><a style=\"color: #800080;text-decoration: underline\" href=\"http:\/\/jandaiadosul.ufpr.br\/licenciaturacomputacao\/wp-content\/uploads\/sites\/26\/2025\/11\/ata-da-70a-reuniao-extr-do-colegiado-de-computacao-28-04-2025.pdf\">Ata da 70\u00aa Reuni\u00e3o Extraordin\u00e1ria do Colegiado de Licenciatura em Computa\u00e7\u00e3o, aprovada em 21\/\/08\/2025<\/a><\/span><\/span><\/p>\n<p><span style=\"text-decoration: underline\"><span style=\"font-family: arial, helvetica, sans-serif;color: #800080;text-decoration: underline\"><a style=\"color: #800080;text-decoration: underline\" href=\"http:\/\/jandaiadosul.ufpr.br\/licenciaturacomputacao\/wp-content\/uploads\/sites\/26\/2025\/11\/ata-da-71a-reuniao-extr-do-colegiado-de-computacao-07-07-2025.pdf\">Ata da 71\u00aa Reuni\u00e3o Extraordin\u00e1ria do Colegiado de Licenciatura em Computa\u00e7\u00e3o, aprovada em 21\/08\/2025<\/a><\/span><\/span><\/p>\n<p>&nbsp;<\/p>\n<p><strong><span style=\"font-family: arial, helvetica, sans-serif;font-size: 12pt\">Acesse as atas das reuni\u00f5es de anos anteriores:<\/span><\/strong><\/p>\n<p><span style=\"color: #800080\"><a style=\"color: #800080\" href=\"https:\/\/jandaiadosul.ufpr.br\/licenciaturacomputacao\/atas-colegiado-2024\/\"><span style=\"text-decoration: underline\"><span style=\"font-family: arial, helvetica, sans-serif\">2024\u00a0<\/span><\/span><\/a>|\u00a0<span style=\"text-decoration: underline\"><span style=\"font-family: arial, helvetica, sans-serif\"><a style=\"color: #800080;text-decoration: underline\" href=\"https:\/\/jandaiadosul.ufpr.br\/licenciaturacomputacao\/atas-colegiado-2023\/\">202<\/a>3<\/span> <\/span>| <\/span><span style=\"text-decoration: underline\"><span style=\"color: #800080;text-decoration: underline\"><span style=\"font-family: arial, helvetica, sans-serif\">2022\u00a0<\/span><\/span><\/span><span style=\"font-family: arial, helvetica, sans-serif;font-size: 12pt;color: #800080\">| <\/span><span style=\"text-decoration: underline\"><span style=\"color: #800080;font-family: arial, helvetica, sans-serif;font-size: 12pt;text-decoration: underline\"><a style=\"color: #800080;text-decoration: underline\" href=\"https:\/\/jandaiadosul.ufpr.br\/licenciaturacomputacao\/atas-colegiado-2021\/\">2021<\/a>\u00a0<\/span><\/span><span style=\"color: #800080;font-family: arial, helvetica, sans-serif;font-size: 12pt\">|\u00a0<\/span><span style=\"text-decoration: underline\"><span style=\"color: #800080;font-family: arial, helvetica, sans-serif;font-size: 12pt;text-decoration: underline\"><a style=\"color: #800080;text-decoration: underline\" href=\"https:\/\/jandaiadosul.ufpr.br\/licenciaturacomputacao\/atas-colegiado-2020\/\">2020<\/a>\u00a0<\/span><\/span><span style=\"color: #800080;font-family: arial, helvetica, sans-serif;font-size: 12pt\">|\u00a0<\/span><span style=\"text-decoration: underline\"><span style=\"color: #800080;font-family: arial, helvetica, sans-serif;font-size: 12pt;text-decoration: underline\"><a style=\"color: #800080;text-decoration: underline\" href=\"https:\/\/jandaiadosul.ufpr.br\/licenciaturacomputacao\/atas-colegiado-2019\/\">2019<\/a>\u00a0<\/span><\/span><span style=\"color: #800080;font-family: arial, helvetica, sans-serif;font-size: 12pt\">|\u00a0<\/span><span style=\"text-decoration: underline\"><span style=\"color: #800080;font-family: arial, helvetica, sans-serif;font-size: 12pt;text-decoration: underline\"><a style=\"color: #800080;text-decoration: underline\" href=\"https:\/\/jandaiadosul.ufpr.br\/licenciaturacomputacao\/atas-colegiado-2018\/\">2018<\/a><\/span><\/span><span style=\"color: #800080;font-family: arial, helvetica, sans-serif;font-size: 12pt\"><span style=\"text-decoration: underline\">\u00a0<\/span>|\u00a0<\/span><span style=\"text-decoration: underline\"><span style=\"color: #800080;font-family: arial, helvetica, sans-serif;font-size: 12pt;text-decoration: underline\"><a style=\"color: #800080;text-decoration: underline\" href=\"https:\/\/jandaiadosul.ufpr.br\/licenciaturacomputacao\/atas-colegiado-2017\/\">2017<\/a>\u00a0<\/span><\/span><span style=\"color: #800080;font-family: arial, helvetica, sans-serif;font-size: 12pt\">|\u00a0<\/span><span style=\"text-decoration: underline\"><span style=\"color: #800080;font-family: arial, helvetica, sans-serif;font-size: 12pt;text-decoration: underline\"><a style=\"color: #800080;text-decoration: underline\" href=\"https:\/\/jandaiadosul.ufpr.br\/licenciaturacomputacao\/atas-colegiado-2016\/\">2016<\/a>\u00a0<\/span><\/span><span style=\"color: #800080;font-family: arial, helvetica, sans-serif;font-size: 12pt\">|\u00a0<\/span><span style=\"text-decoration: underline\"><span style=\"color: #800080;font-family: arial, helvetica, sans-serif;font-size: 12pt;text-decoration: underline\"><a style=\"color: #800080;text-decoration: underline\" href=\"https:\/\/jandaiadosul.ufpr.br\/licenciaturacomputacao\/atas-colegiado-2015\/\">2015<\/a>\u00a0<\/span><\/span><span style=\"color: #800080;font-family: arial, helvetica, sans-serif;font-size: 12pt\">|\u00a0<\/span><span style=\"text-decoration: underline\"><span style=\"color: #800080;font-family: arial, helvetica, sans-serif;font-size: 12pt;text-decoration: underline\"><a style=\"color: #800080;text-decoration: underline\" href=\"https:\/\/jandaiadosul.ufpr.br\/licenciaturacomputacao\/atas-colegiado-2014\/\">2014<\/a><\/span><\/span><\/p>\n<p>&nbsp;<\/p>\n","protected":false},"excerpt":{"rendered":"<p>Atas das reuni\u00f5es ordin\u00e1rias do Colegiado do Curso de Licenciatura em Computa\u00e7\u00e3o Ata da 68\u00aa Reuni\u00e3o Ordin\u00e1ria do Colegiado de Licenciatura em Computa\u00e7\u00e3o, aprovada em [&hellip;]<\/p>\n","protected":false},"author":3637,"featured_media":0,"parent":0,"menu_order":0,"comment_status":"closed","ping_status":"closed","template":"","meta":{"_acf_changed":false,"footnotes":""},"class_list":["post-231","page","type-page","status-publish","hentry"],"acf":[],"_links":{"self":[{"href":"https:\/\/jandaiadosul.ufpr.br\/licenciaturacomputacao\/wp-json\/wp\/v2\/pages\/231","targetHints":{"allow":["GET"]}}],"collection":[{"href":"https:\/\/jandaiadosul.ufpr.br\/licenciaturacomputacao\/wp-json\/wp\/v2\/pages"}],"about":[{"href":"https:\/\/jandaiadosul.ufpr.br\/licenciaturacomputacao\/wp-json\/wp\/v2\/types\/page"}],"author":[{"embeddable":true,"href":"https:\/\/jandaiadosul.ufpr.br\/licenciaturacomputacao\/wp-json\/wp\/v2\/users\/3637"}],"replies":[{"embeddable":true,"href":"https:\/\/jandaiadosul.ufpr.br\/licenciaturacomputacao\/wp-json\/wp\/v2\/comments?post=231"}],"version-history":[{"count":19,"href":"https:\/\/jandaiadosul.ufpr.br\/licenciaturacomputacao\/wp-json\/wp\/v2\/pages\/231\/revisions"}],"predecessor-version":[{"id":488,"href":"https:\/\/jandaiadosul.ufpr.br\/licenciaturacomputacao\/wp-json\/wp\/v2\/pages\/231\/revisions\/488"}],"wp:attachment":[{"href":"https:\/\/jandaiadosul.ufpr.br\/licenciaturacomputacao\/wp-json\/wp\/v2\/media?parent=231"}],"curies":[{"name":"wp","href":"https:\/\/api.w.org\/{rel}","templated":true}]}}