{"id":22,"date":"2022-09-28T11:12:57","date_gmt":"2022-09-28T14:12:57","guid":{"rendered":"https:\/\/jandaiadosul.ufpr.br\/licenciaturacomputacao\/?page_id=22"},"modified":"2024-09-12T13:06:56","modified_gmt":"2024-09-12T16:06:56","slug":"outros-documentos","status":"publish","type":"page","link":"https:\/\/jandaiadosul.ufpr.br\/licenciaturacomputacao\/outros-documentos\/","title":{"rendered":"Outros documentos"},"content":{"rendered":"\t\t<div data-elementor-type=\"wp-page\" data-elementor-id=\"22\" class=\"elementor elementor-22\">\n\t\t\t\t\t\t<section class=\"elementor-section elementor-top-section elementor-element elementor-element-32c82e21 elementor-section-boxed elementor-section-height-default elementor-section-height-default\" data-id=\"32c82e21\" data-element_type=\"section\" data-e-type=\"section\">\n\t\t\t\t\t\t<div class=\"elementor-container elementor-column-gap-default\">\n\t\t\t\t\t<div class=\"elementor-column elementor-col-100 elementor-top-column elementor-element elementor-element-5b24846d\" data-id=\"5b24846d\" data-element_type=\"column\" data-e-type=\"column\">\n\t\t\t<div class=\"elementor-widget-wrap elementor-element-populated\">\n\t\t\t\t\t\t<div class=\"elementor-element elementor-element-2ab83738 elementor-widget elementor-widget-text-editor\" data-id=\"2ab83738\" data-element_type=\"widget\" data-e-type=\"widget\" data-widget_type=\"text-editor.default\">\n\t\t\t\t<div class=\"elementor-widget-container\">\n\t\t\t\t\t\t\t\t\t<table style=\"width: 100%\"><tbody><tr style=\"height: 67px\"><td style=\"height: 67px;width: 86.4%\"><h4>Resolu\u00e7\u00e3o 01\/2015 \u2013 Regimenta o N\u00facleo Docente Estruturante NDE do Curso de Licenciatura em Computa\u00e7\u00e3o<\/h4><\/td><td style=\"height: 67px;width: 13.4667%\"><a href=\"https:\/\/jandaiadosul.ufpr.br\/wp-content\/uploads\/2015\/10\/regimento-NDE-computacao.pdf\" target=\"_blank\" rel=\"noopener\"><img decoding=\"async\" src=\"https:\/\/jandaiadosul.ufpr.br\/novosite\/wp-content\/uploads\/2014\/04\/botaopdf.png\" alt=\"\" width=\"127\" height=\"38\" \/><\/a><\/td><\/tr><tr style=\"height: 57px\"><td style=\"height: 57px;width: 86.4%\"><h4>Orienta\u00e7\u00e3o acad\u00eamica<\/h4><\/td><td style=\"height: 57px;width: 13.4667%\"><a href=\"http:\/\/jandaiadosul.ufpr.br\/licenciaturacomputacao\/wp-content\/uploads\/sites\/26\/2023\/02\/orientacao-academica-computacao-2023.pdf\" target=\"_blank\" rel=\"noopener\"><img decoding=\"async\" class=\"alignnone\" src=\"https:\/\/jandaiadosul.ufpr.br\/novosite\/wp-content\/uploads\/2014\/04\/botaopdf.png\" alt=\"\" width=\"127\" height=\"38\" \/><\/a><\/td><\/tr><tr style=\"height: 57px\"><td style=\"height: 57px;width: 86.4%\"><h4>Regulamenta\u00e7\u00e3o das Atividades Formativas<\/h4><\/td><td style=\"height: 57px;width: 13.4667%\"><a href=\"http:\/\/jandaiadosul.ufpr.br\/licenciaturacomputacao\/wp-content\/uploads\/sites\/26\/2023\/08\/regulamentoatfslco2023.pdf\" target=\"_blank\" rel=\"noopener\"><img decoding=\"async\" class=\"alignnone\" src=\"https:\/\/jandaiadosul.ufpr.br\/novosite\/wp-content\/uploads\/2014\/04\/botaopdf.png\" alt=\"\" width=\"127\" height=\"38\" \/><\/a><\/td><\/tr><tr style=\"height: 57px\"><td style=\"height: 57px;width: 86.4%\"><h4>Resolu\u00e7\u00e3o 01\/2016 &#8211; Regulamento de Est\u00e1gio do curso de Licenciatura em Computa\u00e7\u00e3o<\/h4><\/td><td style=\"height: 57px;width: 13.4667%\"><a href=\"https:\/\/jandaiadosul.ufpr.br\/wp-content\/uploads\/2016\/05\/resolucao-01-2016-regulamento-estagios-licenciatura-computacao.pdf\" target=\"_blank\" rel=\"noopener\"><img decoding=\"async\" class=\"alignnone\" src=\"https:\/\/jandaiadosul.ufpr.br\/novosite\/wp-content\/uploads\/2014\/04\/botaopdf.png\" width=\"127\" height=\"38\" \/><\/a><\/td><\/tr><tr style=\"height: 57px\"><td style=\"height: 57px;width: 86.4%\"><h4>Resolu\u00e7\u00e3o 01\/2018 &#8211; Regulamento do TCC do curso de Licenciatura em Computa\u00e7\u00e3o<\/h4><\/td><td style=\"height: 57px;width: 13.4667%\"><a href=\"https:\/\/jandaiadosul.ufpr.br\/wp-content\/uploads\/2018\/06\/regulamento-tcc-versao-2018.pdf\" target=\"_blank\" rel=\"noopener\"><img decoding=\"async\" class=\"alignnone\" src=\"https:\/\/jandaiadosul.ufpr.br\/novosite\/wp-content\/uploads\/2014\/04\/botaopdf.png\" alt=\"\" width=\"127\" height=\"38\" \/><\/a><\/td><\/tr><tr><td style=\"width: 86.4%\"><h4>Regimento da Coordena\u00e7\u00e3o do Curso de Licenciatura em Computa\u00e7\u00e3o<\/h4><\/td><td style=\"width: 13.4667%\"><a href=\"https:\/\/jandaiadosul.ufpr.br\/wp-content\/uploads\/2015\/11\/Regimento-Licenciatura-em-Computacao-1.pdf\" target=\"_blank\" rel=\"noopener\"><img decoding=\"async\" class=\"alignnone\" src=\"https:\/\/jandaiadosul.ufpr.br\/novosite\/wp-content\/uploads\/2014\/04\/botaopdf.png\" alt=\"\" width=\"127\" height=\"38\" \/><\/a><\/td><\/tr><\/tbody><\/table>\t\t\t\t\t\t\t\t<\/div>\n\t\t\t\t<\/div>\n\t\t\t\t\t<\/div>\n\t\t<\/div>\n\t\t\t\t\t<\/div>\n\t\t<\/section>\n\t\t\t\t<\/div>\n\t\t","protected":false},"excerpt":{"rendered":"<p>Resolu\u00e7\u00e3o 01\/2015 \u2013 Regimenta o N\u00facleo Docente Estruturante NDE do Curso de Licenciatura em Computa\u00e7\u00e3o Orienta\u00e7\u00e3o acad\u00eamica Regulamenta\u00e7\u00e3o das Atividades Formativas Resolu\u00e7\u00e3o 01\/2016 &#8211; Regulamento [&hellip;]<\/p>\n","protected":false},"author":3618,"featured_media":0,"parent":0,"menu_order":0,"comment_status":"closed","ping_status":"closed","template":"","meta":{"_acf_changed":false,"footnotes":""},"class_list":["post-22","page","type-page","status-publish","hentry"],"acf":[],"_links":{"self":[{"href":"https:\/\/jandaiadosul.ufpr.br\/licenciaturacomputacao\/wp-json\/wp\/v2\/pages\/22","targetHints":{"allow":["GET"]}}],"collection":[{"href":"https:\/\/jandaiadosul.ufpr.br\/licenciaturacomputacao\/wp-json\/wp\/v2\/pages"}],"about":[{"href":"https:\/\/jandaiadosul.ufpr.br\/licenciaturacomputacao\/wp-json\/wp\/v2\/types\/page"}],"author":[{"embeddable":true,"href":"https:\/\/jandaiadosul.ufpr.br\/licenciaturacomputacao\/wp-json\/wp\/v2\/users\/3618"}],"replies":[{"embeddable":true,"href":"https:\/\/jandaiadosul.ufpr.br\/licenciaturacomputacao\/wp-json\/wp\/v2\/comments?post=22"}],"version-history":[{"count":13,"href":"https:\/\/jandaiadosul.ufpr.br\/licenciaturacomputacao\/wp-json\/wp\/v2\/pages\/22\/revisions"}],"predecessor-version":[{"id":399,"href":"https:\/\/jandaiadosul.ufpr.br\/licenciaturacomputacao\/wp-json\/wp\/v2\/pages\/22\/revisions\/399"}],"wp:attachment":[{"href":"https:\/\/jandaiadosul.ufpr.br\/licenciaturacomputacao\/wp-json\/wp\/v2\/media?parent=22"}],"curies":[{"name":"wp","href":"https:\/\/api.w.org\/{rel}","templated":true}]}}