{"id":2,"date":"2022-09-12T16:43:09","date_gmt":"2022-09-12T19:43:09","guid":{"rendered":"http:\/\/licenciaturacomputacao.jandaiadosul.ufpr.br\/?page_id=2"},"modified":"2025-08-11T08:53:41","modified_gmt":"2025-08-11T11:53:41","slug":"pagina-exemplo","status":"publish","type":"page","link":"https:\/\/jandaiadosul.ufpr.br\/licenciaturacomputacao\/","title":{"rendered":"Licenciatura em Computa\u00e7\u00e3o"},"content":{"rendered":"<table style=\"width: 100%\">\n<tbody>\n<tr>\n<td style=\"width: 16.2639%\"><img fetchpriority=\"high\" decoding=\"async\" src=\"http:\/\/jandaiadosul.ufpr.br\/licenciaturacomputacao\/wp-content\/uploads\/sites\/26\/2023\/05\/insta-300x290.png\" alt=\"\" width=\"300\" height=\"290\" \/><\/td>\n<td style=\"width: 73.9777%\">\n<p style=\"text-align: justify\">O curso busca atender a grande demanda nacional por profissionais habilitados, oferecendo uma forma\u00e7\u00e3o de s\u00f3lida base humanista, a partir da qual os conhecimentos da Ci\u00eancia da Computa\u00e7\u00e3o, da Matem\u00e1tica e da Educa\u00e7\u00e3o s\u00e3o vinculados.<\/p>\n<p style=\"text-align: justify\">Os profissionais formados na Licenciatura em Computa\u00e7\u00e3o estar\u00e3o aptos a atuar em diferentes cen\u00e1rios educativos, desde a Educa\u00e7\u00e3o B\u00e1sica, nas diferentes modalidades, como a Educa\u00e7\u00e3o Profissional e Educa\u00e7\u00e3o a Dist\u00e2ncia, at\u00e9 ambientes corporativos onde a cria\u00e7\u00e3o, manuten\u00e7\u00e3o, programa\u00e7\u00e3o e avalia\u00e7\u00e3o de plataformas computacionais exija uma perspectiva pedag\u00f3gica.<\/p>\n<\/td>\n<td style=\"width: 8.82897%\"><a href=\"https:\/\/www.youtube.com\/watch?v=f0Z_adWeMNM\" target=\"_blank\" rel=\"noopener noreferrer\"><img decoding=\"async\" src=\"https:\/\/jandaiadosul.ufpr.br\/novosite\/wp-content\/uploads\/2014\/08\/interprete-02.jpg\" alt=\"\" width=\"95\" height=\"95\" \/><\/a><\/td>\n<\/tr>\n<\/tbody>\n<\/table>\n<p style=\"text-align: left\">O Curso de Licenciatura em Computa\u00e7\u00e3o tem como objetivo principal formar educadores e educadoras, profissionais cidad\u00e3os e cidad\u00e3s, com dom\u00ednio dos conte\u00fados espec\u00edficos e pedag\u00f3gicos, dotados de uma s\u00f3lida base humanista, capazes de contribuir, por meio de sua atua\u00e7\u00e3o educacional, para o desenvolvimento social e econ\u00f4mico.<\/p>\n<p style=\"text-align: left\">O egresso e a egressa do curso se colocam como profissionais de relev\u00e2ncia em um cen\u00e1rio onde os conhecimentos da Computa\u00e7\u00e3o marcam fortemente a vida social. Preponderantes para a compreens\u00e3o da din\u00e2mica social e econ\u00f4mica da atualidade, os saberes computacionais alcan\u00e7am a Educa\u00e7\u00e3o e exigem profissionais capazes de democratiz\u00e1-los. Ser\u00e3o, portanto, os educadores e as educadoras de Computa\u00e7\u00e3o formados por esse curso, profissionais dispostos e capazes de compreender as quest\u00f5es que emergem da ubiquidade das tecnologias da informa\u00e7\u00e3o e comunica\u00e7\u00e3o, dominando linguagens, plataformas e repensando suas aplica\u00e7\u00f5es \u00e0s pr\u00e1ticas educativas.<\/p>\n<h4><strong>Dura\u00e7\u00e3o:<\/strong> 4 anos<br \/>\n<strong>Turno:<\/strong> Vespertino<br \/>\n<strong>Vagas\/ano:<\/strong> 50<\/h4>\n<p><span style=\"text-decoration: underline\"><span style=\"color: #0000ff\"><a style=\"color: #0000ff;text-decoration: underline\" href=\"https:\/\/jandaiadosul.ufpr.br\/licenciaturacomputacao\/grade-e-corpo-docente-computacao\/\">Grade e Corpo Docente<\/a><\/span><\/span> (atualizado em: 11\/08\/25 &#8211; 08:53)<\/p>\n<p><a style=\"color: #0000ff;text-decoration: underline\" href=\"https:\/\/jandaiadosul.ufpr.br\/licenciaturacomputacao\/outros-documentos\/\">Outros documentos<\/a><\/p>\n<p><a style=\"color: #0000ff;text-decoration: underline\" href=\"https:\/\/jandaiadosul.ufpr.br\/licenciaturacomputacao\/atas-colegiado\/\">Atas do colegiado de Licenciatura em Computa\u00e7\u00e3o<\/a><\/p>\n<table>\n<tbody>\n<tr>\n<td colspan=\"3\">\n<h2><strong>Coordena\u00e7\u00e3o<\/strong><\/h2>\n<h4>Prof. Dr. Robertino Mendes Santiago Junior<\/h4>\n<h4><a href=\"http:\/\/lattes.cnpq.br\/1569608737708135\" target=\"_blank\" rel=\"noopener noreferrer\"><img decoding=\"async\" src=\"https:\/\/jandaiadosul.ufpr.br\/novosite\/wp-content\/uploads\/2014\/04\/lattes.png\" alt=\"\" width=\"14\" height=\"15\" \/>\u00a0<\/a><a style=\"background-color: #fefefe;font-family: var( --e-global-typography-text-font-family ), Sans-serif;font-size: 1em\" href=\"http:\/\/lattes.cnpq.br\/1234771621814636\" target=\"_blank\" rel=\"noopener\">http:\/\/lattes.cnpq.br\/1234771621814636<\/a><\/h4>\n<h4><img loading=\"lazy\" decoding=\"async\" style=\"font-size: 1.2em\" src=\"https:\/\/jandaiadosul.ufpr.br\/novosite\/wp-content\/uploads\/2014\/04\/mail.png\" alt=\"\" width=\"15\" height=\"11\" \/>\u00a0<a style=\"background-color: #fefefe;font-family: var( --e-global-typography-text-font-family ), Sans-serif;font-size: 1em\" href=\"mailto:robertino@ufpr.br\" target=\"_blank\" rel=\"noopener\">robertino@ufpr.br<\/a><\/h4>\n<h2><strong>Vice-coordena\u00e7\u00e3o<\/strong><\/h2>\n<h4>Prof. Dr. Rog\u00e9rio Ferreira da Silva<\/h4>\n<h4><img decoding=\"async\" src=\"https:\/\/jandaiadosul.ufpr.br\/novosite\/wp-content\/uploads\/2014\/04\/lattes.png\" alt=\"\" width=\"14\" height=\"15\" \/>\u00a0<a style=\"background-color: #fefefe;font-family: var( --e-global-typography-text-font-family ), Sans-serif;font-size: 1em\" href=\"http:\/\/lattes.cnpq.br\/1569608737708135\" target=\"_blank\" rel=\"noopener\">http:\/\/lattes.cnpq.br\/1569608737708135<\/a><\/h4>\n<h4><img loading=\"lazy\" decoding=\"async\" src=\"https:\/\/jandaiadosul.ufpr.br\/novosite\/wp-content\/uploads\/2014\/04\/mail.png\" alt=\"\" width=\"15\" height=\"11\" \/>\u00a0<a style=\"background-color: #fefefe;font-family: var( --e-global-typography-text-font-family ), Sans-serif;font-size: 1em\" href=\"mailto:rogerio.ferreira@ufpr.br\" target=\"_blank\" rel=\"noopener\">rogerio.ferreira@ufpr.br<\/a><\/h4>\n<h4><strong>\u00a0<\/strong><\/h4>\n<h4><strong>Assessoria<\/strong><\/h4>\n<h3><strong>Andriara Lyziane Tossani<\/strong><\/h3>\n<h4><a href=\"mailto:coordenacao.computacao.ja@ufpr.br\" data-wp-editing=\"1\"><img loading=\"lazy\" decoding=\"async\" src=\"https:\/\/jandaiadosul.ufpr.br\/novosite\/wp-content\/uploads\/2014\/04\/mail.png\" alt=\"\" width=\"15\" height=\"11\" \/> E-mail Coordena\u00e7\u00e3o<\/a><\/h4>\n<\/td>\n<\/tr>\n<\/tbody>\n<\/table>\n","protected":false},"excerpt":{"rendered":"<p>O curso busca atender a grande demanda nacional por profissionais habilitados, oferecendo uma forma\u00e7\u00e3o de s\u00f3lida base humanista, a partir da qual os conhecimentos da [&hellip;]<\/p>\n","protected":false},"author":3646,"featured_media":0,"parent":0,"menu_order":0,"comment_status":"closed","ping_status":"open","template":"","meta":{"_acf_changed":false,"footnotes":""},"class_list":["post-2","page","type-page","status-publish","hentry"],"acf":[],"_links":{"self":[{"href":"https:\/\/jandaiadosul.ufpr.br\/licenciaturacomputacao\/wp-json\/wp\/v2\/pages\/2","targetHints":{"allow":["GET"]}}],"collection":[{"href":"https:\/\/jandaiadosul.ufpr.br\/licenciaturacomputacao\/wp-json\/wp\/v2\/pages"}],"about":[{"href":"https:\/\/jandaiadosul.ufpr.br\/licenciaturacomputacao\/wp-json\/wp\/v2\/types\/page"}],"author":[{"embeddable":true,"href":"https:\/\/jandaiadosul.ufpr.br\/licenciaturacomputacao\/wp-json\/wp\/v2\/users\/3646"}],"replies":[{"embeddable":true,"href":"https:\/\/jandaiadosul.ufpr.br\/licenciaturacomputacao\/wp-json\/wp\/v2\/comments?post=2"}],"version-history":[{"count":70,"href":"https:\/\/jandaiadosul.ufpr.br\/licenciaturacomputacao\/wp-json\/wp\/v2\/pages\/2\/revisions"}],"predecessor-version":[{"id":560,"href":"https:\/\/jandaiadosul.ufpr.br\/licenciaturacomputacao\/wp-json\/wp\/v2\/pages\/2\/revisions\/560"}],"wp:attachment":[{"href":"https:\/\/jandaiadosul.ufpr.br\/licenciaturacomputacao\/wp-json\/wp\/v2\/media?parent=2"}],"curies":[{"name":"wp","href":"https:\/\/api.w.org\/{rel}","templated":true}]}}