{"id":107,"date":"2023-01-10T13:55:29","date_gmt":"2023-01-10T16:55:29","guid":{"rendered":"https:\/\/jandaiadosul.ufpr.br\/licenciaturacomputacao\/?page_id=107"},"modified":"2023-01-10T13:55:29","modified_gmt":"2023-01-10T16:55:29","slug":"atas-colegiado-2021","status":"publish","type":"page","link":"https:\/\/jandaiadosul.ufpr.br\/licenciaturacomputacao\/atas-colegiado-2021\/","title":{"rendered":"Atas Colegiado 2021"},"content":{"rendered":"<h4><span style=\"font-family: arial, helvetica, sans-serif;font-size: 12pt\"><strong>Atas das reuni\u00f5es ordin\u00e1rias do Colegiado do Curso de Licenciatura em Computa\u00e7\u00e3o<\/strong><\/span><\/h4>\n<p><span style=\"font-family: arial, helvetica, sans-serif;color: #800080;font-size: 12pt\"><a style=\"color: #800080;text-decoration: underline\" href=\"https:\/\/jandaiadosul.ufpr.br\/wp-content\/uploads\/2021\/05\/Ata-da-quinquagesima-reuniao-ordinaria-do-colegiado-do-curso-de-Licenciatura-em-Computacao-aprovada-em-12.05.2021.pdf\">Ata da 50\u00aa Reuni\u00e3o Ordin\u00e1ria do Colegiado de Licenciatura em Computa\u00e7\u00e3o, aprovada em 12\/05\/2021.<\/a><\/span><\/p>\n<p><span style=\"font-family: arial, helvetica, sans-serif;color: #800080;font-size: 12pt\"><a style=\"color: #800080;text-decoration: underline\" href=\"https:\/\/jandaiadosul.ufpr.br\/wp-content\/uploads\/2021\/10\/Ata-da-quinquagesima-primeira-reuniao-ordinaria-do-colegiado-do-curso-de-Licenciatura-em-Computacao-aprovada-em-17.08.2021_.pdf\">Ata da 51\u00aa Reuni\u00e3o Ordin\u00e1ria do Colegiado de Licenciatura em Computa\u00e7\u00e3o, aprovada em 17\/08\/2021.<\/a><\/span><\/p>\n<p><span style=\"font-family: arial, helvetica, sans-serif;color: #800080;font-size: 12pt\"><a style=\"color: #800080;text-decoration: underline\" href=\"https:\/\/jandaiadosul.ufpr.br\/wp-content\/uploads\/2015\/02\/Ata-da-quinquagesima-segunda-reuniao-ordinaria-do-colegiado-do-curso-de-Licenciatura-em-Computacao-aprovada-em-02.12.21-1.pdf\">Ata da 52\u00aa Reuni\u00e3o Ordin\u00e1ria do Colegiado de Licenciatura em Computa\u00e7\u00e3o, aprovada em 02\/12\/2021.<\/a><\/span><\/p>\n<p><span style=\"font-family: arial, helvetica, sans-serif;color: #800080;font-size: 12pt\"><a style=\"color: #800080;text-decoration: underline\" href=\"https:\/\/jandaiadosul.ufpr.br\/wp-content\/uploads\/2015\/02\/Ata-da-quinquagesima-terceira-reuniao-ordinaria-do-colegiado-do-curso-de-Licenciatura-em-Computacao-aprovada-em-22.02.22-1.pdf\">Ata da 53\u00aa Reuni\u00e3o Ordin\u00e1ria do Colegiado de Licenciatura em Computa\u00e7\u00e3o, aprovada em 22\/02\/2022.<\/a><\/span><\/p>\n<p>&nbsp;<\/p>\n<p><span style=\"font-family: arial, helvetica, sans-serif;font-size: 12pt\"><strong>Atas das reuni\u00f5es extraordin\u00e1rias do Colegiado do Curso de Licenciatura em Computa\u00e7\u00e3o<\/strong><\/span><\/p>\n<p><span style=\"text-decoration: underline;font-family: arial, helvetica, sans-serif;font-size: 12pt\"><span style=\"color: #800080;text-decoration: underline\"><a style=\"color: #800080;text-decoration: underline\" href=\"https:\/\/jandaiadosul.ufpr.br\/wp-content\/uploads\/2021\/05\/Ata-da-quinquagesima-terceira-reuniao-extraordinaria-do-colegiado-do-curso-de-Licenciatura-em-Computacao-aprovada-em-12.05.2021.pdf\">Ata da 53\u00aa Reuni\u00e3o Extraordin\u00e1ria do Colegiado\u00a0de Licenciatura em Computa\u00e7\u00e3o, aprovada em 12\/05\/2021.<\/a><\/span><\/span><\/p>\n<p><span style=\"text-decoration: underline;font-family: arial, helvetica, sans-serif;font-size: 12pt\"><span style=\"color: #800080;text-decoration: underline\"><a style=\"color: #800080;text-decoration: underline\" href=\"https:\/\/jandaiadosul.ufpr.br\/wp-content\/uploads\/2021\/05\/Ata-da-quinquagesima-quarta-reuniao-extraordinaria-do-colegiado-do-curso-de-Licenciatura-em-Computacao-aprovada-em-12.05.2021.pdf\">Ata da 54\u00aa Reuni\u00e3o Extraordin\u00e1ria do Colegiado\u00a0de Licenciatura em Computa\u00e7\u00e3o, aprovada em 12\/05\/2021.<\/a><\/span><\/span><\/p>\n<p><span style=\"text-decoration: underline;font-family: arial, helvetica, sans-serif;font-size: 12pt\"><span style=\"color: #800080;text-decoration: underline\"><a style=\"color: #800080;text-decoration: underline\" href=\"https:\/\/jandaiadosul.ufpr.br\/wp-content\/uploads\/2021\/05\/Ata-da-quinquagesima-quinta-reuniao-extraordinaria-do-colegiado-do-curso-de-Licenciatura-em-Computacao-aprovada-em-12.05.2021.pdf\">Ata da 55\u00aa Reuni\u00e3o Extraordin\u00e1ria do Colegiado\u00a0de Licenciatura em Computa\u00e7\u00e3o, aprovada em 12\/05\/2021.<\/a><\/span><\/span><\/p>\n<p><span style=\"text-decoration: underline;font-family: arial, helvetica, sans-serif;font-size: 12pt\"><span style=\"color: #800080;text-decoration: underline\"><a style=\"color: #800080;text-decoration: underline\" href=\"https:\/\/jandaiadosul.ufpr.br\/wp-content\/uploads\/2021\/10\/Ata-da-quinquagesima-sexta-reuniao-extraordinaria-do-colegiado-do-curso-de-Licenciatura-em-Computacao-aprovada-em-17.08.2021_.pdf\">Ata da 56\u00aa Reuni\u00e3o Extraordin\u00e1ria do Colegiado\u00a0de Licenciatura em Computa\u00e7\u00e3o, aprovada em 17\/08\/2021.<\/a><\/span><\/span><\/p>\n<p><span style=\"text-decoration: underline;font-family: arial, helvetica, sans-serif;font-size: 12pt\"><span style=\"color: #800080;text-decoration: underline\"><a style=\"color: #800080;text-decoration: underline\" href=\"https:\/\/jandaiadosul.ufpr.br\/wp-content\/uploads\/2021\/10\/Ata-da-quinquagesima-setima-reuniao-extraordinaria-do-colegiado-do-curso-de-Licenciatura-em-Computacao-aprovada-em-17.08.2021_.pdf\">Ata da 57\u00aa Reuni\u00e3o Extraordin\u00e1ria do Colegiado\u00a0de Licenciatura em Computa\u00e7\u00e3o, aprovada em 17\/08\/2021.<\/a><\/span><\/span><\/p>\n<p><span style=\"text-decoration: underline;font-family: arial, helvetica, sans-serif;font-size: 12pt\"><span style=\"color: #800080;text-decoration: underline\"><a style=\"color: #800080;text-decoration: underline\" href=\"https:\/\/jandaiadosul.ufpr.br\/wp-content\/uploads\/2021\/10\/Ata-da-quinquagesima-oitava-reuniao-extraordinaria-do-colegiado-do-curso-de-Licenciatura-em-Computacao-aprovada-em-17.08.2021_.pdf\">Ata da 58\u00aa Reuni\u00e3o Extraordin\u00e1ria do Colegiado\u00a0de Licenciatura em Computa\u00e7\u00e3o, aprovada em 17\/08\/2021.<\/a><\/span><\/span><\/p>\n<p><span style=\"text-decoration: underline;font-family: arial, helvetica, sans-serif;font-size: 12pt\"><span style=\"color: #800080;text-decoration: underline\"><a style=\"color: #800080;text-decoration: underline\" href=\"https:\/\/jandaiadosul.ufpr.br\/wp-content\/uploads\/2015\/02\/Ata-da-quinquagesima-nona-reuniao-extraordinaria-do-colegiado-do-curso-de-Licenciatura-em-Computacao-aprovada-em-02.12.21.pdf\">Ata da 59\u00aa Reuni\u00e3o Extraordin\u00e1ria do Colegiado de\u00a0Licenciatura em Computa\u00e7\u00e3o, aprovada em 02\/12\/2021.<\/a><\/span><\/span><\/p>\n<p><span style=\"text-decoration: underline;font-family: arial, helvetica, sans-serif;font-size: 12pt\"><span style=\"color: #800080;text-decoration: underline\"><a style=\"color: #800080;text-decoration: underline\" href=\"https:\/\/jandaiadosul.ufpr.br\/wp-content\/uploads\/2015\/02\/Ata-da-sextagesima-reuniao-extraordinaria-do-colegiado-do-curso-de-Licenciatura-em-Computacao-aprovada-em-02.12.21-1.pdf\">Ata da 60\u00aa Reuni\u00e3o Extraordin\u00e1ria do Colegiado\u00a0de Licenciatura em Computa\u00e7\u00e3o, aprovada em 02\/12\/2021.<\/a><\/span><\/span><\/p>\n","protected":false},"excerpt":{"rendered":"<p>Atas das reuni\u00f5es ordin\u00e1rias do Colegiado do Curso de Licenciatura em Computa\u00e7\u00e3o Ata da 50\u00aa Reuni\u00e3o Ordin\u00e1ria do Colegiado de Licenciatura em Computa\u00e7\u00e3o, aprovada em [&hellip;]<\/p>\n","protected":false},"author":3651,"featured_media":0,"parent":0,"menu_order":0,"comment_status":"closed","ping_status":"closed","template":"","meta":{"_acf_changed":false,"footnotes":""},"class_list":["post-107","page","type-page","status-publish","hentry"],"acf":[],"_links":{"self":[{"href":"https:\/\/jandaiadosul.ufpr.br\/licenciaturacomputacao\/wp-json\/wp\/v2\/pages\/107","targetHints":{"allow":["GET"]}}],"collection":[{"href":"https:\/\/jandaiadosul.ufpr.br\/licenciaturacomputacao\/wp-json\/wp\/v2\/pages"}],"about":[{"href":"https:\/\/jandaiadosul.ufpr.br\/licenciaturacomputacao\/wp-json\/wp\/v2\/types\/page"}],"author":[{"embeddable":true,"href":"https:\/\/jandaiadosul.ufpr.br\/licenciaturacomputacao\/wp-json\/wp\/v2\/users\/3651"}],"replies":[{"embeddable":true,"href":"https:\/\/jandaiadosul.ufpr.br\/licenciaturacomputacao\/wp-json\/wp\/v2\/comments?post=107"}],"version-history":[{"count":1,"href":"https:\/\/jandaiadosul.ufpr.br\/licenciaturacomputacao\/wp-json\/wp\/v2\/pages\/107\/revisions"}],"predecessor-version":[{"id":108,"href":"https:\/\/jandaiadosul.ufpr.br\/licenciaturacomputacao\/wp-json\/wp\/v2\/pages\/107\/revisions\/108"}],"wp:attachment":[{"href":"https:\/\/jandaiadosul.ufpr.br\/licenciaturacomputacao\/wp-json\/wp\/v2\/media?parent=107"}],"curies":[{"name":"wp","href":"https:\/\/api.w.org\/{rel}","templated":true}]}}