{"id":105,"date":"2023-01-10T13:54:17","date_gmt":"2023-01-10T16:54:17","guid":{"rendered":"https:\/\/jandaiadosul.ufpr.br\/licenciaturacomputacao\/?page_id=105"},"modified":"2023-01-10T13:54:17","modified_gmt":"2023-01-10T16:54:17","slug":"atas-colegiado-2020","status":"publish","type":"page","link":"https:\/\/jandaiadosul.ufpr.br\/licenciaturacomputacao\/atas-colegiado-2020\/","title":{"rendered":"Atas Colegiado 2020"},"content":{"rendered":"<h4><span style=\"font-family: arial, helvetica, sans-serif;font-size: 12pt\"><strong>Atas das reuni\u00f5es ordin\u00e1rias do Colegiado do Curso de Licenciatura em Computa\u00e7\u00e3o<\/strong><\/span><\/h4>\n<p><span style=\"font-family: arial, helvetica, sans-serif;color: #800080;font-size: 12pt\"><a style=\"color: #800080;text-decoration: underline\" href=\"https:\/\/jandaiadosul.ufpr.br\/wp-content\/uploads\/2021\/02\/Ata-da-quadragesima-oitava-reuniao-ordinaria-do-colegiado-do-curso-de-Licenciatura-em-Computacao-aprovada-em-02.12.2020_.pdf\">Ata da 48\u00aa Reuni\u00e3o Ordin\u00e1ria do Colegiado de Licenciatura em Computa\u00e7\u00e3o, aprovada em 02\/12\/2020.<\/a><\/span><\/p>\n<p><span style=\"font-family: arial, helvetica, sans-serif;color: #800080;font-size: 12pt\"><a style=\"color: #800080;text-decoration: underline\" href=\"https:\/\/jandaiadosul.ufpr.br\/wp-content\/uploads\/2021\/05\/Ata-da-quadragesima-nona-reuniao-ordinaria-do-colegiado-do-curso-de-Licenciatura-em-Computacao-aprovada-em-24.02.2021.pdf\">Ata da 49\u00aa Reuni\u00e3o Ordin\u00e1ria do Colegiado de Licenciatura em Computa\u00e7\u00e3o, aprovada em 24\/02\/2021.<\/a><\/span><\/p>\n<p>&nbsp;<\/p>\n<p><span style=\"font-family: arial, helvetica, sans-serif;font-size: 12pt\"><strong>Atas das reuni\u00f5es extraordin\u00e1rias do Colegiado do Curso de Licenciatura em Computa\u00e7\u00e3o<\/strong><\/span><\/p>\n<p><span style=\"text-decoration: underline;font-family: arial, helvetica, sans-serif;font-size: 12pt\"><span style=\"color: #800080;text-decoration: underline\"><a style=\"color: #800080;text-decoration: underline\" href=\"https:\/\/jandaiadosul.ufpr.br\/wp-content\/uploads\/2021\/02\/Ata-da-trigesima-quarta-reuniao-extraordinaria-do-colegiado-do-curso-de-Licenciatura-em-Computacao-aprovada-em-02.12.2020_.pdf\">Ata da 34\u00aa Reuni\u00e3o Extraordin\u00e1ria do Colegiado de Licenciatura em Computa\u00e7\u00e3o, aprovada em 02\/12\/2020.<\/a><\/span><\/span><\/p>\n<p><span style=\"text-decoration: underline;font-family: arial, helvetica, sans-serif;font-size: 12pt\"><span style=\"color: #800080;text-decoration: underline\"><a style=\"color: #800080;text-decoration: underline\" href=\"https:\/\/jandaiadosul.ufpr.br\/wp-content\/uploads\/2021\/02\/Ata-da-trigesima-quinta-reuniao-extraordinaria-do-colegiado-do-curso-de-Licenciatura-em-Computacao-aprovada-em-02.12.2020_.pdf\">Ata da 35\u00aa Reuni\u00e3o Extraordin\u00e1ria do Colegiado\u00a0de Licenciatura em Computa\u00e7\u00e3o, aprovada em 02\/12\/2020.<\/a><\/span><\/span><\/p>\n<p><span style=\"text-decoration: underline;font-family: arial, helvetica, sans-serif;font-size: 12pt\"><span style=\"color: #800080;text-decoration: underline\"><a style=\"color: #800080;text-decoration: underline\" href=\"https:\/\/jandaiadosul.ufpr.br\/wp-content\/uploads\/2021\/02\/Ata-da-trigesima-sexta-reuniao-extraordinaria-do-colegiado-do-curso-de-Licenciatura-em-Computacao-aprovada-em-02.12.2020_-1.pdf\">Ata da 36\u00aa Reuni\u00e3o Extraordin\u00e1ria do Colegiado\u00a0de Licenciatura em Computa\u00e7\u00e3o, aprovada em 02\/12\/2020.<\/a><\/span><\/span><\/p>\n<p><span style=\"text-decoration: underline;font-family: arial, helvetica, sans-serif;font-size: 12pt\"><span style=\"color: #800080;text-decoration: underline\"><a style=\"color: #800080;text-decoration: underline\" href=\"https:\/\/jandaiadosul.ufpr.br\/wp-content\/uploads\/2021\/02\/Ata-da-trigesima-setima-reuniao-extraordinaria-do-colegiado-do-curso-de-Licenciatura-em-Computacao-aprovada-em-02.12.2020_.pdf\">Ata da 37\u00aa Reuni\u00e3o Extraordin\u00e1ria do Colegiado\u00a0de Licenciatura em Computa\u00e7\u00e3o, aprovada em 02\/12\/2020.<\/a><\/span><\/span><\/p>\n<p><span style=\"text-decoration: underline;font-family: arial, helvetica, sans-serif;font-size: 12pt\"><span style=\"color: #800080;text-decoration: underline\"><a style=\"color: #800080;text-decoration: underline\" href=\"https:\/\/jandaiadosul.ufpr.br\/wp-content\/uploads\/2021\/02\/Ata-da-trigesima-oitava-reuniao-extraordinaria-do-colegiado-do-curso-de-Licenciatura-em-Computacao-aprovada-em-02.12.2020_.pdf\">Ata da 38\u00aa Reuni\u00e3o Extraordin\u00e1ria do Colegiado\u00a0de Licenciatura em Computa\u00e7\u00e3o, aprovada em 02\/12\/2020.<\/a><\/span><\/span><\/p>\n<p><span style=\"text-decoration: underline;font-family: arial, helvetica, sans-serif;font-size: 12pt\"><span style=\"color: #800080;text-decoration: underline\"><a style=\"color: #800080;text-decoration: underline\" href=\"https:\/\/jandaiadosul.ufpr.br\/wp-content\/uploads\/2021\/02\/Ata-da-trigesima-nona-reuniao-extraordinaria-do-colegiado-do-curso-de-Licenciatura-em-Computacao-aprovada-em-02.12.2020.pdf\">Ata da 39\u00aa Reuni\u00e3o Extraordin\u00e1ria do Colegiado de Licenciatura em Computa\u00e7\u00e3o, aprovada em 02\/12\/2020.<\/a><\/span><\/span><\/p>\n<p><span style=\"text-decoration: underline;font-family: arial, helvetica, sans-serif;font-size: 12pt\"><span style=\"color: #800080;text-decoration: underline\"><a style=\"color: #800080;text-decoration: underline\" href=\"https:\/\/jandaiadosul.ufpr.br\/wp-content\/uploads\/2021\/02\/Ata-da-quadragesima-reuniao-extraordinaria-do-colegiado-do-curso-de-Licenciatura-em-Computacao-aprovada-em-02.12.2020_.pdf\">Ata da 40\u00aa Reuni\u00e3o Extraordin\u00e1ria do Colegiado\u00a0de Licenciatura em Computa\u00e7\u00e3o, aprovada em 02\/12\/2020.<\/a><\/span><\/span><\/p>\n<p><span style=\"text-decoration: underline;font-family: arial, helvetica, sans-serif;font-size: 12pt\"><span style=\"color: #800080;text-decoration: underline\"><a style=\"color: #800080;text-decoration: underline\" href=\"https:\/\/jandaiadosul.ufpr.br\/wp-content\/uploads\/2021\/02\/Ata-da-quadragesima-primeira-reuniao-extraordinaria-do-colegiado-do-curso-de-Licenciatura-em-Computacao-aprovada-em-02.12.2020_.pdf\">Ata da 41\u00aa Reuni\u00e3o Extraordin\u00e1ria do Colegiado\u00a0de Licenciatura em Computa\u00e7\u00e3o, aprovada em 02\/12\/2020.<\/a><\/span><\/span><\/p>\n<p><span style=\"text-decoration: underline;font-family: arial, helvetica, sans-serif;font-size: 12pt\"><span style=\"color: #800080;text-decoration: underline\"><a style=\"color: #800080;text-decoration: underline\" href=\"https:\/\/jandaiadosul.ufpr.br\/wp-content\/uploads\/2021\/02\/Ata-da-quadragesima-segunda-reuniao-extraordinaria-do-colegiado-do-curso-de-Licenciatura-em-Computacao-aprovada-em-02.12.2020_.pdf\">Ata da 42\u00aa Reuni\u00e3o Extraordin\u00e1ria do Colegiado\u00a0de Licenciatura em Computa\u00e7\u00e3o, aprovada em 02\/12\/2020.<\/a><\/span><\/span><\/p>\n<p><span style=\"text-decoration: underline;font-family: arial, helvetica, sans-serif;font-size: 12pt\"><span style=\"color: #800080;text-decoration: underline\"><a style=\"color: #800080;text-decoration: underline\" href=\"https:\/\/jandaiadosul.ufpr.br\/wp-content\/uploads\/2021\/02\/Ata-da-quadragesima-terceira-reuniao-extraordinaria-do-colegiado-do-curso-de-Licenciatura-em-Computacao-aprovada-em-02.12.2020_.pdf\">Ata da 43\u00aa Reuni\u00e3o Extraordin\u00e1ria do Colegiado\u00a0de Licenciatura em Computa\u00e7\u00e3o, aprovada em 02\/12\/2020.<\/a><\/span><\/span><\/p>\n<p><span style=\"text-decoration: underline;font-family: arial, helvetica, sans-serif;font-size: 12pt\"><span style=\"color: #800080;text-decoration: underline\"><a style=\"color: #800080;text-decoration: underline\" href=\"https:\/\/jandaiadosul.ufpr.br\/wp-content\/uploads\/2021\/02\/Ata-da-quadragesima-quarta-reuniao-extraordinaria-do-colegiado-do-curso-de-Licenciatura-em-Computacao-aprovada-em-02.12.2020_.pdf\">Ata da 44\u00aa Reuni\u00e3o Extraordin\u00e1ria do Colegiado\u00a0de Licenciatura em Computa\u00e7\u00e3o, aprovada em 02\/12\/2020.<\/a><\/span><\/span><\/p>\n<p><span style=\"text-decoration: underline;font-family: arial, helvetica, sans-serif;font-size: 12pt\"><span style=\"color: #800080;text-decoration: underline\"><a style=\"color: #800080;text-decoration: underline\" href=\"https:\/\/jandaiadosul.ufpr.br\/wp-content\/uploads\/2021\/02\/Ata-da-quadragesima-quinta-reuniao-extraordinaria-do-colegiado-do-curso-de-Licenciatura-em-Computacao-aprovada-em-02.12.2020_.pdf\">Ata da 45\u00aa Reuni\u00e3o Extraordin\u00e1ria do Colegiado\u00a0de Licenciatura em Computa\u00e7\u00e3o, aprovada em 02\/12\/2020.<\/a><\/span><\/span><\/p>\n<p><span style=\"text-decoration: underline;font-family: arial, helvetica, sans-serif;font-size: 12pt\"><span style=\"color: #800080;text-decoration: underline\"><a style=\"color: #800080;text-decoration: underline\" href=\"https:\/\/jandaiadosul.ufpr.br\/wp-content\/uploads\/2021\/02\/Ata-da-quadragesima-sexta-reuniao-extraordinaria-do-colegiado-do-curso-de-Licenciatura-em-Computacao-aprovada-em-02.12.2020_.pdf\">Ata da 46\u00aa Reuni\u00e3o Extraordin\u00e1ria do Colegiado de Licenciatura em Computa\u00e7\u00e3o, aprovada em 02\/12\/2020.<\/a><\/span><\/span><\/p>\n<p><span style=\"text-decoration: underline;font-family: arial, helvetica, sans-serif;font-size: 12pt\"><span style=\"color: #800080;text-decoration: underline\"><a style=\"color: #800080;text-decoration: underline\" href=\"https:\/\/jandaiadosul.ufpr.br\/wp-content\/uploads\/2021\/02\/Ata-da-quadragesima-setima-reuniao-extraordinaria-do-colegiado-do-curso-de-Licenciatura-em-Computacao-aprovada-em-02.12.2020_.pdf\">Ata da 47\u00aa Reuni\u00e3o Extraordin\u00e1ria do Colegiado\u00a0de Licenciatura em Computa\u00e7\u00e3o, aprovada em 02\/12\/2020.<\/a><\/span><\/span><\/p>\n<p><span style=\"text-decoration: underline;font-family: arial, helvetica, sans-serif;font-size: 12pt\"><span style=\"color: #800080;text-decoration: underline\"><a style=\"color: #800080;text-decoration: underline\" href=\"https:\/\/jandaiadosul.ufpr.br\/wp-content\/uploads\/2021\/02\/Ata-da-quadragesima-oitava-reuniao-extraordinaria-do-colegiado-do-curso-de-Licenciatura-em-Computacao-aprovada-em-02.12.2020_.pdf\">Ata da 48\u00aa Reuni\u00e3o Extraordin\u00e1ria do Colegiado\u00a0de Licenciatura em Computa\u00e7\u00e3o, aprovada em 02\/12\/2020.<\/a><\/span><\/span><\/p>\n<p><span style=\"text-decoration: underline;font-family: arial, helvetica, sans-serif;font-size: 12pt\"><span style=\"color: #800080;text-decoration: underline\"><a style=\"color: #800080;text-decoration: underline\" href=\"https:\/\/jandaiadosul.ufpr.br\/wp-content\/uploads\/2021\/02\/Ata-da-quadragesima-nona-reuniao-extraordinaria-do-colegiado-do-curso-de-Licenciatura-em-Computacao-aprovada-em-02.12.2020_.pdf\">Ata da 49\u00aa Reuni\u00e3o Extraordin\u00e1ria do Colegiado\u00a0de Licenciatura em Computa\u00e7\u00e3o, aprovada em 02\/12\/2020.<\/a><\/span><\/span><\/p>\n<p><span style=\"text-decoration: underline;font-family: arial, helvetica, sans-serif;font-size: 12pt\"><span style=\"color: #800080;text-decoration: underline\"><a style=\"color: #800080;text-decoration: underline\" href=\"https:\/\/jandaiadosul.ufpr.br\/wp-content\/uploads\/2021\/02\/Ata-da-quinquagesima-reuniao-extraordinaria-do-colegiado-do-curso-de-Licenciatura-em-Computacao-aprovada-em-02.12.2020_.pdf\">Ata da 50\u00aa Reuni\u00e3o Extraordin\u00e1ria do Colegiado de Licenciatura em Computa\u00e7\u00e3o, aprovada em 02\/12\/2020.<\/a><\/span><\/span><\/p>\n<p><span style=\"text-decoration: underline;font-family: arial, helvetica, sans-serif;font-size: 12pt\"><span style=\"color: #800080;text-decoration: underline\"><a style=\"color: #800080;text-decoration: underline\" href=\"https:\/\/jandaiadosul.ufpr.br\/wp-content\/uploads\/2021\/02\/Ata-da-quinquagesima-primeira-reuniao-extraordinaria-do-colegiado-do-curso-de-Licenciatura-em-Computacao-aprovada-em-02.12.2020_.pdf\">Ata da 51\u00aa Reuni\u00e3o Extraordin\u00e1ria do Colegiado de\u00a0Licenciatura em Computa\u00e7\u00e3o, aprovada em 02\/12\/2020.<\/a><\/span><\/span><\/p>\n<p><span style=\"text-decoration: underline;font-family: arial, helvetica, sans-serif;font-size: 12pt\"><span style=\"color: #800080;text-decoration: underline\"><a style=\"color: #800080;text-decoration: underline\" href=\"https:\/\/jandaiadosul.ufpr.br\/wp-content\/uploads\/2021\/02\/Ata-da-quinquagesima-segunda-reuniao-extraordinaria-do-colegiado-do-curso-de-Licenciatura-em-Computacao-aprovada-em-02.12.2020_.pdf\">Ata da 52\u00aa Reuni\u00e3o Extraordin\u00e1ria do Colegiado\u00a0de Licenciatura em Computa\u00e7\u00e3o, aprovada em 24\/02\/2021.<\/a><\/span><\/span><\/p>\n","protected":false},"excerpt":{"rendered":"<p>Atas das reuni\u00f5es ordin\u00e1rias do Colegiado do Curso de Licenciatura em Computa\u00e7\u00e3o Ata da 48\u00aa Reuni\u00e3o Ordin\u00e1ria do Colegiado de Licenciatura em Computa\u00e7\u00e3o, aprovada em [&hellip;]<\/p>\n","protected":false},"author":3651,"featured_media":0,"parent":0,"menu_order":0,"comment_status":"closed","ping_status":"closed","template":"","meta":{"_acf_changed":false,"footnotes":""},"class_list":["post-105","page","type-page","status-publish","hentry"],"acf":[],"_links":{"self":[{"href":"https:\/\/jandaiadosul.ufpr.br\/licenciaturacomputacao\/wp-json\/wp\/v2\/pages\/105","targetHints":{"allow":["GET"]}}],"collection":[{"href":"https:\/\/jandaiadosul.ufpr.br\/licenciaturacomputacao\/wp-json\/wp\/v2\/pages"}],"about":[{"href":"https:\/\/jandaiadosul.ufpr.br\/licenciaturacomputacao\/wp-json\/wp\/v2\/types\/page"}],"author":[{"embeddable":true,"href":"https:\/\/jandaiadosul.ufpr.br\/licenciaturacomputacao\/wp-json\/wp\/v2\/users\/3651"}],"replies":[{"embeddable":true,"href":"https:\/\/jandaiadosul.ufpr.br\/licenciaturacomputacao\/wp-json\/wp\/v2\/comments?post=105"}],"version-history":[{"count":1,"href":"https:\/\/jandaiadosul.ufpr.br\/licenciaturacomputacao\/wp-json\/wp\/v2\/pages\/105\/revisions"}],"predecessor-version":[{"id":106,"href":"https:\/\/jandaiadosul.ufpr.br\/licenciaturacomputacao\/wp-json\/wp\/v2\/pages\/105\/revisions\/106"}],"wp:attachment":[{"href":"https:\/\/jandaiadosul.ufpr.br\/licenciaturacomputacao\/wp-json\/wp\/v2\/media?parent=105"}],"curies":[{"name":"wp","href":"https:\/\/api.w.org\/{rel}","templated":true}]}}