{"id":103,"date":"2023-01-10T13:53:00","date_gmt":"2023-01-10T16:53:00","guid":{"rendered":"https:\/\/jandaiadosul.ufpr.br\/licenciaturacomputacao\/?page_id=103"},"modified":"2023-01-10T13:53:00","modified_gmt":"2023-01-10T16:53:00","slug":"atas-colegiado-2019","status":"publish","type":"page","link":"https:\/\/jandaiadosul.ufpr.br\/licenciaturacomputacao\/atas-colegiado-2019\/","title":{"rendered":"Atas Colegiado 2019"},"content":{"rendered":"<h4><span style=\"font-family: arial, helvetica, sans-serif;font-size: 12pt\"><strong>Atas das reuni\u00f5es ordin\u00e1rias do Colegiado do Curso de Licenciatura em Computa\u00e7\u00e3o<\/strong><\/span><\/h4>\n<p><span style=\"font-family: arial, helvetica, sans-serif;color: #800080;font-size: 12pt\"><a style=\"color: #800080;text-decoration: underline\" href=\"https:\/\/jandaiadosul.ufpr.br\/wp-content\/uploads\/2020\/10\/Ata-da-quadrag%C3%A9sima-segunda-reuni%C3%A3o-ordin%C3%A1ria-do-colegiado-do-curso-de-Licenciatura-em-Computa%C3%A7%C3%A3o-aprovada-em-09.05.2019_.pdf\">Ata da 42\u00aa Reuni\u00e3o Ordin\u00e1ria do Colegiado de Licenciatura em Computa\u00e7\u00e3o, aprovada em 28\/03\/2019.<\/a><\/span><\/p>\n<p><span style=\"font-family: arial, helvetica, sans-serif;color: #800080;font-size: 12pt\"><a style=\"color: #800080;text-decoration: underline\" href=\"https:\/\/jandaiadosul.ufpr.br\/wp-content\/uploads\/2020\/10\/Ata-da-quadrag%C3%A9sima-terceira-reuni%C3%A3o-ordin%C3%A1ria-do-colegiado-do-curso-de-Licenciatura-em-Computa%C3%A7%C3%A3o-aprovada-em-09.05.2019_.pdf\">Ata da 43\u00aa Reuni\u00e3o Ordin\u00e1ria do Colegiado de Licenciatura em Computa\u00e7\u00e3o, aprovada em 09\/05\/2019.<\/a><\/span><\/p>\n<p><span style=\"font-family: arial, helvetica, sans-serif;color: #800080;font-size: 12pt\"><a style=\"color: #800080;text-decoration: underline\" href=\"https:\/\/jandaiadosul.ufpr.br\/wp-content\/uploads\/2015\/02\/Ata-da-quadrag%C3%A9sima-quarta-reuni%C3%A3o-ordin%C3%A1ria-do-colegiado-de-Licenciatura-de-Computa%C3%A7%C3%A3o-aprovada-em-27.05.2019.pdf\">Ata da 44\u00aa Reuni\u00e3o Ordin\u00e1ria do Colegiado de Licenciatura em Computa\u00e7\u00e3o, aprovada em 27\/05\/2019.<\/a><\/span><\/p>\n<p><span style=\"font-family: arial, helvetica, sans-serif;color: #800080;font-size: 12pt\"><a style=\"color: #800080;text-decoration: underline\" href=\"https:\/\/jandaiadosul.ufpr.br\/wp-content\/uploads\/2015\/02\/Ata-da-quadrag%C3%A9sima-quinta-reuni%C3%A3o-ordin%C3%A1ria-do-colegiado-de-Licenciatura-de-Computa%C3%A7%C3%A3o-aprovada-em-30.08.2019.pdf\">Ata da 45\u00aa Reuni\u00e3o Ordin\u00e1ria do Colegiado de Licenciatura em Computa\u00e7\u00e3o, aprovada em 30\/08\/2019.<\/a><\/span><\/p>\n<p><span style=\"font-family: arial, helvetica, sans-serif;color: #800080;font-size: 12pt\"><a style=\"color: #800080;text-decoration: underline\" href=\"https:\/\/jandaiadosul.ufpr.br\/wp-content\/uploads\/2020\/10\/Ata-da-quadrag%C3%A9sima-sexta-reuni%C3%A3o-ordin%C3%A1ria-do-colegiado-do-curso-de-Licenciatura-em-Computa%C3%A7%C3%A3o-aprovada-em-13.12.19.pdf\">Ata da 46\u00aa Reuni\u00e3o Ordin\u00e1ria do Colegiado de Licenciatura em Computa\u00e7\u00e3o, aprovada em 13\/12\/2019.<\/a><\/span><\/p>\n<p><span style=\"font-family: arial, helvetica, sans-serif;color: #800080;font-size: 12pt\"><a style=\"color: #800080;text-decoration: underline\" href=\"https:\/\/jandaiadosul.ufpr.br\/wp-content\/uploads\/2020\/10\/Ata-da-quadrag%C3%A9sima-s%C3%A9tima-reuni%C3%A3o-ordin%C3%A1ria-do-colegiado-do-curso-de-Licenciatura-em-Computa%C3%A7%C3%A3o-aprovada-em-19.02.20.pdf\">Ata da 47\u00aa Reuni\u00e3o Ordin\u00e1ria do Colegiado de Licenciatura em Computa\u00e7\u00e3o, aprovada em 19\/02\/2020.<\/a><\/span><\/p>\n<p>&nbsp;<\/p>\n<p><span style=\"font-family: arial, helvetica, sans-serif;font-size: 12pt\"><strong>Atas das reuni\u00f5es extraordin\u00e1rias do Colegiado do Curso de Licenciatura em Computa\u00e7\u00e3o<\/strong><\/span><\/p>\n<p><span style=\"text-decoration: underline;font-family: arial, helvetica, sans-serif;font-size: 12pt\"><span style=\"color: #800080;text-decoration: underline\"><a style=\"color: #800080;text-decoration: underline\" href=\"https:\/\/jandaiadosul.ufpr.br\/wp-content\/uploads\/2015\/02\/Ata-da-vig%C3%A9sima-oitava-reuni%C3%A3o-extraordin%C3%A1ria-do-colegiado-de-Licenciatura-de-Computa%C3%A7%C3%A3o-aprovada-em-09.05.2019.pdf\">Ata da 28\u00aa Reuni\u00e3o Extraordin\u00e1ria do Colegiado\u00a0de Licenciatura em Computa\u00e7\u00e3o, aprovada em 09\/05\/2019.<\/a><\/span><\/span><\/p>\n<p><span style=\"text-decoration: underline;font-family: arial, helvetica, sans-serif;font-size: 12pt\"><span style=\"color: #800080;text-decoration: underline\"><a style=\"color: #800080;text-decoration: underline\" href=\"https:\/\/jandaiadosul.ufpr.br\/wp-content\/uploads\/2015\/02\/Ata-da-vig%C3%A9sima-nona-reuni%C3%A3o-extraordin%C3%A1ria-do-colegiado-de-Licenciatura-de-Computa%C3%A7%C3%A3o-aprovada-em-27.05.2019.pdf\">Ata da 29\u00aa Reuni\u00e3o Extraordin\u00e1ria do Colegiado\u00a0de Licenciatura em Computa\u00e7\u00e3o, aprovada em 27\/05\/2019.<\/a><\/span><\/span><\/p>\n<p><span style=\"text-decoration: underline;font-family: arial, helvetica, sans-serif;font-size: 12pt\"><span style=\"color: #800080;text-decoration: underline\"><a style=\"color: #800080;text-decoration: underline\" href=\"https:\/\/jandaiadosul.ufpr.br\/wp-content\/uploads\/2015\/02\/Ata-da-30%C2%AA-Reuni%C3%A3o-Extraordin%C3%A1ria-do-Colegiado-de-Licenciatura-em-Computa%C3%A7%C3%A3o.pdf\">Ata da 30\u00aa Reuni\u00e3o Extraordin\u00e1ria do Colegiado\u00a0de Licenciatura em Computa\u00e7\u00e3o, aprovada em 13\/12\/2019.<\/a><\/span><\/span><\/p>\n<p><span style=\"text-decoration: underline;font-family: arial, helvetica, sans-serif;font-size: 12pt\"><span style=\"color: #800080;text-decoration: underline\"><a style=\"color: #800080;text-decoration: underline\" href=\"https:\/\/jandaiadosul.ufpr.br\/wp-content\/uploads\/2020\/10\/Ata-da-trig%C3%A9sima-primeira-reuni%C3%A3o-extraordin%C3%A1ria-do-colegiado-do-curso-de-Licenciatura-em-Computa%C3%A7%C3%A3o-aprovada-em-13.12.19.pdf\">Ata da 31\u00aa Reuni\u00e3o Extraordin\u00e1ria do Colegiado de Licenciatura em Computa\u00e7\u00e3o, aprovada em 13\/12\/2019.<\/a><\/span><\/span><\/p>\n<p><span style=\"text-decoration: underline;font-family: arial, helvetica, sans-serif;font-size: 12pt\"><span style=\"color: #800080;text-decoration: underline\"><a style=\"color: #800080;text-decoration: underline\" href=\"https:\/\/jandaiadosul.ufpr.br\/wp-content\/uploads\/2020\/10\/Ata-da-trig%C3%A9sima-segunda-reuni%C3%A3o-extraordin%C3%A1ria-do-colegiado-do-curso-de-Licenciatura-em-Computa%C3%A7%C3%A3o-aprovada-em-13.12.19.pdf\">Ata da 32\u00aa Reuni\u00e3o Extraordin\u00e1ria do Colegiado\u00a0de Licenciatura em Computa\u00e7\u00e3o, aprovada em 13\/12\/2019.<\/a><\/span><\/span><\/p>\n<p><span style=\"text-decoration: underline;font-family: arial, helvetica, sans-serif;font-size: 12pt\"><span style=\"color: #800080;text-decoration: underline\"><a style=\"color: #800080;text-decoration: underline\" href=\"https:\/\/jandaiadosul.ufpr.br\/wp-content\/uploads\/2020\/10\/Ata-da-trig%C3%A9sima-terceira-reuni%C3%A3o-extraordin%C3%A1ria-do-colegiado-do-curso-de-Licenciatura-em-Computa%C3%A7%C3%A3o-aprovada-em-13.12.19.pdf\">Ata da 33\u00aa Reuni\u00e3o Extraordin\u00e1ria do Colegiado\u00a0de Licenciatura em Computa\u00e7\u00e3o, aprovada em 13\/12\/2019.<\/a><\/span><\/span><\/p>\n","protected":false},"excerpt":{"rendered":"<p>Atas das reuni\u00f5es ordin\u00e1rias do Colegiado do Curso de Licenciatura em Computa\u00e7\u00e3o Ata da 42\u00aa Reuni\u00e3o Ordin\u00e1ria do Colegiado de Licenciatura em Computa\u00e7\u00e3o, aprovada em [&hellip;]<\/p>\n","protected":false},"author":3651,"featured_media":0,"parent":0,"menu_order":0,"comment_status":"closed","ping_status":"closed","template":"","meta":{"_acf_changed":false,"footnotes":""},"class_list":["post-103","page","type-page","status-publish","hentry"],"acf":[],"_links":{"self":[{"href":"https:\/\/jandaiadosul.ufpr.br\/licenciaturacomputacao\/wp-json\/wp\/v2\/pages\/103","targetHints":{"allow":["GET"]}}],"collection":[{"href":"https:\/\/jandaiadosul.ufpr.br\/licenciaturacomputacao\/wp-json\/wp\/v2\/pages"}],"about":[{"href":"https:\/\/jandaiadosul.ufpr.br\/licenciaturacomputacao\/wp-json\/wp\/v2\/types\/page"}],"author":[{"embeddable":true,"href":"https:\/\/jandaiadosul.ufpr.br\/licenciaturacomputacao\/wp-json\/wp\/v2\/users\/3651"}],"replies":[{"embeddable":true,"href":"https:\/\/jandaiadosul.ufpr.br\/licenciaturacomputacao\/wp-json\/wp\/v2\/comments?post=103"}],"version-history":[{"count":1,"href":"https:\/\/jandaiadosul.ufpr.br\/licenciaturacomputacao\/wp-json\/wp\/v2\/pages\/103\/revisions"}],"predecessor-version":[{"id":104,"href":"https:\/\/jandaiadosul.ufpr.br\/licenciaturacomputacao\/wp-json\/wp\/v2\/pages\/103\/revisions\/104"}],"wp:attachment":[{"href":"https:\/\/jandaiadosul.ufpr.br\/licenciaturacomputacao\/wp-json\/wp\/v2\/media?parent=103"}],"curies":[{"name":"wp","href":"https:\/\/api.w.org\/{rel}","templated":true}]}}