{"id":101,"date":"2023-01-10T13:51:30","date_gmt":"2023-01-10T16:51:30","guid":{"rendered":"https:\/\/jandaiadosul.ufpr.br\/licenciaturacomputacao\/?page_id=101"},"modified":"2023-01-10T13:51:30","modified_gmt":"2023-01-10T16:51:30","slug":"atas-colegiado-2018","status":"publish","type":"page","link":"https:\/\/jandaiadosul.ufpr.br\/licenciaturacomputacao\/atas-colegiado-2018\/","title":{"rendered":"Atas Colegiado 2018"},"content":{"rendered":"<h4><span style=\"font-family: arial, helvetica, sans-serif;font-size: 12pt\"><strong>Atas das reuni\u00f5es ordin\u00e1rias do Colegiado do Curso de Licenciatura em Computa\u00e7\u00e3o<\/strong><\/span><\/h4>\n<p><span style=\"font-family: arial, helvetica, sans-serif;color: #800080;font-size: 12pt\"><a style=\"color: #800080;text-decoration: underline\" href=\"https:\/\/jandaiadosul.ufpr.br\/wp-content\/uploads\/2018\/05\/ATA-DA-33%C2%AA-REUNI%C3%83O-ORDIN%C3%81RIA-DO-COLEGIADO-DO-CURSO-DE-LICENCIATURA-EM-COMPUTA%C3%87%C3%83O.pdf\">Ata da 33\u00aa Reuni\u00e3o Ordin\u00e1ria do Colegiado de Licenciatura em Computa\u00e7\u00e3o, aprovada em 28\/03\/2018.<\/a><\/span><\/p>\n<p><span style=\"font-family: arial, helvetica, sans-serif;color: #800080;font-size: 12pt\"><a style=\"color: #800080;text-decoration: underline\" href=\"https:\/\/jandaiadosul.ufpr.br\/wp-content\/uploads\/2018\/05\/ATA-DA-34%C2%AA-REUNI%C3%83O-ORDIN%C3%81RIA-DO-COLEGIADO-DO-CURSO-DE-LICENCIATURA-EM-COMPUTA%C3%87%C3%83O.pdf\">Ata da 34\u00aa Reuni\u00e3o Ordin\u00e1ria do Colegiado de Licenciatura em Computa\u00e7\u00e3o, aprovada em 26\/04\/2018.<\/a><\/span><\/p>\n<p><span style=\"font-family: arial, helvetica, sans-serif;color: #800080;font-size: 12pt\"><a style=\"color: #800080;text-decoration: underline\" href=\"https:\/\/jandaiadosul.ufpr.br\/wp-content\/uploads\/2018\/08\/ATA-DA-35%C2%AA-REUNI%C3%83O-ORDIN%C3%81RIA-DO-COLEGIADO-DO-CURSO-DE-LICENCIATURA-EM-COMPUTA%C3%87%C3%83O.pdf\">Ata da 35\u00aa Reuni\u00e3o Ordin\u00e1ria do Colegiado de Licenciatura em Computa\u00e7\u00e3o, aprovada em 06\/06\/2018.<\/a><\/span><\/p>\n<p><span style=\"font-family: arial, helvetica, sans-serif;color: #800080;font-size: 12pt\"><a style=\"color: #800080;text-decoration: underline\" href=\"https:\/\/jandaiadosul.ufpr.br\/wp-content\/uploads\/2018\/08\/ATA-DA-36%C2%AA-REUNI%C3%83O-ORDIN%C3%81RIA-DO-COLEGIADO-DO-CURSO-DE-LICENCIATURA-EM-COMPUTA%C3%87%C3%83O.pdf\">Ata da 36\u00aa Reuni\u00e3o Ordin\u00e1ria do Colegiado de Licenciatura em Computa\u00e7\u00e3o, aprovada em 21\/06\/2018.<\/a><\/span><\/p>\n<p><span style=\"font-family: arial, helvetica, sans-serif;color: #800080;font-size: 12pt\"><a style=\"color: #800080;text-decoration: underline\" href=\"https:\/\/jandaiadosul.ufpr.br\/wp-content\/uploads\/2018\/11\/ATA-DA-37%C2%AA-REUNI%C3%83O-ORDIN%C3%81RIA-DO-COLEGIADO-DO-CURSO-DE-LICENCIATURA-EM-COMPUTA%C3%87%C3%83O.pdf\">Ata da 37\u00aa Reuni\u00e3o Ordin\u00e1ria do Colegiado de Licenciatura em Computa\u00e7\u00e3o, aprovada em 22\/08\/2018.<\/a><\/span><\/p>\n<p><span style=\"font-family: arial, helvetica, sans-serif;color: #800080;font-size: 12pt\"><a style=\"color: #800080;text-decoration: underline\" href=\"https:\/\/jandaiadosul.ufpr.br\/wp-content\/uploads\/2018\/11\/ATA-DA-38%C2%AA-REUNI%C3%83O-ORDIN%C3%81RIA-DO-COLEGIADO-DO-CURSO-DE-LICENCIATURA-EM-COMPUTA%C3%87%C3%83O.pdf\">Ata da 38\u00aa Reuni\u00e3o Ordin\u00e1ria do Colegiado de Licenciatura em Computa\u00e7\u00e3o, aprovada em 19\/09\/2018.<\/a><\/span><\/p>\n<p><span style=\"font-family: arial, helvetica, sans-serif;color: #800080;font-size: 12pt\"><a style=\"color: #800080;text-decoration: underline\" href=\"https:\/\/jandaiadosul.ufpr.br\/wp-content\/uploads\/2018\/11\/ATA-DA-39%C2%AA-REUNI%C3%83O-ORDIN%C3%81RIA-DO-COLEGIADO-DO-CURSO-DE-LICENCIATURA-EM-COMPUTA%C3%87%C3%83O.pdf\">Ata da 39\u00aa Reuni\u00e3o Ordin\u00e1ria do Colegiado de Licenciatura em Computa\u00e7\u00e3o, aprovada em 31\/10\/2018.<\/a><\/span><\/p>\n<p><span style=\"font-family: arial, helvetica, sans-serif;color: #800080;font-size: 12pt\"><a style=\"color: #800080;text-decoration: underline\" href=\"https:\/\/jandaiadosul.ufpr.br\/wp-content\/uploads\/2015\/02\/Ata-da-quadrag%C3%A9sima-reuni%C3%A3o-ordin%C3%A1ria-do-colegiado-de-Licenciatura-de-Computa%C3%A7%C3%A3o-aprovada-em-13.12.2018.pdf\">Ata da 40\u00aa Reuni\u00e3o Ordin\u00e1ria do Colegiado de Licenciatura em Computa\u00e7\u00e3o, aprovada em 13\/12\/2018.<\/a><\/span><\/p>\n<p><span style=\"font-family: arial, helvetica, sans-serif;color: #800080;font-size: 12pt\"><a style=\"color: #800080;text-decoration: underline\" href=\"https:\/\/jandaiadosul.ufpr.br\/wp-content\/uploads\/2020\/10\/Ata-da-quadrag%C3%A9sima-primeira-reuni%C3%A3o-ordin%C3%A1ria-do-colegiado-do-curso-de-Licenciatura-em-Computa%C3%A7%C3%A3o-aprovada-em-25.02.2019.pdf\">Ata da 41\u00aa Reuni\u00e3o Ordin\u00e1ria do Colegiado de Licenciatura em Computa\u00e7\u00e3o, aprovada em 25\/02\/2019.<\/a><\/span><\/p>\n<p>&nbsp;<\/p>\n<p><span style=\"font-family: arial, helvetica, sans-serif;font-size: 12pt\"><strong>Atas das reuni\u00f5es extraordin\u00e1rias do Colegiado do Curso de Licenciatura em Computa\u00e7\u00e3o<\/strong><\/span><\/p>\n<p><span style=\"text-decoration: underline;font-family: arial, helvetica, sans-serif;font-size: 12pt\"><span style=\"color: #800080;text-decoration: underline\"><a style=\"color: #800080;text-decoration: underline\" href=\"https:\/\/jandaiadosul.ufpr.br\/wp-content\/uploads\/2018\/05\/Ata-da-19%C2%AA-Reuni%C3%A3o-Extraordin%C3%A1ria-de-Computa%C3%A7%C3%A3o.pdf\">Ata da 19\u00aa Reuni\u00e3o Extraordin\u00e1ria do Colegiado de Licenciatura em Computa\u00e7\u00e3o, aprovada em 28\/03\/2018.<\/a><\/span><\/span><\/p>\n<p><span style=\"text-decoration: underline;font-family: arial, helvetica, sans-serif;font-size: 12pt\"><span style=\"color: #800080;text-decoration: underline\"><a style=\"color: #800080;text-decoration: underline\" href=\"https:\/\/jandaiadosul.ufpr.br\/wp-content\/uploads\/2018\/05\/Ata-da-20%C2%AA-Reuni%C3%A3o-Extraordin%C3%A1ria-de-Computa%C3%A7%C3%A3o.pdf\">Ata da 20\u00aa Reuni\u00e3o Extraordin\u00e1ria do Colegiado de Licenciatura em Computa\u00e7\u00e3o, aprovada em 28\/03\/2018.<\/a><\/span><\/span><\/p>\n<p><span style=\"text-decoration: underline;font-family: arial, helvetica, sans-serif;font-size: 12pt\"><span style=\"color: #800080;text-decoration: underline\"><a style=\"color: #800080;text-decoration: underline\" href=\"https:\/\/jandaiadosul.ufpr.br\/wp-content\/uploads\/2018\/05\/ATA-DA-21%C2%AA-REUNI%C3%83O-EXTRAORDIN%C3%81RIA-DO-COLEGIADO.pdf\">Ata da 21\u00aa Reuni\u00e3o Extraordin\u00e1ria do Colegiado de Licenciatura em Computa\u00e7\u00e3o, aprovada em 26\/04\/2018<\/a><\/span><\/span><\/p>\n<p><span style=\"text-decoration: underline;font-family: arial, helvetica, sans-serif;font-size: 12pt\"><span style=\"color: #800080;text-decoration: underline\"><a style=\"color: #800080;text-decoration: underline\" href=\"https:\/\/jandaiadosul.ufpr.br\/wp-content\/uploads\/2018\/08\/ATA-DA-22%C2%AA-REUNI%C3%83O-EXTRAORDIN%C3%81RIA-DO-COLEGIADO.pdf\">Ata da 22\u00aa Reuni\u00e3o Extraordin\u00e1ria do Colegiado de Licenciatura em Computa\u00e7\u00e3o, aprovada em <span id=\"OBJ_PREFIX_DWT763_com_zimbra_date\" class=\"Object\">06\/06\/2018<\/span>.<\/a><\/span><\/span><\/p>\n<p><span style=\"text-decoration: underline;font-family: arial, helvetica, sans-serif;font-size: 12pt\"><span style=\"color: #800080;text-decoration: underline\"><a style=\"color: #800080;text-decoration: underline\" href=\"https:\/\/jandaiadosul.ufpr.br\/wp-content\/uploads\/2018\/08\/ATA-DA-23%C2%AA-REUNI%C3%83O-EXTRAORDIN%C3%81RIA-DO-COLEGIADO-DO-CURSO-DE-LICENCIATURA-EM-COMPUTA%C3%87%C3%83O-1.pdf\">Ata da 23\u00aa Reuni\u00e3o Extraordin\u00e1ria do Colegiado de Licenciatura em Computa\u00e7\u00e3o, aprovada em <span id=\"OBJ_PREFIX_DWT764_com_zimbra_date\" class=\"Object-hover\">06\/06\/2018<\/span>.<\/a><\/span><\/span><\/p>\n<p><span style=\"text-decoration: underline;font-family: arial, helvetica, sans-serif;font-size: 12pt\"><span style=\"color: #800080;text-decoration: underline\"><a style=\"color: #800080;text-decoration: underline\" href=\"https:\/\/jandaiadosul.ufpr.br\/wp-content\/uploads\/2018\/08\/Ata-da-24%C2%AA-Reuni%C3%A3o-Extraordin%C3%A1ria-do-Colegiado-do-Curso-de-Licenciatura-em-Computa%C3%A7%C3%A3o.pdf\">Ata da 24\u00aa Reuni\u00e3o Extraordin\u00e1ria do Colegiado\u00a0de Licenciatura em Computa\u00e7\u00e3o, aprovada em 21\/06\/2018.<\/a><\/span><\/span><\/p>\n<p><span style=\"text-decoration: underline;font-family: arial, helvetica, sans-serif;font-size: 12pt\"><span style=\"color: #800080;text-decoration: underline\"><a style=\"color: #800080;text-decoration: underline\" href=\"https:\/\/jandaiadosul.ufpr.br\/wp-content\/uploads\/2018\/11\/ATA-DA-25%C2%AA-REUNI%C3%83O-EXTRAORDIN%C3%81RIA-DO-COLEGIADO-DO-CURSO-DE-LICENCIATURA-EM-COMPUTA%C3%87%C3%83O.pdf\">Ata da 25\u00aa Reuni\u00e3o Extraordin\u00e1ria do Colegiado\u00a0de Licenciatura em Computa\u00e7\u00e3o, aprovada em 22\/08\/2018.<\/a><\/span><\/span><\/p>\n<p><span style=\"text-decoration: underline;font-family: arial, helvetica, sans-serif;font-size: 12pt\"><span style=\"color: #800080;text-decoration: underline\"><a style=\"color: #800080;text-decoration: underline\" href=\"https:\/\/jandaiadosul.ufpr.br\/wp-content\/uploads\/2018\/11\/ATA-DA-26%C2%AA-REUNI%C3%83O-EXTRAORDIN%C3%81RIA-DO-COLEGIADO-DO-CURSO-DE-LICENCIATURA-EM-COMPUTA%C3%87%C3%83O.pdf\">Ata da 26\u00aa Reuni\u00e3o Extraordin\u00e1ria do Colegiado\u00a0de Licenciatura em Computa\u00e7\u00e3o, aprovada em 22\/08\/2018.<\/a><\/span><\/span><\/p>\n<p><span style=\"text-decoration: underline;font-family: arial, helvetica, sans-serif;font-size: 12pt\"><span style=\"color: #800080;text-decoration: underline\"><a style=\"color: #800080;text-decoration: underline\" href=\"https:\/\/jandaiadosul.ufpr.br\/wp-content\/uploads\/2015\/02\/Ata-da-vig%C3%A9sima-s%C3%A9tima-reuni%C3%A3o-extraordin%C3%A1ria-do-colegiado-de-Licenciatura-de-Computa%C3%A7%C3%A3o-aprovada-em-13.12.2018.pdf\">Ata da 27\u00aa Reuni\u00e3o Extraordin\u00e1ria do Colegiado\u00a0de Licenciatura em Computa\u00e7\u00e3o, aprovada em 13\/12\/2018.<\/a><\/span><\/span><\/p>\n<p><span style=\"text-decoration: underline;font-family: arial, helvetica, sans-serif;font-size: 12pt\"><span style=\"color: #800080;text-decoration: underline\"><a style=\"color: #800080;text-decoration: underline\" href=\"https:\/\/jandaiadosul.ufpr.br\/wp-content\/uploads\/2015\/02\/Ata-da-vig%C3%A9sima-s%C3%A9tima-B-reuni%C3%A3o-extraordin%C3%A1ria-do-colegiado-de-Licenciatura-de-Computa%C3%A7%C3%A3o-aprovada-em-13.12.2019.pdf\">Ata da 27\u00aa<span id=\"OBJ_PREFIX_DWT765_com_zimbra_date\" class=\"Object\"> &#8211; B Reuni\u00e3o Extraordin\u00e1ria do Colegiado<\/span>\u00a0de Licenciatura em Computa\u00e7\u00e3o, aprovada em 13\/12\/2018.<\/a><\/span><\/span><\/p>\n","protected":false},"excerpt":{"rendered":"<p>Atas das reuni\u00f5es ordin\u00e1rias do Colegiado do Curso de Licenciatura em Computa\u00e7\u00e3o Ata da 33\u00aa Reuni\u00e3o Ordin\u00e1ria do Colegiado de Licenciatura em Computa\u00e7\u00e3o, aprovada em [&hellip;]<\/p>\n","protected":false},"author":3651,"featured_media":0,"parent":0,"menu_order":0,"comment_status":"closed","ping_status":"closed","template":"","meta":{"_acf_changed":false,"footnotes":""},"class_list":["post-101","page","type-page","status-publish","hentry"],"acf":[],"_links":{"self":[{"href":"https:\/\/jandaiadosul.ufpr.br\/licenciaturacomputacao\/wp-json\/wp\/v2\/pages\/101","targetHints":{"allow":["GET"]}}],"collection":[{"href":"https:\/\/jandaiadosul.ufpr.br\/licenciaturacomputacao\/wp-json\/wp\/v2\/pages"}],"about":[{"href":"https:\/\/jandaiadosul.ufpr.br\/licenciaturacomputacao\/wp-json\/wp\/v2\/types\/page"}],"author":[{"embeddable":true,"href":"https:\/\/jandaiadosul.ufpr.br\/licenciaturacomputacao\/wp-json\/wp\/v2\/users\/3651"}],"replies":[{"embeddable":true,"href":"https:\/\/jandaiadosul.ufpr.br\/licenciaturacomputacao\/wp-json\/wp\/v2\/comments?post=101"}],"version-history":[{"count":1,"href":"https:\/\/jandaiadosul.ufpr.br\/licenciaturacomputacao\/wp-json\/wp\/v2\/pages\/101\/revisions"}],"predecessor-version":[{"id":102,"href":"https:\/\/jandaiadosul.ufpr.br\/licenciaturacomputacao\/wp-json\/wp\/v2\/pages\/101\/revisions\/102"}],"wp:attachment":[{"href":"https:\/\/jandaiadosul.ufpr.br\/licenciaturacomputacao\/wp-json\/wp\/v2\/media?parent=101"}],"curies":[{"name":"wp","href":"https:\/\/api.w.org\/{rel}","templated":true}]}}