{"id":10,"date":"2022-09-12T16:49:12","date_gmt":"2022-09-12T19:49:12","guid":{"rendered":"https:\/\/jandaiadosul.ufpr.br\/licenciaturacomputacao\/?page_id=10"},"modified":"2026-02-25T16:15:36","modified_gmt":"2026-02-25T19:15:36","slug":"grade-e-corpo-docente-computacao","status":"publish","type":"page","link":"https:\/\/jandaiadosul.ufpr.br\/licenciaturacomputacao\/grade-e-corpo-docente-computacao\/","title":{"rendered":"Grade e Corpo Docente &#8211; Computa\u00e7\u00e3o"},"content":{"rendered":"<h4><strong>Curr\u00edculo Pleno do Curso:<\/strong><br \/>\n<a href=\"https:\/\/jandaiadosul.ufpr.br\/wp-content\/uploads\/2016\/03\/resolucao_75-15_-_CEPE_-_curriculo_computacao.pdf\" target=\"_blank\" rel=\"noopener noreferrer\"><img decoding=\"async\" class=\"alignnone\" style=\"border: 0px\" title=\"Resolu\u00e7\u00e3o n\u00ba 75\/15\" src=\"https:\/\/jandaiadosul.ufpr.br\/novosite\/wp-content\/uploads\/2014\/04\/botaopdf.png\" alt=\"Resolu\u00e7\u00e3o n\u00ba 75\/15\" width=\"127\" height=\"38\" \/><\/a><\/h4>\n<p>&nbsp;<\/p>\n<h4><strong>Ajuste Curricular do Curso:<\/strong><\/h4>\n<p>Portaria 44\/17 PROGRAD<\/p>\n<p><a href=\"https:\/\/jandaiadosul.ufpr.br\/wp-content\/uploads\/2017\/03\/Portaria_44_17-1.pdf\" target=\"_blank\" rel=\"noopener noreferrer\"><img decoding=\"async\" class=\"alignnone\" style=\"border: 0px\" src=\"https:\/\/jandaiadosul.ufpr.br\/novosite\/wp-content\/uploads\/2014\/04\/botaopdf.png\" alt=\"\" width=\"127\" height=\"38\" \/><\/a><\/p>\n<p>Portaria 02\/19 PROGRAD<\/p>\n<p><a href=\"https:\/\/jandaiadosul.ufpr.br\/wp-content\/uploads\/2019\/10\/Portaria002_2019_PROGRAD.pdf\" target=\"_blank\" rel=\"noopener noreferrer\"><img decoding=\"async\" class=\"alignnone\" style=\"border: 0px\" src=\"https:\/\/jandaiadosul.ufpr.br\/novosite\/wp-content\/uploads\/2014\/04\/botaopdf.png\" alt=\"\" width=\"127\" height=\"38\" \/><\/a><\/p>\n<p>Portaria 02\/2019 (optativa)<\/p>\n<p><a href=\"https:\/\/jandaiadosul.ufpr.br\/wp-content\/uploads\/2022\/05\/Portaria-no-002-2019-Ajuste-Inclui-Optativa.pdf\" target=\"_blank\" rel=\"noopener noreferrer\"><img decoding=\"async\" class=\"alignnone\" style=\"border: 0px\" src=\"https:\/\/jandaiadosul.ufpr.br\/novosite\/wp-content\/uploads\/2014\/04\/botaopdf.png\" alt=\"\" width=\"127\" height=\"38\" \/><\/a><\/p>\n<p>&nbsp;<\/p>\n<h4><strong>Adi\u00e7\u00e3o Curricular:<\/strong><\/h4>\n<p>Portaria 24\/17 PROGRAD<\/p>\n<p><a href=\"https:\/\/jandaiadosul.ufpr.br\/wp-content\/uploads\/2014\/04\/Portaria-n\u00ba-24-2017-Adi\u00e7\u00e3o-Curricular.pdf\" target=\"_blank\" rel=\"noopener noreferrer\"><img decoding=\"async\" class=\"alignnone\" style=\"border: 0px\" src=\"https:\/\/jandaiadosul.ufpr.br\/novosite\/wp-content\/uploads\/2014\/04\/botaopdf.png\" alt=\"\" width=\"127\" height=\"38\" \/><\/a><\/p>\n<p>Portaria 275\/19 PROGRAD<\/p>\n<p><a href=\"https:\/\/jandaiadosul.ufpr.br\/wp-content\/uploads\/2022\/05\/Portaria-no-275-2019-Adicao-Curricular.pdf\" target=\"_blank\" rel=\"noopener noreferrer\"><img decoding=\"async\" class=\"alignnone\" style=\"border: 0px\" src=\"https:\/\/jandaiadosul.ufpr.br\/novosite\/wp-content\/uploads\/2014\/04\/botaopdf.png\" alt=\"\" width=\"127\" height=\"38\" \/><\/a><\/p>\n<p>Portaria 197\/20 PROGRAD<\/p>\n<p><a href=\"https:\/\/jandaiadosul.ufpr.br\/wp-content\/uploads\/2022\/05\/Portaria-no-197-2020-Adicao-Curricular.pdf\" target=\"_blank\" rel=\"noopener noreferrer\"><img decoding=\"async\" class=\"alignnone\" style=\"border: 0px\" src=\"https:\/\/jandaiadosul.ufpr.br\/novosite\/wp-content\/uploads\/2014\/04\/botaopdf.png\" alt=\"\" width=\"127\" height=\"38\" \/><\/a><\/p>\n<p>&nbsp;<\/p>\n<h4>Altera\u00e7\u00e3o de hor\u00e1rio de funcionamento do Curso<\/h4>\n<h4><a href=\"https:\/\/jandaiadosul.ufpr.br\/wp-content\/uploads\/2021\/11\/SEI_UFPR-4020135-Alteracao-de-TURNO-COMP-Portaria.pdf\" target=\"_blank\" rel=\"noopener noreferrer\"><img decoding=\"async\" class=\"alignnone\" style=\"border: 0px\" title=\"Portaria n\u00ba 166\/2016\" src=\"https:\/\/jandaiadosul.ufpr.br\/novosite\/wp-content\/uploads\/2014\/04\/botaopdf.png\" alt=\"Resolu\u00e7\u00e3o n\u00ba 75\/15\" width=\"127\" height=\"38\" \/><\/a><\/h4>\n<p>&nbsp;<\/p>\n<h4><strong>Portaria N\u00ba: 166\/2016 &#8211; Corre\u00e7\u00e3o do Curr\u00edculo Pleno<\/strong><\/h4>\n<h4><a href=\"https:\/\/jandaiadosul.ufpr.br\/wp-content\/uploads\/2017\/01\/Portaria-n%C2%BA-166-2016-Corre%C3%A7%C3%A3o-da-Resolu%C3%A7%C3%A3o-75-15.pdf\" target=\"_blank\" rel=\"noopener noreferrer\"><img decoding=\"async\" class=\"alignnone\" style=\"border: 0px\" title=\"Portaria n\u00ba 166\/2016\" src=\"https:\/\/jandaiadosul.ufpr.br\/novosite\/wp-content\/uploads\/2014\/04\/botaopdf.png\" alt=\"Resolu\u00e7\u00e3o n\u00ba 75\/15\" width=\"127\" height=\"38\" \/><\/a><\/h4>\n<h4><\/h4>\n<h4><strong>Plano Pedag\u00f3gico do Curso:<\/strong><\/h4>\n<p><a href=\"https:\/\/jandaiadosul.ufpr.br\/wp-content\/uploads\/2014\/04\/PPC-Computa\u00e7\u00e3o-Vers\u00e3o-2.0-1.pdf\" target=\"_blank\" rel=\"noopener noreferrer\"><img loading=\"lazy\" decoding=\"async\" class=\"alignnone\" style=\"border: 0px\" src=\"https:\/\/jandaiadosul.ufpr.br\/novosite\/wp-content\/uploads\/2014\/04\/botaopdf.png\" width=\"127\" height=\"38\" \/><\/a><\/p>\n<p>&nbsp;<\/p>\n<p><strong>Hor\u00e1rios &#8211;\u00a0 1\u00ba Semestre de 2026<\/strong><\/p>\n<p>Planos de Ensino &#8211; 1\u00ba Semestre de 2026 (<a href=\"https:\/\/ufprbr0-my.sharepoint.com\/:f:\/g\/personal\/academica_ja_ufpr_br\/IgChpklTDm4UQaND1p1PpH8-AZzWLqve7NQnPPZNwY44VAE?e=FSyIb6\">LINK)<\/a> &#8211; Atualizada em 25\/01\/2026- 11:04<\/p>\n<p>Grade hor\u00e1ria &#8211; 1\u00ba semestre de 2026 (<a href=\"http:\/\/jandaiadosul.ufpr.br\/licenciaturacomputacao\/wp-content\/uploads\/sites\/26\/2026\/02\/grade-horaria-1o-sem-lco-2026.pdf\">LINK)<\/a> &#8211; Atualizada em 25\/02\/2026- 16:17<\/p>\n<p>Docentes &#8211; 1\u00ba semestre de 2026 <a href=\"http:\/\/jandaiadosul.ufpr.br\/licenciaturacomputacao\/wp-content\/uploads\/sites\/26\/2026\/01\/docentes-de-lic-em-computacao-1o-semestre-2026-1.pdf\">(Link)<\/a> &#8211; Atualizada em 05\/01\/2026- 15:04<\/p>\n","protected":false},"excerpt":{"rendered":"<p>Curr\u00edculo Pleno do Curso: &nbsp; Ajuste Curricular do Curso: Portaria 44\/17 PROGRAD Portaria 02\/19 PROGRAD Portaria 02\/2019 (optativa) &nbsp; Adi\u00e7\u00e3o Curricular: Portaria 24\/17 PROGRAD Portaria [&hellip;]<\/p>\n","protected":false},"author":3605,"featured_media":0,"parent":0,"menu_order":0,"comment_status":"closed","ping_status":"closed","template":"","meta":{"_acf_changed":false,"footnotes":""},"class_list":["post-10","page","type-page","status-publish","hentry"],"acf":[],"_links":{"self":[{"href":"https:\/\/jandaiadosul.ufpr.br\/licenciaturacomputacao\/wp-json\/wp\/v2\/pages\/10","targetHints":{"allow":["GET"]}}],"collection":[{"href":"https:\/\/jandaiadosul.ufpr.br\/licenciaturacomputacao\/wp-json\/wp\/v2\/pages"}],"about":[{"href":"https:\/\/jandaiadosul.ufpr.br\/licenciaturacomputacao\/wp-json\/wp\/v2\/types\/page"}],"author":[{"embeddable":true,"href":"https:\/\/jandaiadosul.ufpr.br\/licenciaturacomputacao\/wp-json\/wp\/v2\/users\/3605"}],"replies":[{"embeddable":true,"href":"https:\/\/jandaiadosul.ufpr.br\/licenciaturacomputacao\/wp-json\/wp\/v2\/comments?post=10"}],"version-history":[{"count":78,"href":"https:\/\/jandaiadosul.ufpr.br\/licenciaturacomputacao\/wp-json\/wp\/v2\/pages\/10\/revisions"}],"predecessor-version":[{"id":602,"href":"https:\/\/jandaiadosul.ufpr.br\/licenciaturacomputacao\/wp-json\/wp\/v2\/pages\/10\/revisions\/602"}],"wp:attachment":[{"href":"https:\/\/jandaiadosul.ufpr.br\/licenciaturacomputacao\/wp-json\/wp\/v2\/media?parent=10"}],"curies":[{"name":"wp","href":"https:\/\/api.w.org\/{rel}","templated":true}]}}