{"id":578,"date":"2024-05-07T13:42:58","date_gmt":"2024-05-07T16:42:58","guid":{"rendered":"https:\/\/jandaiadosul.ufpr.br\/lce\/?page_id=578"},"modified":"2025-10-24T10:54:01","modified_gmt":"2025-10-24T13:54:01","slug":"atas-colegiado","status":"publish","type":"page","link":"https:\/\/jandaiadosul.ufpr.br\/lce\/atas-colegiado\/","title":{"rendered":"Atas Colegiado \u2013 Ano vigente"},"content":{"rendered":"<p><span style=\"font-family: 'andale mono', monospace\"><strong>Atas das reuni\u00f5es ordin\u00e1rias do Colegiado do Curso de Licenciatura em Ci\u00eancias Exatas<\/strong><\/span><\/p>\n<p><span style=\"text-decoration: underline;color: #800080\"><span style=\"font-family: 'andale mono', monospace;font-size: 10pt\"><a style=\"color: #800080;text-decoration: underline\" href=\"http:\/\/jandaiadosul.ufpr.br\/lce\/wp-content\/uploads\/sites\/22\/2025\/10\/73a-reuniao-ordinaria-do-colegiado-do-curso-de-licenciatura-em-ciencias-exatas-realizada-no-dia-06-03-2025.pdf\">Ata da 73\u00aa Reuni\u00e3o Ordin\u00e1ria do Colegiado do Curso de Licenciatura em Ci\u00eancias Exatas, aprovada em 07\/07\/2025.<\/a><\/span><\/span><\/p>\n<p><span style=\"text-decoration: underline;color: #800080\"><span style=\"font-family: 'andale mono', monospace;font-size: 10pt\"><a style=\"color: #800080;text-decoration: underline\" href=\"http:\/\/jandaiadosul.ufpr.br\/lce\/wp-content\/uploads\/sites\/22\/2025\/10\/74a-reuniao-ordinaria-do-colegiado-do-curso-de-licenciatura-em-ciencias-exatas-realizada-no-dia-07-07-2025.pdf\">Ata da 74\u00aa Reuni\u00e3o Ordin\u00e1ria do Colegiado do Curso de Licenciatura em Ci\u00eancias Exatas, aprovada em 08\/08\/2025.<\/a><\/span><\/span><\/p>\n<p>&nbsp;<\/p>\n<p><span style=\"font-family: 'andale mono', monospace\"><strong>Atas das reuni\u00f5es extraordin\u00e1rias do Colegiado do Curso de Licenciatura em Ci\u00eancias Exatas<\/strong><\/span><\/p>\n<p><span style=\"text-decoration: underline;color: #800080\"><span style=\"font-family: 'andale mono', monospace;font-size: 10pt\"><a style=\"color: #800080;text-decoration: underline\" href=\"http:\/\/jandaiadosul.ufpr.br\/lce\/wp-content\/uploads\/sites\/22\/2025\/05\/91a-reuniao-extraordinaria.pdf\">Ata da 91\u00aa Reuni\u00e3o Extraordin\u00e1ria do Colegiado do Curso de Licenciatura em Ci\u00eancias Exatas, aprovada em 06\/03\/2025.<\/a><\/span><\/span><\/p>\n<p><span style=\"font-size: 10pt;font-family: 'andale mono', monospace\"><a style=\"color: #800080;text-decoration: underline\" href=\"http:\/\/jandaiadosul.ufpr.br\/lce\/wp-content\/uploads\/sites\/22\/2025\/10\/92a-reuniao-extraordinaria-do-colegiado-do-curso-de-licenciatura-em-ciencias-exatas-realizada-no-dia-27-03-2025.pdf\">Ata da 92\u00aa Reuni\u00e3o Extraordin\u00e1ria do Colegiado do Curso de Licenciatura em Ci\u00eancias Exatas, aprovada em 07\/07\/2025.<\/a><\/span><\/p>\n<p><span style=\"text-decoration: underline;color: #800080\"><span style=\"font-family: 'andale mono', monospace;font-size: 10pt\"><a style=\"color: #800080;text-decoration: underline\" href=\"http:\/\/jandaiadosul.ufpr.br\/lce\/wp-content\/uploads\/sites\/22\/2025\/10\/93a-reuniao-extraordinaria-do-colegiado-do-curso-de-licenciatura-em-ciencias-exatas-realizada-no-dia-30-04-2025.pdf\">Ata da 93\u00aa Reuni\u00e3o Extraordin\u00e1ria do Colegiado do Curso de Licenciatura em Ci\u00eancias Exatas, aprovada em 07\/07\/2025.<\/a><\/span><\/span><\/p>\n<p><span style=\"text-decoration: underline;color: #800080\"><span style=\"font-family: 'andale mono', monospace;font-size: 10pt\"><a style=\"color: #800080;text-decoration: underline\" href=\"http:\/\/jandaiadosul.ufpr.br\/lce\/wp-content\/uploads\/sites\/22\/2025\/10\/94a-reuniao-extraordinaria-do-colegiado-do-curso-de-licenciatura-em-ciencias-exatas-realizada-no-dia-28-05-2025.pdf\">Ata da 94\u00aa Reuni\u00e3o Extraordin\u00e1ria do Colegiado do Curso de Licenciatura em Ci\u00eancias Exatas, aprovada em 07\/07\/2025.<\/a><\/span><\/span><\/p>\n<p>&nbsp;<\/p>\n<p>&nbsp;<\/p>\n<p style=\"text-align: left\"><span style=\"font-family: 'andale mono', monospace\">Acesse as atas das reuni\u00f5es de anos anteriores:<\/span><\/p>\n<p style=\"text-align: left\"><span style=\"font-family: 'andale mono', monospace\"><a href=\"https:\/\/jandaiadosul.ufpr.br\/lce\/atas-colegiado-2024\/\">2024<\/a> <a href=\"https:\/\/jandaiadosul.ufpr.br\/lce\/atas-colegiado-2023\/\">|2023<\/a> | <a href=\"https:\/\/jandaiadosul.ufpr.br\/lce\/atas-colegiado-2022\/\">2022<\/a> | <a href=\"https:\/\/jandaiadosul.ufpr.br\/lce\/atas-colegiado-2021\/\">2021<\/a> |\u00a0<\/span><span style=\"font-family: 'andale mono', monospace\"><a href=\"https:\/\/jandaiadosul.ufpr.br\/lce\/atas-colegiado-2020\/\">2020<\/a> |\u00a0<\/span><span style=\"font-family: 'andale mono', monospace\"><a href=\"https:\/\/jandaiadosul.ufpr.br\/lce\/atas-colegiado-2019\/\">2019<\/a> |\u00a0<\/span><span style=\"font-family: 'andale mono', monospace\"><a href=\"https:\/\/jandaiadosul.ufpr.br\/lce\/atas-colegiado-2018\/\">2018<\/a> |\u00a0<\/span><span style=\"font-family: 'andale mono', monospace\"><a href=\"https:\/\/jandaiadosul.ufpr.br\/lce\/atas-colegiado-2017\/\">2017<\/a> |\u00a0<\/span><span style=\"font-family: 'andale mono', monospace\"><a href=\"https:\/\/jandaiadosul.ufpr.br\/lce\/atas-colegiado-2016\/\">2016<\/a> |\u00a0<\/span><span style=\"font-family: 'andale mono', monospace\"><a href=\"https:\/\/jandaiadosul.ufpr.br\/lce\/atas-colegiado-2015\/\">2015<\/a> |\u00a0<\/span><span style=\"font-family: 'andale mono', monospace\"><a href=\"https:\/\/jandaiadosul.ufpr.br\/lce\/atas-colegiado-2014\/\">2014<\/a>\u00a0<\/span><\/p>\n","protected":false},"excerpt":{"rendered":"<p>Atas das reuni\u00f5es ordin\u00e1rias do Colegiado do Curso de Licenciatura em Ci\u00eancias Exatas Ata da 73\u00aa Reuni\u00e3o Ordin\u00e1ria do Colegiado do Curso de Licenciatura em [&hellip;]<\/p>\n","protected":false},"author":3651,"featured_media":0,"parent":0,"menu_order":0,"comment_status":"closed","ping_status":"closed","template":"","meta":{"_acf_changed":false,"footnotes":""},"class_list":["post-578","page","type-page","status-publish","hentry"],"acf":[],"_links":{"self":[{"href":"https:\/\/jandaiadosul.ufpr.br\/lce\/wp-json\/wp\/v2\/pages\/578","targetHints":{"allow":["GET"]}}],"collection":[{"href":"https:\/\/jandaiadosul.ufpr.br\/lce\/wp-json\/wp\/v2\/pages"}],"about":[{"href":"https:\/\/jandaiadosul.ufpr.br\/lce\/wp-json\/wp\/v2\/types\/page"}],"author":[{"embeddable":true,"href":"https:\/\/jandaiadosul.ufpr.br\/lce\/wp-json\/wp\/v2\/users\/3651"}],"replies":[{"embeddable":true,"href":"https:\/\/jandaiadosul.ufpr.br\/lce\/wp-json\/wp\/v2\/comments?post=578"}],"version-history":[{"count":23,"href":"https:\/\/jandaiadosul.ufpr.br\/lce\/wp-json\/wp\/v2\/pages\/578\/revisions"}],"predecessor-version":[{"id":1314,"href":"https:\/\/jandaiadosul.ufpr.br\/lce\/wp-json\/wp\/v2\/pages\/578\/revisions\/1314"}],"wp:attachment":[{"href":"https:\/\/jandaiadosul.ufpr.br\/lce\/wp-json\/wp\/v2\/media?parent=578"}],"curies":[{"name":"wp","href":"https:\/\/api.w.org\/{rel}","templated":true}]}}