{"id":569,"date":"2024-05-07T13:36:34","date_gmt":"2024-05-07T16:36:34","guid":{"rendered":"https:\/\/jandaiadosul.ufpr.br\/lce\/?page_id=569"},"modified":"2025-03-05T15:45:46","modified_gmt":"2025-03-05T18:45:46","slug":"atas-colegiado-2023","status":"publish","type":"page","link":"https:\/\/jandaiadosul.ufpr.br\/lce\/atas-colegiado-2023\/","title":{"rendered":"Atas Colegiado 2023"},"content":{"rendered":"<p><span style=\"font-family: 'andale mono', monospace\"><strong>Atas das reuni\u00f5es ordin\u00e1rias do Colegiado do Curso de Licenciatura em Ci\u00eancias Exatas<\/strong><\/span><\/p>\n<ul>\n<li><span style=\"text-decoration: underline\"><span style=\"font-family: 'andale mono', monospace;font-size: 10pt;color: #800080\"><a style=\"color: #800080;text-decoration: underline\" href=\"http:\/\/jandaiadosul.ufpr.br\/lce\/wp-content\/uploads\/sites\/22\/2023\/04\/sei_5342588_ata_de_reuniao_ord_64.pdf\">Ata da 64\u00aa Reuni\u00e3o Ordin\u00e1ria do Colegiado do Curso, aprovada em 22\/02\/2023.<\/a><\/span><\/span><\/li>\n<li><span style=\"text-decoration: underline;color: #800080\"><span style=\"font-family: 'andale mono', monospace;font-size: 10pt\"><a style=\"color: #800080;text-decoration: underline\" href=\"http:\/\/jandaiadosul.ufpr.br\/lce\/wp-content\/uploads\/sites\/22\/2024\/05\/65-ord.pdf\">Ata da 65\u00aa Reuni\u00e3o Ordin\u00e1ria do Colegiado do Curso, aprovada em 28\/06\/2023.<\/a><\/span><\/span><\/li>\n<li><span style=\"text-decoration: underline;color: #800080\"><span style=\"font-family: 'andale mono', monospace;font-size: 10pt\"><a style=\"color: #800080;text-decoration: underline\" href=\"http:\/\/jandaiadosul.ufpr.br\/lce\/wp-content\/uploads\/sites\/22\/2024\/05\/66-ord.pdf\">Ata da 66\u00aa Reuni\u00e3o Ordin\u00e1ria do Colegiado do Curso, aprovada em 14\/08\/2023.<\/a><\/span><\/span><\/li>\n<li><span style=\"text-decoration: underline;color: #800080\"><span style=\"font-family: 'andale mono', monospace;font-size: 10pt\"><a style=\"color: #800080;text-decoration: underline\" href=\"http:\/\/jandaiadosul.ufpr.br\/lce\/wp-content\/uploads\/sites\/22\/2024\/05\/67-or.pdf\">Ata da 67\u00aa Reuni\u00e3o Ordin\u00e1ria do Colegiado do Curso, aprovada em 01\/12\/2023.<\/a><\/span><\/span><\/li>\n<li><span style=\"text-decoration: underline;color: #800080\"><span style=\"font-family: 'andale mono', monospace;font-size: 10pt\"><a style=\"color: #800080;text-decoration: underline\" href=\"http:\/\/jandaiadosul.ufpr.br\/lce\/wp-content\/uploads\/sites\/22\/2024\/05\/68-ord.pdf\">Ata da 68\u00aa Reuni\u00e3o Ordin\u00e1ria do Colegiado do Curso, aprovada em 03\/04\/2024.<\/a><\/span><\/span><\/li>\n<\/ul>\n<p>&nbsp;<\/p>\n<p><span style=\"font-family: 'andale mono', monospace\"><strong>Atas das reuni\u00f5es extraordin\u00e1rias do Colegiado do Curso de Licenciatura em Ci\u00eancias Exatas<\/strong><\/span><\/p>\n<ul style=\"list-style-type: square\">\n<li><span style=\"text-decoration: underline\"><span style=\"color: #800080;text-decoration: underline\"><a style=\"color: #800080;text-decoration: underline\" href=\"http:\/\/jandaiadosul.ufpr.br\/lce\/wp-content\/uploads\/sites\/22\/2023\/04\/sei_5405175_ata_de_reuniao_extra_80.pdf\"><span style=\"font-size: 10pt;font-family: 'andale mono', monospace\">Ata da 80\u00aa Reuni\u00e3o Extraordin\u00e1ria do Colegiado do Curso, aprovada em 22\/03\/2023.<\/span><\/a><\/span><\/span><\/li>\n<li><span style=\"text-decoration: underline\"><span style=\"font-size: 10pt;font-family: 'andale mono', monospace;color: #800080;text-decoration: underline\"><a style=\"color: #800080;text-decoration: underline\" href=\"http:\/\/jandaiadosul.ufpr.br\/lce\/wp-content\/uploads\/sites\/22\/2023\/07\/81a-reuniao-extraordinaria-do-colegiado-de-licenciatura-em-ciencias-exatas-realizada-no-dia-26-de-abril-de-2023.pdf\">Ata da 81\u00aa Reuni\u00e3o Extraordin\u00e1ria do Colegiado do Curso, aprovada em 28\/06\/2023.<\/a><\/span><\/span><\/li>\n<li><span style=\"text-decoration: underline\"><span style=\"font-size: 10pt;font-family: 'andale mono', monospace;color: #800080;text-decoration: underline\"><a style=\"color: #800080;text-decoration: underline\" href=\"http:\/\/jandaiadosul.ufpr.br\/lce\/wp-content\/uploads\/sites\/22\/2023\/07\/82a-reuniao-extraordinaria-do-colegiado-de-licenciatura-em-ciencias-exatas-realizada-no-dia-19-de-maio-de-2023.pdf\">Ata da 82\u00aa Reuni\u00e3o Extraordin\u00e1ria do Colegiado do Curso, aprovada em 28\/06\/2023.<\/a><\/span><\/span><\/li>\n<li><span style=\"text-decoration: underline\"><span style=\"font-family: 'andale mono', monospace;font-size: 10pt;color: #800080;text-decoration: underline\"><a style=\"color: #800080;text-decoration: underline\" href=\"http:\/\/jandaiadosul.ufpr.br\/lce\/wp-content\/uploads\/sites\/22\/2024\/05\/83-extra.pdf\">Ata da 83\u00aa Reuni\u00e3o Extraordin\u00e1ria do Colegiado do Curso, aprovada em 01\/12\/2023.<\/a><\/span><\/span><\/li>\n<\/ul>\n","protected":false},"excerpt":{"rendered":"<p>Atas das reuni\u00f5es ordin\u00e1rias do Colegiado do Curso de Licenciatura em Ci\u00eancias Exatas Ata da 64\u00aa Reuni\u00e3o Ordin\u00e1ria do Colegiado do Curso, aprovada em 22\/02\/2023. [&hellip;]<\/p>\n","protected":false},"author":3651,"featured_media":0,"parent":0,"menu_order":0,"comment_status":"closed","ping_status":"closed","template":"","meta":{"_acf_changed":false,"footnotes":""},"class_list":["post-569","page","type-page","status-publish","hentry"],"acf":[],"_links":{"self":[{"href":"https:\/\/jandaiadosul.ufpr.br\/lce\/wp-json\/wp\/v2\/pages\/569","targetHints":{"allow":["GET"]}}],"collection":[{"href":"https:\/\/jandaiadosul.ufpr.br\/lce\/wp-json\/wp\/v2\/pages"}],"about":[{"href":"https:\/\/jandaiadosul.ufpr.br\/lce\/wp-json\/wp\/v2\/types\/page"}],"author":[{"embeddable":true,"href":"https:\/\/jandaiadosul.ufpr.br\/lce\/wp-json\/wp\/v2\/users\/3651"}],"replies":[{"embeddable":true,"href":"https:\/\/jandaiadosul.ufpr.br\/lce\/wp-json\/wp\/v2\/comments?post=569"}],"version-history":[{"count":8,"href":"https:\/\/jandaiadosul.ufpr.br\/lce\/wp-json\/wp\/v2\/pages\/569\/revisions"}],"predecessor-version":[{"id":600,"href":"https:\/\/jandaiadosul.ufpr.br\/lce\/wp-json\/wp\/v2\/pages\/569\/revisions\/600"}],"wp:attachment":[{"href":"https:\/\/jandaiadosul.ufpr.br\/lce\/wp-json\/wp\/v2\/media?parent=569"}],"curies":[{"name":"wp","href":"https:\/\/api.w.org\/{rel}","templated":true}]}}